{"id":1528,"date":"2026-03-18T05:15:55","date_gmt":"2026-03-18T05:15:55","guid":{"rendered":"https:\/\/ucor-ucor.ro\/new\/?page_id=1528"},"modified":"2026-03-18T05:19:16","modified_gmt":"2026-03-18T05:19:16","slug":"adunarea-generala-a-membrilor-precedata-de-reuniunea-consiliului-director-martie-2026","status":"publish","type":"page","link":"https:\/\/ucor-ucor.ro\/new\/adunarea-generala-a-membrilor-precedata-de-reuniunea-consiliului-director-martie-2026\/","title":{"rendered":"Adunarea General\u0103 a membrilor, precedat\u0103 de reuniunea Consiliului Director &#8211; martie 2026"},"content":{"rendered":"\n<p>Uniunea Consulilor Onorifici din Rom\u00e2nia (UCOR) a organizat joi, 5 martie 2026, la Grand Hotel Continental din Bucure\u0219ti, Adunarea General\u0103 a membrilor, precedat\u0103 de reuniunea Consiliului Director, precum \u0219i un Pr\u00e2nz diplomatic dedicat dialogului cu reprezentan\u021bii corpului diplomatic acredita\u021bi \u00een Rom\u00e2nia.<\/p>\n\n\n\n<p><br>Adunarea General\u0103 a constituit un moment de analiz\u0103 a activit\u0103\u021bii organiza\u021biei, de evaluare a proiectelor derulate \u0219i de stabilire a direc\u021biilor strategice pentru perioada urm\u0103toare, cu accent pe consolidarea diploma\u021biei economice \u0219i dezvoltarea cooper\u0103rii bilaterale la nivel regional \u0219i local.<\/p>\n\n\n\n<p><br>Pr\u00e2nzul diplomatic, organizat \u00een aceea\u0219i zi, a oferit un cadru de dialog direct \u00eentre consulii onorifici \u0219i reprezentan\u021bii misiunilor diplomatice, \u00een vederea consolid\u0103rii colabor\u0103rii \u0219i identific\u0103rii unor noi oportunit\u0103\u021bi de cooperare economic\u0103, cultural\u0103 \u0219i institu\u021bional\u0103.<br><\/p>\n\n\n\n<p>La eveniment au participat:<br>E.S. doamna Enkeleda M\u00ebrkuri, Ambasador Extraordinar \u0219i Plenipoten\u021biar al Republicii Albania \u00een Rom\u00e2nia; E.S. doamna Ulla Krauss-Nussbaumer, Ambasador Extraordinar \u0219i Plenipoten\u021biar al Republicii Austria \u00een Rom\u00e2nia; E.S. domnul Martin Ko\u0161atka, Ambasador Extraordinar \u0219i Plenipoten\u021biar al Republicii Cehe \u00een Rom\u00e2nia; E.S. domnul Noel Eugene Eusebio M. Servigon, Ambasador Extraordinar \u0219i Plenipoten\u021biar al Republicii Filipine \u00een Rom\u00e2nia; Domnul Patric Rio Ramualdo, Secretar III pentru Afaceri Sociale \u0219i Culturale, Ambasada Republicii Indonezia \u00een Rom\u00e2nia; E.S. domnul Yerlik Ali, Ambasador Extraordinar \u0219i Plenipoten\u021biar al Republicii Kazahstan \u00een Rom\u00e2nia; Domnul Luis Fernando Cisterna Aguilar, \u0218ef al Sec\u021biei Consulare, Ambasada Republicii Peru \u00een Rom\u00e2nia; Domnul K\u00e1lm\u00e1n Levente Solt\u00e9sz, Adjunct al \u0218efului de Misiune \u0219i Viceconsul, Ambasada Ungariei \u00een Rom\u00e2nia;<\/p>\n\n\n\n<p><br>Din partea UCOR au participat consulii onorifici:<br>Domnul Andreas Huber, Pre\u0219edinte UCOR \u2013 Consul Onorific al Austriei la Sibiu; doamna Elena Bustea- Consul Onorific al Republicii Ecuador la Bucure\u0219ti; doamna Georgiana Pogonaru- Consul Onorific al Islandei la Bucure\u0219ti; domnul Mihai Ferariu- Consul Onorific al Marelui Ducat al Luxemburgului la Bucure\u0219ti; domnul Endre Molnar- Consul Onorific al Ungariei la Drobeta-Turnu Severin; domnul Eugen Lascu- Consul Onorific al Republicii Malta la Bucure\u0219ti; doamna Mihaela Nicola- Consul Onorific al Australiei la Bucure\u0219ti; domnul Marius Marinescu- Consul Onorific al Bosniei \u0219i Her\u021begovinei la Ploie\u0219ti; domnul \u0218tefan Mo\u021bec- Consul General Onorific al Republicii Cehe la Timi\u0219oara; domnul Emil S\u00eerbu- Consul Onorific al Republicii Indonezia la Constan\u021ba; doamna Corina Martin &#8211; Consul Onorific al Republicii Kazahstan la Constan\u021ba; domnul Rufino Delgado Montenegro &#8211; Consul Onorific al Republicii Peru la Timi\u0219oara, domnul Petre Agripa Popescu- fost consilier al Consulului Romaniei la Klagenfurt, Austria si domnul Omer Susli- Consul Onorific al Republicii Albania la Constanta.<\/p>\n\n\n\n<p><br>\u00cen deschiderea Pr\u00e2nzului diplomatic, domnul Andreas Huber a subliniat rolul consulilor onorifici \u00een arhitectura diploma\u021biei contemporane, eviden\u021biind contribu\u021bia acestora la facilitarea rela\u021biilor economice, sprijinirea ini\u021biativelor culturale \u0219i consolidarea cooper\u0103rii bilaterale prin implicare direct\u0103 \u00een mediul de afaceri \u0219i \u00een comunit\u0103\u021bile locale.<\/p>\n\n\n\n<p>Totodat\u0103, a fost eviden\u021biat\u0103 diversitatea domeniilor \u00een care activeaz\u0103 membrii UCOR \u2013 de la avocatur\u0103 \u0219i consultan\u021b\u0103 financiar\u0103, la IT, inteligen\u021b\u0103 artificial\u0103, educa\u021bie, agricultur\u0103, construc\u021bii, turism, avia\u021bie \u0219i mass-media \u2013 ca resurs\u0103 strategic\u0103 pentru dezvoltarea diploma\u021biei economice.<br>Evenimentul s-a \u00eencheiat \u00eentr-o atmosfer\u0103 deschis\u0103 \u0219i constructiv\u0103, participan\u021bii exprim\u00e2ndu-\u0219i disponibilitatea de a valorifica aceast\u0103 platform\u0103 de dialog pentru ini\u021bierea unor proiecte comune \u0219i pentru consolidarea rela\u021biilor dintre Rom\u00e2nia \u0219i statele reprezentate.<br>Despre UCOR<br>Fondat\u0103 \u00een iunie 2015 la Sibiu, Uniunea Consulilor Onorifici din Rom\u00e2nia reune\u0219te consuli onorifici acredita\u021bi \u00een \u021bara noastr\u0103, av\u00e2nd misiunea de a promova diploma\u021bia onorific\u0103, cooperarea bilateral\u0103 \u0219i valorile europene. UCOR este membr\u0103 a EFCAC \u0219i FICAC.<\/p>\n\n\n\n<figure class=\"wp-block-image size-large\"><img decoding=\"async\" src=\"https:\/\/ucor-ucor.ro\/wp-content\/uploads\/2026\/03\/ucor5m2.jpeg\" alt=\"\"\/><figcaption class=\"wp-element-caption\">\u00cen foto: Consulii onorifici -membrii ai UCOR, participan\u021bi la Adunarea General\u0103 UCOR. \u00cen randul din fat\u0103, de la stanga la dreapta: Dna Elena Bustea- Consul Onorific al Republicii Ecuador la Bucure\u0219ti; Dl. Rufino Delgado Montenegro &#8211; Consul Onorific al Republicii Peru la Timi\u0219oara, Dna. Corina Martin &#8211; Consul Onorific al Republicii Kazahstan la Constan\u021ba; Dna. Georgiana Pogonaru- Consul Onorific al Islandei la Bucure\u0219ti; Dna. Mihaela Nicola- Consul Onorific al Australiei la Bucure\u0219ti; Dl Marius Marinescu- Consul Onorific al Bosniei \u0219i Her\u021begovinei la Ploie\u0219ti; Dl Andreas Huber, Pre\u0219edinte UCOR \u2013 Consul Onorific al Austriei la Sibiu; \u00een randul din spate, de la stanga la dreapta: Dl. Omer Susli- Consul Onorific al Republicii Albania la Constanta; Dl. Eugen Lascu- Consul Onorific al Republicii Malta la Bucure\u0219ti; Dl. Petre Agripa Popescu- fost consilier al Consulului Romaniei la Klagenfurt, Austria; Dl Emil S\u00eerbu- Consul Onorific al Republicii Indonezia la Constan\u021ba; Dl Endre Molnar- Consul Onorific al Ungariei la Drobeta-Turnu Severin; Dl \u0218tefan Mo\u021bec &#8211; Consul General Onorific al Republicii Cehe la Timi\u0219oara \u0219i Dl. Mihai Ferariu- Consul Onorific al Marelui Ducat al Luxemburgului la Bucure\u0219ti.<\/figcaption><\/figure>\n\n\n\n<figure class=\"wp-block-image size-large\"><img decoding=\"async\" src=\"https:\/\/ucor-ucor.ro\/wp-content\/uploads\/2026\/03\/ucor5m.jpeg\" alt=\"\"\/><figcaption class=\"wp-element-caption\">Fotografie de grup: ambasadori, reprezentan\u021bi ai misiunilor diplomatice \u0219i membri ai UCOR participan\u021bi la eveniment.<\/figcaption><\/figure>\n","protected":false},"excerpt":{"rendered":"<p>Uniunea Consulilor Onorifici din Rom\u00e2nia (UCOR) a organizat joi, 5 martie 2026, la Grand Hotel Continental din Bucure\u0219ti, Adunarea General\u0103 a membrilor, precedat\u0103 de reuniunea Consiliului Director, precum \u0219i un Pr\u00e2nz diplomatic dedicat dialogului cu reprezentan\u021bii corpului diplomatic acredita\u021bi \u00een Rom\u00e2nia. Adunarea General\u0103 a constituit un moment de analiz\u0103 a activit\u0103\u021bii organiza\u021biei, de evaluare a [&hellip;]<\/p>\n","protected":false},"author":1,"featured_media":0,"parent":0,"menu_order":0,"comment_status":"closed","ping_status":"closed","template":"templates\/template-full-width.php","meta":{"footnotes":""},"yoast_head":"<!-- This site is optimized with the Yoast SEO plugin v22.5 - https:\/\/yoast.com\/wordpress\/plugins\/seo\/ -->\n<title>Adunarea General\u0103 a membrilor, precedat\u0103 de reuniunea Consiliului Director - martie 2026 - UCOR<\/title>\n<meta name=\"robots\" content=\"index, follow, max-snippet:-1, max-image-preview:large, max-video-preview:-1\" \/>\n<link rel=\"canonical\" href=\"https:\/\/ucor-ucor.ro\/new\/adunarea-generala-a-membrilor-precedata-de-reuniunea-consiliului-director-martie-2026\/\" \/>\n<meta property=\"og:locale\" content=\"en_US\" \/>\n<meta property=\"og:type\" content=\"article\" \/>\n<meta property=\"og:title\" content=\"Adunarea General\u0103 a membrilor, precedat\u0103 de reuniunea Consiliului Director - martie 2026 - UCOR\" \/>\n<meta property=\"og:description\" content=\"Uniunea Consulilor Onorifici din Rom\u00e2nia (UCOR) a organizat joi, 5 martie 2026, la Grand Hotel Continental din Bucure\u0219ti, Adunarea General\u0103 a membrilor, precedat\u0103 de reuniunea Consiliului Director, precum \u0219i un Pr\u00e2nz diplomatic dedicat dialogului cu reprezentan\u021bii corpului diplomatic acredita\u021bi \u00een Rom\u00e2nia. Adunarea General\u0103 a constituit un moment de analiz\u0103 a activit\u0103\u021bii organiza\u021biei, de evaluare a [&hellip;]\" \/>\n<meta property=\"og:url\" content=\"https:\/\/ucor-ucor.ro\/new\/adunarea-generala-a-membrilor-precedata-de-reuniunea-consiliului-director-martie-2026\/\" \/>\n<meta property=\"og:site_name\" content=\"UCOR\" \/>\n<meta property=\"article:modified_time\" content=\"2026-03-18T05:19:16+00:00\" \/>\n<meta property=\"og:image\" content=\"https:\/\/ucor-ucor.ro\/wp-content\/uploads\/2026\/03\/ucor5m2.jpeg\" \/>\n<meta name=\"twitter:card\" content=\"summary_large_image\" \/>\n<meta name=\"twitter:label1\" content=\"Est. reading time\" \/>\n\t<meta name=\"twitter:data1\" content=\"4 minutes\" \/>\n<script type=\"application\/ld+json\" class=\"yoast-schema-graph\">{\"@context\":\"https:\/\/schema.org\",\"@graph\":[{\"@type\":\"WebPage\",\"@id\":\"https:\/\/ucor-ucor.ro\/new\/adunarea-generala-a-membrilor-precedata-de-reuniunea-consiliului-director-martie-2026\/\",\"url\":\"https:\/\/ucor-ucor.ro\/new\/adunarea-generala-a-membrilor-precedata-de-reuniunea-consiliului-director-martie-2026\/\",\"name\":\"Adunarea General\u0103 a membrilor, precedat\u0103 de reuniunea Consiliului Director - martie 2026 - UCOR\",\"isPartOf\":{\"@id\":\"https:\/\/ucor-ucor.ro\/new\/#website\"},\"primaryImageOfPage\":{\"@id\":\"https:\/\/ucor-ucor.ro\/new\/adunarea-generala-a-membrilor-precedata-de-reuniunea-consiliului-director-martie-2026\/#primaryimage\"},\"image\":{\"@id\":\"https:\/\/ucor-ucor.ro\/new\/adunarea-generala-a-membrilor-precedata-de-reuniunea-consiliului-director-martie-2026\/#primaryimage\"},\"thumbnailUrl\":\"https:\/\/ucor-ucor.ro\/wp-content\/uploads\/2026\/03\/ucor5m2.jpeg\",\"datePublished\":\"2026-03-18T05:15:55+00:00\",\"dateModified\":\"2026-03-18T05:19:16+00:00\",\"breadcrumb\":{\"@id\":\"https:\/\/ucor-ucor.ro\/new\/adunarea-generala-a-membrilor-precedata-de-reuniunea-consiliului-director-martie-2026\/#breadcrumb\"},\"inLanguage\":\"en-US\",\"potentialAction\":[{\"@type\":\"ReadAction\",\"target\":[\"https:\/\/ucor-ucor.ro\/new\/adunarea-generala-a-membrilor-precedata-de-reuniunea-consiliului-director-martie-2026\/\"]}]},{\"@type\":\"ImageObject\",\"inLanguage\":\"en-US\",\"@id\":\"https:\/\/ucor-ucor.ro\/new\/adunarea-generala-a-membrilor-precedata-de-reuniunea-consiliului-director-martie-2026\/#primaryimage\",\"url\":\"https:\/\/ucor-ucor.ro\/wp-content\/uploads\/2026\/03\/ucor5m2.jpeg\",\"contentUrl\":\"https:\/\/ucor-ucor.ro\/wp-content\/uploads\/2026\/03\/ucor5m2.jpeg\"},{\"@type\":\"BreadcrumbList\",\"@id\":\"https:\/\/ucor-ucor.ro\/new\/adunarea-generala-a-membrilor-precedata-de-reuniunea-consiliului-director-martie-2026\/#breadcrumb\",\"itemListElement\":[{\"@type\":\"ListItem\",\"position\":1,\"name\":\"Home\",\"item\":\"https:\/\/ucor-ucor.ro\/new\/\"},{\"@type\":\"ListItem\",\"position\":2,\"name\":\"Adunarea General\u0103 a membrilor, precedat\u0103 de reuniunea Consiliului Director &#8211; martie 2026\"}]},{\"@type\":\"WebSite\",\"@id\":\"https:\/\/ucor-ucor.ro\/new\/#website\",\"url\":\"https:\/\/ucor-ucor.ro\/new\/\",\"name\":\"UCOR\",\"description\":\"\",\"publisher\":{\"@id\":\"https:\/\/ucor-ucor.ro\/new\/#organization\"},\"potentialAction\":[{\"@type\":\"SearchAction\",\"target\":{\"@type\":\"EntryPoint\",\"urlTemplate\":\"https:\/\/ucor-ucor.ro\/new\/?s={search_term_string}\"},\"query-input\":\"required name=search_term_string\"}],\"inLanguage\":\"en-US\"},{\"@type\":\"Organization\",\"@id\":\"https:\/\/ucor-ucor.ro\/new\/#organization\",\"name\":\"UCOR\",\"url\":\"https:\/\/ucor-ucor.ro\/new\/\",\"logo\":{\"@type\":\"ImageObject\",\"inLanguage\":\"en-US\",\"@id\":\"https:\/\/ucor-ucor.ro\/new\/#\/schema\/logo\/image\/\",\"url\":\"https:\/\/ucor-ucor.ro\/new\/wp-content\/uploads\/2020\/06\/cropped-UCOR.png\",\"contentUrl\":\"https:\/\/ucor-ucor.ro\/new\/wp-content\/uploads\/2020\/06\/cropped-UCOR.png\",\"width\":395,\"height\":128,\"caption\":\"UCOR\"},\"image\":{\"@id\":\"https:\/\/ucor-ucor.ro\/new\/#\/schema\/logo\/image\/\"}}]}<\/script>\n<!-- \/ Yoast SEO plugin. -->","yoast_head_json":{"title":"Adunarea General\u0103 a membrilor, precedat\u0103 de reuniunea Consiliului Director - martie 2026 - UCOR","robots":{"index":"index","follow":"follow","max-snippet":"max-snippet:-1","max-image-preview":"max-image-preview:large","max-video-preview":"max-video-preview:-1"},"canonical":"https:\/\/ucor-ucor.ro\/new\/adunarea-generala-a-membrilor-precedata-de-reuniunea-consiliului-director-martie-2026\/","og_locale":"en_US","og_type":"article","og_title":"Adunarea General\u0103 a membrilor, precedat\u0103 de reuniunea Consiliului Director - martie 2026 - UCOR","og_description":"Uniunea Consulilor Onorifici din Rom\u00e2nia (UCOR) a organizat joi, 5 martie 2026, la Grand Hotel Continental din Bucure\u0219ti, Adunarea General\u0103 a membrilor, precedat\u0103 de reuniunea Consiliului Director, precum \u0219i un Pr\u00e2nz diplomatic dedicat dialogului cu reprezentan\u021bii corpului diplomatic acredita\u021bi \u00een Rom\u00e2nia. Adunarea General\u0103 a constituit un moment de analiz\u0103 a activit\u0103\u021bii organiza\u021biei, de evaluare a [&hellip;]","og_url":"https:\/\/ucor-ucor.ro\/new\/adunarea-generala-a-membrilor-precedata-de-reuniunea-consiliului-director-martie-2026\/","og_site_name":"UCOR","article_modified_time":"2026-03-18T05:19:16+00:00","og_image":[{"url":"https:\/\/ucor-ucor.ro\/wp-content\/uploads\/2026\/03\/ucor5m2.jpeg"}],"twitter_card":"summary_large_image","twitter_misc":{"Est. reading time":"4 minutes"},"schema":{"@context":"https:\/\/schema.org","@graph":[{"@type":"WebPage","@id":"https:\/\/ucor-ucor.ro\/new\/adunarea-generala-a-membrilor-precedata-de-reuniunea-consiliului-director-martie-2026\/","url":"https:\/\/ucor-ucor.ro\/new\/adunarea-generala-a-membrilor-precedata-de-reuniunea-consiliului-director-martie-2026\/","name":"Adunarea General\u0103 a membrilor, precedat\u0103 de reuniunea Consiliului Director - martie 2026 - UCOR","isPartOf":{"@id":"https:\/\/ucor-ucor.ro\/new\/#website"},"primaryImageOfPage":{"@id":"https:\/\/ucor-ucor.ro\/new\/adunarea-generala-a-membrilor-precedata-de-reuniunea-consiliului-director-martie-2026\/#primaryimage"},"image":{"@id":"https:\/\/ucor-ucor.ro\/new\/adunarea-generala-a-membrilor-precedata-de-reuniunea-consiliului-director-martie-2026\/#primaryimage"},"thumbnailUrl":"https:\/\/ucor-ucor.ro\/wp-content\/uploads\/2026\/03\/ucor5m2.jpeg","datePublished":"2026-03-18T05:15:55+00:00","dateModified":"2026-03-18T05:19:16+00:00","breadcrumb":{"@id":"https:\/\/ucor-ucor.ro\/new\/adunarea-generala-a-membrilor-precedata-de-reuniunea-consiliului-director-martie-2026\/#breadcrumb"},"inLanguage":"en-US","potentialAction":[{"@type":"ReadAction","target":["https:\/\/ucor-ucor.ro\/new\/adunarea-generala-a-membrilor-precedata-de-reuniunea-consiliului-director-martie-2026\/"]}]},{"@type":"ImageObject","inLanguage":"en-US","@id":"https:\/\/ucor-ucor.ro\/new\/adunarea-generala-a-membrilor-precedata-de-reuniunea-consiliului-director-martie-2026\/#primaryimage","url":"https:\/\/ucor-ucor.ro\/wp-content\/uploads\/2026\/03\/ucor5m2.jpeg","contentUrl":"https:\/\/ucor-ucor.ro\/wp-content\/uploads\/2026\/03\/ucor5m2.jpeg"},{"@type":"BreadcrumbList","@id":"https:\/\/ucor-ucor.ro\/new\/adunarea-generala-a-membrilor-precedata-de-reuniunea-consiliului-director-martie-2026\/#breadcrumb","itemListElement":[{"@type":"ListItem","position":1,"name":"Home","item":"https:\/\/ucor-ucor.ro\/new\/"},{"@type":"ListItem","position":2,"name":"Adunarea General\u0103 a membrilor, precedat\u0103 de reuniunea Consiliului Director &#8211; martie 2026"}]},{"@type":"WebSite","@id":"https:\/\/ucor-ucor.ro\/new\/#website","url":"https:\/\/ucor-ucor.ro\/new\/","name":"UCOR","description":"","publisher":{"@id":"https:\/\/ucor-ucor.ro\/new\/#organization"},"potentialAction":[{"@type":"SearchAction","target":{"@type":"EntryPoint","urlTemplate":"https:\/\/ucor-ucor.ro\/new\/?s={search_term_string}"},"query-input":"required name=search_term_string"}],"inLanguage":"en-US"},{"@type":"Organization","@id":"https:\/\/ucor-ucor.ro\/new\/#organization","name":"UCOR","url":"https:\/\/ucor-ucor.ro\/new\/","logo":{"@type":"ImageObject","inLanguage":"en-US","@id":"https:\/\/ucor-ucor.ro\/new\/#\/schema\/logo\/image\/","url":"https:\/\/ucor-ucor.ro\/new\/wp-content\/uploads\/2020\/06\/cropped-UCOR.png","contentUrl":"https:\/\/ucor-ucor.ro\/new\/wp-content\/uploads\/2020\/06\/cropped-UCOR.png","width":395,"height":128,"caption":"UCOR"},"image":{"@id":"https:\/\/ucor-ucor.ro\/new\/#\/schema\/logo\/image\/"}}]}},"_links":{"self":[{"href":"https:\/\/ucor-ucor.ro\/new\/wp-json\/wp\/v2\/pages\/1528"}],"collection":[{"href":"https:\/\/ucor-ucor.ro\/new\/wp-json\/wp\/v2\/pages"}],"about":[{"href":"https:\/\/ucor-ucor.ro\/new\/wp-json\/wp\/v2\/types\/page"}],"author":[{"embeddable":true,"href":"https:\/\/ucor-ucor.ro\/new\/wp-json\/wp\/v2\/users\/1"}],"replies":[{"embeddable":true,"href":"https:\/\/ucor-ucor.ro\/new\/wp-json\/wp\/v2\/comments?post=1528"}],"version-history":[{"count":2,"href":"https:\/\/ucor-ucor.ro\/new\/wp-json\/wp\/v2\/pages\/1528\/revisions"}],"predecessor-version":[{"id":1531,"href":"https:\/\/ucor-ucor.ro\/new\/wp-json\/wp\/v2\/pages\/1528\/revisions\/1531"}],"wp:attachment":[{"href":"https:\/\/ucor-ucor.ro\/new\/wp-json\/wp\/v2\/media?parent=1528"}],"curies":[{"name":"wp","href":"https:\/\/api.w.org\/{rel}","templated":true}]}}