{"id":1504,"date":"2025-09-29T14:32:47","date_gmt":"2025-09-29T14:32:47","guid":{"rendered":"https:\/\/ucor-ucor.ro\/new\/?page_id=1504"},"modified":"2025-10-02T05:39:21","modified_gmt":"2025-10-02T05:39:21","slug":"uniunea-consulilor-onorifici-din-romania-10-ani-de-diplomatie-economica-si-culturalasibiu-25-28-septembrie-2025","status":"publish","type":"page","link":"https:\/\/ucor-ucor.ro\/new\/uniunea-consulilor-onorifici-din-romania-10-ani-de-diplomatie-economica-si-culturalasibiu-25-28-septembrie-2025\/","title":{"rendered":"Uniunea Consulilor Onorifici din Rom\u00e2nia \u2013 10 ani de diploma\u021bie economic\u0103 \u0219i cultural\u0103 Sibiu, 25\u201328 septembrie 2025"},"content":{"rendered":"\n<p><\/p>\n\n\n\n<p>Uniunea Consulilor Onorifici din Rom\u00e2nia (UCOR) a organizat, \u00een perioada 25\u201328 septembrie 2025, la Sibiu, cea de-a X-a edi\u021bie a reuniunii membrilor s\u0103i, prilejuit\u0103 de aniversarea a zece ani de la fondare \u2013 un eveniment cu valoare simbolic\u0103, \u00eentruc\u00e2t UCOR a fost constituit\u0103 \u00een acela\u0219i ora\u0219, \u00een anul 2015.<br><br>La deschiderea oficial\u0103 au fost prezen\u021bi Excelen\u021ba Sa, Dl. RIM Kap-soo, Ambasadorul Republicii Coreea \u00een Rom\u00e2nia, Excelen\u021ba Sa, Dl. Hon. Cav. Nikolaos K. Margaropoulos, Pre\u0219edintele FICAC (World Federation of Consuls) \u0219i Consul onorific al Filipinelor la Thessaloniki, Grecia, precum \u0219i Hon. Consul Baron Jean-Jacques Haus, Pre\u0219edintele EFCAC (European Federation of Consular Associations and Corps) \u0219i Consul onorific al Lituaniei \u00een Belgia, \u00eenso\u021bit de delega\u021bia EFCAC format\u0103 din Dl. Nick van den Griendt -Secretar General, Consul onorific al Estoniei \u00een \u021a\u0103rile de Jos, Dl. Dr. Guy Meyer -Consul onorific al Braziliei la Strasbourg, Dl. Jacek Tymi\u0144ski -Consul onorific al Republicii Moldova la Gda\u0144sk, Polonia, Dl. Marek Stefan Listowski -Consul onorific al Chiliei la Gda\u0144sk, Polonia \u0219i Dl. Senator Dr. Ernst Wunderbaldinger -Consul onorific al Portugaliei la Innsbruck, Austria, precum \u0219i 17 consuli onorifici, membri UCOR, reprezent\u00e2nd statele: Rom\u00e2nia, Austria, Bosnia \u0219i Her\u021begovina, Ecuador, Finlanda, Islanda, Italia, Kazahstan, Luxemburg, Malta, Mexic, Republica Moldova, Slovacia \u0219i Ungaria.<br><br>Agenda reuniunii a inclus \u00eentrevederi la Prim\u0103ria Municipiului Sibiu, unde delega\u021bia UCOR a fost primit\u0103 de primarul Astrid Fodor, precum \u0219i la Universitatea \u201eLucian Blaga\u201d din Sibiu, unde participan\u021bii s-au \u00eent\u00e2lnit cu rectorul Prof. Univ. Dr. Sorin Radu. Vicepre\u0219edintele Consiliului Jude\u021bean Sibiu, Paul Kuttesch, a condus delega\u021bia UCOR \u0219i invita\u021bii interna\u021bionali \u00eentr-un tur al T\u00e2rgului de Eco-Turism, prilej de a eviden\u021bia ini\u021biativele jude\u021bului \u00een domeniul turismului sustenabil.<br><br>Programul a cuprins, de asemenea, o vizit\u0103 la Muzeul \u00een aer liber ASTRA, unde participan\u021bii au avut ocazia s\u0103 descopere patrimoniul cultural tradi\u021bional rom\u00e2nesc, iar pentru \u00eenso\u021bitori a fost organizat\u0103 o vizit\u0103 la Muzeul Na\u021bional Brukenthal. \u00cen ultima zi a reuniunii, delega\u021bii au efectuat o vizit\u0103 la Cetatea Cristian, unde au vizitat biserica fortificat\u0103. Programul a continuat la Alba Iulia, cu un tur al Cet\u0103\u021bii Alba Carolina, iar ulterior participan\u021bii au vizitat Jidvei, unde au luat parte la o degustare de vinuri la Castelul Bethlen-Haller.<br><br>Momentul culminant al evenimentului l-a constituit Gala \u201e10 ani UCOR\u201d, \u00een cadrul c\u0103reia au fost rememorate principalele realiz\u0103ri ale organiza\u021biei \u0219i a fost lansat Albumul aniversar \u201eUCOR \u2013 10 ani de diploma\u021bie economic\u0103 \u0219i cultural\u0103\u201d, care ilustreaz\u0103 prin texte \u0219i imagini activitatea Uniunii \u0219i contribu\u021bia consulilor onorifici la consolidarea rela\u021biilor economico-culturale ale Rom\u00e2niei, cu \u021b\u0103rile trimi\u021b\u0103toare.<br><br>La acest eveniment, printre al\u021bi invita\u021bi, a participat \u0219i Excelen\u021ba Sa, Dna. Consul Wiebke Oeser- Consul al Republicii Federale Germania la Sibiu, precum \u0219i reprezentan\u021bi ai mass-media local\u0103.<br><br>Tot la Sibiu s-au desf\u0103\u0219urat Board Meeting-ul \u0219i Adunarea General\u0103 ale EFCAC, confirm\u00e2nd rolul activ al UCOR \u00een cadrul re\u021belelor consulare europene \u0219i interna\u021bionale \u0219i consolid\u00e2nd parteneriatele cu EFCAC \u0219i FICAC.<br><br>\u201eAniversarea de la Sibiu este pentru noi nu doar un moment de s\u0103rb\u0103toare, ci \u0219i o reconfirmare a misiunii UCOR \u2013 aceea de a construi pun\u021bi \u00eentre Rom\u00e2nia \u0219i statele pe care le reprezent\u0103m, prin dialog diplomatic, schimburi culturale \u0219i proiecte economice concrete\u201d, a declarat Andreas Huber, Pre\u0219edinte UCOR \u0219i Consul onorific al Austriei la Sibiu.<br><br>Fondat\u0103 \u00een iunie 2015 la Sibiu, Uniunea Consulilor Onorifici din Rom\u00e2nia reune\u0219te consuli onorifici acredita\u021bi \u00een \u021bara noastr\u0103, av\u00e2nd misiunea de a promova diploma\u021bia onorific\u0103, cooperarea bilateral\u0103 \u0219i valorile europene. UCOR este membr\u0103 a EFCAC \u0219i FICAC.<br><\/p>\n\n\n\n<p>Vezi comunicat in format pdf <a href=\"http:\/\/ucor-ucor.ro\/new\/wp-content\/uploads\/2025\/09\/comunicat_de_presa.pdf\">aici<\/a>.<br>Vezi lista participanti <a href=\"http:\/\/ucor-ucor.ro\/new\/wp-content\/uploads\/2025\/09\/lista_participanti.pdf\">aici<\/a>.<\/p>\n\n\n\n<p><br>Galeria foto \u00een continuare:<br>\u00a9UCOR, Beatrice Ungar &amp; CJ Sibiu<br><\/p>\n\n\n<div class=\"wp-block-image\">\n<figure class=\"aligncenter size-large\"><img decoding=\"async\" src=\"http:\/\/ucor-ucor.ro\/new\/wp-content\/uploads\/2025\/09\/1.jpg\" alt=\"\" class=\"wp-image-1289\"\/><\/figure><\/div>\n\n<div class=\"wp-block-image\">\n<figure class=\"aligncenter size-large\"><img decoding=\"async\" src=\"http:\/\/ucor-ucor.ro\/new\/wp-content\/uploads\/2025\/09\/2.jpg\" alt=\"\" class=\"wp-image-1289\"\/><\/figure><\/div>\n\n<div class=\"wp-block-image\">\n<figure class=\"aligncenter size-large\"><img decoding=\"async\" src=\"http:\/\/ucor-ucor.ro\/new\/wp-content\/uploads\/2025\/09\/3.jpg\" alt=\"\" class=\"wp-image-1289\"\/><\/figure><\/div>\n\n<div class=\"wp-block-image\">\n<figure class=\"aligncenter size-large\"><img decoding=\"async\" src=\"http:\/\/ucor-ucor.ro\/new\/wp-content\/uploads\/2025\/09\/4.jpg\" alt=\"\" class=\"wp-image-1289\"\/><\/figure><\/div>\n\n\n<p>Aparitii media:<\/p>\n\n\n\n<figure class=\"wp-block-embed is-type-wp-embed is-provider-curierul-national wp-block-embed-curierul-national\"><div class=\"wp-block-embed__wrapper\">\n<blockquote class=\"wp-embedded-content\" data-secret=\"lNyNsYJOwf\"><a href=\"https:\/\/curierulnational.ro\/uniunea-consulilor-onorifici-din-romania-10-ani-de-diplomatie-economica-si-culturala\/\">Uniunea Consulilor Onorifici din Rom\u00e2nia \u2013 10 ani de diploma\u021bie economic\u0103 \u0219i cultural\u0103<\/a><\/blockquote><iframe class=\"wp-embedded-content\" sandbox=\"allow-scripts\" security=\"restricted\" style=\"position: absolute; clip: rect(1px, 1px, 1px, 1px);\" title=\"&#8222;Uniunea Consulilor Onorifici din Rom\u00e2nia \u2013 10 ani de diploma\u021bie economic\u0103 \u0219i cultural\u0103&#8221; &#8211; Curierul National\" src=\"https:\/\/curierulnational.ro\/uniunea-consulilor-onorifici-din-romania-10-ani-de-diplomatie-economica-si-culturala\/embed\/#?secret=rTpuq585BM#?secret=lNyNsYJOwf\" data-secret=\"lNyNsYJOwf\" width=\"580\" height=\"327\" frameborder=\"0\" marginwidth=\"0\" marginheight=\"0\" scrolling=\"no\"><\/iframe>\n<\/div><\/figure>\n\n\n\n<p><a href=\"https:\/\/www.tribuna.ro\/traditiile-si-gastronomia-sibiana-apreciate-de-delegatia-ucor\/\">https:\/\/www.tribuna.ro\/traditiile-si-gastronomia-sibiana-apreciate-de-delegatia-ucor\/<\/a><\/p>\n\n\n\n<figure class=\"wp-block-embed is-type-wp-embed is-provider-sibiul-n-imagini wp-block-embed-sibiul-n-imagini\"><div class=\"wp-block-embed__wrapper\">\n<blockquote class=\"wp-embedded-content\" data-secret=\"lUnM0ajbmK\"><a href=\"https:\/\/sibiulinimagini.ro\/uniunea-consulilor-onorifici-din-romania-10-ani-de-diplomatie-economica-si-culturala-sibiu\/\">Uniunea Consulilor Onorifici din Rom\u00e2nia \u2013 10 ani de diploma\u021bie economic\u0103 \u0219i cultural\u0103 Sibiu<\/a><\/blockquote><iframe class=\"wp-embedded-content\" sandbox=\"allow-scripts\" security=\"restricted\" style=\"position: absolute; clip: rect(1px, 1px, 1px, 1px);\" title=\"&#8222;Uniunea Consulilor Onorifici din Rom\u00e2nia \u2013 10 ani de diploma\u021bie economic\u0103 \u0219i cultural\u0103 Sibiu&#8221; &#8211; Sibiul \u00een Imagini\" src=\"https:\/\/sibiulinimagini.ro\/uniunea-consulilor-onorifici-din-romania-10-ani-de-diplomatie-economica-si-culturala-sibiu\/embed\/#?secret=vekwn4Hw8x#?secret=lUnM0ajbmK\" data-secret=\"lUnM0ajbmK\" width=\"580\" height=\"327\" frameborder=\"0\" marginwidth=\"0\" marginheight=\"0\" scrolling=\"no\"><\/iframe>\n<\/div><\/figure>\n\n\n\n<figure class=\"wp-block-embed is-type-wp-embed is-provider-ziarul-mesagerul-de-sibiu wp-block-embed-ziarul-mesagerul-de-sibiu\"><div class=\"wp-block-embed__wrapper\">\n<blockquote class=\"wp-embedded-content\" data-secret=\"fBEoQ7iRit\"><a href=\"https:\/\/mesageruldesibiu.ro\/foto-consuli-din-intreaga-lume-in-vizita-la-ulbs\/\">FOTO Consuli din \u00eentreaga lume, \u00een vizit\u0103 la ULBS<\/a><\/blockquote><iframe class=\"wp-embedded-content\" sandbox=\"allow-scripts\" security=\"restricted\" style=\"position: absolute; clip: rect(1px, 1px, 1px, 1px);\" title=\"&#8222;FOTO Consuli din \u00eentreaga lume, \u00een vizit\u0103 la ULBS&#8221; &#8211; Ziarul Mesagerul de Sibiu\" src=\"https:\/\/mesageruldesibiu.ro\/foto-consuli-din-intreaga-lume-in-vizita-la-ulbs\/embed\/#?secret=YgMTLbB2B5#?secret=fBEoQ7iRit\" data-secret=\"fBEoQ7iRit\" width=\"580\" height=\"327\" frameborder=\"0\" marginwidth=\"0\" marginheight=\"0\" scrolling=\"no\"><\/iframe>\n<\/div><\/figure>\n\n\n\n<p><a href=\"https:\/\/agerpres.ro\/comunicate\/2025\/09\/30\/comunicat-de-presa---uniunea-consulilor-onorifici-din-romania--1488859\">https:\/\/agerpres.ro\/comunicate\/2025\/09\/30\/comunicat-de-presa&#8212;uniunea-consulilor-onorifici-din-romania&#8211;1488859<\/a><\/p>\n\n\n\n<p><\/p>\n","protected":false},"excerpt":{"rendered":"<p>Uniunea Consulilor Onorifici din Rom\u00e2nia (UCOR) a organizat, \u00een perioada 25\u201328 septembrie 2025, la Sibiu, cea de-a X-a edi\u021bie a reuniunii membrilor s\u0103i, prilejuit\u0103 de aniversarea a zece ani de la fondare \u2013 un eveniment cu valoare simbolic\u0103, \u00eentruc\u00e2t UCOR a fost constituit\u0103 \u00een acela\u0219i ora\u0219, \u00een anul 2015. La deschiderea oficial\u0103 au fost prezen\u021bi [&hellip;]<\/p>\n","protected":false},"author":1,"featured_media":0,"parent":0,"menu_order":0,"comment_status":"closed","ping_status":"closed","template":"templates\/template-full-width.php","meta":{"footnotes":""},"yoast_head":"<!-- This site is optimized with the Yoast SEO plugin v22.5 - https:\/\/yoast.com\/wordpress\/plugins\/seo\/ -->\n<title>Uniunea Consulilor Onorifici din Rom\u00e2nia \u2013 10 ani de diploma\u021bie economic\u0103 \u0219i cultural\u0103 Sibiu, 25\u201328 septembrie 2025 - UCOR<\/title>\n<meta name=\"robots\" content=\"index, follow, max-snippet:-1, max-image-preview:large, max-video-preview:-1\" \/>\n<link rel=\"canonical\" href=\"https:\/\/ucor-ucor.ro\/new\/uniunea-consulilor-onorifici-din-romania-10-ani-de-diplomatie-economica-si-culturalasibiu-25-28-septembrie-2025\/\" \/>\n<meta property=\"og:locale\" content=\"en_US\" \/>\n<meta property=\"og:type\" content=\"article\" \/>\n<meta property=\"og:title\" content=\"Uniunea Consulilor Onorifici din Rom\u00e2nia \u2013 10 ani de diploma\u021bie economic\u0103 \u0219i cultural\u0103 Sibiu, 25\u201328 septembrie 2025 - UCOR\" \/>\n<meta property=\"og:description\" content=\"Uniunea Consulilor Onorifici din Rom\u00e2nia (UCOR) a organizat, \u00een perioada 25\u201328 septembrie 2025, la Sibiu, cea de-a X-a edi\u021bie a reuniunii membrilor s\u0103i, prilejuit\u0103 de aniversarea a zece ani de la fondare \u2013 un eveniment cu valoare simbolic\u0103, \u00eentruc\u00e2t UCOR a fost constituit\u0103 \u00een acela\u0219i ora\u0219, \u00een anul 2015. La deschiderea oficial\u0103 au fost prezen\u021bi [&hellip;]\" \/>\n<meta property=\"og:url\" content=\"https:\/\/ucor-ucor.ro\/new\/uniunea-consulilor-onorifici-din-romania-10-ani-de-diplomatie-economica-si-culturalasibiu-25-28-septembrie-2025\/\" \/>\n<meta property=\"og:site_name\" content=\"UCOR\" \/>\n<meta property=\"article:modified_time\" content=\"2025-10-02T05:39:21+00:00\" \/>\n<meta property=\"og:image\" content=\"http:\/\/ucor-ucor.ro\/new\/wp-content\/uploads\/2025\/09\/1.jpg\" \/>\n<meta name=\"twitter:card\" content=\"summary_large_image\" \/>\n<meta name=\"twitter:label1\" content=\"Est. reading time\" \/>\n\t<meta name=\"twitter:data1\" content=\"4 minutes\" \/>\n<script type=\"application\/ld+json\" class=\"yoast-schema-graph\">{\"@context\":\"https:\/\/schema.org\",\"@graph\":[{\"@type\":\"WebPage\",\"@id\":\"https:\/\/ucor-ucor.ro\/new\/uniunea-consulilor-onorifici-din-romania-10-ani-de-diplomatie-economica-si-culturalasibiu-25-28-septembrie-2025\/\",\"url\":\"https:\/\/ucor-ucor.ro\/new\/uniunea-consulilor-onorifici-din-romania-10-ani-de-diplomatie-economica-si-culturalasibiu-25-28-septembrie-2025\/\",\"name\":\"Uniunea Consulilor Onorifici din Rom\u00e2nia \u2013 10 ani de diploma\u021bie economic\u0103 \u0219i cultural\u0103 Sibiu, 25\u201328 septembrie 2025 - UCOR\",\"isPartOf\":{\"@id\":\"https:\/\/ucor-ucor.ro\/new\/#website\"},\"primaryImageOfPage\":{\"@id\":\"https:\/\/ucor-ucor.ro\/new\/uniunea-consulilor-onorifici-din-romania-10-ani-de-diplomatie-economica-si-culturalasibiu-25-28-septembrie-2025\/#primaryimage\"},\"image\":{\"@id\":\"https:\/\/ucor-ucor.ro\/new\/uniunea-consulilor-onorifici-din-romania-10-ani-de-diplomatie-economica-si-culturalasibiu-25-28-septembrie-2025\/#primaryimage\"},\"thumbnailUrl\":\"http:\/\/ucor-ucor.ro\/new\/wp-content\/uploads\/2025\/09\/1.jpg\",\"datePublished\":\"2025-09-29T14:32:47+00:00\",\"dateModified\":\"2025-10-02T05:39:21+00:00\",\"breadcrumb\":{\"@id\":\"https:\/\/ucor-ucor.ro\/new\/uniunea-consulilor-onorifici-din-romania-10-ani-de-diplomatie-economica-si-culturalasibiu-25-28-septembrie-2025\/#breadcrumb\"},\"inLanguage\":\"en-US\",\"potentialAction\":[{\"@type\":\"ReadAction\",\"target\":[\"https:\/\/ucor-ucor.ro\/new\/uniunea-consulilor-onorifici-din-romania-10-ani-de-diplomatie-economica-si-culturalasibiu-25-28-septembrie-2025\/\"]}]},{\"@type\":\"ImageObject\",\"inLanguage\":\"en-US\",\"@id\":\"https:\/\/ucor-ucor.ro\/new\/uniunea-consulilor-onorifici-din-romania-10-ani-de-diplomatie-economica-si-culturalasibiu-25-28-septembrie-2025\/#primaryimage\",\"url\":\"https:\/\/ucor-ucor.ro\/new\/wp-content\/uploads\/2024\/04\/Foto1-2.jpeg\",\"contentUrl\":\"https:\/\/ucor-ucor.ro\/new\/wp-content\/uploads\/2024\/04\/Foto1-2.jpeg\",\"width\":2048,\"height\":1536},{\"@type\":\"BreadcrumbList\",\"@id\":\"https:\/\/ucor-ucor.ro\/new\/uniunea-consulilor-onorifici-din-romania-10-ani-de-diplomatie-economica-si-culturalasibiu-25-28-septembrie-2025\/#breadcrumb\",\"itemListElement\":[{\"@type\":\"ListItem\",\"position\":1,\"name\":\"Home\",\"item\":\"https:\/\/ucor-ucor.ro\/new\/\"},{\"@type\":\"ListItem\",\"position\":2,\"name\":\"Uniunea Consulilor Onorifici din Rom\u00e2nia \u2013 10 ani de diploma\u021bie economic\u0103 \u0219i cultural\u0103 Sibiu, 25\u201328 septembrie 2025\"}]},{\"@type\":\"WebSite\",\"@id\":\"https:\/\/ucor-ucor.ro\/new\/#website\",\"url\":\"https:\/\/ucor-ucor.ro\/new\/\",\"name\":\"UCOR\",\"description\":\"\",\"publisher\":{\"@id\":\"https:\/\/ucor-ucor.ro\/new\/#organization\"},\"potentialAction\":[{\"@type\":\"SearchAction\",\"target\":{\"@type\":\"EntryPoint\",\"urlTemplate\":\"https:\/\/ucor-ucor.ro\/new\/?s={search_term_string}\"},\"query-input\":\"required name=search_term_string\"}],\"inLanguage\":\"en-US\"},{\"@type\":\"Organization\",\"@id\":\"https:\/\/ucor-ucor.ro\/new\/#organization\",\"name\":\"UCOR\",\"url\":\"https:\/\/ucor-ucor.ro\/new\/\",\"logo\":{\"@type\":\"ImageObject\",\"inLanguage\":\"en-US\",\"@id\":\"https:\/\/ucor-ucor.ro\/new\/#\/schema\/logo\/image\/\",\"url\":\"https:\/\/ucor-ucor.ro\/new\/wp-content\/uploads\/2020\/06\/cropped-UCOR.png\",\"contentUrl\":\"https:\/\/ucor-ucor.ro\/new\/wp-content\/uploads\/2020\/06\/cropped-UCOR.png\",\"width\":395,\"height\":128,\"caption\":\"UCOR\"},\"image\":{\"@id\":\"https:\/\/ucor-ucor.ro\/new\/#\/schema\/logo\/image\/\"}}]}<\/script>\n<!-- \/ Yoast SEO plugin. -->","yoast_head_json":{"title":"Uniunea Consulilor Onorifici din Rom\u00e2nia \u2013 10 ani de diploma\u021bie economic\u0103 \u0219i cultural\u0103 Sibiu, 25\u201328 septembrie 2025 - UCOR","robots":{"index":"index","follow":"follow","max-snippet":"max-snippet:-1","max-image-preview":"max-image-preview:large","max-video-preview":"max-video-preview:-1"},"canonical":"https:\/\/ucor-ucor.ro\/new\/uniunea-consulilor-onorifici-din-romania-10-ani-de-diplomatie-economica-si-culturalasibiu-25-28-septembrie-2025\/","og_locale":"en_US","og_type":"article","og_title":"Uniunea Consulilor Onorifici din Rom\u00e2nia \u2013 10 ani de diploma\u021bie economic\u0103 \u0219i cultural\u0103 Sibiu, 25\u201328 septembrie 2025 - UCOR","og_description":"Uniunea Consulilor Onorifici din Rom\u00e2nia (UCOR) a organizat, \u00een perioada 25\u201328 septembrie 2025, la Sibiu, cea de-a X-a edi\u021bie a reuniunii membrilor s\u0103i, prilejuit\u0103 de aniversarea a zece ani de la fondare \u2013 un eveniment cu valoare simbolic\u0103, \u00eentruc\u00e2t UCOR a fost constituit\u0103 \u00een acela\u0219i ora\u0219, \u00een anul 2015. La deschiderea oficial\u0103 au fost prezen\u021bi [&hellip;]","og_url":"https:\/\/ucor-ucor.ro\/new\/uniunea-consulilor-onorifici-din-romania-10-ani-de-diplomatie-economica-si-culturalasibiu-25-28-septembrie-2025\/","og_site_name":"UCOR","article_modified_time":"2025-10-02T05:39:21+00:00","og_image":[{"url":"http:\/\/ucor-ucor.ro\/new\/wp-content\/uploads\/2025\/09\/1.jpg"}],"twitter_card":"summary_large_image","twitter_misc":{"Est. reading time":"4 minutes"},"schema":{"@context":"https:\/\/schema.org","@graph":[{"@type":"WebPage","@id":"https:\/\/ucor-ucor.ro\/new\/uniunea-consulilor-onorifici-din-romania-10-ani-de-diplomatie-economica-si-culturalasibiu-25-28-septembrie-2025\/","url":"https:\/\/ucor-ucor.ro\/new\/uniunea-consulilor-onorifici-din-romania-10-ani-de-diplomatie-economica-si-culturalasibiu-25-28-septembrie-2025\/","name":"Uniunea Consulilor Onorifici din Rom\u00e2nia \u2013 10 ani de diploma\u021bie economic\u0103 \u0219i cultural\u0103 Sibiu, 25\u201328 septembrie 2025 - UCOR","isPartOf":{"@id":"https:\/\/ucor-ucor.ro\/new\/#website"},"primaryImageOfPage":{"@id":"https:\/\/ucor-ucor.ro\/new\/uniunea-consulilor-onorifici-din-romania-10-ani-de-diplomatie-economica-si-culturalasibiu-25-28-septembrie-2025\/#primaryimage"},"image":{"@id":"https:\/\/ucor-ucor.ro\/new\/uniunea-consulilor-onorifici-din-romania-10-ani-de-diplomatie-economica-si-culturalasibiu-25-28-septembrie-2025\/#primaryimage"},"thumbnailUrl":"http:\/\/ucor-ucor.ro\/new\/wp-content\/uploads\/2025\/09\/1.jpg","datePublished":"2025-09-29T14:32:47+00:00","dateModified":"2025-10-02T05:39:21+00:00","breadcrumb":{"@id":"https:\/\/ucor-ucor.ro\/new\/uniunea-consulilor-onorifici-din-romania-10-ani-de-diplomatie-economica-si-culturalasibiu-25-28-septembrie-2025\/#breadcrumb"},"inLanguage":"en-US","potentialAction":[{"@type":"ReadAction","target":["https:\/\/ucor-ucor.ro\/new\/uniunea-consulilor-onorifici-din-romania-10-ani-de-diplomatie-economica-si-culturalasibiu-25-28-septembrie-2025\/"]}]},{"@type":"ImageObject","inLanguage":"en-US","@id":"https:\/\/ucor-ucor.ro\/new\/uniunea-consulilor-onorifici-din-romania-10-ani-de-diplomatie-economica-si-culturalasibiu-25-28-septembrie-2025\/#primaryimage","url":"https:\/\/ucor-ucor.ro\/new\/wp-content\/uploads\/2024\/04\/Foto1-2.jpeg","contentUrl":"https:\/\/ucor-ucor.ro\/new\/wp-content\/uploads\/2024\/04\/Foto1-2.jpeg","width":2048,"height":1536},{"@type":"BreadcrumbList","@id":"https:\/\/ucor-ucor.ro\/new\/uniunea-consulilor-onorifici-din-romania-10-ani-de-diplomatie-economica-si-culturalasibiu-25-28-septembrie-2025\/#breadcrumb","itemListElement":[{"@type":"ListItem","position":1,"name":"Home","item":"https:\/\/ucor-ucor.ro\/new\/"},{"@type":"ListItem","position":2,"name":"Uniunea Consulilor Onorifici din Rom\u00e2nia \u2013 10 ani de diploma\u021bie economic\u0103 \u0219i cultural\u0103 Sibiu, 25\u201328 septembrie 2025"}]},{"@type":"WebSite","@id":"https:\/\/ucor-ucor.ro\/new\/#website","url":"https:\/\/ucor-ucor.ro\/new\/","name":"UCOR","description":"","publisher":{"@id":"https:\/\/ucor-ucor.ro\/new\/#organization"},"potentialAction":[{"@type":"SearchAction","target":{"@type":"EntryPoint","urlTemplate":"https:\/\/ucor-ucor.ro\/new\/?s={search_term_string}"},"query-input":"required name=search_term_string"}],"inLanguage":"en-US"},{"@type":"Organization","@id":"https:\/\/ucor-ucor.ro\/new\/#organization","name":"UCOR","url":"https:\/\/ucor-ucor.ro\/new\/","logo":{"@type":"ImageObject","inLanguage":"en-US","@id":"https:\/\/ucor-ucor.ro\/new\/#\/schema\/logo\/image\/","url":"https:\/\/ucor-ucor.ro\/new\/wp-content\/uploads\/2020\/06\/cropped-UCOR.png","contentUrl":"https:\/\/ucor-ucor.ro\/new\/wp-content\/uploads\/2020\/06\/cropped-UCOR.png","width":395,"height":128,"caption":"UCOR"},"image":{"@id":"https:\/\/ucor-ucor.ro\/new\/#\/schema\/logo\/image\/"}}]}},"_links":{"self":[{"href":"https:\/\/ucor-ucor.ro\/new\/wp-json\/wp\/v2\/pages\/1504"}],"collection":[{"href":"https:\/\/ucor-ucor.ro\/new\/wp-json\/wp\/v2\/pages"}],"about":[{"href":"https:\/\/ucor-ucor.ro\/new\/wp-json\/wp\/v2\/types\/page"}],"author":[{"embeddable":true,"href":"https:\/\/ucor-ucor.ro\/new\/wp-json\/wp\/v2\/users\/1"}],"replies":[{"embeddable":true,"href":"https:\/\/ucor-ucor.ro\/new\/wp-json\/wp\/v2\/comments?post=1504"}],"version-history":[{"count":4,"href":"https:\/\/ucor-ucor.ro\/new\/wp-json\/wp\/v2\/pages\/1504\/revisions"}],"predecessor-version":[{"id":1517,"href":"https:\/\/ucor-ucor.ro\/new\/wp-json\/wp\/v2\/pages\/1504\/revisions\/1517"}],"wp:attachment":[{"href":"https:\/\/ucor-ucor.ro\/new\/wp-json\/wp\/v2\/media?parent=1504"}],"curies":[{"name":"wp","href":"https:\/\/api.w.org\/{rel}","templated":true}]}}