{"id":1384,"date":"2025-04-15T09:40:14","date_gmt":"2025-04-15T09:40:14","guid":{"rendered":"https:\/\/ucor-ucor.ro\/new\/?page_id=1384"},"modified":"2025-04-22T05:42:55","modified_gmt":"2025-04-22T05:42:55","slug":"adunarea-generala-a-mea-membrilor-uniunii-consulilor-onorifici-din-romania","status":"publish","type":"page","link":"https:\/\/ucor-ucor.ro\/new\/adunarea-generala-a-mea-membrilor-uniunii-consulilor-onorifici-din-romania\/","title":{"rendered":"Adunarea General\u0103 a membrilor Uniunii Consulilor Onorifici din Rom\u00e2nia"},"content":{"rendered":"\n<p><\/p>\n\n\n\n<p><strong>Bucure\u0219ti, 10 Aprilie 2025<\/strong><\/p>\n\n\n\n<p>Uniunea Consulilor Onorifici din Rom\u00e2nia (UCOR) a organizat pe 10 aprilie 2025 Adunarea General\u0103 a membrilor UCOR, la Hotelul Marshall Garden din Bucuresti.<\/p>\n\n\n\n<p>Adunarea General\u0103 este unul dintre cele mai importante evenimente anuale din agenda asocia\u021biei.<\/p>\n\n\n\n<p>\u00cen conformitate cu ordinea de zi, au fost prezentate:<\/p>\n\n\n\n<ul>\n<li>Raportul de activitate pentru anul 2024 &#8211; prezentat de c\u0103tre Pre\u015fedintele UCOR \u2013 Dl. Consul Onorific Andreas Huber<\/li>\n\n\n\n<li>Raportul financiar, \u0219i<\/li>\n\n\n\n<li>Raportul cenzorului.<\/li>\n<\/ul>\n\n\n\n<p>Dintre activit\u0103\u021bile desf\u0103\u0219urate \u00een 2024, a fost eviden\u0163iat\u0103 evolu\u021bia pozitiv\u0103 a UCOR pe plan diplomatic, at\u00e2t intern c\u00e2t \u0219i interna\u021bional.<\/p>\n\n\n\n<p>Au fost remarcate eforturile membrilor UCOR pentru cre\u0219terea recunoa\u0219terii \u0219i prestigiului Uniunii, care a fost posibil\u0103 gra\u021bie implic\u0103rii \u00een ac\u021biunile desf\u0103\u0219urate, a prezen\u021bei active pe planurile diplomatic, economic, cultural \u0219i social.<\/p>\n\n\n\n<p>\u00cen cadrul dezbaterilor ce au urmat, Pre\u015fedintele UCOR a prezentat strategia adoptat\u0103 de Uniune pentru \u00eendeplinirea obiectivelor sale statutare, cu accent pe:<\/p>\n\n\n\n<ul>\n<li>consolidarea pozi\u0163iei membrilor Uniunii \u00een lumea diplomatic\u0103,<\/li>\n\n\n\n<li>continuarea colabor\u0103rii active cu Ministerul Afacerilor Externe \u015fi alte institu\u0163ii ale statului rom\u00e2n,<\/li>\n\n\n\n<li>continuarea dezvolt\u0103rii rela\u0163iilor, pe multiple planuri, dintre \u0163\u0103rile pe care membrii UCOR le reprezint\u0103 \u015fi Rom\u00e2nia, ac\u021bion\u00e2nd ca ni\u0219te pun\u021bi de leg\u0103tur\u0103, \u00een domeniile economic, cultural, social \u0219i educa\u021bional.<\/li>\n<\/ul>\n\n\n\n<p>\u00cen acest context, a fost adoptat\u0103 agenda de activit\u0103\u0163i pentru anul 2025.<\/p>\n\n\n\n<p>\u00cen \u00eencheire, au fost adresate mul\u021bumiri tuturor membrilor uniunii pentru sus\u021binere \u0219i bun\u0103 colaborare!<\/p>\n\n\n\n<figure class=\"wp-block-image size-large\"><img decoding=\"async\" src=\"http:\/\/ucor-ucor.ro\/wp-content\/uploads\/2025\/04\/1.jpeg\" alt=\"\"\/><figcaption class=\"wp-element-caption\"><strong>Photo credit @UCOR<\/strong><br><strong>Membrii UCOR prezen\u021bi la Adunarea General\u0103<\/strong><br>De la st\u00e2nga la dreapta: Dl\u00a0 Georg Bardeau \u2013 Consul Onorific al Austriei la Timi\u0219oara, Dl. Endre Molnar &#8211; membru \u00een Consiliul Director UCOR , Consul Onorific al Ungariei la Drobeta Turnu Severin, Dl. Emil S\u00eerbu \u2013 Consul Onorific al Indoneziei la Constan\u021ba, Dl. Marius-Mihail Puiu &#8211; membru \u00een Consiliul Director UCOR &#8211; Consul Onorific al Austriei la Constan\u021ba, Dl. Agripa Popescu &#8211; Consilierul Consulului Romaniei la Klagenfurt, Dna. Georgiana Pogonaru &#8211; Vicepre\u0219edinte UCOR &#8211; Consul Onorific al Islandei \u00een Rom\u00e2nia; Dl. Mihai Ferariu &#8211; membru \u00een Consiliul Director UCOR &#8211; Consul Onorific al Marelui Ducat de Luxemburg la Bucure\u0219ti, Dl. Andreas Huber &#8211; Presedinte UCOR &#8211; Consul Onorific al Austriei la Sibiu, Dl. Amb. Ioan Donca &#8211; Prim-vicepre\u0219edinte UCOR &#8211; Consul Onorific al Letoniei la Bucure\u0219ti,\u00a0 Dl Marius Marinescu \u2013Consul Onorific\u00a0 al Bosnei si Herzegovina la Ploiesti si Dl. Omer Susli \u2013 Consul Onorific al Albaniei la Constan\u021ba.<\/figcaption><\/figure>\n","protected":false},"excerpt":{"rendered":"<p>Bucure\u0219ti, 10 Aprilie 2025 Uniunea Consulilor Onorifici din Rom\u00e2nia (UCOR) a organizat pe 10 aprilie 2025 Adunarea General\u0103 a membrilor UCOR, la Hotelul Marshall Garden din Bucuresti. Adunarea General\u0103 este unul dintre cele mai importante evenimente anuale din agenda asocia\u021biei. \u00cen conformitate cu ordinea de zi, au fost prezentate: Dintre activit\u0103\u021bile desf\u0103\u0219urate \u00een 2024, a [&hellip;]<\/p>\n","protected":false},"author":1,"featured_media":0,"parent":0,"menu_order":0,"comment_status":"closed","ping_status":"closed","template":"","meta":{"footnotes":""},"yoast_head":"<!-- This site is optimized with the Yoast SEO plugin v22.5 - https:\/\/yoast.com\/wordpress\/plugins\/seo\/ -->\n<title>Adunarea General\u0103 a membrilor Uniunii Consulilor Onorifici din Rom\u00e2nia - UCOR<\/title>\n<meta name=\"robots\" content=\"index, follow, max-snippet:-1, max-image-preview:large, max-video-preview:-1\" \/>\n<link rel=\"canonical\" href=\"http:\/\/ucor-ucor.ro\/new\/adunarea-generala-a-mea-membrilor-uniunii-consulilor-onorifici-din-romania\/\" \/>\n<meta property=\"og:locale\" content=\"en_US\" \/>\n<meta property=\"og:type\" content=\"article\" \/>\n<meta property=\"og:title\" content=\"Adunarea General\u0103 a membrilor Uniunii Consulilor Onorifici din Rom\u00e2nia - UCOR\" \/>\n<meta property=\"og:description\" content=\"Bucure\u0219ti, 10 Aprilie 2025 Uniunea Consulilor Onorifici din Rom\u00e2nia (UCOR) a organizat pe 10 aprilie 2025 Adunarea General\u0103 a membrilor UCOR, la Hotelul Marshall Garden din Bucuresti. Adunarea General\u0103 este unul dintre cele mai importante evenimente anuale din agenda asocia\u021biei. \u00cen conformitate cu ordinea de zi, au fost prezentate: Dintre activit\u0103\u021bile desf\u0103\u0219urate \u00een 2024, a [&hellip;]\" \/>\n<meta property=\"og:url\" content=\"http:\/\/ucor-ucor.ro\/new\/adunarea-generala-a-mea-membrilor-uniunii-consulilor-onorifici-din-romania\/\" \/>\n<meta property=\"og:site_name\" content=\"UCOR\" \/>\n<meta property=\"article:modified_time\" content=\"2025-04-22T05:42:55+00:00\" \/>\n<meta property=\"og:image\" content=\"http:\/\/ucor-ucor.ro\/wp-content\/uploads\/2025\/04\/1.jpeg\" \/>\n<meta name=\"twitter:card\" content=\"summary_large_image\" \/>\n<meta name=\"twitter:label1\" content=\"Est. reading time\" \/>\n\t<meta name=\"twitter:data1\" content=\"2 minutes\" \/>\n<script type=\"application\/ld+json\" class=\"yoast-schema-graph\">{\"@context\":\"https:\/\/schema.org\",\"@graph\":[{\"@type\":\"WebPage\",\"@id\":\"http:\/\/ucor-ucor.ro\/new\/adunarea-generala-a-mea-membrilor-uniunii-consulilor-onorifici-din-romania\/\",\"url\":\"http:\/\/ucor-ucor.ro\/new\/adunarea-generala-a-mea-membrilor-uniunii-consulilor-onorifici-din-romania\/\",\"name\":\"Adunarea General\u0103 a membrilor Uniunii Consulilor Onorifici din Rom\u00e2nia - UCOR\",\"isPartOf\":{\"@id\":\"https:\/\/ucor-ucor.ro\/new\/#website\"},\"primaryImageOfPage\":{\"@id\":\"http:\/\/ucor-ucor.ro\/new\/adunarea-generala-a-mea-membrilor-uniunii-consulilor-onorifici-din-romania\/#primaryimage\"},\"image\":{\"@id\":\"http:\/\/ucor-ucor.ro\/new\/adunarea-generala-a-mea-membrilor-uniunii-consulilor-onorifici-din-romania\/#primaryimage\"},\"thumbnailUrl\":\"http:\/\/ucor-ucor.ro\/wp-content\/uploads\/2025\/04\/1.jpeg\",\"datePublished\":\"2025-04-15T09:40:14+00:00\",\"dateModified\":\"2025-04-22T05:42:55+00:00\",\"breadcrumb\":{\"@id\":\"http:\/\/ucor-ucor.ro\/new\/adunarea-generala-a-mea-membrilor-uniunii-consulilor-onorifici-din-romania\/#breadcrumb\"},\"inLanguage\":\"en-US\",\"potentialAction\":[{\"@type\":\"ReadAction\",\"target\":[\"http:\/\/ucor-ucor.ro\/new\/adunarea-generala-a-mea-membrilor-uniunii-consulilor-onorifici-din-romania\/\"]}]},{\"@type\":\"ImageObject\",\"inLanguage\":\"en-US\",\"@id\":\"http:\/\/ucor-ucor.ro\/new\/adunarea-generala-a-mea-membrilor-uniunii-consulilor-onorifici-din-romania\/#primaryimage\",\"url\":\"http:\/\/ucor-ucor.ro\/wp-content\/uploads\/2025\/04\/1.jpeg\",\"contentUrl\":\"http:\/\/ucor-ucor.ro\/wp-content\/uploads\/2025\/04\/1.jpeg\"},{\"@type\":\"BreadcrumbList\",\"@id\":\"http:\/\/ucor-ucor.ro\/new\/adunarea-generala-a-mea-membrilor-uniunii-consulilor-onorifici-din-romania\/#breadcrumb\",\"itemListElement\":[{\"@type\":\"ListItem\",\"position\":1,\"name\":\"Home\",\"item\":\"https:\/\/ucor-ucor.ro\/new\/\"},{\"@type\":\"ListItem\",\"position\":2,\"name\":\"Adunarea General\u0103 a membrilor Uniunii Consulilor Onorifici din Rom\u00e2nia\"}]},{\"@type\":\"WebSite\",\"@id\":\"https:\/\/ucor-ucor.ro\/new\/#website\",\"url\":\"https:\/\/ucor-ucor.ro\/new\/\",\"name\":\"UCOR\",\"description\":\"\",\"publisher\":{\"@id\":\"https:\/\/ucor-ucor.ro\/new\/#organization\"},\"potentialAction\":[{\"@type\":\"SearchAction\",\"target\":{\"@type\":\"EntryPoint\",\"urlTemplate\":\"https:\/\/ucor-ucor.ro\/new\/?s={search_term_string}\"},\"query-input\":\"required name=search_term_string\"}],\"inLanguage\":\"en-US\"},{\"@type\":\"Organization\",\"@id\":\"https:\/\/ucor-ucor.ro\/new\/#organization\",\"name\":\"UCOR\",\"url\":\"https:\/\/ucor-ucor.ro\/new\/\",\"logo\":{\"@type\":\"ImageObject\",\"inLanguage\":\"en-US\",\"@id\":\"https:\/\/ucor-ucor.ro\/new\/#\/schema\/logo\/image\/\",\"url\":\"https:\/\/ucor-ucor.ro\/new\/wp-content\/uploads\/2020\/06\/cropped-UCOR.png\",\"contentUrl\":\"https:\/\/ucor-ucor.ro\/new\/wp-content\/uploads\/2020\/06\/cropped-UCOR.png\",\"width\":395,\"height\":128,\"caption\":\"UCOR\"},\"image\":{\"@id\":\"https:\/\/ucor-ucor.ro\/new\/#\/schema\/logo\/image\/\"}}]}<\/script>\n<!-- \/ Yoast SEO plugin. -->","yoast_head_json":{"title":"Adunarea General\u0103 a membrilor Uniunii Consulilor Onorifici din Rom\u00e2nia - UCOR","robots":{"index":"index","follow":"follow","max-snippet":"max-snippet:-1","max-image-preview":"max-image-preview:large","max-video-preview":"max-video-preview:-1"},"canonical":"http:\/\/ucor-ucor.ro\/new\/adunarea-generala-a-mea-membrilor-uniunii-consulilor-onorifici-din-romania\/","og_locale":"en_US","og_type":"article","og_title":"Adunarea General\u0103 a membrilor Uniunii Consulilor Onorifici din Rom\u00e2nia - UCOR","og_description":"Bucure\u0219ti, 10 Aprilie 2025 Uniunea Consulilor Onorifici din Rom\u00e2nia (UCOR) a organizat pe 10 aprilie 2025 Adunarea General\u0103 a membrilor UCOR, la Hotelul Marshall Garden din Bucuresti. Adunarea General\u0103 este unul dintre cele mai importante evenimente anuale din agenda asocia\u021biei. \u00cen conformitate cu ordinea de zi, au fost prezentate: Dintre activit\u0103\u021bile desf\u0103\u0219urate \u00een 2024, a [&hellip;]","og_url":"http:\/\/ucor-ucor.ro\/new\/adunarea-generala-a-mea-membrilor-uniunii-consulilor-onorifici-din-romania\/","og_site_name":"UCOR","article_modified_time":"2025-04-22T05:42:55+00:00","og_image":[{"url":"http:\/\/ucor-ucor.ro\/wp-content\/uploads\/2025\/04\/1.jpeg"}],"twitter_card":"summary_large_image","twitter_misc":{"Est. reading time":"2 minutes"},"schema":{"@context":"https:\/\/schema.org","@graph":[{"@type":"WebPage","@id":"http:\/\/ucor-ucor.ro\/new\/adunarea-generala-a-mea-membrilor-uniunii-consulilor-onorifici-din-romania\/","url":"http:\/\/ucor-ucor.ro\/new\/adunarea-generala-a-mea-membrilor-uniunii-consulilor-onorifici-din-romania\/","name":"Adunarea General\u0103 a membrilor Uniunii Consulilor Onorifici din Rom\u00e2nia - UCOR","isPartOf":{"@id":"https:\/\/ucor-ucor.ro\/new\/#website"},"primaryImageOfPage":{"@id":"http:\/\/ucor-ucor.ro\/new\/adunarea-generala-a-mea-membrilor-uniunii-consulilor-onorifici-din-romania\/#primaryimage"},"image":{"@id":"http:\/\/ucor-ucor.ro\/new\/adunarea-generala-a-mea-membrilor-uniunii-consulilor-onorifici-din-romania\/#primaryimage"},"thumbnailUrl":"http:\/\/ucor-ucor.ro\/wp-content\/uploads\/2025\/04\/1.jpeg","datePublished":"2025-04-15T09:40:14+00:00","dateModified":"2025-04-22T05:42:55+00:00","breadcrumb":{"@id":"http:\/\/ucor-ucor.ro\/new\/adunarea-generala-a-mea-membrilor-uniunii-consulilor-onorifici-din-romania\/#breadcrumb"},"inLanguage":"en-US","potentialAction":[{"@type":"ReadAction","target":["http:\/\/ucor-ucor.ro\/new\/adunarea-generala-a-mea-membrilor-uniunii-consulilor-onorifici-din-romania\/"]}]},{"@type":"ImageObject","inLanguage":"en-US","@id":"http:\/\/ucor-ucor.ro\/new\/adunarea-generala-a-mea-membrilor-uniunii-consulilor-onorifici-din-romania\/#primaryimage","url":"http:\/\/ucor-ucor.ro\/wp-content\/uploads\/2025\/04\/1.jpeg","contentUrl":"http:\/\/ucor-ucor.ro\/wp-content\/uploads\/2025\/04\/1.jpeg"},{"@type":"BreadcrumbList","@id":"http:\/\/ucor-ucor.ro\/new\/adunarea-generala-a-mea-membrilor-uniunii-consulilor-onorifici-din-romania\/#breadcrumb","itemListElement":[{"@type":"ListItem","position":1,"name":"Home","item":"https:\/\/ucor-ucor.ro\/new\/"},{"@type":"ListItem","position":2,"name":"Adunarea General\u0103 a membrilor Uniunii Consulilor Onorifici din Rom\u00e2nia"}]},{"@type":"WebSite","@id":"https:\/\/ucor-ucor.ro\/new\/#website","url":"https:\/\/ucor-ucor.ro\/new\/","name":"UCOR","description":"","publisher":{"@id":"https:\/\/ucor-ucor.ro\/new\/#organization"},"potentialAction":[{"@type":"SearchAction","target":{"@type":"EntryPoint","urlTemplate":"https:\/\/ucor-ucor.ro\/new\/?s={search_term_string}"},"query-input":"required name=search_term_string"}],"inLanguage":"en-US"},{"@type":"Organization","@id":"https:\/\/ucor-ucor.ro\/new\/#organization","name":"UCOR","url":"https:\/\/ucor-ucor.ro\/new\/","logo":{"@type":"ImageObject","inLanguage":"en-US","@id":"https:\/\/ucor-ucor.ro\/new\/#\/schema\/logo\/image\/","url":"https:\/\/ucor-ucor.ro\/new\/wp-content\/uploads\/2020\/06\/cropped-UCOR.png","contentUrl":"https:\/\/ucor-ucor.ro\/new\/wp-content\/uploads\/2020\/06\/cropped-UCOR.png","width":395,"height":128,"caption":"UCOR"},"image":{"@id":"https:\/\/ucor-ucor.ro\/new\/#\/schema\/logo\/image\/"}}]}},"_links":{"self":[{"href":"https:\/\/ucor-ucor.ro\/new\/wp-json\/wp\/v2\/pages\/1384"}],"collection":[{"href":"https:\/\/ucor-ucor.ro\/new\/wp-json\/wp\/v2\/pages"}],"about":[{"href":"https:\/\/ucor-ucor.ro\/new\/wp-json\/wp\/v2\/types\/page"}],"author":[{"embeddable":true,"href":"https:\/\/ucor-ucor.ro\/new\/wp-json\/wp\/v2\/users\/1"}],"replies":[{"embeddable":true,"href":"https:\/\/ucor-ucor.ro\/new\/wp-json\/wp\/v2\/comments?post=1384"}],"version-history":[{"count":2,"href":"https:\/\/ucor-ucor.ro\/new\/wp-json\/wp\/v2\/pages\/1384\/revisions"}],"predecessor-version":[{"id":1389,"href":"https:\/\/ucor-ucor.ro\/new\/wp-json\/wp\/v2\/pages\/1384\/revisions\/1389"}],"wp:attachment":[{"href":"https:\/\/ucor-ucor.ro\/new\/wp-json\/wp\/v2\/media?parent=1384"}],"curies":[{"name":"wp","href":"https:\/\/api.w.org\/{rel}","templated":true}]}}