{"id":11,"date":"2020-06-29T06:33:27","date_gmt":"2020-06-29T06:33:27","guid":{"rendered":"http:\/\/ucor-ucor.ro\/new\/?page_id=11"},"modified":"2026-03-18T05:29:35","modified_gmt":"2026-03-18T05:29:35","slug":"membri","status":"publish","type":"page","link":"https:\/\/ucor-ucor.ro\/new\/membri\/","title":{"rendered":"MEMBRI"},"content":{"rendered":"\t\t<div data-elementor-type=\"wp-page\" data-elementor-id=\"11\" class=\"elementor elementor-11\">\n\t\t\t\t\t\t<section class=\"elementor-section elementor-top-section elementor-element elementor-element-6e404fb9 elementor-section-boxed elementor-section-height-default elementor-section-height-default\" data-id=\"6e404fb9\" data-element_type=\"section\">\n\t\t\t\t\t\t<div class=\"elementor-container elementor-column-gap-default\">\n\t\t\t\t\t<div class=\"elementor-column elementor-col-100 elementor-top-column elementor-element elementor-element-7d9a605\" data-id=\"7d9a605\" data-element_type=\"column\">\n\t\t\t<div class=\"elementor-widget-wrap elementor-element-populated\">\n\t\t\t\t\t\t<div class=\"elementor-element elementor-element-a44ed93 elementor-widget elementor-widget-text-editor\" data-id=\"a44ed93\" data-element_type=\"widget\" data-widget_type=\"text-editor.default\">\n\t\t\t\t<div class=\"elementor-widget-container\">\n\t\t\t\t\t\t\t<p><!-- wp:paragraph --><\/p>\n<p>Membri UCOR<\/p>\n<p><!-- \/wp:paragraph --><\/p>\n<p><!-- wp:paragraph --><\/p>\n<p><!-- \/wp:paragraph --><\/p>\n<p><!-- wp:table {\"className\":\"is-style-regular\"} --><\/p>\n<table>\n<tbody>\n<tr>\n<td>CO Albania<\/td>\n<td>Omer Susli<\/td>\n<td><a href=\"http:\/\/ucor-ucor.ro\/new\/omer-susli\/\">Detalii<\/a><\/td>\n<\/tr>\n<tr>\n<td>CO Australia<\/td>\n<td>Mihaela Nicola<\/td>\n<td><a href=\"https:\/\/ucor-ucor.ro\/new\/mihaela-nicola\/\">Detalii<\/a><\/td>\n<\/tr>\n<tr>\n<td>CO Austria<\/td>\n<td>Andreas Huber<\/td>\n<td><a href=\"http:\/\/ucor-ucor.ro\/new\/andreas-huber\/\">Detalii<\/a><\/td>\n<\/tr>\n<tr>\n<td>VCO Austria<\/td>\n<td>Cristina Huber<\/td>\n<td><a href=\"https:\/\/ucor-ucor.ro\/new\/cristina-huber\/\">Detalii<\/a><\/td>\n<\/tr>\n<tr>\n<td>CO Austria<\/td>\n<td>Marius Mihail Puiu<\/td>\n<td><a href=\"http:\/\/ucor-ucor.ro\/new\/marius-puiu\/\">Detalii<\/a><\/td>\n<\/tr>\n<tr>\n<td>CO Austria<\/td>\n<td>Georg Bardeau<\/td>\n<td><a href=\"http:\/\/ucor-ucor.ro\/new\/georg-bardeau\/\">Detalii<\/a><\/td>\n<\/tr>\n<tr>\n<td>CO Benin<\/td>\n<td>Serge S. Rameau<\/td>\n<td><a href=\"http:\/\/ucor-ucor.ro\/new\/serge-rameau\/\">Detalii<\/a><\/td>\n<\/tr>\n<tr>\n<td>CO Bosnia Hertegovina<\/td>\n<td>Marius Andrei Marinescu<\/td>\n<td><a href=\"https:\/\/ucor-ucor.ro\/new\/marius-andrei-marinescu\/\">Detalii<\/a><\/td>\n<\/tr>\n<tr>\n<td>CO Cehia<\/td>\n<td>Stefan Mo\u021bec<\/td>\n<td><a href=\"http:\/\/ucor-ucor.ro\/new\/stefan-motec\/\">Detalii<\/a><\/td>\n<\/tr>\n<tr>\n<td>CO Coreea<\/td>\n<td>Dumitru Mihalescul<\/td>\n<td><a href=\"http:\/\/ucor-ucor.ro\/new\/dumitru-mihalescul\/\">Detalii<\/a><\/td>\n<\/tr>\n<tr>\n<td>CO Danemarca<\/td>\n<td>Carmen Rodica Vele<\/td>\n<td><a href=\"http:\/\/ucor-ucor.ro\/new\/carmen-rodica-vele\/\">Detalii<\/a><\/td>\n<\/tr>\n<tr>\n<td>CO Ecuador<\/td>\n<td>Elena Bustea<\/td>\n<td><a href=\"http:\/\/ucor-ucor.ro\/new\/elena-bustea\/\">Detalii<\/a><\/td>\n<\/tr>\n<tr>\n<td>CO Filipine<\/td>\n<td>Simon Andreas Maurer<\/td>\n<td><a href=\"https:\/\/ucor-ucor.ro\/new\/simon-andreas-maurer\/\">Detalii<\/a><\/td>\n<\/tr>\n<tr>\n<td>CO Finlanda<\/td>\n<td>Elena Lotrean<\/td>\n<td><a href=\"http:\/\/ucor-ucor.ro\/new\/elena-lotrean\/\">Detalii<\/a><\/td>\n<\/tr>\n<tr>\n<td>CO Finlanda<\/td>\n<td>Mircea Hotoleanu<\/td>\n<td><a href=\"http:\/\/ucor-ucor.ro\/new\/mircea-hotoleanu\/\">Detalii<\/a><\/td>\n<\/tr>\n<tr>\n<td>CO Franta<\/td>\n<td>Ion Valeriu Ciolacu<\/td>\n<td><a href=\"http:\/\/ucor-ucor.ro\/new\/ion-valeriu-ciolacu\/\">Detalii<\/a><\/td>\n<\/tr>\n<tr>\n<td>CO Indonezia<\/td>\n<td>Emil Sirbu<\/td>\n<td><a href=\"http:\/\/ucor-ucor.ro\/new\/emil-sirbu\/\">Detalii<\/a><\/td>\n<\/tr>\n<tr>\n<td>CO Italia<\/td>\n<td>Dino Tucci<\/td>\n<td><a href=\"http:\/\/ucor-ucor.ro\/new\/dino-tucci\/\">Detalii<\/a><\/td>\n<\/tr>\n<tr>\n<td>CO Italia<\/td>\n<td>Italo Selleri<\/td>\n<td><a href=\"http:\/\/ucor-ucor.ro\/new\/italo-selleri\/\">Detalii<\/a><\/td>\n<\/tr>\n<tr>\n<td>CO Islanda<\/td>\n<td>Georgiana Pogonaru<\/td>\n<td><a href=\"http:\/\/ucor-ucor.ro\/new\/georgiana-pogonaru\/\">Detalii<\/a><\/td>\n<\/tr>\n<tr>\n<td>CO Kazakhstan<\/td>\n<td>Corina Martin<\/td>\n<td><a href=\"http:\/\/ucor-ucor.ro\/new\/co-corina-martin\/\">Detalii<\/a><\/td>\n<\/tr>\n<tr>\n<td>CO Luxemburg<\/td>\n<td>Daniel Joseph Plier<\/td>\n<td><a href=\"http:\/\/ucor-ucor.ro\/new\/daniel-joseph-plier\/\">Detalii<\/a><\/td>\n<\/tr>\n<tr>\n<td>CO Luxemburg<\/td>\n<td>Mihai Ferariu<\/td>\n<td><a href=\"http:\/\/ucor-ucor.ro\/new\/ferariu-mihai\/\">Detalii<\/a><\/td>\n<\/tr>\n<tr>\n<td>CO Macedonia de Nord<\/td>\n<td>Pavel Ernest Dupta<\/td>\n<td><a href=\"http:\/\/ucor-ucor.ro\/new\/pavel-ernest-dupta\/\">Detalii<\/a><\/td>\n<\/tr>\n<tr>\n<td>CO Malta<\/td>\n<td>Eugen Lascu<\/td>\n<td><a href=\"http:\/\/ucor-ucor.ro\/new\/eugen-lascu\/\">Detalii<\/a><\/td>\n<\/tr>\n<tr>\n<td>CO Malta<\/td>\n<td>Jonathan Scifo Diamantino<\/td>\n<td><a href=\"http:\/\/ucor-ucor.ro\/new\/jonathan-scifo-diamantino\/\">Detalii<\/a><\/td>\n<\/tr>\n<tr>\n<td>CO Mexic<\/td>\n<td>Dorin Zagrean<\/td>\n<td><a href=\"http:\/\/ucor-ucor.ro\/new\/dorin-zagrean\/\">Detalii<\/a><\/td>\n<\/tr>\n<tr>\n<td>CO Moldova<\/td>\n<td>Florentin-Nicolae Tus<\/td>\n<td><a href=\"https:\/\/ucor-ucor.ro\/new\/florentin-nicolae-tus\/\">Detalii<\/a><\/td>\n<\/tr>\n<tr>\n<td>CO Norvegia<\/td>\n<td>Laurentiu Adrian Lazar<\/td>\n<td><a href=\"http:\/\/ucor-ucor.ro\/new\/laurentiu-adrian-lazar\/\">Detalii<\/a><\/td>\n<\/tr>\n<tr>\n<td>CO Peru<\/td>\n<td>Rufino Delgado Montenegro<\/td>\n<td><a href=\"http:\/\/ucor-ucor.ro\/new\/rufino-delgado-montenegro\/\">Detalii<\/a><\/td>\n<\/tr>\n<tr>\n<td>CO Slovacia<\/td>\n<td>Miroslav Iabloncsik<\/td>\n<td><a href=\"http:\/\/ucor-ucor.ro\/new\/miroslav-iabloncsik\/\">Detalii<\/a><\/td>\n<\/tr>\n<tr>\n<td>CO Slovenia<\/td>\n<td>Lucia Nora Morariu<\/td>\n<td><a href=\"http:\/\/ucor-ucor.ro\/new\/lucia-nora-morariu\/\">Detalii<\/a><\/td>\n<\/tr>\n<tr>\n<td>CO Turcia<\/td>\n<td>Adrian Butuca<\/td>\n<td><a href=\"http:\/\/ucor-ucor.ro\/new\/adrian-butuca\/\">Detalii<\/a><\/td>\n<\/tr>\n<tr>\n<td>CO Ungaria<\/td>\n<td>Istvan Jakab- Ughy<\/td>\n<td><a href=\"http:\/\/ucor-ucor.ro\/new\/istvan-jakab-ughy\/\">Detalii<\/a><\/td>\n<\/tr>\n<tr>\n<td>CO Ungaria<\/td>\n<td>Molnar Endre<\/td>\n<td><a href=\"http:\/\/ucor-ucor.ro\/new\/molnar-endre\/\">Detalii<\/a><\/td>\n<\/tr>\n<tr>\n<td>CO Ungaria<\/td>\n<td>P\u00e9ter L\u00e1szl\u00f3 Tam\u00e1s<\/td>\n<td><a href=\"http:\/\/ucor-ucor.ro\/new\/peter-laszlo-tamas\/\">Detalii<\/a><\/td>\n<\/tr>\n<tr>\n<td>consilierul consulului Romaniei in Austria, Dl. Ing. Gaston Glock<\/td>\n<td>Popescu Petre Agripa<\/td>\n<td><a href=\"http:\/\/ucor-ucor.ro\/new\/popescu-petre-agripa\/\">Detalii<\/a><\/td>\n<\/tr>\n<\/tbody>\n<\/table>\n<p>&nbsp;<\/p>\n<p>In memoriam<\/p>\n<table>\n<tbody>\n<tr>\n<td>CO Letonia<\/td>\n<td>CO Ioan Donca<\/td>\n<td><a href=\"http:\/\/ucor-ucor.ro\/new\/ioan-donca\/\">Detalii<\/a><\/td>\n<\/tr>\n<\/tbody>\n<\/table>\t\t\t\t\t\t<\/div>\n\t\t\t\t<\/div>\n\t\t\t\t\t<\/div>\n\t\t<\/div>\n\t\t\t\t\t<\/div>\n\t\t<\/section>\n\t\t\t\t<\/div>\n\t\t","protected":false},"excerpt":{"rendered":"<p>Membri UCOR CO Albania Omer Susli Detalii CO Australia Mihaela Nicola Detalii CO Austria Andreas Huber Detalii VCO Austria Cristina Huber Detalii CO Austria Marius Mihail Puiu Detalii CO Austria Georg Bardeau Detalii CO Benin Serge S. Rameau Detalii CO Bosnia Hertegovina Marius Andrei Marinescu Detalii CO Cehia Stefan Mo\u021bec Detalii CO Coreea Dumitru Mihalescul [&hellip;]<\/p>\n","protected":false},"author":1,"featured_media":0,"parent":0,"menu_order":0,"comment_status":"closed","ping_status":"closed","template":"templates\/template-full-width.php","meta":{"footnotes":""},"yoast_head":"<!-- This site is optimized with the Yoast SEO plugin v22.5 - https:\/\/yoast.com\/wordpress\/plugins\/seo\/ -->\n<title>MEMBRI - UCOR<\/title>\n<meta name=\"robots\" content=\"index, follow, max-snippet:-1, max-image-preview:large, max-video-preview:-1\" \/>\n<link rel=\"canonical\" href=\"https:\/\/ucor-ucor.ro\/new\/membri\/\" \/>\n<meta property=\"og:locale\" content=\"en_US\" \/>\n<meta property=\"og:type\" content=\"article\" \/>\n<meta property=\"og:title\" content=\"MEMBRI - UCOR\" \/>\n<meta property=\"og:description\" content=\"Membri UCOR CO Albania Omer Susli Detalii CO Australia Mihaela Nicola Detalii CO Austria Andreas Huber Detalii VCO Austria Cristina Huber Detalii CO Austria Marius Mihail Puiu Detalii CO Austria Georg Bardeau Detalii CO Benin Serge S. Rameau Detalii CO Bosnia Hertegovina Marius Andrei Marinescu Detalii CO Cehia Stefan Mo\u021bec Detalii CO Coreea Dumitru Mihalescul [&hellip;]\" \/>\n<meta property=\"og:url\" content=\"https:\/\/ucor-ucor.ro\/new\/membri\/\" \/>\n<meta property=\"og:site_name\" content=\"UCOR\" \/>\n<meta property=\"article:modified_time\" content=\"2026-03-18T05:29:35+00:00\" \/>\n<meta name=\"twitter:card\" content=\"summary_large_image\" \/>\n<meta name=\"twitter:label1\" content=\"Est. reading time\" \/>\n\t<meta name=\"twitter:data1\" content=\"1 minute\" \/>\n<script type=\"application\/ld+json\" class=\"yoast-schema-graph\">{\"@context\":\"https:\/\/schema.org\",\"@graph\":[{\"@type\":\"WebPage\",\"@id\":\"https:\/\/ucor-ucor.ro\/new\/membri\/\",\"url\":\"https:\/\/ucor-ucor.ro\/new\/membri\/\",\"name\":\"MEMBRI - UCOR\",\"isPartOf\":{\"@id\":\"https:\/\/ucor-ucor.ro\/new\/#website\"},\"datePublished\":\"2020-06-29T06:33:27+00:00\",\"dateModified\":\"2026-03-18T05:29:35+00:00\",\"breadcrumb\":{\"@id\":\"https:\/\/ucor-ucor.ro\/new\/membri\/#breadcrumb\"},\"inLanguage\":\"en-US\",\"potentialAction\":[{\"@type\":\"ReadAction\",\"target\":[\"https:\/\/ucor-ucor.ro\/new\/membri\/\"]}]},{\"@type\":\"BreadcrumbList\",\"@id\":\"https:\/\/ucor-ucor.ro\/new\/membri\/#breadcrumb\",\"itemListElement\":[{\"@type\":\"ListItem\",\"position\":1,\"name\":\"Home\",\"item\":\"https:\/\/ucor-ucor.ro\/new\/\"},{\"@type\":\"ListItem\",\"position\":2,\"name\":\"MEMBRI\"}]},{\"@type\":\"WebSite\",\"@id\":\"https:\/\/ucor-ucor.ro\/new\/#website\",\"url\":\"https:\/\/ucor-ucor.ro\/new\/\",\"name\":\"UCOR\",\"description\":\"\",\"publisher\":{\"@id\":\"https:\/\/ucor-ucor.ro\/new\/#organization\"},\"potentialAction\":[{\"@type\":\"SearchAction\",\"target\":{\"@type\":\"EntryPoint\",\"urlTemplate\":\"https:\/\/ucor-ucor.ro\/new\/?s={search_term_string}\"},\"query-input\":\"required name=search_term_string\"}],\"inLanguage\":\"en-US\"},{\"@type\":\"Organization\",\"@id\":\"https:\/\/ucor-ucor.ro\/new\/#organization\",\"name\":\"UCOR\",\"url\":\"https:\/\/ucor-ucor.ro\/new\/\",\"logo\":{\"@type\":\"ImageObject\",\"inLanguage\":\"en-US\",\"@id\":\"https:\/\/ucor-ucor.ro\/new\/#\/schema\/logo\/image\/\",\"url\":\"https:\/\/ucor-ucor.ro\/new\/wp-content\/uploads\/2020\/06\/cropped-UCOR.png\",\"contentUrl\":\"https:\/\/ucor-ucor.ro\/new\/wp-content\/uploads\/2020\/06\/cropped-UCOR.png\",\"width\":395,\"height\":128,\"caption\":\"UCOR\"},\"image\":{\"@id\":\"https:\/\/ucor-ucor.ro\/new\/#\/schema\/logo\/image\/\"}}]}<\/script>\n<!-- \/ Yoast SEO plugin. -->","yoast_head_json":{"title":"MEMBRI - UCOR","robots":{"index":"index","follow":"follow","max-snippet":"max-snippet:-1","max-image-preview":"max-image-preview:large","max-video-preview":"max-video-preview:-1"},"canonical":"https:\/\/ucor-ucor.ro\/new\/membri\/","og_locale":"en_US","og_type":"article","og_title":"MEMBRI - UCOR","og_description":"Membri UCOR CO Albania Omer Susli Detalii CO Australia Mihaela Nicola Detalii CO Austria Andreas Huber Detalii VCO Austria Cristina Huber Detalii CO Austria Marius Mihail Puiu Detalii CO Austria Georg Bardeau Detalii CO Benin Serge S. Rameau Detalii CO Bosnia Hertegovina Marius Andrei Marinescu Detalii CO Cehia Stefan Mo\u021bec Detalii CO Coreea Dumitru Mihalescul [&hellip;]","og_url":"https:\/\/ucor-ucor.ro\/new\/membri\/","og_site_name":"UCOR","article_modified_time":"2026-03-18T05:29:35+00:00","twitter_card":"summary_large_image","twitter_misc":{"Est. reading time":"1 minute"},"schema":{"@context":"https:\/\/schema.org","@graph":[{"@type":"WebPage","@id":"https:\/\/ucor-ucor.ro\/new\/membri\/","url":"https:\/\/ucor-ucor.ro\/new\/membri\/","name":"MEMBRI - UCOR","isPartOf":{"@id":"https:\/\/ucor-ucor.ro\/new\/#website"},"datePublished":"2020-06-29T06:33:27+00:00","dateModified":"2026-03-18T05:29:35+00:00","breadcrumb":{"@id":"https:\/\/ucor-ucor.ro\/new\/membri\/#breadcrumb"},"inLanguage":"en-US","potentialAction":[{"@type":"ReadAction","target":["https:\/\/ucor-ucor.ro\/new\/membri\/"]}]},{"@type":"BreadcrumbList","@id":"https:\/\/ucor-ucor.ro\/new\/membri\/#breadcrumb","itemListElement":[{"@type":"ListItem","position":1,"name":"Home","item":"https:\/\/ucor-ucor.ro\/new\/"},{"@type":"ListItem","position":2,"name":"MEMBRI"}]},{"@type":"WebSite","@id":"https:\/\/ucor-ucor.ro\/new\/#website","url":"https:\/\/ucor-ucor.ro\/new\/","name":"UCOR","description":"","publisher":{"@id":"https:\/\/ucor-ucor.ro\/new\/#organization"},"potentialAction":[{"@type":"SearchAction","target":{"@type":"EntryPoint","urlTemplate":"https:\/\/ucor-ucor.ro\/new\/?s={search_term_string}"},"query-input":"required name=search_term_string"}],"inLanguage":"en-US"},{"@type":"Organization","@id":"https:\/\/ucor-ucor.ro\/new\/#organization","name":"UCOR","url":"https:\/\/ucor-ucor.ro\/new\/","logo":{"@type":"ImageObject","inLanguage":"en-US","@id":"https:\/\/ucor-ucor.ro\/new\/#\/schema\/logo\/image\/","url":"https:\/\/ucor-ucor.ro\/new\/wp-content\/uploads\/2020\/06\/cropped-UCOR.png","contentUrl":"https:\/\/ucor-ucor.ro\/new\/wp-content\/uploads\/2020\/06\/cropped-UCOR.png","width":395,"height":128,"caption":"UCOR"},"image":{"@id":"https:\/\/ucor-ucor.ro\/new\/#\/schema\/logo\/image\/"}}]}},"_links":{"self":[{"href":"https:\/\/ucor-ucor.ro\/new\/wp-json\/wp\/v2\/pages\/11"}],"collection":[{"href":"https:\/\/ucor-ucor.ro\/new\/wp-json\/wp\/v2\/pages"}],"about":[{"href":"https:\/\/ucor-ucor.ro\/new\/wp-json\/wp\/v2\/types\/page"}],"author":[{"embeddable":true,"href":"https:\/\/ucor-ucor.ro\/new\/wp-json\/wp\/v2\/users\/1"}],"replies":[{"embeddable":true,"href":"https:\/\/ucor-ucor.ro\/new\/wp-json\/wp\/v2\/comments?post=11"}],"version-history":[{"count":166,"href":"https:\/\/ucor-ucor.ro\/new\/wp-json\/wp\/v2\/pages\/11\/revisions"}],"predecessor-version":[{"id":1545,"href":"https:\/\/ucor-ucor.ro\/new\/wp-json\/wp\/v2\/pages\/11\/revisions\/1545"}],"wp:attachment":[{"href":"https:\/\/ucor-ucor.ro\/new\/wp-json\/wp\/v2\/media?parent=11"}],"curies":[{"name":"wp","href":"https:\/\/api.w.org\/{rel}","templated":true}]}}