{"id":98,"date":"2020-09-09T06:01:40","date_gmt":"2020-09-09T06:01:40","guid":{"rendered":"http:\/\/ucor-ucor.ro\/new\/?page_id=98"},"modified":"2024-04-22T14:31:31","modified_gmt":"2024-04-22T14:31:31","slug":"stefan-motec","status":"publish","type":"page","link":"http:\/\/ucor-ucor.ro\/new\/stefan-motec\/","title":{"rendered":"Stefan Motec"},"content":{"rendered":"\n<h4 class=\"wp-block-heading has-text-align-center\"><strong>Consul Onorific al Republicii Cehe<br><\/strong><\/h4>\n\n\n\n<figure class=\"wp-block-table is-style-regular\"><table class=\"has-fixed-layout\"><tbody><tr><td class=\"has-text-align-center\" data-align=\"center\">&nbsp;<img fetchpriority=\"high\" decoding=\"async\" src=\"https:\/\/ucor-ucor.ro\/wp-content\/uploads\/2017\/03\/motec-200x300.jpg\" alt=\"\" srcset=\"https:\/\/ucor-ucor.ro\/wp-content\/uploads\/2017\/03\/motec-200x300.jpg 200w, https:\/\/ucor-ucor.ro\/wp-content\/uploads\/2017\/03\/motec-768x1151.jpg 768w, https:\/\/ucor-ucor.ro\/wp-content\/uploads\/2017\/03\/motec-683x1024.jpg 683w\" width=\"200\" height=\"300\"><\/td><td><\/td><td class=\"has-text-align-center\" data-align=\"center\"><img decoding=\"async\" src=\"https:\/\/ucor-ucor.ro\/wp-content\/uploads\/2016\/11\/cehia-1-300x200.png\" alt=\"\" srcset=\"https:\/\/ucor-ucor.ro\/wp-content\/uploads\/2016\/11\/cehia-1-300x200.png 300w, https:\/\/ucor-ucor.ro\/wp-content\/uploads\/2016\/11\/cehia-1.png 550w\" width=\"300\" height=\"200\"><\/td><\/tr><\/tbody><\/table><\/figure>\n\n\n\n<figure class=\"wp-block-table is-style-regular\"><table><tbody><tr><td><strong>Despre:<\/strong><\/td><\/tr><\/tbody><\/table><\/figure>\n\n\n\n<figure class=\"wp-block-table is-style-regular\"><table><tbody><tr><td><strong>Contact:<\/strong><\/td><\/tr><\/tbody><\/table><\/figure>\n\n\n\n<p><strong>Consulatul onorific al Republicii Cehe la Timisoara<\/strong><br>Sediu central: Pia\u021ba Victoriei, nr.4, apt.13, 300006, Timi\u0219oara, jude\u021bul Timi\u0219<br>Tel: +40 356 179.038<br>Fax:&nbsp;+40 356 179.039<br>E-mail: stefan.motec@avocatmotec.ro | timisoara@honorary.mzv.cz<\/p>\n\n\n\n<figure class=\"wp-block-table is-style-regular\"><table><tbody><tr><td><strong>Site-uri conexe activitatii profesionale :<\/strong><\/td><\/tr><\/tbody><\/table><\/figure>\n\n\n\n<p><a href=\"http:\/\/www.avocatmotec.ro\">www.avocatmotec.ro<\/a> (activitatea profesional\u0103 principal\u0103 \u2013 avocatur\u0103 )<br><a href=\"http:\/\/www.isolex.ro\">www.isolex.ro<\/a> (activitate comercial\u0103 principal\u0103 \u2013 software avocatur\u0103)<\/p>\n","protected":false},"excerpt":{"rendered":"<p>Consul Onorific al Republicii Cehe &nbsp; Despre: Contact: Consulatul onorific al Republicii Cehe la TimisoaraSediu central: Pia\u021ba Victoriei, nr.4, apt.13, 300006, Timi\u0219oara, jude\u021bul Timi\u0219Tel: +40 356 179.038Fax:&nbsp;+40 356 179.039E-mail: stefan.motec@avocatmotec.ro | timisoara@honorary.mzv.cz Site-uri conexe activitatii profesionale : www.avocatmotec.ro (activitatea profesional\u0103 principal\u0103 \u2013 avocatur\u0103 )www.isolex.ro (activitate comercial\u0103 principal\u0103 \u2013 software avocatur\u0103)<\/p>\n","protected":false},"author":1,"featured_media":0,"parent":0,"menu_order":0,"comment_status":"closed","ping_status":"closed","template":"templates\/template-full-width.php","meta":{"footnotes":""},"yoast_head":"<!-- This site is optimized with the Yoast SEO plugin v22.5 - https:\/\/yoast.com\/wordpress\/plugins\/seo\/ -->\n<title>Stefan Motec - UCOR<\/title>\n<meta name=\"robots\" content=\"index, follow, max-snippet:-1, max-image-preview:large, max-video-preview:-1\" \/>\n<link rel=\"canonical\" href=\"http:\/\/ucor-ucor.ro\/new\/stefan-motec\/\" \/>\n<meta property=\"og:locale\" content=\"en_US\" \/>\n<meta property=\"og:type\" content=\"article\" \/>\n<meta property=\"og:title\" content=\"Stefan Motec - UCOR\" \/>\n<meta property=\"og:description\" content=\"Consul Onorific al Republicii Cehe &nbsp; Despre: Contact: Consulatul onorific al Republicii Cehe la TimisoaraSediu central: Pia\u021ba Victoriei, nr.4, apt.13, 300006, Timi\u0219oara, jude\u021bul Timi\u0219Tel: +40 356 179.038Fax:&nbsp;+40 356 179.039E-mail: stefan.motec@avocatmotec.ro | timisoara@honorary.mzv.cz Site-uri conexe activitatii profesionale : www.avocatmotec.ro (activitatea profesional\u0103 principal\u0103 \u2013 avocatur\u0103 )www.isolex.ro (activitate comercial\u0103 principal\u0103 \u2013 software avocatur\u0103)\" \/>\n<meta property=\"og:url\" content=\"http:\/\/ucor-ucor.ro\/new\/stefan-motec\/\" \/>\n<meta property=\"og:site_name\" content=\"UCOR\" \/>\n<meta property=\"article:modified_time\" content=\"2024-04-22T14:31:31+00:00\" \/>\n<meta property=\"og:image\" content=\"https:\/\/ucor-ucor.ro\/wp-content\/uploads\/2017\/03\/motec-200x300.jpg\" \/>\n<meta name=\"twitter:card\" content=\"summary_large_image\" \/>\n<meta name=\"twitter:label1\" content=\"Est. reading time\" \/>\n\t<meta name=\"twitter:data1\" content=\"1 minute\" \/>\n<script type=\"application\/ld+json\" class=\"yoast-schema-graph\">{\"@context\":\"https:\/\/schema.org\",\"@graph\":[{\"@type\":\"WebPage\",\"@id\":\"http:\/\/ucor-ucor.ro\/new\/stefan-motec\/\",\"url\":\"http:\/\/ucor-ucor.ro\/new\/stefan-motec\/\",\"name\":\"Stefan Motec - UCOR\",\"isPartOf\":{\"@id\":\"https:\/\/ucor-ucor.ro\/new\/#website\"},\"primaryImageOfPage\":{\"@id\":\"http:\/\/ucor-ucor.ro\/new\/stefan-motec\/#primaryimage\"},\"image\":{\"@id\":\"http:\/\/ucor-ucor.ro\/new\/stefan-motec\/#primaryimage\"},\"thumbnailUrl\":\"https:\/\/ucor-ucor.ro\/wp-content\/uploads\/2017\/03\/motec-200x300.jpg\",\"datePublished\":\"2020-09-09T06:01:40+00:00\",\"dateModified\":\"2024-04-22T14:31:31+00:00\",\"breadcrumb\":{\"@id\":\"http:\/\/ucor-ucor.ro\/new\/stefan-motec\/#breadcrumb\"},\"inLanguage\":\"en-US\",\"potentialAction\":[{\"@type\":\"ReadAction\",\"target\":[\"http:\/\/ucor-ucor.ro\/new\/stefan-motec\/\"]}]},{\"@type\":\"ImageObject\",\"inLanguage\":\"en-US\",\"@id\":\"http:\/\/ucor-ucor.ro\/new\/stefan-motec\/#primaryimage\",\"url\":\"https:\/\/ucor-ucor.ro\/wp-content\/uploads\/2017\/03\/motec-200x300.jpg\",\"contentUrl\":\"https:\/\/ucor-ucor.ro\/wp-content\/uploads\/2017\/03\/motec-200x300.jpg\"},{\"@type\":\"BreadcrumbList\",\"@id\":\"http:\/\/ucor-ucor.ro\/new\/stefan-motec\/#breadcrumb\",\"itemListElement\":[{\"@type\":\"ListItem\",\"position\":1,\"name\":\"Home\",\"item\":\"https:\/\/ucor-ucor.ro\/new\/\"},{\"@type\":\"ListItem\",\"position\":2,\"name\":\"Stefan Motec\"}]},{\"@type\":\"WebSite\",\"@id\":\"https:\/\/ucor-ucor.ro\/new\/#website\",\"url\":\"https:\/\/ucor-ucor.ro\/new\/\",\"name\":\"UCOR\",\"description\":\"\",\"publisher\":{\"@id\":\"https:\/\/ucor-ucor.ro\/new\/#organization\"},\"potentialAction\":[{\"@type\":\"SearchAction\",\"target\":{\"@type\":\"EntryPoint\",\"urlTemplate\":\"https:\/\/ucor-ucor.ro\/new\/?s={search_term_string}\"},\"query-input\":\"required name=search_term_string\"}],\"inLanguage\":\"en-US\"},{\"@type\":\"Organization\",\"@id\":\"https:\/\/ucor-ucor.ro\/new\/#organization\",\"name\":\"UCOR\",\"url\":\"https:\/\/ucor-ucor.ro\/new\/\",\"logo\":{\"@type\":\"ImageObject\",\"inLanguage\":\"en-US\",\"@id\":\"https:\/\/ucor-ucor.ro\/new\/#\/schema\/logo\/image\/\",\"url\":\"http:\/\/ucor-ucor.ro\/new\/wp-content\/uploads\/2020\/06\/cropped-UCOR.png\",\"contentUrl\":\"http:\/\/ucor-ucor.ro\/new\/wp-content\/uploads\/2020\/06\/cropped-UCOR.png\",\"width\":395,\"height\":128,\"caption\":\"UCOR\"},\"image\":{\"@id\":\"https:\/\/ucor-ucor.ro\/new\/#\/schema\/logo\/image\/\"}}]}<\/script>\n<!-- \/ Yoast SEO plugin. -->","yoast_head_json":{"title":"Stefan Motec - UCOR","robots":{"index":"index","follow":"follow","max-snippet":"max-snippet:-1","max-image-preview":"max-image-preview:large","max-video-preview":"max-video-preview:-1"},"canonical":"http:\/\/ucor-ucor.ro\/new\/stefan-motec\/","og_locale":"en_US","og_type":"article","og_title":"Stefan Motec - UCOR","og_description":"Consul Onorific al Republicii Cehe &nbsp; Despre: Contact: Consulatul onorific al Republicii Cehe la TimisoaraSediu central: Pia\u021ba Victoriei, nr.4, apt.13, 300006, Timi\u0219oara, jude\u021bul Timi\u0219Tel: +40 356 179.038Fax:&nbsp;+40 356 179.039E-mail: stefan.motec@avocatmotec.ro | timisoara@honorary.mzv.cz Site-uri conexe activitatii profesionale : www.avocatmotec.ro (activitatea profesional\u0103 principal\u0103 \u2013 avocatur\u0103 )www.isolex.ro (activitate comercial\u0103 principal\u0103 \u2013 software avocatur\u0103)","og_url":"http:\/\/ucor-ucor.ro\/new\/stefan-motec\/","og_site_name":"UCOR","article_modified_time":"2024-04-22T14:31:31+00:00","og_image":[{"url":"https:\/\/ucor-ucor.ro\/wp-content\/uploads\/2017\/03\/motec-200x300.jpg"}],"twitter_card":"summary_large_image","twitter_misc":{"Est. reading time":"1 minute"},"schema":{"@context":"https:\/\/schema.org","@graph":[{"@type":"WebPage","@id":"http:\/\/ucor-ucor.ro\/new\/stefan-motec\/","url":"http:\/\/ucor-ucor.ro\/new\/stefan-motec\/","name":"Stefan Motec - UCOR","isPartOf":{"@id":"https:\/\/ucor-ucor.ro\/new\/#website"},"primaryImageOfPage":{"@id":"http:\/\/ucor-ucor.ro\/new\/stefan-motec\/#primaryimage"},"image":{"@id":"http:\/\/ucor-ucor.ro\/new\/stefan-motec\/#primaryimage"},"thumbnailUrl":"https:\/\/ucor-ucor.ro\/wp-content\/uploads\/2017\/03\/motec-200x300.jpg","datePublished":"2020-09-09T06:01:40+00:00","dateModified":"2024-04-22T14:31:31+00:00","breadcrumb":{"@id":"http:\/\/ucor-ucor.ro\/new\/stefan-motec\/#breadcrumb"},"inLanguage":"en-US","potentialAction":[{"@type":"ReadAction","target":["http:\/\/ucor-ucor.ro\/new\/stefan-motec\/"]}]},{"@type":"ImageObject","inLanguage":"en-US","@id":"http:\/\/ucor-ucor.ro\/new\/stefan-motec\/#primaryimage","url":"https:\/\/ucor-ucor.ro\/wp-content\/uploads\/2017\/03\/motec-200x300.jpg","contentUrl":"https:\/\/ucor-ucor.ro\/wp-content\/uploads\/2017\/03\/motec-200x300.jpg"},{"@type":"BreadcrumbList","@id":"http:\/\/ucor-ucor.ro\/new\/stefan-motec\/#breadcrumb","itemListElement":[{"@type":"ListItem","position":1,"name":"Home","item":"https:\/\/ucor-ucor.ro\/new\/"},{"@type":"ListItem","position":2,"name":"Stefan Motec"}]},{"@type":"WebSite","@id":"https:\/\/ucor-ucor.ro\/new\/#website","url":"https:\/\/ucor-ucor.ro\/new\/","name":"UCOR","description":"","publisher":{"@id":"https:\/\/ucor-ucor.ro\/new\/#organization"},"potentialAction":[{"@type":"SearchAction","target":{"@type":"EntryPoint","urlTemplate":"https:\/\/ucor-ucor.ro\/new\/?s={search_term_string}"},"query-input":"required name=search_term_string"}],"inLanguage":"en-US"},{"@type":"Organization","@id":"https:\/\/ucor-ucor.ro\/new\/#organization","name":"UCOR","url":"https:\/\/ucor-ucor.ro\/new\/","logo":{"@type":"ImageObject","inLanguage":"en-US","@id":"https:\/\/ucor-ucor.ro\/new\/#\/schema\/logo\/image\/","url":"http:\/\/ucor-ucor.ro\/new\/wp-content\/uploads\/2020\/06\/cropped-UCOR.png","contentUrl":"http:\/\/ucor-ucor.ro\/new\/wp-content\/uploads\/2020\/06\/cropped-UCOR.png","width":395,"height":128,"caption":"UCOR"},"image":{"@id":"https:\/\/ucor-ucor.ro\/new\/#\/schema\/logo\/image\/"}}]}},"_links":{"self":[{"href":"http:\/\/ucor-ucor.ro\/new\/wp-json\/wp\/v2\/pages\/98"}],"collection":[{"href":"http:\/\/ucor-ucor.ro\/new\/wp-json\/wp\/v2\/pages"}],"about":[{"href":"http:\/\/ucor-ucor.ro\/new\/wp-json\/wp\/v2\/types\/page"}],"author":[{"embeddable":true,"href":"http:\/\/ucor-ucor.ro\/new\/wp-json\/wp\/v2\/users\/1"}],"replies":[{"embeddable":true,"href":"http:\/\/ucor-ucor.ro\/new\/wp-json\/wp\/v2\/comments?post=98"}],"version-history":[{"count":6,"href":"http:\/\/ucor-ucor.ro\/new\/wp-json\/wp\/v2\/pages\/98\/revisions"}],"predecessor-version":[{"id":1279,"href":"http:\/\/ucor-ucor.ro\/new\/wp-json\/wp\/v2\/pages\/98\/revisions\/1279"}],"wp:attachment":[{"href":"http:\/\/ucor-ucor.ro\/new\/wp-json\/wp\/v2\/media?parent=98"}],"curies":[{"name":"wp","href":"https:\/\/api.w.org\/{rel}","templated":true}]}}