{"id":961,"date":"2023-05-08T04:50:57","date_gmt":"2023-05-08T04:50:57","guid":{"rendered":"http:\/\/ucor-ucor.ro\/new\/?page_id=961"},"modified":"2023-05-08T04:57:57","modified_gmt":"2023-05-08T04:57:57","slug":"conducerea-uniunii-consulilor-onorifici-din-romania-ucor-a-fost-primita-intr-o-vizita-protocolara-de-catre-secretarul-general-al-mae-dna-amb-mihaela-camarasan-la-ministerul-afacerilor-externe-al-r","status":"publish","type":"page","link":"http:\/\/ucor-ucor.ro\/new\/conducerea-uniunii-consulilor-onorifici-din-romania-ucor-a-fost-primita-intr-o-vizita-protocolara-de-catre-secretarul-general-al-mae-dna-amb-mihaela-camarasan-la-ministerul-afacerilor-externe-al-r\/","title":{"rendered":"Conducerea Uniunii Consulilor Onorifici din Rom\u00e2nia (UCOR) a fost primit\u0103 \u00eentr-o vizit\u0103 protocolar\u0103 de c\u0103tre Secretarul General al MAE Dna Amb. Mihaela C\u0103m\u0103r\u0103\u0219an, la Ministerul Afacerilor Externe al Rom\u00e2niei"},"content":{"rendered":"\n<p>Reprezentan\u021bii Consiliului Director al UCOR au fost primi\u0163i mar\u0163i, 11 aprilie 2023, de c\u0103tre Secretarul General al Ministerului Afacerilor Externe Dna Amb. Mihaela C\u0103m\u0103r\u0103\u0219an.<\/p>\n\n\n\n<p><br>Din partea Ministerului Afacerilor Externe au mai participat la aceast\u0103 \u00eentrevedere si Dna Sandra G\u0103tejeanu \u2013Directorul Departamentului Protocol si Dna Ecaterina Constantinescu- Directorul Direc\u021biei Rela\u021bii Consulare.<\/p>\n\n\n\n<p><br>Din partea UCOR au participat: Pre\u0219edintele UCOR &#8211; Andreas Huber, Vicepre\u0219edinte UCOR \u2013 Amb. Ioan Donca, Vicepre\u0219edinte UCOR &#8211; Georgiana Pogonaru, Secretar General UCOR &#8211; av. dr. Elena Bustea \u0219i Endre Molnar &#8211; Membru \u00een Consiliul Director.<\/p>\n\n\n\n<p><br>\u00cen cadrul \u00eent\u00e2lnirii, Secretarul General MAE Mihaela C\u0103m\u0103r\u0103\u0219an a exprimat apreciere pentru rolul consulilor onorifici acredita\u021bi \u00een Rom\u00e2nia \u00een dezvoltarea rela\u021biilor bilaterale dintre Rom\u00e2nia \u0219i \u021b\u0103rile pe care ace\u0219tia le reprezint\u0103, cu prec\u0103dere \u00een domeniul diploma\u021biei economice \u0219i al contactelor inter-umane.<\/p>\n\n\n\n<p><br>De asemenea, Secretarul General MAE a reiterat deschiderea MAE pentru consolidarea dialogului \u0219i colabor\u0103rii dintre MAE \u0219i UCOR, cu obiectivul de a sprijini \u0219i facilita activitatea desf\u0103\u0219urat\u0103 de consulii onorifici \u00een Rom\u00e2nia. \u00cen acest context, a \u00eencurajat o participare activ\u0103 a consulilor onorifici la evenimentele de diploma\u021bie public\u0103 pe care MAE le organizeaz\u0103, \u00een scopul multiplic\u0103rii oportunit\u0103\u021bilor de interac\u021biune ale corpului diplomatic \u0219i consular al Rom\u00e2niei cu reprezentan\u021bii consulari onorifici acredita\u021bi \u00een Rom\u00e2nia.<\/p>\n\n\n\n<p><br>La r\u00e2ndul s\u0103u, Pre\u0219edintele Andreas Huber, \u00eempreun\u0103 cu reprezentan\u021bii conducerii UCOR prezen\u021bi la \u00eentrevedere, a mul\u021bumit pentru sprijinul constant de care UCOR beneficiaz\u0103 din partea conducerii MAE. A asigurat, totodat\u0103, c\u0103 UCOR depune toate eforturile pentru aprofundarea \u0219i extinderea rela\u021biilor dintre Rom\u00e2nia \u0219i \u021b\u0103rile reprezentate.<\/p>\n\n\n\n<p><br>\u00cen cadrul discu\u021biilor, au fost abordate subiecte de interes pentru consulii onorifici, fiind totodat\u0103 \u00eenaintat\u0103 spre analiz\u0103 o propunere de text actualizat al Protocolului de colaborare incheiat in anul 2019 intre MAE si UCOR, \u00een contextul multiplelor schimb\u0103ri survenite \u00een mediul diplomatic, geo-politic economic, cultural si social.<\/p>\n\n\n\n<p><br>Reuniunea s-a incheiat cu exprimarea convingerii, din partea tuturor participantilor, ca aceasta \u00eentrevedere si-a atins scopul si obiectivul principal, acela de a intari, consolida \u015fi men\u021bine relatiile stranse \u00eentre Uniunea Consulilor Onorifici din Romania si Ministerul Afacerilor Externe din Romania.<\/p>\n\n\n\n<div class=\"wp-block-image\"><figure class=\"aligncenter size-large\"><img fetchpriority=\"high\" decoding=\"async\" width=\"685\" height=\"557\" src=\"http:\/\/ucor-ucor.ro\/new\/wp-content\/uploads\/2023\/05\/mae1.jpg\" alt=\"\" class=\"wp-image-969\" srcset=\"http:\/\/ucor-ucor.ro\/new\/wp-content\/uploads\/2023\/05\/mae1.jpg 685w, http:\/\/ucor-ucor.ro\/new\/wp-content\/uploads\/2023\/05\/mae1-300x244.jpg 300w\" sizes=\"(max-width: 685px) 100vw, 685px\" \/><figcaption>Photo credit @UCOR<br>In foto, de la stanga la dreapta:<br>Dna Georgiana Pogonaru- Vicepresedinte UCOR, Consul Onorific al Islandei la Bucuresti; Dl Amb. Ioan Donca- Prim-vicepresedinte UCOR, Consul Onorific al Letoniei la Bucuresti, Dl Andreas Huber- Presedinte UCOR, Consul Onorific al Austriei la Sibiu, Dna Mihaela C\u0103m\u0103r\u0103\u0219an \u2013 Secretar General al Ministerului Afacerilor Externe al Rom\u00e2niei, Dl Endre Molnar \u2013 membru in Consiliul Director UCOR, Consul Onorific al Ungariei la Drobeta Tr. Severin, Dna Ecaterina Constantinescu- Directorul Direc\u021biei Rela\u021bii Consulare din cadrul MAE si Dna Av. Dr. Elena Bustea -Secretar General al UCOR, Consul Onorific al Ecuadorului la Bucuresti.<\/figcaption><\/figure><\/div>\n\n\n\n<div class=\"wp-block-image\"><figure class=\"aligncenter size-large\"><img decoding=\"async\" width=\"730\" height=\"513\" src=\"http:\/\/ucor-ucor.ro\/new\/wp-content\/uploads\/2023\/05\/mae3.jpg\" alt=\"\" class=\"wp-image-967\" srcset=\"http:\/\/ucor-ucor.ro\/new\/wp-content\/uploads\/2023\/05\/mae3.jpg 730w, http:\/\/ucor-ucor.ro\/new\/wp-content\/uploads\/2023\/05\/mae3-300x211.jpg 300w\" sizes=\"(max-width: 730px) 100vw, 730px\" \/><\/figure><\/div>\n\n\n\n<div class=\"wp-block-image\"><figure class=\"aligncenter size-large\"><img decoding=\"async\" width=\"725\" height=\"375\" src=\"http:\/\/ucor-ucor.ro\/new\/wp-content\/uploads\/2023\/05\/mae2.jpg\" alt=\"\" class=\"wp-image-968\" srcset=\"http:\/\/ucor-ucor.ro\/new\/wp-content\/uploads\/2023\/05\/mae2.jpg 725w, http:\/\/ucor-ucor.ro\/new\/wp-content\/uploads\/2023\/05\/mae2-300x155.jpg 300w\" sizes=\"(max-width: 725px) 100vw, 725px\" \/><\/figure><\/div>\n","protected":false},"excerpt":{"rendered":"<p>Reprezentan\u021bii Consiliului Director al UCOR au fost primi\u0163i mar\u0163i, 11 aprilie 2023, de c\u0103tre Secretarul General al Ministerului Afacerilor Externe Dna Amb. Mihaela C\u0103m\u0103r\u0103\u0219an. Din partea Ministerului Afacerilor Externe au mai participat la aceast\u0103 \u00eentrevedere si Dna Sandra G\u0103tejeanu \u2013Directorul Departamentului Protocol si Dna Ecaterina Constantinescu- Directorul Direc\u021biei Rela\u021bii Consulare. Din partea UCOR au participat: [&hellip;]<\/p>\n","protected":false},"author":1,"featured_media":0,"parent":0,"menu_order":0,"comment_status":"closed","ping_status":"closed","template":"templates\/template-full-width.php","meta":{"footnotes":""},"yoast_head":"<!-- This site is optimized with the Yoast SEO plugin v22.5 - https:\/\/yoast.com\/wordpress\/plugins\/seo\/ -->\n<title>Conducerea Uniunii Consulilor Onorifici din Rom\u00e2nia (UCOR) a fost primit\u0103 \u00eentr-o vizit\u0103 protocolar\u0103 de c\u0103tre Secretarul General al MAE Dna Amb. Mihaela C\u0103m\u0103r\u0103\u0219an, la Ministerul Afacerilor Externe al Rom\u00e2niei - UCOR<\/title>\n<meta name=\"robots\" content=\"index, follow, max-snippet:-1, max-image-preview:large, max-video-preview:-1\" \/>\n<link rel=\"canonical\" href=\"http:\/\/ucor-ucor.ro\/new\/conducerea-uniunii-consulilor-onorifici-din-romania-ucor-a-fost-primita-intr-o-vizita-protocolara-de-catre-secretarul-general-al-mae-dna-amb-mihaela-camarasan-la-ministerul-afacerilor-externe-al-r\/\" \/>\n<meta property=\"og:locale\" content=\"en_US\" \/>\n<meta property=\"og:type\" content=\"article\" \/>\n<meta property=\"og:title\" content=\"Conducerea Uniunii Consulilor Onorifici din Rom\u00e2nia (UCOR) a fost primit\u0103 \u00eentr-o vizit\u0103 protocolar\u0103 de c\u0103tre Secretarul General al MAE Dna Amb. Mihaela C\u0103m\u0103r\u0103\u0219an, la Ministerul Afacerilor Externe al Rom\u00e2niei - UCOR\" \/>\n<meta property=\"og:description\" content=\"Reprezentan\u021bii Consiliului Director al UCOR au fost primi\u0163i mar\u0163i, 11 aprilie 2023, de c\u0103tre Secretarul General al Ministerului Afacerilor Externe Dna Amb. Mihaela C\u0103m\u0103r\u0103\u0219an. Din partea Ministerului Afacerilor Externe au mai participat la aceast\u0103 \u00eentrevedere si Dna Sandra G\u0103tejeanu \u2013Directorul Departamentului Protocol si Dna Ecaterina Constantinescu- Directorul Direc\u021biei Rela\u021bii Consulare. Din partea UCOR au participat: [&hellip;]\" \/>\n<meta property=\"og:url\" content=\"http:\/\/ucor-ucor.ro\/new\/conducerea-uniunii-consulilor-onorifici-din-romania-ucor-a-fost-primita-intr-o-vizita-protocolara-de-catre-secretarul-general-al-mae-dna-amb-mihaela-camarasan-la-ministerul-afacerilor-externe-al-r\/\" \/>\n<meta property=\"og:site_name\" content=\"UCOR\" \/>\n<meta property=\"article:modified_time\" content=\"2023-05-08T04:57:57+00:00\" \/>\n<meta property=\"og:image\" content=\"http:\/\/ucor-ucor.ro\/new\/wp-content\/uploads\/2023\/05\/mae1.jpg\" \/>\n<meta name=\"twitter:card\" content=\"summary_large_image\" \/>\n<meta name=\"twitter:label1\" content=\"Est. reading time\" \/>\n\t<meta name=\"twitter:data1\" content=\"3 minutes\" \/>\n<script type=\"application\/ld+json\" class=\"yoast-schema-graph\">{\"@context\":\"https:\/\/schema.org\",\"@graph\":[{\"@type\":\"WebPage\",\"@id\":\"http:\/\/ucor-ucor.ro\/new\/conducerea-uniunii-consulilor-onorifici-din-romania-ucor-a-fost-primita-intr-o-vizita-protocolara-de-catre-secretarul-general-al-mae-dna-amb-mihaela-camarasan-la-ministerul-afacerilor-externe-al-r\/\",\"url\":\"http:\/\/ucor-ucor.ro\/new\/conducerea-uniunii-consulilor-onorifici-din-romania-ucor-a-fost-primita-intr-o-vizita-protocolara-de-catre-secretarul-general-al-mae-dna-amb-mihaela-camarasan-la-ministerul-afacerilor-externe-al-r\/\",\"name\":\"Conducerea Uniunii Consulilor Onorifici din Rom\u00e2nia (UCOR) a fost primit\u0103 \u00eentr-o vizit\u0103 protocolar\u0103 de c\u0103tre Secretarul General al MAE Dna Amb. Mihaela C\u0103m\u0103r\u0103\u0219an, la Ministerul Afacerilor Externe al Rom\u00e2niei - UCOR\",\"isPartOf\":{\"@id\":\"https:\/\/ucor-ucor.ro\/new\/#website\"},\"primaryImageOfPage\":{\"@id\":\"http:\/\/ucor-ucor.ro\/new\/conducerea-uniunii-consulilor-onorifici-din-romania-ucor-a-fost-primita-intr-o-vizita-protocolara-de-catre-secretarul-general-al-mae-dna-amb-mihaela-camarasan-la-ministerul-afacerilor-externe-al-r\/#primaryimage\"},\"image\":{\"@id\":\"http:\/\/ucor-ucor.ro\/new\/conducerea-uniunii-consulilor-onorifici-din-romania-ucor-a-fost-primita-intr-o-vizita-protocolara-de-catre-secretarul-general-al-mae-dna-amb-mihaela-camarasan-la-ministerul-afacerilor-externe-al-r\/#primaryimage\"},\"thumbnailUrl\":\"http:\/\/ucor-ucor.ro\/new\/wp-content\/uploads\/2023\/05\/mae1.jpg\",\"datePublished\":\"2023-05-08T04:50:57+00:00\",\"dateModified\":\"2023-05-08T04:57:57+00:00\",\"breadcrumb\":{\"@id\":\"http:\/\/ucor-ucor.ro\/new\/conducerea-uniunii-consulilor-onorifici-din-romania-ucor-a-fost-primita-intr-o-vizita-protocolara-de-catre-secretarul-general-al-mae-dna-amb-mihaela-camarasan-la-ministerul-afacerilor-externe-al-r\/#breadcrumb\"},\"inLanguage\":\"en-US\",\"potentialAction\":[{\"@type\":\"ReadAction\",\"target\":[\"http:\/\/ucor-ucor.ro\/new\/conducerea-uniunii-consulilor-onorifici-din-romania-ucor-a-fost-primita-intr-o-vizita-protocolara-de-catre-secretarul-general-al-mae-dna-amb-mihaela-camarasan-la-ministerul-afacerilor-externe-al-r\/\"]}]},{\"@type\":\"ImageObject\",\"inLanguage\":\"en-US\",\"@id\":\"http:\/\/ucor-ucor.ro\/new\/conducerea-uniunii-consulilor-onorifici-din-romania-ucor-a-fost-primita-intr-o-vizita-protocolara-de-catre-secretarul-general-al-mae-dna-amb-mihaela-camarasan-la-ministerul-afacerilor-externe-al-r\/#primaryimage\",\"url\":\"http:\/\/ucor-ucor.ro\/new\/wp-content\/uploads\/2023\/05\/mae1.jpg\",\"contentUrl\":\"http:\/\/ucor-ucor.ro\/new\/wp-content\/uploads\/2023\/05\/mae1.jpg\",\"width\":685,\"height\":557},{\"@type\":\"BreadcrumbList\",\"@id\":\"http:\/\/ucor-ucor.ro\/new\/conducerea-uniunii-consulilor-onorifici-din-romania-ucor-a-fost-primita-intr-o-vizita-protocolara-de-catre-secretarul-general-al-mae-dna-amb-mihaela-camarasan-la-ministerul-afacerilor-externe-al-r\/#breadcrumb\",\"itemListElement\":[{\"@type\":\"ListItem\",\"position\":1,\"name\":\"Home\",\"item\":\"https:\/\/ucor-ucor.ro\/new\/\"},{\"@type\":\"ListItem\",\"position\":2,\"name\":\"Conducerea Uniunii Consulilor Onorifici din Rom\u00e2nia (UCOR) a fost primit\u0103 \u00eentr-o vizit\u0103 protocolar\u0103 de c\u0103tre Secretarul General al MAE Dna Amb. Mihaela C\u0103m\u0103r\u0103\u0219an, la Ministerul Afacerilor Externe al Rom\u00e2niei\"}]},{\"@type\":\"WebSite\",\"@id\":\"https:\/\/ucor-ucor.ro\/new\/#website\",\"url\":\"https:\/\/ucor-ucor.ro\/new\/\",\"name\":\"UCOR\",\"description\":\"\",\"publisher\":{\"@id\":\"https:\/\/ucor-ucor.ro\/new\/#organization\"},\"potentialAction\":[{\"@type\":\"SearchAction\",\"target\":{\"@type\":\"EntryPoint\",\"urlTemplate\":\"https:\/\/ucor-ucor.ro\/new\/?s={search_term_string}\"},\"query-input\":\"required name=search_term_string\"}],\"inLanguage\":\"en-US\"},{\"@type\":\"Organization\",\"@id\":\"https:\/\/ucor-ucor.ro\/new\/#organization\",\"name\":\"UCOR\",\"url\":\"https:\/\/ucor-ucor.ro\/new\/\",\"logo\":{\"@type\":\"ImageObject\",\"inLanguage\":\"en-US\",\"@id\":\"https:\/\/ucor-ucor.ro\/new\/#\/schema\/logo\/image\/\",\"url\":\"http:\/\/ucor-ucor.ro\/new\/wp-content\/uploads\/2020\/06\/cropped-UCOR.png\",\"contentUrl\":\"http:\/\/ucor-ucor.ro\/new\/wp-content\/uploads\/2020\/06\/cropped-UCOR.png\",\"width\":395,\"height\":128,\"caption\":\"UCOR\"},\"image\":{\"@id\":\"https:\/\/ucor-ucor.ro\/new\/#\/schema\/logo\/image\/\"}}]}<\/script>\n<!-- \/ Yoast SEO plugin. -->","yoast_head_json":{"title":"Conducerea Uniunii Consulilor Onorifici din Rom\u00e2nia (UCOR) a fost primit\u0103 \u00eentr-o vizit\u0103 protocolar\u0103 de c\u0103tre Secretarul General al MAE Dna Amb. Mihaela C\u0103m\u0103r\u0103\u0219an, la Ministerul Afacerilor Externe al Rom\u00e2niei - UCOR","robots":{"index":"index","follow":"follow","max-snippet":"max-snippet:-1","max-image-preview":"max-image-preview:large","max-video-preview":"max-video-preview:-1"},"canonical":"http:\/\/ucor-ucor.ro\/new\/conducerea-uniunii-consulilor-onorifici-din-romania-ucor-a-fost-primita-intr-o-vizita-protocolara-de-catre-secretarul-general-al-mae-dna-amb-mihaela-camarasan-la-ministerul-afacerilor-externe-al-r\/","og_locale":"en_US","og_type":"article","og_title":"Conducerea Uniunii Consulilor Onorifici din Rom\u00e2nia (UCOR) a fost primit\u0103 \u00eentr-o vizit\u0103 protocolar\u0103 de c\u0103tre Secretarul General al MAE Dna Amb. Mihaela C\u0103m\u0103r\u0103\u0219an, la Ministerul Afacerilor Externe al Rom\u00e2niei - UCOR","og_description":"Reprezentan\u021bii Consiliului Director al UCOR au fost primi\u0163i mar\u0163i, 11 aprilie 2023, de c\u0103tre Secretarul General al Ministerului Afacerilor Externe Dna Amb. Mihaela C\u0103m\u0103r\u0103\u0219an. Din partea Ministerului Afacerilor Externe au mai participat la aceast\u0103 \u00eentrevedere si Dna Sandra G\u0103tejeanu \u2013Directorul Departamentului Protocol si Dna Ecaterina Constantinescu- Directorul Direc\u021biei Rela\u021bii Consulare. Din partea UCOR au participat: [&hellip;]","og_url":"http:\/\/ucor-ucor.ro\/new\/conducerea-uniunii-consulilor-onorifici-din-romania-ucor-a-fost-primita-intr-o-vizita-protocolara-de-catre-secretarul-general-al-mae-dna-amb-mihaela-camarasan-la-ministerul-afacerilor-externe-al-r\/","og_site_name":"UCOR","article_modified_time":"2023-05-08T04:57:57+00:00","og_image":[{"url":"http:\/\/ucor-ucor.ro\/new\/wp-content\/uploads\/2023\/05\/mae1.jpg"}],"twitter_card":"summary_large_image","twitter_misc":{"Est. reading time":"3 minutes"},"schema":{"@context":"https:\/\/schema.org","@graph":[{"@type":"WebPage","@id":"http:\/\/ucor-ucor.ro\/new\/conducerea-uniunii-consulilor-onorifici-din-romania-ucor-a-fost-primita-intr-o-vizita-protocolara-de-catre-secretarul-general-al-mae-dna-amb-mihaela-camarasan-la-ministerul-afacerilor-externe-al-r\/","url":"http:\/\/ucor-ucor.ro\/new\/conducerea-uniunii-consulilor-onorifici-din-romania-ucor-a-fost-primita-intr-o-vizita-protocolara-de-catre-secretarul-general-al-mae-dna-amb-mihaela-camarasan-la-ministerul-afacerilor-externe-al-r\/","name":"Conducerea Uniunii Consulilor Onorifici din Rom\u00e2nia (UCOR) a fost primit\u0103 \u00eentr-o vizit\u0103 protocolar\u0103 de c\u0103tre Secretarul General al MAE Dna Amb. Mihaela C\u0103m\u0103r\u0103\u0219an, la Ministerul Afacerilor Externe al Rom\u00e2niei - UCOR","isPartOf":{"@id":"https:\/\/ucor-ucor.ro\/new\/#website"},"primaryImageOfPage":{"@id":"http:\/\/ucor-ucor.ro\/new\/conducerea-uniunii-consulilor-onorifici-din-romania-ucor-a-fost-primita-intr-o-vizita-protocolara-de-catre-secretarul-general-al-mae-dna-amb-mihaela-camarasan-la-ministerul-afacerilor-externe-al-r\/#primaryimage"},"image":{"@id":"http:\/\/ucor-ucor.ro\/new\/conducerea-uniunii-consulilor-onorifici-din-romania-ucor-a-fost-primita-intr-o-vizita-protocolara-de-catre-secretarul-general-al-mae-dna-amb-mihaela-camarasan-la-ministerul-afacerilor-externe-al-r\/#primaryimage"},"thumbnailUrl":"http:\/\/ucor-ucor.ro\/new\/wp-content\/uploads\/2023\/05\/mae1.jpg","datePublished":"2023-05-08T04:50:57+00:00","dateModified":"2023-05-08T04:57:57+00:00","breadcrumb":{"@id":"http:\/\/ucor-ucor.ro\/new\/conducerea-uniunii-consulilor-onorifici-din-romania-ucor-a-fost-primita-intr-o-vizita-protocolara-de-catre-secretarul-general-al-mae-dna-amb-mihaela-camarasan-la-ministerul-afacerilor-externe-al-r\/#breadcrumb"},"inLanguage":"en-US","potentialAction":[{"@type":"ReadAction","target":["http:\/\/ucor-ucor.ro\/new\/conducerea-uniunii-consulilor-onorifici-din-romania-ucor-a-fost-primita-intr-o-vizita-protocolara-de-catre-secretarul-general-al-mae-dna-amb-mihaela-camarasan-la-ministerul-afacerilor-externe-al-r\/"]}]},{"@type":"ImageObject","inLanguage":"en-US","@id":"http:\/\/ucor-ucor.ro\/new\/conducerea-uniunii-consulilor-onorifici-din-romania-ucor-a-fost-primita-intr-o-vizita-protocolara-de-catre-secretarul-general-al-mae-dna-amb-mihaela-camarasan-la-ministerul-afacerilor-externe-al-r\/#primaryimage","url":"http:\/\/ucor-ucor.ro\/new\/wp-content\/uploads\/2023\/05\/mae1.jpg","contentUrl":"http:\/\/ucor-ucor.ro\/new\/wp-content\/uploads\/2023\/05\/mae1.jpg","width":685,"height":557},{"@type":"BreadcrumbList","@id":"http:\/\/ucor-ucor.ro\/new\/conducerea-uniunii-consulilor-onorifici-din-romania-ucor-a-fost-primita-intr-o-vizita-protocolara-de-catre-secretarul-general-al-mae-dna-amb-mihaela-camarasan-la-ministerul-afacerilor-externe-al-r\/#breadcrumb","itemListElement":[{"@type":"ListItem","position":1,"name":"Home","item":"https:\/\/ucor-ucor.ro\/new\/"},{"@type":"ListItem","position":2,"name":"Conducerea Uniunii Consulilor Onorifici din Rom\u00e2nia (UCOR) a fost primit\u0103 \u00eentr-o vizit\u0103 protocolar\u0103 de c\u0103tre Secretarul General al MAE Dna Amb. Mihaela C\u0103m\u0103r\u0103\u0219an, la Ministerul Afacerilor Externe al Rom\u00e2niei"}]},{"@type":"WebSite","@id":"https:\/\/ucor-ucor.ro\/new\/#website","url":"https:\/\/ucor-ucor.ro\/new\/","name":"UCOR","description":"","publisher":{"@id":"https:\/\/ucor-ucor.ro\/new\/#organization"},"potentialAction":[{"@type":"SearchAction","target":{"@type":"EntryPoint","urlTemplate":"https:\/\/ucor-ucor.ro\/new\/?s={search_term_string}"},"query-input":"required name=search_term_string"}],"inLanguage":"en-US"},{"@type":"Organization","@id":"https:\/\/ucor-ucor.ro\/new\/#organization","name":"UCOR","url":"https:\/\/ucor-ucor.ro\/new\/","logo":{"@type":"ImageObject","inLanguage":"en-US","@id":"https:\/\/ucor-ucor.ro\/new\/#\/schema\/logo\/image\/","url":"http:\/\/ucor-ucor.ro\/new\/wp-content\/uploads\/2020\/06\/cropped-UCOR.png","contentUrl":"http:\/\/ucor-ucor.ro\/new\/wp-content\/uploads\/2020\/06\/cropped-UCOR.png","width":395,"height":128,"caption":"UCOR"},"image":{"@id":"https:\/\/ucor-ucor.ro\/new\/#\/schema\/logo\/image\/"}}]}},"_links":{"self":[{"href":"http:\/\/ucor-ucor.ro\/new\/wp-json\/wp\/v2\/pages\/961"}],"collection":[{"href":"http:\/\/ucor-ucor.ro\/new\/wp-json\/wp\/v2\/pages"}],"about":[{"href":"http:\/\/ucor-ucor.ro\/new\/wp-json\/wp\/v2\/types\/page"}],"author":[{"embeddable":true,"href":"http:\/\/ucor-ucor.ro\/new\/wp-json\/wp\/v2\/users\/1"}],"replies":[{"embeddable":true,"href":"http:\/\/ucor-ucor.ro\/new\/wp-json\/wp\/v2\/comments?post=961"}],"version-history":[{"count":4,"href":"http:\/\/ucor-ucor.ro\/new\/wp-json\/wp\/v2\/pages\/961\/revisions"}],"predecessor-version":[{"id":972,"href":"http:\/\/ucor-ucor.ro\/new\/wp-json\/wp\/v2\/pages\/961\/revisions\/972"}],"wp:attachment":[{"href":"http:\/\/ucor-ucor.ro\/new\/wp-json\/wp\/v2\/media?parent=961"}],"curies":[{"name":"wp","href":"https:\/\/api.w.org\/{rel}","templated":true}]}}