{"id":948,"date":"2023-04-12T07:35:26","date_gmt":"2023-04-12T07:35:26","guid":{"rendered":"http:\/\/ucor-ucor.ro\/new\/?page_id=948"},"modified":"2023-04-12T08:26:53","modified_gmt":"2023-04-12T08:26:53","slug":"balul-francofoniei-de-la-brasov","status":"publish","type":"page","link":"http:\/\/ucor-ucor.ro\/new\/balul-francofoniei-de-la-brasov\/","title":{"rendered":"Balul Francofoniei de la Bra\u0219ov"},"content":{"rendered":"\n<p>Rom\u00e2nia aniverseaz\u0103, \u00een 2023, 30 de ani de la aderarea la Francofonia institu\u021bional\u0103, iar aceast\u0103 aniversare pune \u00een eviden\u021b\u0103, printre altele, valoarea \u0219i diversitatea contribu\u021biei Rom\u00e2niei \u00een cadrul Francofoniei, precum \u0219i ac\u021biunile \u00eentreprinse pentru promovarea Francofoniei \u0219i valorilor sale.<\/p>\n\n\n\n<p>\u00cen fiecare an, la 20 martie, cele 88 de \u021b\u0103ri \u0219i guverne de pe cinci continente, av\u00e2nd statutul de membri sau observatori ai Organiza\u021biei Interna\u021bionale a Francofoniei, s\u0103rb\u0103toresc Ziua Interna\u021bional\u0103 a Francofoniei. Aceast\u0103 dat\u0103 marcheaz\u0103 aniversarea semn\u0103rii, \u00een 1970, la Niamey (Niger), a tratatului referitor la crearea Agen\u021biei de Cooperare Cultural\u0103 \u0219i Tehnic\u0103 (ACCT), devenit\u0103 ulterior Organiza\u021bia Interna\u021bional\u0103 a Francofoniei (OIF).<\/p>\n\n\n\n<p>La Bra\u0219ov, \u00een acest an aniversar 2023, Alianta Franceza Brasov a ales s\u0103 \u00eencheie luna martie, cu prima edi\u021bie a &nbsp;evenimentului \u201e<em>Bal de la Francophonie<\/em>\u201d.<\/p>\n\n\n\n<p>O sesiune de examene <em>DELF DALF<\/em> la \u00eenceputul lunii, urmat\u0103 de \u201e<em>Festival du Film Fran\u00e7ais<\/em>\u201d \u0219i competi\u021bia \u00een limba francez\u0103 \u201e<em>La Plume d\u2019Or<\/em>\u201d au precedat acest frumos eveniment, primul \u201e<em>Bal de la Francophonie<\/em>\u201d din Rom\u00e2nia.<\/p>\n\n\n\n<p>Acest eveniment a fost organizat cu sprijinul domnului Ion-Valeriu Ciolacu \u2013 Consul Onorific al Fran\u021bei la Brasov, iar printre al\u021bi invitati, la eveniment au participat \u0219i E.S. Dna Laurence Auer- Ambasadorul Fran\u021bei la Bucuresti si domnul Andreas Huber- Consul Onorific al Austriei la Sibiu \u0219i Pre\u0219edintele Uniunii Consulilor Onorifici din Rom\u00e2nia.<\/p>\n\n\n\n<p><a href=\"https:\/\/www.afbv.ro\/index.php\/blog\/391-bal-de-la-francophonie\">https:\/\/www.afbv.ro\/index.php\/blog\/391-bal-de-la-francophonie<\/a><\/p>\n","protected":false},"excerpt":{"rendered":"<p>Rom\u00e2nia aniverseaz\u0103, \u00een 2023, 30 de ani de la aderarea la Francofonia institu\u021bional\u0103, iar aceast\u0103 aniversare pune \u00een eviden\u021b\u0103, printre altele, valoarea \u0219i diversitatea contribu\u021biei Rom\u00e2niei \u00een cadrul Francofoniei, precum \u0219i ac\u021biunile \u00eentreprinse pentru promovarea Francofoniei \u0219i valorilor sale. \u00cen fiecare an, la 20 martie, cele 88 de \u021b\u0103ri \u0219i guverne de pe cinci continente, [&hellip;]<\/p>\n","protected":false},"author":1,"featured_media":0,"parent":0,"menu_order":0,"comment_status":"closed","ping_status":"closed","template":"templates\/template-full-width.php","meta":{"footnotes":""},"yoast_head":"<!-- This site is optimized with the Yoast SEO plugin v22.5 - https:\/\/yoast.com\/wordpress\/plugins\/seo\/ -->\n<title>Balul Francofoniei de la Bra\u0219ov - UCOR<\/title>\n<meta name=\"robots\" content=\"index, follow, max-snippet:-1, max-image-preview:large, max-video-preview:-1\" \/>\n<link rel=\"canonical\" href=\"http:\/\/ucor-ucor.ro\/new\/balul-francofoniei-de-la-brasov\/\" \/>\n<meta property=\"og:locale\" content=\"en_US\" \/>\n<meta property=\"og:type\" content=\"article\" \/>\n<meta property=\"og:title\" content=\"Balul Francofoniei de la Bra\u0219ov - UCOR\" \/>\n<meta property=\"og:description\" content=\"Rom\u00e2nia aniverseaz\u0103, \u00een 2023, 30 de ani de la aderarea la Francofonia institu\u021bional\u0103, iar aceast\u0103 aniversare pune \u00een eviden\u021b\u0103, printre altele, valoarea \u0219i diversitatea contribu\u021biei Rom\u00e2niei \u00een cadrul Francofoniei, precum \u0219i ac\u021biunile \u00eentreprinse pentru promovarea Francofoniei \u0219i valorilor sale. \u00cen fiecare an, la 20 martie, cele 88 de \u021b\u0103ri \u0219i guverne de pe cinci continente, [&hellip;]\" \/>\n<meta property=\"og:url\" content=\"http:\/\/ucor-ucor.ro\/new\/balul-francofoniei-de-la-brasov\/\" \/>\n<meta property=\"og:site_name\" content=\"UCOR\" \/>\n<meta property=\"article:modified_time\" content=\"2023-04-12T08:26:53+00:00\" \/>\n<meta name=\"twitter:card\" content=\"summary_large_image\" \/>\n<meta name=\"twitter:label1\" content=\"Est. reading time\" \/>\n\t<meta name=\"twitter:data1\" content=\"1 minute\" \/>\n<script type=\"application\/ld+json\" class=\"yoast-schema-graph\">{\"@context\":\"https:\/\/schema.org\",\"@graph\":[{\"@type\":\"WebPage\",\"@id\":\"http:\/\/ucor-ucor.ro\/new\/balul-francofoniei-de-la-brasov\/\",\"url\":\"http:\/\/ucor-ucor.ro\/new\/balul-francofoniei-de-la-brasov\/\",\"name\":\"Balul Francofoniei de la Bra\u0219ov - UCOR\",\"isPartOf\":{\"@id\":\"https:\/\/ucor-ucor.ro\/new\/#website\"},\"datePublished\":\"2023-04-12T07:35:26+00:00\",\"dateModified\":\"2023-04-12T08:26:53+00:00\",\"breadcrumb\":{\"@id\":\"http:\/\/ucor-ucor.ro\/new\/balul-francofoniei-de-la-brasov\/#breadcrumb\"},\"inLanguage\":\"en-US\",\"potentialAction\":[{\"@type\":\"ReadAction\",\"target\":[\"http:\/\/ucor-ucor.ro\/new\/balul-francofoniei-de-la-brasov\/\"]}]},{\"@type\":\"BreadcrumbList\",\"@id\":\"http:\/\/ucor-ucor.ro\/new\/balul-francofoniei-de-la-brasov\/#breadcrumb\",\"itemListElement\":[{\"@type\":\"ListItem\",\"position\":1,\"name\":\"Home\",\"item\":\"https:\/\/ucor-ucor.ro\/new\/\"},{\"@type\":\"ListItem\",\"position\":2,\"name\":\"Balul Francofoniei de la Bra\u0219ov\"}]},{\"@type\":\"WebSite\",\"@id\":\"https:\/\/ucor-ucor.ro\/new\/#website\",\"url\":\"https:\/\/ucor-ucor.ro\/new\/\",\"name\":\"UCOR\",\"description\":\"\",\"publisher\":{\"@id\":\"https:\/\/ucor-ucor.ro\/new\/#organization\"},\"potentialAction\":[{\"@type\":\"SearchAction\",\"target\":{\"@type\":\"EntryPoint\",\"urlTemplate\":\"https:\/\/ucor-ucor.ro\/new\/?s={search_term_string}\"},\"query-input\":\"required name=search_term_string\"}],\"inLanguage\":\"en-US\"},{\"@type\":\"Organization\",\"@id\":\"https:\/\/ucor-ucor.ro\/new\/#organization\",\"name\":\"UCOR\",\"url\":\"https:\/\/ucor-ucor.ro\/new\/\",\"logo\":{\"@type\":\"ImageObject\",\"inLanguage\":\"en-US\",\"@id\":\"https:\/\/ucor-ucor.ro\/new\/#\/schema\/logo\/image\/\",\"url\":\"http:\/\/ucor-ucor.ro\/new\/wp-content\/uploads\/2020\/06\/cropped-UCOR.png\",\"contentUrl\":\"http:\/\/ucor-ucor.ro\/new\/wp-content\/uploads\/2020\/06\/cropped-UCOR.png\",\"width\":395,\"height\":128,\"caption\":\"UCOR\"},\"image\":{\"@id\":\"https:\/\/ucor-ucor.ro\/new\/#\/schema\/logo\/image\/\"}}]}<\/script>\n<!-- \/ Yoast SEO plugin. -->","yoast_head_json":{"title":"Balul Francofoniei de la Bra\u0219ov - UCOR","robots":{"index":"index","follow":"follow","max-snippet":"max-snippet:-1","max-image-preview":"max-image-preview:large","max-video-preview":"max-video-preview:-1"},"canonical":"http:\/\/ucor-ucor.ro\/new\/balul-francofoniei-de-la-brasov\/","og_locale":"en_US","og_type":"article","og_title":"Balul Francofoniei de la Bra\u0219ov - UCOR","og_description":"Rom\u00e2nia aniverseaz\u0103, \u00een 2023, 30 de ani de la aderarea la Francofonia institu\u021bional\u0103, iar aceast\u0103 aniversare pune \u00een eviden\u021b\u0103, printre altele, valoarea \u0219i diversitatea contribu\u021biei Rom\u00e2niei \u00een cadrul Francofoniei, precum \u0219i ac\u021biunile \u00eentreprinse pentru promovarea Francofoniei \u0219i valorilor sale. \u00cen fiecare an, la 20 martie, cele 88 de \u021b\u0103ri \u0219i guverne de pe cinci continente, [&hellip;]","og_url":"http:\/\/ucor-ucor.ro\/new\/balul-francofoniei-de-la-brasov\/","og_site_name":"UCOR","article_modified_time":"2023-04-12T08:26:53+00:00","twitter_card":"summary_large_image","twitter_misc":{"Est. reading time":"1 minute"},"schema":{"@context":"https:\/\/schema.org","@graph":[{"@type":"WebPage","@id":"http:\/\/ucor-ucor.ro\/new\/balul-francofoniei-de-la-brasov\/","url":"http:\/\/ucor-ucor.ro\/new\/balul-francofoniei-de-la-brasov\/","name":"Balul Francofoniei de la Bra\u0219ov - UCOR","isPartOf":{"@id":"https:\/\/ucor-ucor.ro\/new\/#website"},"datePublished":"2023-04-12T07:35:26+00:00","dateModified":"2023-04-12T08:26:53+00:00","breadcrumb":{"@id":"http:\/\/ucor-ucor.ro\/new\/balul-francofoniei-de-la-brasov\/#breadcrumb"},"inLanguage":"en-US","potentialAction":[{"@type":"ReadAction","target":["http:\/\/ucor-ucor.ro\/new\/balul-francofoniei-de-la-brasov\/"]}]},{"@type":"BreadcrumbList","@id":"http:\/\/ucor-ucor.ro\/new\/balul-francofoniei-de-la-brasov\/#breadcrumb","itemListElement":[{"@type":"ListItem","position":1,"name":"Home","item":"https:\/\/ucor-ucor.ro\/new\/"},{"@type":"ListItem","position":2,"name":"Balul Francofoniei de la Bra\u0219ov"}]},{"@type":"WebSite","@id":"https:\/\/ucor-ucor.ro\/new\/#website","url":"https:\/\/ucor-ucor.ro\/new\/","name":"UCOR","description":"","publisher":{"@id":"https:\/\/ucor-ucor.ro\/new\/#organization"},"potentialAction":[{"@type":"SearchAction","target":{"@type":"EntryPoint","urlTemplate":"https:\/\/ucor-ucor.ro\/new\/?s={search_term_string}"},"query-input":"required name=search_term_string"}],"inLanguage":"en-US"},{"@type":"Organization","@id":"https:\/\/ucor-ucor.ro\/new\/#organization","name":"UCOR","url":"https:\/\/ucor-ucor.ro\/new\/","logo":{"@type":"ImageObject","inLanguage":"en-US","@id":"https:\/\/ucor-ucor.ro\/new\/#\/schema\/logo\/image\/","url":"http:\/\/ucor-ucor.ro\/new\/wp-content\/uploads\/2020\/06\/cropped-UCOR.png","contentUrl":"http:\/\/ucor-ucor.ro\/new\/wp-content\/uploads\/2020\/06\/cropped-UCOR.png","width":395,"height":128,"caption":"UCOR"},"image":{"@id":"https:\/\/ucor-ucor.ro\/new\/#\/schema\/logo\/image\/"}}]}},"_links":{"self":[{"href":"http:\/\/ucor-ucor.ro\/new\/wp-json\/wp\/v2\/pages\/948"}],"collection":[{"href":"http:\/\/ucor-ucor.ro\/new\/wp-json\/wp\/v2\/pages"}],"about":[{"href":"http:\/\/ucor-ucor.ro\/new\/wp-json\/wp\/v2\/types\/page"}],"author":[{"embeddable":true,"href":"http:\/\/ucor-ucor.ro\/new\/wp-json\/wp\/v2\/users\/1"}],"replies":[{"embeddable":true,"href":"http:\/\/ucor-ucor.ro\/new\/wp-json\/wp\/v2\/comments?post=948"}],"version-history":[{"count":2,"href":"http:\/\/ucor-ucor.ro\/new\/wp-json\/wp\/v2\/pages\/948\/revisions"}],"predecessor-version":[{"id":953,"href":"http:\/\/ucor-ucor.ro\/new\/wp-json\/wp\/v2\/pages\/948\/revisions\/953"}],"wp:attachment":[{"href":"http:\/\/ucor-ucor.ro\/new\/wp-json\/wp\/v2\/media?parent=948"}],"curies":[{"name":"wp","href":"https:\/\/api.w.org\/{rel}","templated":true}]}}