{"id":860,"date":"2022-11-11T06:33:50","date_gmt":"2022-11-11T06:33:50","guid":{"rendered":"http:\/\/ucor-ucor.ro\/new\/?page_id=860"},"modified":"2022-11-11T06:56:32","modified_gmt":"2022-11-11T06:56:32","slug":"sarbatorirea-la-sibiu-a-zilei-nationale-a-republicii-austria","status":"publish","type":"page","link":"http:\/\/ucor-ucor.ro\/new\/sarbatorirea-la-sibiu-a-zilei-nationale-a-republicii-austria\/","title":{"rendered":"S\u0103rb\u0103torirea la Sibiu a Zilei Na\u021bionale a Republicii Austria"},"content":{"rendered":"\n<p>\u00cen data de 3 noiembrie 2022 a fost organizat\u0103 la Sibiu o recep\u021bie oficial\u0103 oferit\u0103 \u00een prezen\u021ba Excelen\u021bei Sale, doamna Ambasador Adelheid Folie, cu prilejul s\u0103rb\u0103toririi Zilei Na\u021bionale a Republicii Austria, la care gazd\u0103 a fost domnul Consul Onorific Andreas Huber.<br><br>Excelen\u021ba Sa, doamna Ambasador Adelheid Folie s-a adresat celor peste 250 de invita\u021bi prezen\u021bi, men\u021bion\u00e2nd momentele importante din istoria recent\u0103 a Uniunii Europene, precum \u0219i importan\u021ba continu\u0103rii eforturilor de intensificare a colabor\u0103rii dintre cele dou\u0103 t\u0103ri, at\u00e2t pe plan economic, c\u00e2t \u0219i \u00een cel politic, cultural \u0219i social.<br><br>Printre invita\u021bii de marc\u0103 ai evenimentului s-au num\u0103rat: Dl Mircea Dorin Cre\u021bu &#8211; Prefectul judetului Sibiu, Dl Nicolae ALBU- Prefectul judetului Alba, Dna Astrid Cora Fodor- Primarul Municipiului Sibiu, senatori \u0219i deputa\u021bi, primari \u0219i reprezentan\u021bi ai institu\u021biilor de stat, Excelen\u021bele lor, monseniori \u0219i \u00eenal\u021bi prela\u021bi &#8211; reprezentan\u021bi ai cultelor religioase, reprezentan\u021bii institu\u021biilor de \u00eenv\u0103\u021b\u0103m\u00e2nt \u0219i cultur\u0103, reprezentan\u021bi ai mass-media \u0219i reprezentan\u021bi ai mediului de afaceri din Sibiu si din \u021bar\u0103.<br><br>\u00cen cuv\u00e2ntul s\u0103u adresat invita\u021bilor prezen\u021bi la recep\u021bie, Dna Astrid Cora Fodor- Primarul Municipiului Sibiu a reiterat puternicele leg\u0103turi dintre Austria si Rom\u00e2nia, at\u00e2t din perspectiv\u0103 istoric\u0103, c\u00e2t \u0219i prin proiectele concrete derulate \u00een prezent. Mediul de afaceri austriac de la Sibiu \u00eent\u0103re\u0219te \u0219i ad\u00e2nce\u0219te rela\u021bia dintre cei doi parteneri, deoarece ace\u0219tia contribuie la dezvoltarea ora\u0219ului iar antreprenorii austrieci au fost, de asemenea, implica\u021bi \u00een via\u021ba cultural\u0103 \u0219i sportiv\u0103 a ora\u0219ului.<br><br>Printre invita\u021bii prezen\u021bi la eveniment, s-au num\u0103rat \u0219i consulii onorifici membrii ai Uniunii Consulilor Onorifici din Rom\u00e2nia- U.C.O.R., for al c\u0103rui pre\u0219edinte este \u00eenc\u0103 de la \u00eenfiin\u021barea din anul 2015, domnul Consul Onorific Andreas Huber. Din partea Uniunii Consulilor Onorifici din Rom\u00e2nia, au participat: E.S. Dl Ambasador Ioan DONCA \u2013 Prim-vicepre\u0219edinte U.C.O.R \u0219i Consul Onorific al Letoniei la Bucuresti, Dna Av. Dr. Elena BUSTEA \u2013 Consul Onorific al Republicii Ecuador la Bucuresti \u0219i Secretar General al U.C.O.R, Dl Endre MOLNAR- Consul Onorific al Ungariei la Drobeta Turnu Severin si membru in Consiliul Director, Dl Ion-Valeriu CIOLACU \u2013 Consul Onorific al Frantei la Brasov \u0219i membru \u00een Consiliul Director, Dl Georg BARDEAU \u2013 Consul Onorific al Austriei la Timioara, Dna Elena LOTREAN \u2013 consul Onorific al Finlandei la Sibiu, Dl Daniel Joseph PLIER\u2013 Consul Onorific al Marelui Ducat de Luxemburg la Sibiu \u0219i Dl Dumitru MIHALESCUL &#8211; Consul Onorific al Republicii Coreea la R\u0103d\u0103u\u021bi, membrii \u00een cadrul uniunii.<br>De asemenea, oaspe\u021bi speciali au fost landler-ii austrieci din zonele Cristian, Apoldu de Sus \u0219i Turni\u0219or, prezen\u021bi la eveniment, pentru a celebra s\u0103rb\u0103toarea na\u021bional\u0103 a \u021b\u0103rii str\u0103mo\u0219ilor lor &#8211; Austria.<br><br>Anul acesta se \u00eemplinesc 220 de ani de la na\u0219terea poetului Nikolaus Lenau, cel mai de seam\u0103 poet romantic din Austria, care s-a n\u0103scut \u00een anul 1802 \u00een localitatea Csat\u00e1d, Banatul de ast\u0103zi, localitate care \u00een anul 1926, \u00een onoarea poetului, a primit numele de Lenauheim, fiind situat\u0103 ast\u0103zi pe teritoriul jude\u021bului Timi\u0219. \u00cen acest context, c\u00e2\u021biva elevi din cadrul Colegiului National &#8220;Samuel von Brukenthal&#8221; din Sibiu au adus un omagiu marelui poet \u0219i au prezentat un scurt moment liric.<\/p>\n\n\n\n<figure class=\"wp-block-image size-large\"><img fetchpriority=\"high\" decoding=\"async\" width=\"1024\" height=\"681\" src=\"http:\/\/ucor-ucor.ro\/new\/wp-content\/uploads\/2022\/11\/1-1024x681.jpg\" alt=\"\" class=\"wp-image-863\" srcset=\"http:\/\/ucor-ucor.ro\/new\/wp-content\/uploads\/2022\/11\/1-1024x681.jpg 1024w, http:\/\/ucor-ucor.ro\/new\/wp-content\/uploads\/2022\/11\/1-300x200.jpg 300w, http:\/\/ucor-ucor.ro\/new\/wp-content\/uploads\/2022\/11\/1-768x511.jpg 768w, http:\/\/ucor-ucor.ro\/new\/wp-content\/uploads\/2022\/11\/1-1536x1022.jpg 1536w, http:\/\/ucor-ucor.ro\/new\/wp-content\/uploads\/2022\/11\/1-2048x1363.jpg 2048w, http:\/\/ucor-ucor.ro\/new\/wp-content\/uploads\/2022\/11\/1-1200x798.jpg 1200w, http:\/\/ucor-ucor.ro\/new\/wp-content\/uploads\/2022\/11\/1-1980x1317.jpg 1980w\" sizes=\"(max-width: 1024px) 100vw, 1024px\" \/><figcaption>In foto, de la dreapta la stanga: <br>Dna Astrid Cora Fodor- Primarul Municipiului Sibiu, E.S Dna Adelheid Folie -Ambasadorul Austriei \u00een Rom\u00e2nia \u0219i Dl Andreas Huber- Consul Onorific al Austriei la Sibiu<\/figcaption><\/figure>\n\n\n\n<figure class=\"wp-block-image size-large\"><img decoding=\"async\" width=\"1024\" height=\"931\" src=\"http:\/\/ucor-ucor.ro\/new\/wp-content\/uploads\/2022\/11\/2-1024x931.jpg\" alt=\"\" class=\"wp-image-864\" srcset=\"http:\/\/ucor-ucor.ro\/new\/wp-content\/uploads\/2022\/11\/2-1024x931.jpg 1024w, http:\/\/ucor-ucor.ro\/new\/wp-content\/uploads\/2022\/11\/2-300x273.jpg 300w, http:\/\/ucor-ucor.ro\/new\/wp-content\/uploads\/2022\/11\/2-768x699.jpg 768w, http:\/\/ucor-ucor.ro\/new\/wp-content\/uploads\/2022\/11\/2-1536x1397.jpg 1536w, http:\/\/ucor-ucor.ro\/new\/wp-content\/uploads\/2022\/11\/2-2048x1863.jpg 2048w, http:\/\/ucor-ucor.ro\/new\/wp-content\/uploads\/2022\/11\/2-1200x1091.jpg 1200w, http:\/\/ucor-ucor.ro\/new\/wp-content\/uploads\/2022\/11\/2-1980x1801.jpg 1980w\" sizes=\"(max-width: 1024px) 100vw, 1024px\" \/><figcaption>In fotografie de la stanga la dreapta:<br>Dl Nicolae Albu- Prefectul judetului Alba, Dl Mircea Dorin Cre\u021bu &#8211; Prefectul judetului Sibiu, E.S Dna Adelheid Folie -Ambasadorul Austriei \u00een Rom\u00e2nia , Dna Astrid Cora Fodor- Primarul Municipiului Sibiu \u0219i Dl Andreas Huber- Consul Onorific al Austriei la Sibiu<\/figcaption><\/figure>\n\n\n\n<figure class=\"wp-block-image size-large\"><img decoding=\"async\" width=\"1024\" height=\"823\" src=\"http:\/\/ucor-ucor.ro\/new\/wp-content\/uploads\/2022\/11\/3-1024x823.jpg\" alt=\"\" class=\"wp-image-865\" srcset=\"http:\/\/ucor-ucor.ro\/new\/wp-content\/uploads\/2022\/11\/3-1024x823.jpg 1024w, http:\/\/ucor-ucor.ro\/new\/wp-content\/uploads\/2022\/11\/3-300x241.jpg 300w, http:\/\/ucor-ucor.ro\/new\/wp-content\/uploads\/2022\/11\/3-768x617.jpg 768w, http:\/\/ucor-ucor.ro\/new\/wp-content\/uploads\/2022\/11\/3-1536x1234.jpg 1536w, http:\/\/ucor-ucor.ro\/new\/wp-content\/uploads\/2022\/11\/3-2048x1646.jpg 2048w, http:\/\/ucor-ucor.ro\/new\/wp-content\/uploads\/2022\/11\/3-1200x964.jpg 1200w, http:\/\/ucor-ucor.ro\/new\/wp-content\/uploads\/2022\/11\/3-1980x1591.jpg 1980w\" sizes=\"(max-width: 1024px) 100vw, 1024px\" \/><figcaption>In fotografie de la stanga la dreapta:<br>Dl Dumitru Mihalescul &#8211; Consul Onorific al Republicii Coreea la R\u0103d\u0103u\u021bi, Dna Elena Lotrean \u2013 Consul Onorific al Finlandei la Sibiu, Dl Endre Molnar- Consul Onorific al Ungariei la Drobeta Turnu Severin, E.S Dna Adelheid Folie -Ambasadorul Austriei \u00een Rom\u00e2nia, Dl Andreas Huber- Consul Onorific al Austriei la Sibiu, Dna Av. Dr. Elena Bustea \u2013 Consul Onorific al Republicii Ecuador la Bucuresti \u0219i Secretar General al U.C.O.R, Dl Janusz Szali\u0144ski\u2013 Consul Onorific al Poloniei la Brasov, E.S. Dl Ambasador Ioan Donca \u2013 Prim-vicepre\u0219edinte U.C.O.R \u0219i Consul Onorific al Letoniei la Bucuresti, Dl Georg Bardeau- Consul Onorific al Austriei la Timisoara si Dl Ion-Valeriu Ciolacu \u2013 Consul Onorific al Frantei la Brasov \u0219i membru \u00een Consiliul Director.<\/figcaption><\/figure>\n\n\n\n<div class=\"wp-block-image\"><figure class=\"aligncenter size-large\"><img loading=\"lazy\" decoding=\"async\" width=\"435\" height=\"1024\" src=\"http:\/\/ucor-ucor.ro\/new\/wp-content\/uploads\/2022\/11\/roll-up-ZA-2022_sponsori-435x1024.jpg\" alt=\"\" class=\"wp-image-866\" srcset=\"http:\/\/ucor-ucor.ro\/new\/wp-content\/uploads\/2022\/11\/roll-up-ZA-2022_sponsori-435x1024.jpg 435w, http:\/\/ucor-ucor.ro\/new\/wp-content\/uploads\/2022\/11\/roll-up-ZA-2022_sponsori-128x300.jpg 128w, http:\/\/ucor-ucor.ro\/new\/wp-content\/uploads\/2022\/11\/roll-up-ZA-2022_sponsori-768x1807.jpg 768w, http:\/\/ucor-ucor.ro\/new\/wp-content\/uploads\/2022\/11\/roll-up-ZA-2022_sponsori-653x1536.jpg 653w, http:\/\/ucor-ucor.ro\/new\/wp-content\/uploads\/2022\/11\/roll-up-ZA-2022_sponsori-870x2048.jpg 870w, http:\/\/ucor-ucor.ro\/new\/wp-content\/uploads\/2022\/11\/roll-up-ZA-2022_sponsori-1200x2823.jpg 1200w, http:\/\/ucor-ucor.ro\/new\/wp-content\/uploads\/2022\/11\/roll-up-ZA-2022_sponsori-1980x4659.jpg 1980w, http:\/\/ucor-ucor.ro\/new\/wp-content\/uploads\/2022\/11\/roll-up-ZA-2022_sponsori-scaled.jpg 1088w\" sizes=\"(max-width: 435px) 100vw, 435px\" \/><\/figure><\/div>\n\n\n\n<figure class=\"wp-block-embed is-type-wp-embed is-provider-curierul-national wp-block-embed-curierul-national\"><div class=\"wp-block-embed__wrapper\">\n<blockquote class=\"wp-embedded-content\" data-secret=\"RCB1Y4l9nW\"><a href=\"https:\/\/curierulnational.ro\/sarbatorirea-la-sibiu-a-zilei-nationale-a-republicii-austria\/\">S\u0103rb\u0103torirea la Sibiu a Zilei Na\u021bionale a Republicii Austria<\/a><\/blockquote><iframe class=\"wp-embedded-content\" sandbox=\"allow-scripts\" security=\"restricted\" style=\"position: absolute; clip: rect(1px, 1px, 1px, 1px);\" title=\"&#8222;&lt;strong&gt;S\u0103rb\u0103torirea la Sibiu a Zilei Na\u021bionale a Republicii Austria&lt;\/strong&gt;&#8221; &#8212; Curierul National\" src=\"https:\/\/curierulnational.ro\/sarbatorirea-la-sibiu-a-zilei-nationale-a-republicii-austria\/embed\/#?secret=k47nZXQDZS#?secret=RCB1Y4l9nW\" data-secret=\"RCB1Y4l9nW\" width=\"580\" height=\"327\" frameborder=\"0\" marginwidth=\"0\" marginheight=\"0\" scrolling=\"no\"><\/iframe>\n<\/div><\/figure>\n\n\n\n<figure class=\"wp-block-embed is-type-wp-embed is-provider-sibiu-100 wp-block-embed-sibiu-100\"><div class=\"wp-block-embed__wrapper\">\n<blockquote class=\"wp-embedded-content\" data-secret=\"xg0S1ww0Tv\"><a href=\"https:\/\/sibiu100.ro\/comunicate-de-presa\/ziua-nationala-a-republicii-austria-sarbatorita-la-sibiu\/\">Ziua Na\u021bional\u0103 a Republicii Austria s\u0103rb\u0103torit\u0103 la Sibiu<\/a><\/blockquote><iframe class=\"wp-embedded-content\" sandbox=\"allow-scripts\" security=\"restricted\" style=\"position: absolute; clip: rect(1px, 1px, 1px, 1px);\" title=\"&#8222;Ziua Na\u021bional\u0103 a Republicii Austria s\u0103rb\u0103torit\u0103 la Sibiu&#8221; &#8212; Sibiu 100\" src=\"https:\/\/sibiu100.ro\/comunicate-de-presa\/ziua-nationala-a-republicii-austria-sarbatorita-la-sibiu\/embed\/#?secret=OLaek0V55b#?secret=xg0S1ww0Tv\" data-secret=\"xg0S1ww0Tv\" width=\"580\" height=\"327\" frameborder=\"0\" marginwidth=\"0\" marginheight=\"0\" scrolling=\"no\"><\/iframe>\n<\/div><\/figure>\n\n\n\n<figure class=\"wp-block-embed is-type-wp-embed is-provider-sibiu-independent wp-block-embed-sibiu-independent\"><div class=\"wp-block-embed__wrapper\">\nhttps:\/\/sibiuindependent.ro\/2022\/11\/04\/ziua-austriei-marcata-la-sibiu\/\n<\/div><\/figure>\n\n\n\n<figure class=\"wp-block-embed is-type-wp-embed is-provider-ziarul-mesagerul-de-sibiu wp-block-embed-ziarul-mesagerul-de-sibiu\"><div class=\"wp-block-embed__wrapper\">\n<blockquote class=\"wp-embedded-content\" data-secret=\"0WvyhaompT\"><a href=\"https:\/\/mesageruldesibiu.ro\/ziua-nationala-a-austriei-marcata-la-sibiu\/\">Ziua Na\u021bional\u0103 a Austriei marcat\u0103 la Sibiu<\/a><\/blockquote><iframe class=\"wp-embedded-content\" sandbox=\"allow-scripts\" security=\"restricted\" style=\"position: absolute; clip: rect(1px, 1px, 1px, 1px);\" title=\"&#8222;Ziua Na\u021bional\u0103 a Austriei marcat\u0103 la Sibiu&#8221; &#8212; Ziarul Mesagerul de Sibiu\" src=\"https:\/\/mesageruldesibiu.ro\/ziua-nationala-a-austriei-marcata-la-sibiu\/embed\/#?secret=iN1nUV5ECy#?secret=0WvyhaompT\" data-secret=\"0WvyhaompT\" width=\"580\" height=\"327\" frameborder=\"0\" marginwidth=\"0\" marginheight=\"0\" scrolling=\"no\"><\/iframe>\n<\/div><\/figure>\n\n\n\n<figure class=\"wp-block-embed is-type-wp-embed is-provider-sibiunews wp-block-embed-sibiunews\"><div class=\"wp-block-embed__wrapper\">\n<blockquote class=\"wp-embedded-content\" data-secret=\"TeuGPdZacf\"><a href=\"https:\/\/sibiunews.net\/austria-sarbatorita-la-sibiu-mesajul-primarului-astrid-fodor\/\">Austria, s\u0103rb\u0103torit\u0103 la Sibiu. Mesajul primarului Astrid Fodor<\/a><\/blockquote><iframe class=\"wp-embedded-content\" sandbox=\"allow-scripts\" security=\"restricted\" style=\"position: absolute; clip: rect(1px, 1px, 1px, 1px);\" title=\"&#8222;Austria, s\u0103rb\u0103torit\u0103 la Sibiu. Mesajul primarului Astrid Fodor&#8221; &#8212; SibiuNews\" src=\"https:\/\/sibiunews.net\/austria-sarbatorita-la-sibiu-mesajul-primarului-astrid-fodor\/embed\/#?secret=ThuCXhF1ob#?secret=TeuGPdZacf\" data-secret=\"TeuGPdZacf\" width=\"580\" height=\"327\" frameborder=\"0\" marginwidth=\"0\" marginheight=\"0\" scrolling=\"no\"><\/iframe>\n<\/div><\/figure>\n\n\n\n<figure class=\"wp-block-embed\"><div class=\"wp-block-embed__wrapper\">\nhttps:\/\/www.ziarelive.ro\/stiri\/sarbatorirea-la-sibiu-a-zilei-nationale-a-republicii-austria.html\n<\/div><\/figure>\n","protected":false},"excerpt":{"rendered":"<p>\u00cen data de 3 noiembrie 2022 a fost organizat\u0103 la Sibiu o recep\u021bie oficial\u0103 oferit\u0103 \u00een prezen\u021ba Excelen\u021bei Sale, doamna Ambasador Adelheid Folie, cu prilejul s\u0103rb\u0103toririi Zilei Na\u021bionale a Republicii Austria, la care gazd\u0103 a fost domnul Consul Onorific Andreas Huber. Excelen\u021ba Sa, doamna Ambasador Adelheid Folie s-a adresat celor peste 250 de invita\u021bi prezen\u021bi, [&hellip;]<\/p>\n","protected":false},"author":1,"featured_media":0,"parent":0,"menu_order":0,"comment_status":"closed","ping_status":"closed","template":"templates\/template-full-width.php","meta":{"footnotes":""},"yoast_head":"<!-- This site is optimized with the Yoast SEO plugin v22.5 - https:\/\/yoast.com\/wordpress\/plugins\/seo\/ -->\n<title>S\u0103rb\u0103torirea la Sibiu a Zilei Na\u021bionale a Republicii Austria - UCOR<\/title>\n<meta name=\"robots\" content=\"index, follow, max-snippet:-1, max-image-preview:large, max-video-preview:-1\" \/>\n<link rel=\"canonical\" href=\"http:\/\/ucor-ucor.ro\/new\/sarbatorirea-la-sibiu-a-zilei-nationale-a-republicii-austria\/\" \/>\n<meta property=\"og:locale\" content=\"en_US\" \/>\n<meta property=\"og:type\" content=\"article\" \/>\n<meta property=\"og:title\" content=\"S\u0103rb\u0103torirea la Sibiu a Zilei Na\u021bionale a Republicii Austria - UCOR\" \/>\n<meta property=\"og:description\" content=\"\u00cen data de 3 noiembrie 2022 a fost organizat\u0103 la Sibiu o recep\u021bie oficial\u0103 oferit\u0103 \u00een prezen\u021ba Excelen\u021bei Sale, doamna Ambasador Adelheid Folie, cu prilejul s\u0103rb\u0103toririi Zilei Na\u021bionale a Republicii Austria, la care gazd\u0103 a fost domnul Consul Onorific Andreas Huber. Excelen\u021ba Sa, doamna Ambasador Adelheid Folie s-a adresat celor peste 250 de invita\u021bi prezen\u021bi, [&hellip;]\" \/>\n<meta property=\"og:url\" content=\"http:\/\/ucor-ucor.ro\/new\/sarbatorirea-la-sibiu-a-zilei-nationale-a-republicii-austria\/\" \/>\n<meta property=\"og:site_name\" content=\"UCOR\" \/>\n<meta property=\"article:modified_time\" content=\"2022-11-11T06:56:32+00:00\" \/>\n<meta property=\"og:image\" content=\"http:\/\/ucor-ucor.ro\/new\/wp-content\/uploads\/2022\/11\/1-1024x681.jpg\" \/>\n<meta name=\"twitter:card\" content=\"summary_large_image\" \/>\n<meta name=\"twitter:label1\" content=\"Est. reading time\" \/>\n\t<meta name=\"twitter:data1\" content=\"4 minutes\" \/>\n<script type=\"application\/ld+json\" class=\"yoast-schema-graph\">{\"@context\":\"https:\/\/schema.org\",\"@graph\":[{\"@type\":\"WebPage\",\"@id\":\"http:\/\/ucor-ucor.ro\/new\/sarbatorirea-la-sibiu-a-zilei-nationale-a-republicii-austria\/\",\"url\":\"http:\/\/ucor-ucor.ro\/new\/sarbatorirea-la-sibiu-a-zilei-nationale-a-republicii-austria\/\",\"name\":\"S\u0103rb\u0103torirea la Sibiu a Zilei Na\u021bionale a Republicii Austria - UCOR\",\"isPartOf\":{\"@id\":\"https:\/\/ucor-ucor.ro\/new\/#website\"},\"primaryImageOfPage\":{\"@id\":\"http:\/\/ucor-ucor.ro\/new\/sarbatorirea-la-sibiu-a-zilei-nationale-a-republicii-austria\/#primaryimage\"},\"image\":{\"@id\":\"http:\/\/ucor-ucor.ro\/new\/sarbatorirea-la-sibiu-a-zilei-nationale-a-republicii-austria\/#primaryimage\"},\"thumbnailUrl\":\"http:\/\/ucor-ucor.ro\/new\/wp-content\/uploads\/2022\/11\/1-1024x681.jpg\",\"datePublished\":\"2022-11-11T06:33:50+00:00\",\"dateModified\":\"2022-11-11T06:56:32+00:00\",\"breadcrumb\":{\"@id\":\"http:\/\/ucor-ucor.ro\/new\/sarbatorirea-la-sibiu-a-zilei-nationale-a-republicii-austria\/#breadcrumb\"},\"inLanguage\":\"en-US\",\"potentialAction\":[{\"@type\":\"ReadAction\",\"target\":[\"http:\/\/ucor-ucor.ro\/new\/sarbatorirea-la-sibiu-a-zilei-nationale-a-republicii-austria\/\"]}]},{\"@type\":\"ImageObject\",\"inLanguage\":\"en-US\",\"@id\":\"http:\/\/ucor-ucor.ro\/new\/sarbatorirea-la-sibiu-a-zilei-nationale-a-republicii-austria\/#primaryimage\",\"url\":\"http:\/\/ucor-ucor.ro\/new\/wp-content\/uploads\/2022\/11\/1-scaled.jpg\",\"contentUrl\":\"http:\/\/ucor-ucor.ro\/new\/wp-content\/uploads\/2022\/11\/1-scaled.jpg\",\"width\":2560,\"height\":1703},{\"@type\":\"BreadcrumbList\",\"@id\":\"http:\/\/ucor-ucor.ro\/new\/sarbatorirea-la-sibiu-a-zilei-nationale-a-republicii-austria\/#breadcrumb\",\"itemListElement\":[{\"@type\":\"ListItem\",\"position\":1,\"name\":\"Home\",\"item\":\"https:\/\/ucor-ucor.ro\/new\/\"},{\"@type\":\"ListItem\",\"position\":2,\"name\":\"S\u0103rb\u0103torirea la Sibiu a Zilei Na\u021bionale a Republicii Austria\"}]},{\"@type\":\"WebSite\",\"@id\":\"https:\/\/ucor-ucor.ro\/new\/#website\",\"url\":\"https:\/\/ucor-ucor.ro\/new\/\",\"name\":\"UCOR\",\"description\":\"\",\"publisher\":{\"@id\":\"https:\/\/ucor-ucor.ro\/new\/#organization\"},\"potentialAction\":[{\"@type\":\"SearchAction\",\"target\":{\"@type\":\"EntryPoint\",\"urlTemplate\":\"https:\/\/ucor-ucor.ro\/new\/?s={search_term_string}\"},\"query-input\":\"required name=search_term_string\"}],\"inLanguage\":\"en-US\"},{\"@type\":\"Organization\",\"@id\":\"https:\/\/ucor-ucor.ro\/new\/#organization\",\"name\":\"UCOR\",\"url\":\"https:\/\/ucor-ucor.ro\/new\/\",\"logo\":{\"@type\":\"ImageObject\",\"inLanguage\":\"en-US\",\"@id\":\"https:\/\/ucor-ucor.ro\/new\/#\/schema\/logo\/image\/\",\"url\":\"http:\/\/ucor-ucor.ro\/new\/wp-content\/uploads\/2020\/06\/cropped-UCOR.png\",\"contentUrl\":\"http:\/\/ucor-ucor.ro\/new\/wp-content\/uploads\/2020\/06\/cropped-UCOR.png\",\"width\":395,\"height\":128,\"caption\":\"UCOR\"},\"image\":{\"@id\":\"https:\/\/ucor-ucor.ro\/new\/#\/schema\/logo\/image\/\"}}]}<\/script>\n<!-- \/ Yoast SEO plugin. -->","yoast_head_json":{"title":"S\u0103rb\u0103torirea la Sibiu a Zilei Na\u021bionale a Republicii Austria - UCOR","robots":{"index":"index","follow":"follow","max-snippet":"max-snippet:-1","max-image-preview":"max-image-preview:large","max-video-preview":"max-video-preview:-1"},"canonical":"http:\/\/ucor-ucor.ro\/new\/sarbatorirea-la-sibiu-a-zilei-nationale-a-republicii-austria\/","og_locale":"en_US","og_type":"article","og_title":"S\u0103rb\u0103torirea la Sibiu a Zilei Na\u021bionale a Republicii Austria - UCOR","og_description":"\u00cen data de 3 noiembrie 2022 a fost organizat\u0103 la Sibiu o recep\u021bie oficial\u0103 oferit\u0103 \u00een prezen\u021ba Excelen\u021bei Sale, doamna Ambasador Adelheid Folie, cu prilejul s\u0103rb\u0103toririi Zilei Na\u021bionale a Republicii Austria, la care gazd\u0103 a fost domnul Consul Onorific Andreas Huber. Excelen\u021ba Sa, doamna Ambasador Adelheid Folie s-a adresat celor peste 250 de invita\u021bi prezen\u021bi, [&hellip;]","og_url":"http:\/\/ucor-ucor.ro\/new\/sarbatorirea-la-sibiu-a-zilei-nationale-a-republicii-austria\/","og_site_name":"UCOR","article_modified_time":"2022-11-11T06:56:32+00:00","og_image":[{"url":"http:\/\/ucor-ucor.ro\/new\/wp-content\/uploads\/2022\/11\/1-1024x681.jpg"}],"twitter_card":"summary_large_image","twitter_misc":{"Est. reading time":"4 minutes"},"schema":{"@context":"https:\/\/schema.org","@graph":[{"@type":"WebPage","@id":"http:\/\/ucor-ucor.ro\/new\/sarbatorirea-la-sibiu-a-zilei-nationale-a-republicii-austria\/","url":"http:\/\/ucor-ucor.ro\/new\/sarbatorirea-la-sibiu-a-zilei-nationale-a-republicii-austria\/","name":"S\u0103rb\u0103torirea la Sibiu a Zilei Na\u021bionale a Republicii Austria - UCOR","isPartOf":{"@id":"https:\/\/ucor-ucor.ro\/new\/#website"},"primaryImageOfPage":{"@id":"http:\/\/ucor-ucor.ro\/new\/sarbatorirea-la-sibiu-a-zilei-nationale-a-republicii-austria\/#primaryimage"},"image":{"@id":"http:\/\/ucor-ucor.ro\/new\/sarbatorirea-la-sibiu-a-zilei-nationale-a-republicii-austria\/#primaryimage"},"thumbnailUrl":"http:\/\/ucor-ucor.ro\/new\/wp-content\/uploads\/2022\/11\/1-1024x681.jpg","datePublished":"2022-11-11T06:33:50+00:00","dateModified":"2022-11-11T06:56:32+00:00","breadcrumb":{"@id":"http:\/\/ucor-ucor.ro\/new\/sarbatorirea-la-sibiu-a-zilei-nationale-a-republicii-austria\/#breadcrumb"},"inLanguage":"en-US","potentialAction":[{"@type":"ReadAction","target":["http:\/\/ucor-ucor.ro\/new\/sarbatorirea-la-sibiu-a-zilei-nationale-a-republicii-austria\/"]}]},{"@type":"ImageObject","inLanguage":"en-US","@id":"http:\/\/ucor-ucor.ro\/new\/sarbatorirea-la-sibiu-a-zilei-nationale-a-republicii-austria\/#primaryimage","url":"http:\/\/ucor-ucor.ro\/new\/wp-content\/uploads\/2022\/11\/1-scaled.jpg","contentUrl":"http:\/\/ucor-ucor.ro\/new\/wp-content\/uploads\/2022\/11\/1-scaled.jpg","width":2560,"height":1703},{"@type":"BreadcrumbList","@id":"http:\/\/ucor-ucor.ro\/new\/sarbatorirea-la-sibiu-a-zilei-nationale-a-republicii-austria\/#breadcrumb","itemListElement":[{"@type":"ListItem","position":1,"name":"Home","item":"https:\/\/ucor-ucor.ro\/new\/"},{"@type":"ListItem","position":2,"name":"S\u0103rb\u0103torirea la Sibiu a Zilei Na\u021bionale a Republicii Austria"}]},{"@type":"WebSite","@id":"https:\/\/ucor-ucor.ro\/new\/#website","url":"https:\/\/ucor-ucor.ro\/new\/","name":"UCOR","description":"","publisher":{"@id":"https:\/\/ucor-ucor.ro\/new\/#organization"},"potentialAction":[{"@type":"SearchAction","target":{"@type":"EntryPoint","urlTemplate":"https:\/\/ucor-ucor.ro\/new\/?s={search_term_string}"},"query-input":"required name=search_term_string"}],"inLanguage":"en-US"},{"@type":"Organization","@id":"https:\/\/ucor-ucor.ro\/new\/#organization","name":"UCOR","url":"https:\/\/ucor-ucor.ro\/new\/","logo":{"@type":"ImageObject","inLanguage":"en-US","@id":"https:\/\/ucor-ucor.ro\/new\/#\/schema\/logo\/image\/","url":"http:\/\/ucor-ucor.ro\/new\/wp-content\/uploads\/2020\/06\/cropped-UCOR.png","contentUrl":"http:\/\/ucor-ucor.ro\/new\/wp-content\/uploads\/2020\/06\/cropped-UCOR.png","width":395,"height":128,"caption":"UCOR"},"image":{"@id":"https:\/\/ucor-ucor.ro\/new\/#\/schema\/logo\/image\/"}}]}},"_links":{"self":[{"href":"http:\/\/ucor-ucor.ro\/new\/wp-json\/wp\/v2\/pages\/860"}],"collection":[{"href":"http:\/\/ucor-ucor.ro\/new\/wp-json\/wp\/v2\/pages"}],"about":[{"href":"http:\/\/ucor-ucor.ro\/new\/wp-json\/wp\/v2\/types\/page"}],"author":[{"embeddable":true,"href":"http:\/\/ucor-ucor.ro\/new\/wp-json\/wp\/v2\/users\/1"}],"replies":[{"embeddable":true,"href":"http:\/\/ucor-ucor.ro\/new\/wp-json\/wp\/v2\/comments?post=860"}],"version-history":[{"count":3,"href":"http:\/\/ucor-ucor.ro\/new\/wp-json\/wp\/v2\/pages\/860\/revisions"}],"predecessor-version":[{"id":869,"href":"http:\/\/ucor-ucor.ro\/new\/wp-json\/wp\/v2\/pages\/860\/revisions\/869"}],"wp:attachment":[{"href":"http:\/\/ucor-ucor.ro\/new\/wp-json\/wp\/v2\/media?parent=860"}],"curies":[{"name":"wp","href":"https:\/\/api.w.org\/{rel}","templated":true}]}}