{"id":732,"date":"2022-05-12T06:03:58","date_gmt":"2022-05-12T06:03:58","guid":{"rendered":"http:\/\/ucor-ucor.ro\/new\/?page_id=732"},"modified":"2022-05-12T06:05:56","modified_gmt":"2022-05-12T06:05:56","slug":"declaratia-de-presa-comuna-a-consulilor-din-sibiu-cu-ocazia-zilei-europei","status":"publish","type":"page","link":"http:\/\/ucor-ucor.ro\/new\/declaratia-de-presa-comuna-a-consulilor-din-sibiu-cu-ocazia-zilei-europei\/","title":{"rendered":"Declaratia de pres\u0103 comun\u0103 a Consulilor din Sibiu cu ocazia Zilei Europei."},"content":{"rendered":"\n<p>\u201ePacea mondial\u0103 nu poate fi men\u021binut\u0103 f\u0103r\u0103 eforturi creative care s\u0103 corespund\u0103 pericolelor care o amenin\u021b\u0103\u201d.<\/p>\n\n\n\n<p>Aceasta este prima fraz\u0103 din discursul revolu\u021bionar al lui Robert Schumann, ministru de externe francez din acea perioad\u0103, pe care acesta l-a sus\u021binut \u00een data de 9 mai 1950. Acesta este considerat a fi actul de na\u0219tere al actualei Uniuni Europene. 72 de ani mai t\u00e2rziu fraza pare a fi rostit\u0103 cu doar c\u00e2teva clipe \u00een urm\u0103, fiind ap\u0103s\u0103tor de actual\u0103, a\u0219a cum nu a mai fost de mult timp.&nbsp;<\/p>\n\n\n\n<p>Din anul 2007, deci de exact 15 ani, Rom\u00e2nia este membr\u0103 a acestei Uniuni, a acestei comunit\u0103\u021bi de state, c\u0103reia cu 10 ani \u00een urm\u0103 i-a fost decernat premiul Nobel pentru pace. O recunoa\u0219tere pentru cei 60 de ani de pace, reconciliere \u0219i democra\u021bie. Bucuria datorat\u0103 acestei zile festive \u0219i acestor dou\u0103 anivers\u0103ri este umbrit\u0103 de ororile cauzate de r\u0103zboiul din \u021bara vecin\u0103 \u0219i de grijile mari cu privire la viitorul frumosului nostru continent. \u00cen aceast\u0103 perioad\u0103 dificil\u0103 devine tot mai evident c\u00e2t de important\u0103 este unitatea bazat\u0103 pe \u00eencredere reciproc\u0103 \u00een Uniunea European\u0103.<\/p>\n\n\n\n<p>Din mijlocul acestei comunit\u0103\u021bi care ne fortific\u0103, am dori s\u0103 trimitem un semnal \u0219i s\u0103 \u00eei sprijinim pe cei de pe continentul nostru care acum sunt afecta\u021bi de r\u0103zboi. \u00cen calitate de membrii ai corpului consular din Sibiu facem un pas mai pu\u021bin obi\u0219nuit, de a v\u0103 \u00eencuraja pe to\u021bi cei care citi\u021bi aceste r\u00e2nduri s\u0103 participa\u021bi, cu ocazia Zilei Europei, cu o dona\u021bie pentru cei refugia\u021bi din Ucraina la Sibiu.<\/p>\n\n\n\n<p>Organiza\u021bia Funda\u021bia Comunitar\u0103 Sibiu se ocup\u0103 \u00eempreun\u0103 cu al\u021bi parteneri locali ca fondurile \u0219i alte bunuri donate s\u0103 ajung\u0103 acolo unde dificult\u0103\u021bile sunt cu adev\u0103rat mari. Pe pagina <a href=\"https:\/\/ocomunitate.ro\/\">https:\/\/ocomunitate.ro\/<\/a> g\u0103si\u021bi toate informa\u021biile necesare cu privire la ce a fost deja realizat \u0219i ceea ce este imperios necesar \u00een prezent \u0219i pute\u021bi face o dona\u021bie direct acolo.<\/p>\n\n\n\n<p>Dificult\u0103\u021bile \u00eent\u00e2mpinate de cei refugia\u021bi sunt de durat\u0103.<\/p>\n\n\n\n<p>Cu ocazia acestei zile de 09 mai 2022, Ziua Europei, s\u0103 lu\u0103m bucuria pe care ne-o d\u0103 apartenten\u021ba la comunitatea noastr\u0103 \u0219i pacea care ne une\u0219te ca motive de a alina pu\u021bin suferin\u021ba refugia\u021bilor ucraineni.<\/p>\n\n\n\n<p>Kerstin Ursula Jahn, Consul al Republicii Federale Germania la Sibiu<\/p>\n\n\n\n<p>Andreas Huber, Consul Onorific al Republicii Austria la Sibiu<\/p>\n\n\n\n<p>Daniel Plier, Consul Onorific al Marelui Ducat de Luxemburg la Sibiu<\/p>\n\n\n\n<p>Jonathan Scifo Diamantino, Consul Onorific al Republicii Malta<\/p>\n\n\n\n<p>\u201eDer Friede der Welt kann nicht gewahrt werden ohne sch\u00f6pferische Anstrengungen, die der Gr\u00f6\u00dfe der Bedrohung entsprechen.\u201c<\/p>\n\n\n\n<p>Dies ist der erste Satz aus der bahnbrechenden Rede, die Robert Schumann, damaliger franz\u00f6sischer Au\u00dfenminister, am 09. Mai 1950 hielt. Sie gilt als Geburtsstunde der heutigen Europ\u00e4ischen Union. 72 Jahre sp\u00e4ter erscheint uns dieser Satz wie soeben ausgesprochen, bedr\u00fcckend aktueller als seit langer Zeit.<\/p>\n\n\n\n<p>Seit 2007, also seit genau 15 Jahren, ist Rum\u00e4nien Mitglied dieser Union, dieser Staatengemeinschaft, die vor 10 Jahren den Friedensnobelpreis erhielt. Eine Anerkennung f\u00fcr \u00fcber 60 Jahre Frieden, Vers\u00f6hnung und Demokratie. In die Freude \u00fcber den Jahrestag und diese beiden Jubil\u00e4en mischen sich Entsetzen \u00fcber den Krieg im Nachbarland und gro\u00dfe Sorge um die Zukunft unseres sch\u00f6nen Kontinentes. In diesen schweren Zeiten wird uns umso deutlicher, wie wichtig der auf gegenseitigem Vertrauen basierende Zusammenhalt in der EU ist.<\/p>\n\n\n\n<p>Aus der uns st\u00e4rkenden Gemeinschaft heraus m\u00f6chten wir ein Zeichen setzen und denen helfen, die vom Krieg auf unserem Kontinent betroffen sind. Als Mitglieder des Corps Consulaire in Hermannstadt\/ Sibiu gehen wir daher den ungew\u00f6hnlichen Schritt, Sie alle, die diese Zeilen lesen, zu ermuntern, anl\u00e4sslich des Europatages f\u00fcr die vor dem Krieg in der Ukraine Gefl\u00fcchteten zu spenden.<\/p>\n\n\n\n<p>Die Fundatia Comunitara Sibiu sorgt mit anderen Partnern daf\u00fcr, dass Gelder und Hilfsmittel da ankommen, wo die Not gro\u00df ist. Auf der Internetseite <a href=\"https:\/\/ocomunitate.ro\/\">https:\/\/ocomunitate.ro\/<\/a> finden Sie alle notwendigen Informationen \u00fcber das schon Erreichte und das dringend Ben\u00f6tigte und Sie k\u00f6nnen dort direkt spenden.<\/p>\n\n\n\n<p>Die Not dauert an.<\/p>\n\n\n\n<p>Nehmen wir die Freude \u00fcber die Gemeinschaft und den uns verbindenden Frieden an diesem &nbsp;09. Mai 2022, dem Europatag, zum Anlass, durch unsere Spenden die Not der Gefl\u00fcchteten ein wenig zu lindern.<\/p>\n\n\n\n<p>Kerstin Ursula Jahn, deutsche Konsulin<\/p>\n\n\n\n<p>Andreas Huber; \u00f6sterreichischer HK<\/p>\n\n\n\n<p>Daniel Plier, luxemburger HK<\/p>\n\n\n\n<p>Jonathan Scifo Diamantino, maltesischer HK<\/p>\n\n\n\n<ol type=\"1\"><li><a href=\"https:\/\/www.hermannstaedter.ro\/2022\/05\/freude-und-sorge\/\">https:\/\/www.hermannstaedter.ro\/2022\/05\/freude-und-sorge\/<\/a><\/li><\/ol>\n\n\n\n<ul><li><a href=\"https:\/\/www.agerpres.ro\/comunicate\/2022\/05\/09\/comunicat-de-presa-consulatul-general-al-republicii-federale-germania-la-sibiu--914523\">https:\/\/www.agerpres.ro\/comunicate\/2022\/05\/09\/comunicat-de-presa-consulatul-general-al-republicii-federale-germania-la-sibiu&#8211;914523<\/a><\/li><\/ul>\n\n\n\n<ul><li><a href=\"https:\/\/www.amosnews.ro\/declaratie-de-presa-a-corpului-consular-din-sibiu-cu-ocazia-zilei-europei\/\">https:\/\/www.amosnews.ro\/declaratie-de-presa-a-corpului-consular-din-sibiu-cu-ocazia-zilei-europei\/<\/a><\/li><\/ul>\n\n\n\n<ul><li><a href=\"https:\/\/www.stiridesibiu.ro\/stiri\/de-ziua-europei-corpul-consular-din-sibiu-indeamna-la-donatii-pentru-refugiatii-ucraineni\">https:\/\/www.stiridesibiu.ro\/stiri\/de-ziua-europei-corpul-consular-din-sibiu-indeamna-la-donatii-pentru-refugiatii-ucraineni<\/a><\/li><\/ul>\n\n\n\n<ul><li><a href=\"https:\/\/stradacetatii.ro\/2022\/05\/corpul-consular-ii-incurajeaza-pe-sibieni-sa-doneze-pentru-refugiatii-ucraineni-de-ziua-europei\/\">https:\/\/stradacetatii.ro\/2022\/05\/corpul-consular-ii-incurajeaza-pe-sibieni-sa-doneze-pentru-refugiatii-ucraineni-de-ziua-europei\/<\/a><\/li><\/ul>\n\n\n\n<ul><li><a href=\"https:\/\/starsibian.ro\/declaratie-de-presa-a-corpului-consular-din-sibiu-cu-ocazia-zilei-europei\/?fbclid=IwAR3c0U1uaZw4mwrnD3NwkNdkgeO33DnyF5U6LOt0rJWcXxHAj2MDsFc_c8U\">https:\/\/starsibian.ro\/declaratie-de-presa-a-corpului-consular-din-sibiu-cu-ocazia-zilei-europei\/?fbclid=IwAR3c0U1uaZw4mwrnD3NwkNdkgeO33DnyF5U6LOt0rJWcXxHAj2MDsFc_c8U<\/a><\/li><\/ul>\n\n\n\n<ul><li><a href=\"https:\/\/www.instagram.com\/p\/CdVFLIVqE3x\/\">https:\/\/www.instagram.com\/p\/CdVFLIVqE3x\/<\/a><\/li><\/ul>\n\n\n\n<div class=\"wp-block-file\"><a href=\"http:\/\/ucor-ucor.ro\/new\/wp-content\/uploads\/2022\/05\/2768-I.pdf\">Gemeinsames Pressestatement des Corps Consulaire in Hermannstadt zum Europatag<\/a><a href=\"http:\/\/ucor-ucor.ro\/new\/wp-content\/uploads\/2022\/05\/2768-I.pdf\" class=\"wp-block-file__button\" download>Download<\/a><\/div>\n","protected":false},"excerpt":{"rendered":"<p>\u201ePacea mondial\u0103 nu poate fi men\u021binut\u0103 f\u0103r\u0103 eforturi creative care s\u0103 corespund\u0103 pericolelor care o amenin\u021b\u0103\u201d. Aceasta este prima fraz\u0103 din discursul revolu\u021bionar al lui Robert Schumann, ministru de externe francez din acea perioad\u0103, pe care acesta l-a sus\u021binut \u00een data de 9 mai 1950. Acesta este considerat a fi actul de na\u0219tere al actualei [&hellip;]<\/p>\n","protected":false},"author":1,"featured_media":0,"parent":0,"menu_order":0,"comment_status":"closed","ping_status":"closed","template":"templates\/template-full-width.php","meta":{"footnotes":""},"yoast_head":"<!-- This site is optimized with the Yoast SEO plugin v22.5 - https:\/\/yoast.com\/wordpress\/plugins\/seo\/ -->\n<title>Declaratia de pres\u0103 comun\u0103 a Consulilor din Sibiu cu ocazia Zilei Europei. - UCOR<\/title>\n<meta name=\"robots\" content=\"index, follow, max-snippet:-1, max-image-preview:large, max-video-preview:-1\" \/>\n<link rel=\"canonical\" href=\"http:\/\/ucor-ucor.ro\/new\/declaratia-de-presa-comuna-a-consulilor-din-sibiu-cu-ocazia-zilei-europei\/\" \/>\n<meta property=\"og:locale\" content=\"en_US\" \/>\n<meta property=\"og:type\" content=\"article\" \/>\n<meta property=\"og:title\" content=\"Declaratia de pres\u0103 comun\u0103 a Consulilor din Sibiu cu ocazia Zilei Europei. - UCOR\" \/>\n<meta property=\"og:description\" content=\"\u201ePacea mondial\u0103 nu poate fi men\u021binut\u0103 f\u0103r\u0103 eforturi creative care s\u0103 corespund\u0103 pericolelor care o amenin\u021b\u0103\u201d. Aceasta este prima fraz\u0103 din discursul revolu\u021bionar al lui Robert Schumann, ministru de externe francez din acea perioad\u0103, pe care acesta l-a sus\u021binut \u00een data de 9 mai 1950. Acesta este considerat a fi actul de na\u0219tere al actualei [&hellip;]\" \/>\n<meta property=\"og:url\" content=\"http:\/\/ucor-ucor.ro\/new\/declaratia-de-presa-comuna-a-consulilor-din-sibiu-cu-ocazia-zilei-europei\/\" \/>\n<meta property=\"og:site_name\" content=\"UCOR\" \/>\n<meta property=\"article:modified_time\" content=\"2022-05-12T06:05:56+00:00\" \/>\n<meta name=\"twitter:card\" content=\"summary_large_image\" \/>\n<meta name=\"twitter:label1\" content=\"Est. reading time\" \/>\n\t<meta name=\"twitter:data1\" content=\"4 minutes\" \/>\n<script type=\"application\/ld+json\" class=\"yoast-schema-graph\">{\"@context\":\"https:\/\/schema.org\",\"@graph\":[{\"@type\":\"WebPage\",\"@id\":\"http:\/\/ucor-ucor.ro\/new\/declaratia-de-presa-comuna-a-consulilor-din-sibiu-cu-ocazia-zilei-europei\/\",\"url\":\"http:\/\/ucor-ucor.ro\/new\/declaratia-de-presa-comuna-a-consulilor-din-sibiu-cu-ocazia-zilei-europei\/\",\"name\":\"Declaratia de pres\u0103 comun\u0103 a Consulilor din Sibiu cu ocazia Zilei Europei. - UCOR\",\"isPartOf\":{\"@id\":\"https:\/\/ucor-ucor.ro\/new\/#website\"},\"datePublished\":\"2022-05-12T06:03:58+00:00\",\"dateModified\":\"2022-05-12T06:05:56+00:00\",\"breadcrumb\":{\"@id\":\"http:\/\/ucor-ucor.ro\/new\/declaratia-de-presa-comuna-a-consulilor-din-sibiu-cu-ocazia-zilei-europei\/#breadcrumb\"},\"inLanguage\":\"en-US\",\"potentialAction\":[{\"@type\":\"ReadAction\",\"target\":[\"http:\/\/ucor-ucor.ro\/new\/declaratia-de-presa-comuna-a-consulilor-din-sibiu-cu-ocazia-zilei-europei\/\"]}]},{\"@type\":\"BreadcrumbList\",\"@id\":\"http:\/\/ucor-ucor.ro\/new\/declaratia-de-presa-comuna-a-consulilor-din-sibiu-cu-ocazia-zilei-europei\/#breadcrumb\",\"itemListElement\":[{\"@type\":\"ListItem\",\"position\":1,\"name\":\"Home\",\"item\":\"https:\/\/ucor-ucor.ro\/new\/\"},{\"@type\":\"ListItem\",\"position\":2,\"name\":\"Declaratia de pres\u0103 comun\u0103 a Consulilor din Sibiu cu ocazia Zilei Europei.\"}]},{\"@type\":\"WebSite\",\"@id\":\"https:\/\/ucor-ucor.ro\/new\/#website\",\"url\":\"https:\/\/ucor-ucor.ro\/new\/\",\"name\":\"UCOR\",\"description\":\"\",\"publisher\":{\"@id\":\"https:\/\/ucor-ucor.ro\/new\/#organization\"},\"potentialAction\":[{\"@type\":\"SearchAction\",\"target\":{\"@type\":\"EntryPoint\",\"urlTemplate\":\"https:\/\/ucor-ucor.ro\/new\/?s={search_term_string}\"},\"query-input\":\"required name=search_term_string\"}],\"inLanguage\":\"en-US\"},{\"@type\":\"Organization\",\"@id\":\"https:\/\/ucor-ucor.ro\/new\/#organization\",\"name\":\"UCOR\",\"url\":\"https:\/\/ucor-ucor.ro\/new\/\",\"logo\":{\"@type\":\"ImageObject\",\"inLanguage\":\"en-US\",\"@id\":\"https:\/\/ucor-ucor.ro\/new\/#\/schema\/logo\/image\/\",\"url\":\"http:\/\/ucor-ucor.ro\/new\/wp-content\/uploads\/2020\/06\/cropped-UCOR.png\",\"contentUrl\":\"http:\/\/ucor-ucor.ro\/new\/wp-content\/uploads\/2020\/06\/cropped-UCOR.png\",\"width\":395,\"height\":128,\"caption\":\"UCOR\"},\"image\":{\"@id\":\"https:\/\/ucor-ucor.ro\/new\/#\/schema\/logo\/image\/\"}}]}<\/script>\n<!-- \/ Yoast SEO plugin. -->","yoast_head_json":{"title":"Declaratia de pres\u0103 comun\u0103 a Consulilor din Sibiu cu ocazia Zilei Europei. - UCOR","robots":{"index":"index","follow":"follow","max-snippet":"max-snippet:-1","max-image-preview":"max-image-preview:large","max-video-preview":"max-video-preview:-1"},"canonical":"http:\/\/ucor-ucor.ro\/new\/declaratia-de-presa-comuna-a-consulilor-din-sibiu-cu-ocazia-zilei-europei\/","og_locale":"en_US","og_type":"article","og_title":"Declaratia de pres\u0103 comun\u0103 a Consulilor din Sibiu cu ocazia Zilei Europei. - UCOR","og_description":"\u201ePacea mondial\u0103 nu poate fi men\u021binut\u0103 f\u0103r\u0103 eforturi creative care s\u0103 corespund\u0103 pericolelor care o amenin\u021b\u0103\u201d. Aceasta este prima fraz\u0103 din discursul revolu\u021bionar al lui Robert Schumann, ministru de externe francez din acea perioad\u0103, pe care acesta l-a sus\u021binut \u00een data de 9 mai 1950. Acesta este considerat a fi actul de na\u0219tere al actualei [&hellip;]","og_url":"http:\/\/ucor-ucor.ro\/new\/declaratia-de-presa-comuna-a-consulilor-din-sibiu-cu-ocazia-zilei-europei\/","og_site_name":"UCOR","article_modified_time":"2022-05-12T06:05:56+00:00","twitter_card":"summary_large_image","twitter_misc":{"Est. reading time":"4 minutes"},"schema":{"@context":"https:\/\/schema.org","@graph":[{"@type":"WebPage","@id":"http:\/\/ucor-ucor.ro\/new\/declaratia-de-presa-comuna-a-consulilor-din-sibiu-cu-ocazia-zilei-europei\/","url":"http:\/\/ucor-ucor.ro\/new\/declaratia-de-presa-comuna-a-consulilor-din-sibiu-cu-ocazia-zilei-europei\/","name":"Declaratia de pres\u0103 comun\u0103 a Consulilor din Sibiu cu ocazia Zilei Europei. - UCOR","isPartOf":{"@id":"https:\/\/ucor-ucor.ro\/new\/#website"},"datePublished":"2022-05-12T06:03:58+00:00","dateModified":"2022-05-12T06:05:56+00:00","breadcrumb":{"@id":"http:\/\/ucor-ucor.ro\/new\/declaratia-de-presa-comuna-a-consulilor-din-sibiu-cu-ocazia-zilei-europei\/#breadcrumb"},"inLanguage":"en-US","potentialAction":[{"@type":"ReadAction","target":["http:\/\/ucor-ucor.ro\/new\/declaratia-de-presa-comuna-a-consulilor-din-sibiu-cu-ocazia-zilei-europei\/"]}]},{"@type":"BreadcrumbList","@id":"http:\/\/ucor-ucor.ro\/new\/declaratia-de-presa-comuna-a-consulilor-din-sibiu-cu-ocazia-zilei-europei\/#breadcrumb","itemListElement":[{"@type":"ListItem","position":1,"name":"Home","item":"https:\/\/ucor-ucor.ro\/new\/"},{"@type":"ListItem","position":2,"name":"Declaratia de pres\u0103 comun\u0103 a Consulilor din Sibiu cu ocazia Zilei Europei."}]},{"@type":"WebSite","@id":"https:\/\/ucor-ucor.ro\/new\/#website","url":"https:\/\/ucor-ucor.ro\/new\/","name":"UCOR","description":"","publisher":{"@id":"https:\/\/ucor-ucor.ro\/new\/#organization"},"potentialAction":[{"@type":"SearchAction","target":{"@type":"EntryPoint","urlTemplate":"https:\/\/ucor-ucor.ro\/new\/?s={search_term_string}"},"query-input":"required name=search_term_string"}],"inLanguage":"en-US"},{"@type":"Organization","@id":"https:\/\/ucor-ucor.ro\/new\/#organization","name":"UCOR","url":"https:\/\/ucor-ucor.ro\/new\/","logo":{"@type":"ImageObject","inLanguage":"en-US","@id":"https:\/\/ucor-ucor.ro\/new\/#\/schema\/logo\/image\/","url":"http:\/\/ucor-ucor.ro\/new\/wp-content\/uploads\/2020\/06\/cropped-UCOR.png","contentUrl":"http:\/\/ucor-ucor.ro\/new\/wp-content\/uploads\/2020\/06\/cropped-UCOR.png","width":395,"height":128,"caption":"UCOR"},"image":{"@id":"https:\/\/ucor-ucor.ro\/new\/#\/schema\/logo\/image\/"}}]}},"_links":{"self":[{"href":"http:\/\/ucor-ucor.ro\/new\/wp-json\/wp\/v2\/pages\/732"}],"collection":[{"href":"http:\/\/ucor-ucor.ro\/new\/wp-json\/wp\/v2\/pages"}],"about":[{"href":"http:\/\/ucor-ucor.ro\/new\/wp-json\/wp\/v2\/types\/page"}],"author":[{"embeddable":true,"href":"http:\/\/ucor-ucor.ro\/new\/wp-json\/wp\/v2\/users\/1"}],"replies":[{"embeddable":true,"href":"http:\/\/ucor-ucor.ro\/new\/wp-json\/wp\/v2\/comments?post=732"}],"version-history":[{"count":3,"href":"http:\/\/ucor-ucor.ro\/new\/wp-json\/wp\/v2\/pages\/732\/revisions"}],"predecessor-version":[{"id":737,"href":"http:\/\/ucor-ucor.ro\/new\/wp-json\/wp\/v2\/pages\/732\/revisions\/737"}],"wp:attachment":[{"href":"http:\/\/ucor-ucor.ro\/new\/wp-json\/wp\/v2\/media?parent=732"}],"curies":[{"name":"wp","href":"https:\/\/api.w.org\/{rel}","templated":true}]}}