{"id":680,"date":"2022-05-09T15:46:09","date_gmt":"2022-05-09T15:46:09","guid":{"rendered":"http:\/\/ucor-ucor.ro\/new\/?page_id=680"},"modified":"2022-05-12T06:25:25","modified_gmt":"2022-05-12T06:25:25","slug":"conferinta-smart-airport-cities-si-vizita-aeroportului-ghimbav-brasov","status":"publish","type":"page","link":"http:\/\/ucor-ucor.ro\/new\/conferinta-smart-airport-cities-si-vizita-aeroportului-ghimbav-brasov\/","title":{"rendered":"Conferinta SMART AIRPORT CITIES si vizita aeroportului Ghimbav-Brasov"},"content":{"rendered":"\n<p>\u00cen data de 9 mai 2022, Prim\u0103ria Ghimbav a organizat conferin\u0163a de dezvoltare regional\u0103 inteligent\u0103 \u201eSmart Airport Cities\u201d, \u00een contextul \u00een care preg\u0103te\u015fte strategia de dezvoltare a ora\u015fului.<\/p>\n\n\n\n<p>Domnul Consul Onorific Andreas Huber a prezentat cu aceast\u0103 ocazie mesajul ES doamnei Adelheid Folie- Ambasadorul Austriei la Bucuresti, din care mentionam c\u00e2teva idei transmise, si anume:<\/p>\n\n\n\n<p>\u201c<em>O singur\u0103 privire la invita\u021bia foarte reu\u0219it\u0103 arat\u0103 clar: accentul este pus pe viitorul aeroport interna\u021bional Kronstadt-Weidenbach\/Brasov-Ghimbav.<\/em><\/p>\n\n\n\n<p><em>Mobilitatea inteligent\u0103, conectivitatea \u0219i sustenabilitatea sunt aspecte esen\u021biale pentru turism, comer\u021b, industrie, transport de marf\u0103 \u0219i, desigur, \u0219i pentru pia\u021ba muncii.<\/em><\/p>\n\n\n\n<p><em>Nu doar \u201eSmart Airport City\u201d Kronstadt\/Brasov, ci \u0219i \u00eentreaga regiune va beneficia de avantajele pentru economie \u0219i turism.<\/em><\/p>\n\n\n\n<p><em>\u00cen acest context, se cuvine ca IRE- Institutul Regiunilor Europei s\u0103 fie partenerul oficial al conferin\u021bei. Institutul din Salzburg \u00ee\u0219i propune s\u0103 fie european \u0219i regional, precum \u0219i s\u0103 creeze o re\u021bea de oameni. Contactele interpersonale sunt foarte importante \u0219i aeroportul va contribui \u0219i el la acest lucru.<\/em><\/p>\n\n\n\n<p><em>Ziua desf\u0103\u0219ur\u0103rii acestei conferin\u021be cu siguran\u021b\u0103 nu a fost aleas\u0103 \u00eent\u00e2mpl\u0103tor. Este o zi special\u0103 pentru c\u0103 ast\u0103zi este Ziua Europei. Este, de asemenea, o Ziua Europei cu totul special\u0103, deoarece 2022 marcheaz\u0103 a 15-a aniversare de la aderarea Rom\u00e2niei la UE<\/em>.\u201d , a cuprins mesajul ES doamnei Adelheid Folie- Ambasadorul Austriei la Bucuresti.<\/p>\n\n\n\n<p>Evenimentul \u201eSmart Airport Cities\u201ddesfasurat in data de 9 mai la Ghimbav, la care au participat un num\u0103r de aproximativ 150 de invita\u0163i, a fost organizat de Primaria si Consiliul Local Ghimbav , Sectia Comerciala a Ambasadei Austriei la Bucuresti-Advantage Austria, CCI-Camera de Comert si Industrie Franceza-Romana, &nbsp;Camera de Comert Elvetia-Romania, Camera de Comert Belgia-Luxemburg-Romania-Moldova, \u00een parteneriat cu Consiliul Judetean Brasov, Camera de Comert si Industrie Brasov, IRE-Institut der Regionen Europas, Camera de Comert si Industrie Brasov, precum si Agentia Consulara a Frantei la Brasov\/Alianta Franceza din Brasov \u2013reprezentata de domnul Consul Onorific Ion-Valeriu Ciolacu, si Consiliul UE -\u00een contextul pre\u0219edin\u021biei franceze a Consiliului UE(PFUE).<\/p>\n\n\n\n<p>La eveniment au participat: E.S. domnul Arthur Mattli -Ambasadorul Federatiei Elvetiene la Bucuresti, reprezentanti ai ambasadelor Germaniei, Frantei, Austriei si Belgiei, reprezentanti ai corpului consular din Romania, precum si alti reprezentanti ai autoritatilor locale ale judetului Brasov.<\/p>\n\n\n\n<p>Aparitii media:<\/p>\n\n\n\n<figure class=\"wp-block-embed is-type-wp-embed is-provider-stiri-brasov-newsbv-news-brasov wp-block-embed-stiri-brasov-newsbv-news-brasov\"><div class=\"wp-block-embed__wrapper\">\nhttps:\/\/newsbv.ro\/2022\/05\/09\/airport-cities-conferinta-de-dezvoltare-regionala-inteligenta-airport-cities-video-primaria-ghimbav-consiliul-judetean-brasov-ionel-fliundra-adrian-vestea\/\n<\/div><\/figure>\n\n\n\n<p><a href=\"https:\/\/www.radiobrasovfm.ro\/stire\/despre-viitorul-aeroporturilor-regionale-la-ghimbav-la-cea-de-a-doua-ediie-a-conferinei-smart-airport-cities\/3507531\/5781\/5\">https:\/\/www.radiobrasovfm.ro\/stire\/despre-viitorul-aeroporturilor-regionale-la-ghimbav-la-cea-de-a-doua-ediie-a-conferinei-smart-airport-cities\/3507531\/5781\/5<\/a><\/p>\n\n\n\n<figure class=\"wp-block-gallery columns-3 is-cropped wp-block-gallery-1 is-layout-flex wp-block-gallery-is-layout-flex\"><ul class=\"blocks-gallery-grid\"><li class=\"blocks-gallery-item\"><figure><img fetchpriority=\"high\" decoding=\"async\" width=\"1024\" height=\"768\" src=\"http:\/\/ucor-ucor.ro\/new\/wp-content\/uploads\/2022\/05\/IMG-20220509-WA0000.jpg\" alt=\"\" data-id=\"684\" data-full-url=\"http:\/\/ucor-ucor.ro\/new\/wp-content\/uploads\/2022\/05\/IMG-20220509-WA0000.jpg\" data-link=\"http:\/\/ucor-ucor.ro\/new\/conferinta-smart-airport-cities-si-vizita-aeroportului-ghimbav-brasov\/img-20220509-wa0000\/\" class=\"wp-image-684\" srcset=\"http:\/\/ucor-ucor.ro\/new\/wp-content\/uploads\/2022\/05\/IMG-20220509-WA0000.jpg 1024w, http:\/\/ucor-ucor.ro\/new\/wp-content\/uploads\/2022\/05\/IMG-20220509-WA0000-300x225.jpg 300w, http:\/\/ucor-ucor.ro\/new\/wp-content\/uploads\/2022\/05\/IMG-20220509-WA0000-768x576.jpg 768w\" sizes=\"(max-width: 1024px) 100vw, 1024px\" \/><\/figure><\/li><li class=\"blocks-gallery-item\"><figure><img decoding=\"async\" width=\"1024\" height=\"768\" src=\"http:\/\/ucor-ucor.ro\/new\/wp-content\/uploads\/2022\/05\/IMG-20220509-WA0001.jpg\" alt=\"\" data-id=\"685\" data-full-url=\"http:\/\/ucor-ucor.ro\/new\/wp-content\/uploads\/2022\/05\/IMG-20220509-WA0001.jpg\" data-link=\"http:\/\/ucor-ucor.ro\/new\/conferinta-smart-airport-cities-si-vizita-aeroportului-ghimbav-brasov\/img-20220509-wa0001\/\" class=\"wp-image-685\" srcset=\"http:\/\/ucor-ucor.ro\/new\/wp-content\/uploads\/2022\/05\/IMG-20220509-WA0001.jpg 1024w, http:\/\/ucor-ucor.ro\/new\/wp-content\/uploads\/2022\/05\/IMG-20220509-WA0001-300x225.jpg 300w, http:\/\/ucor-ucor.ro\/new\/wp-content\/uploads\/2022\/05\/IMG-20220509-WA0001-768x576.jpg 768w\" sizes=\"(max-width: 1024px) 100vw, 1024px\" \/><\/figure><\/li><li class=\"blocks-gallery-item\"><figure><img decoding=\"async\" width=\"1024\" height=\"768\" src=\"http:\/\/ucor-ucor.ro\/new\/wp-content\/uploads\/2022\/05\/IMG-20220509-WA0003.jpg\" alt=\"\" data-id=\"686\" data-full-url=\"http:\/\/ucor-ucor.ro\/new\/wp-content\/uploads\/2022\/05\/IMG-20220509-WA0003.jpg\" data-link=\"http:\/\/ucor-ucor.ro\/new\/conferinta-smart-airport-cities-si-vizita-aeroportului-ghimbav-brasov\/img-20220509-wa0003\/\" class=\"wp-image-686\" srcset=\"http:\/\/ucor-ucor.ro\/new\/wp-content\/uploads\/2022\/05\/IMG-20220509-WA0003.jpg 1024w, http:\/\/ucor-ucor.ro\/new\/wp-content\/uploads\/2022\/05\/IMG-20220509-WA0003-300x225.jpg 300w, http:\/\/ucor-ucor.ro\/new\/wp-content\/uploads\/2022\/05\/IMG-20220509-WA0003-768x576.jpg 768w\" sizes=\"(max-width: 1024px) 100vw, 1024px\" \/><\/figure><\/li><li class=\"blocks-gallery-item\"><figure><img loading=\"lazy\" decoding=\"async\" width=\"1024\" height=\"576\" src=\"http:\/\/ucor-ucor.ro\/new\/wp-content\/uploads\/2022\/05\/Smart-Airport-Cities_poster.jpg\" alt=\"\" data-id=\"687\" data-full-url=\"http:\/\/ucor-ucor.ro\/new\/wp-content\/uploads\/2022\/05\/Smart-Airport-Cities_poster.jpg\" data-link=\"http:\/\/ucor-ucor.ro\/new\/conferinta-smart-airport-cities-si-vizita-aeroportului-ghimbav-brasov\/smart-airport-cities_poster\/\" class=\"wp-image-687\" srcset=\"http:\/\/ucor-ucor.ro\/new\/wp-content\/uploads\/2022\/05\/Smart-Airport-Cities_poster.jpg 1024w, http:\/\/ucor-ucor.ro\/new\/wp-content\/uploads\/2022\/05\/Smart-Airport-Cities_poster-300x169.jpg 300w, http:\/\/ucor-ucor.ro\/new\/wp-content\/uploads\/2022\/05\/Smart-Airport-Cities_poster-768x432.jpg 768w\" sizes=\"(max-width: 1024px) 100vw, 1024px\" \/><\/figure><\/li><\/ul><\/figure>\n","protected":false},"excerpt":{"rendered":"<p>\u00cen data de 9 mai 2022, Prim\u0103ria Ghimbav a organizat conferin\u0163a de dezvoltare regional\u0103 inteligent\u0103 \u201eSmart Airport Cities\u201d, \u00een contextul \u00een care preg\u0103te\u015fte strategia de dezvoltare a ora\u015fului. Domnul Consul Onorific Andreas Huber a prezentat cu aceast\u0103 ocazie mesajul ES doamnei Adelheid Folie- Ambasadorul Austriei la Bucuresti, din care mentionam c\u00e2teva idei transmise, si anume: [&hellip;]<\/p>\n","protected":false},"author":1,"featured_media":0,"parent":0,"menu_order":0,"comment_status":"closed","ping_status":"closed","template":"templates\/template-full-width.php","meta":{"footnotes":""},"yoast_head":"<!-- This site is optimized with the Yoast SEO plugin v22.5 - https:\/\/yoast.com\/wordpress\/plugins\/seo\/ -->\n<title>Conferinta SMART AIRPORT CITIES si vizita aeroportului Ghimbav-Brasov - UCOR<\/title>\n<meta name=\"robots\" content=\"index, follow, max-snippet:-1, max-image-preview:large, max-video-preview:-1\" \/>\n<link rel=\"canonical\" href=\"http:\/\/ucor-ucor.ro\/new\/conferinta-smart-airport-cities-si-vizita-aeroportului-ghimbav-brasov\/\" \/>\n<meta property=\"og:locale\" content=\"en_US\" \/>\n<meta property=\"og:type\" content=\"article\" \/>\n<meta property=\"og:title\" content=\"Conferinta SMART AIRPORT CITIES si vizita aeroportului Ghimbav-Brasov - UCOR\" \/>\n<meta property=\"og:description\" content=\"\u00cen data de 9 mai 2022, Prim\u0103ria Ghimbav a organizat conferin\u0163a de dezvoltare regional\u0103 inteligent\u0103 \u201eSmart Airport Cities\u201d, \u00een contextul \u00een care preg\u0103te\u015fte strategia de dezvoltare a ora\u015fului. Domnul Consul Onorific Andreas Huber a prezentat cu aceast\u0103 ocazie mesajul ES doamnei Adelheid Folie- Ambasadorul Austriei la Bucuresti, din care mentionam c\u00e2teva idei transmise, si anume: [&hellip;]\" \/>\n<meta property=\"og:url\" content=\"http:\/\/ucor-ucor.ro\/new\/conferinta-smart-airport-cities-si-vizita-aeroportului-ghimbav-brasov\/\" \/>\n<meta property=\"og:site_name\" content=\"UCOR\" \/>\n<meta property=\"article:modified_time\" content=\"2022-05-12T06:25:25+00:00\" \/>\n<meta property=\"og:image\" content=\"http:\/\/ucor-ucor.ro\/new\/wp-content\/uploads\/2022\/05\/IMG-20220509-WA0000.jpg\" \/>\n<meta name=\"twitter:card\" content=\"summary_large_image\" \/>\n<meta name=\"twitter:label1\" content=\"Est. reading time\" \/>\n\t<meta name=\"twitter:data1\" content=\"3 minutes\" \/>\n<script type=\"application\/ld+json\" class=\"yoast-schema-graph\">{\"@context\":\"https:\/\/schema.org\",\"@graph\":[{\"@type\":\"WebPage\",\"@id\":\"http:\/\/ucor-ucor.ro\/new\/conferinta-smart-airport-cities-si-vizita-aeroportului-ghimbav-brasov\/\",\"url\":\"http:\/\/ucor-ucor.ro\/new\/conferinta-smart-airport-cities-si-vizita-aeroportului-ghimbav-brasov\/\",\"name\":\"Conferinta SMART AIRPORT CITIES si vizita aeroportului Ghimbav-Brasov - UCOR\",\"isPartOf\":{\"@id\":\"https:\/\/ucor-ucor.ro\/new\/#website\"},\"primaryImageOfPage\":{\"@id\":\"http:\/\/ucor-ucor.ro\/new\/conferinta-smart-airport-cities-si-vizita-aeroportului-ghimbav-brasov\/#primaryimage\"},\"image\":{\"@id\":\"http:\/\/ucor-ucor.ro\/new\/conferinta-smart-airport-cities-si-vizita-aeroportului-ghimbav-brasov\/#primaryimage\"},\"thumbnailUrl\":\"http:\/\/ucor-ucor.ro\/new\/wp-content\/uploads\/2022\/05\/IMG-20220509-WA0000.jpg\",\"datePublished\":\"2022-05-09T15:46:09+00:00\",\"dateModified\":\"2022-05-12T06:25:25+00:00\",\"breadcrumb\":{\"@id\":\"http:\/\/ucor-ucor.ro\/new\/conferinta-smart-airport-cities-si-vizita-aeroportului-ghimbav-brasov\/#breadcrumb\"},\"inLanguage\":\"en-US\",\"potentialAction\":[{\"@type\":\"ReadAction\",\"target\":[\"http:\/\/ucor-ucor.ro\/new\/conferinta-smart-airport-cities-si-vizita-aeroportului-ghimbav-brasov\/\"]}]},{\"@type\":\"ImageObject\",\"inLanguage\":\"en-US\",\"@id\":\"http:\/\/ucor-ucor.ro\/new\/conferinta-smart-airport-cities-si-vizita-aeroportului-ghimbav-brasov\/#primaryimage\",\"url\":\"http:\/\/ucor-ucor.ro\/new\/wp-content\/uploads\/2022\/05\/IMG-20220509-WA0000.jpg\",\"contentUrl\":\"http:\/\/ucor-ucor.ro\/new\/wp-content\/uploads\/2022\/05\/IMG-20220509-WA0000.jpg\",\"width\":1024,\"height\":768},{\"@type\":\"BreadcrumbList\",\"@id\":\"http:\/\/ucor-ucor.ro\/new\/conferinta-smart-airport-cities-si-vizita-aeroportului-ghimbav-brasov\/#breadcrumb\",\"itemListElement\":[{\"@type\":\"ListItem\",\"position\":1,\"name\":\"Home\",\"item\":\"https:\/\/ucor-ucor.ro\/new\/\"},{\"@type\":\"ListItem\",\"position\":2,\"name\":\"Conferinta SMART AIRPORT CITIES si vizita aeroportului Ghimbav-Brasov\"}]},{\"@type\":\"WebSite\",\"@id\":\"https:\/\/ucor-ucor.ro\/new\/#website\",\"url\":\"https:\/\/ucor-ucor.ro\/new\/\",\"name\":\"UCOR\",\"description\":\"\",\"publisher\":{\"@id\":\"https:\/\/ucor-ucor.ro\/new\/#organization\"},\"potentialAction\":[{\"@type\":\"SearchAction\",\"target\":{\"@type\":\"EntryPoint\",\"urlTemplate\":\"https:\/\/ucor-ucor.ro\/new\/?s={search_term_string}\"},\"query-input\":\"required name=search_term_string\"}],\"inLanguage\":\"en-US\"},{\"@type\":\"Organization\",\"@id\":\"https:\/\/ucor-ucor.ro\/new\/#organization\",\"name\":\"UCOR\",\"url\":\"https:\/\/ucor-ucor.ro\/new\/\",\"logo\":{\"@type\":\"ImageObject\",\"inLanguage\":\"en-US\",\"@id\":\"https:\/\/ucor-ucor.ro\/new\/#\/schema\/logo\/image\/\",\"url\":\"http:\/\/ucor-ucor.ro\/new\/wp-content\/uploads\/2020\/06\/cropped-UCOR.png\",\"contentUrl\":\"http:\/\/ucor-ucor.ro\/new\/wp-content\/uploads\/2020\/06\/cropped-UCOR.png\",\"width\":395,\"height\":128,\"caption\":\"UCOR\"},\"image\":{\"@id\":\"https:\/\/ucor-ucor.ro\/new\/#\/schema\/logo\/image\/\"}}]}<\/script>\n<!-- \/ Yoast SEO plugin. -->","yoast_head_json":{"title":"Conferinta SMART AIRPORT CITIES si vizita aeroportului Ghimbav-Brasov - UCOR","robots":{"index":"index","follow":"follow","max-snippet":"max-snippet:-1","max-image-preview":"max-image-preview:large","max-video-preview":"max-video-preview:-1"},"canonical":"http:\/\/ucor-ucor.ro\/new\/conferinta-smart-airport-cities-si-vizita-aeroportului-ghimbav-brasov\/","og_locale":"en_US","og_type":"article","og_title":"Conferinta SMART AIRPORT CITIES si vizita aeroportului Ghimbav-Brasov - UCOR","og_description":"\u00cen data de 9 mai 2022, Prim\u0103ria Ghimbav a organizat conferin\u0163a de dezvoltare regional\u0103 inteligent\u0103 \u201eSmart Airport Cities\u201d, \u00een contextul \u00een care preg\u0103te\u015fte strategia de dezvoltare a ora\u015fului. Domnul Consul Onorific Andreas Huber a prezentat cu aceast\u0103 ocazie mesajul ES doamnei Adelheid Folie- Ambasadorul Austriei la Bucuresti, din care mentionam c\u00e2teva idei transmise, si anume: [&hellip;]","og_url":"http:\/\/ucor-ucor.ro\/new\/conferinta-smart-airport-cities-si-vizita-aeroportului-ghimbav-brasov\/","og_site_name":"UCOR","article_modified_time":"2022-05-12T06:25:25+00:00","og_image":[{"url":"http:\/\/ucor-ucor.ro\/new\/wp-content\/uploads\/2022\/05\/IMG-20220509-WA0000.jpg"}],"twitter_card":"summary_large_image","twitter_misc":{"Est. reading time":"3 minutes"},"schema":{"@context":"https:\/\/schema.org","@graph":[{"@type":"WebPage","@id":"http:\/\/ucor-ucor.ro\/new\/conferinta-smart-airport-cities-si-vizita-aeroportului-ghimbav-brasov\/","url":"http:\/\/ucor-ucor.ro\/new\/conferinta-smart-airport-cities-si-vizita-aeroportului-ghimbav-brasov\/","name":"Conferinta SMART AIRPORT CITIES si vizita aeroportului Ghimbav-Brasov - UCOR","isPartOf":{"@id":"https:\/\/ucor-ucor.ro\/new\/#website"},"primaryImageOfPage":{"@id":"http:\/\/ucor-ucor.ro\/new\/conferinta-smart-airport-cities-si-vizita-aeroportului-ghimbav-brasov\/#primaryimage"},"image":{"@id":"http:\/\/ucor-ucor.ro\/new\/conferinta-smart-airport-cities-si-vizita-aeroportului-ghimbav-brasov\/#primaryimage"},"thumbnailUrl":"http:\/\/ucor-ucor.ro\/new\/wp-content\/uploads\/2022\/05\/IMG-20220509-WA0000.jpg","datePublished":"2022-05-09T15:46:09+00:00","dateModified":"2022-05-12T06:25:25+00:00","breadcrumb":{"@id":"http:\/\/ucor-ucor.ro\/new\/conferinta-smart-airport-cities-si-vizita-aeroportului-ghimbav-brasov\/#breadcrumb"},"inLanguage":"en-US","potentialAction":[{"@type":"ReadAction","target":["http:\/\/ucor-ucor.ro\/new\/conferinta-smart-airport-cities-si-vizita-aeroportului-ghimbav-brasov\/"]}]},{"@type":"ImageObject","inLanguage":"en-US","@id":"http:\/\/ucor-ucor.ro\/new\/conferinta-smart-airport-cities-si-vizita-aeroportului-ghimbav-brasov\/#primaryimage","url":"http:\/\/ucor-ucor.ro\/new\/wp-content\/uploads\/2022\/05\/IMG-20220509-WA0000.jpg","contentUrl":"http:\/\/ucor-ucor.ro\/new\/wp-content\/uploads\/2022\/05\/IMG-20220509-WA0000.jpg","width":1024,"height":768},{"@type":"BreadcrumbList","@id":"http:\/\/ucor-ucor.ro\/new\/conferinta-smart-airport-cities-si-vizita-aeroportului-ghimbav-brasov\/#breadcrumb","itemListElement":[{"@type":"ListItem","position":1,"name":"Home","item":"https:\/\/ucor-ucor.ro\/new\/"},{"@type":"ListItem","position":2,"name":"Conferinta SMART AIRPORT CITIES si vizita aeroportului Ghimbav-Brasov"}]},{"@type":"WebSite","@id":"https:\/\/ucor-ucor.ro\/new\/#website","url":"https:\/\/ucor-ucor.ro\/new\/","name":"UCOR","description":"","publisher":{"@id":"https:\/\/ucor-ucor.ro\/new\/#organization"},"potentialAction":[{"@type":"SearchAction","target":{"@type":"EntryPoint","urlTemplate":"https:\/\/ucor-ucor.ro\/new\/?s={search_term_string}"},"query-input":"required name=search_term_string"}],"inLanguage":"en-US"},{"@type":"Organization","@id":"https:\/\/ucor-ucor.ro\/new\/#organization","name":"UCOR","url":"https:\/\/ucor-ucor.ro\/new\/","logo":{"@type":"ImageObject","inLanguage":"en-US","@id":"https:\/\/ucor-ucor.ro\/new\/#\/schema\/logo\/image\/","url":"http:\/\/ucor-ucor.ro\/new\/wp-content\/uploads\/2020\/06\/cropped-UCOR.png","contentUrl":"http:\/\/ucor-ucor.ro\/new\/wp-content\/uploads\/2020\/06\/cropped-UCOR.png","width":395,"height":128,"caption":"UCOR"},"image":{"@id":"https:\/\/ucor-ucor.ro\/new\/#\/schema\/logo\/image\/"}}]}},"_links":{"self":[{"href":"http:\/\/ucor-ucor.ro\/new\/wp-json\/wp\/v2\/pages\/680"}],"collection":[{"href":"http:\/\/ucor-ucor.ro\/new\/wp-json\/wp\/v2\/pages"}],"about":[{"href":"http:\/\/ucor-ucor.ro\/new\/wp-json\/wp\/v2\/types\/page"}],"author":[{"embeddable":true,"href":"http:\/\/ucor-ucor.ro\/new\/wp-json\/wp\/v2\/users\/1"}],"replies":[{"embeddable":true,"href":"http:\/\/ucor-ucor.ro\/new\/wp-json\/wp\/v2\/comments?post=680"}],"version-history":[{"count":5,"href":"http:\/\/ucor-ucor.ro\/new\/wp-json\/wp\/v2\/pages\/680\/revisions"}],"predecessor-version":[{"id":744,"href":"http:\/\/ucor-ucor.ro\/new\/wp-json\/wp\/v2\/pages\/680\/revisions\/744"}],"wp:attachment":[{"href":"http:\/\/ucor-ucor.ro\/new\/wp-json\/wp\/v2\/media?parent=680"}],"curies":[{"name":"wp","href":"https:\/\/api.w.org\/{rel}","templated":true}]}}