{"id":671,"date":"2022-05-09T15:38:21","date_gmt":"2022-05-09T15:38:21","guid":{"rendered":"http:\/\/ucor-ucor.ro\/new\/?page_id=671"},"modified":"2022-05-09T15:38:32","modified_gmt":"2022-05-09T15:38:32","slug":"conferinta-anuala-a-diplomatilor-artistilor-si-oamenilor-de-afaceri-de-la-sibiu","status":"publish","type":"page","link":"http:\/\/ucor-ucor.ro\/new\/conferinta-anuala-a-diplomatilor-artistilor-si-oamenilor-de-afaceri-de-la-sibiu\/","title":{"rendered":"Conferin\u021ba anual\u0103 a diploma\u021bilor, arti\u0219tilor \u0219i oamenilor de afaceri- de la Sibiu"},"content":{"rendered":"\n<p><strong>31.03-01.04.2022 &#8211; Conferin\u021ba anual\u0103 a diploma\u021bilor, arti\u0219tilor \u0219i oamenilor de afaceri- de la Sibiu<\/strong><\/p>\n\n\n\n<p>\u00cent\u00e2lnirea cultural\u0103 a arti\u015ftilor, diploma\u0163ilor \u015fi oamenilor de afaceri din spa\u0163iul lingvistic german la Sibiu<\/p>\n\n\n\n<p>Teatrul Na\u0163ional &#8220;Radu Stanca&#8221; Sibiu a organizat \u00cent\u00e2lnirea cultural\u0103 a arti\u015ftilor, diploma\u0163ilor \u015fi oamenilor de afaceri din spa\u0163iul lingvistic german, eveniment g\u0103zduit de Prim\u0103ria Sibiu \u00een perioada 31 martie &#8211; 1 aprilie 2022.<\/p>\n\n\n\n<p>Rela\u0163ia reciproc\u0103 dintre cultur\u0103 \u015fi mediul de afaceri, av\u00e2nd la baz\u0103 exemplul Teatrului Na\u0163ional &#8220;Radu Stanca&#8221; Sibiu, cu Sec\u0163ia Rom\u00e2n\u0103 \u015fi Sec\u0163ia German\u0103, Festivalul Interna\u0163ional de Teatru \u015fi toate structurile conexe, precum \u015fi consolidarea pilonilor regionali ai culturii, educa\u0163iei \u015fi cercet\u0103rii au fost temele de discu\u0163ie ale \u00eent\u00e2lnirii de lucru anual\u0103 a diploma\u0163ilor, arti\u015ftilor \u015fi oamenilor de afaceri germani.<\/p>\n\n\n\n<p>Evenimentul s-a bucurat de prezen\u0163a unor distin\u015fi invita\u0163i: doamna Corina Bokor, Vice-Primarul Municipiului Sibiu; Excelen\u0163a Sa domnul Emil Hurezeanu, Ambasadorul Rom\u00e2niei \u00een Austria; doamna Kerstin Ursula Jahn, Consul &#8211; Consulatul Republicii Federale Germania la Sibiu; doamna Sonja Gebauer, \u015eefa Sec\u0163iei Cultur\u0103, Educa\u0163ie \u015fi Minoritate german\u0103, Consilier politic &#8211; Ambasada Republicii Federale Germania \u00een Bucure\u015fti; domnul Andreas Huber, Consul onorific al Austriei la Sibiu; domnul Daniel Plier, Consul onorific al Marelui Ducat al Luxemburgului; doamna Jana Flottmann, Referent Sec\u0163ia Cultur\u0103 &#8211; Ambasada Republicii Federale Germania \u00een Bucure\u015fti; domnul Thomas \u015eindilariu, Subsecretar &#8211; Departamentul Rela\u0163ii Interetnice din cadrul Guvernului Rom\u00e2niei; domnul Dr. Joachim Umlauf, Director &#8211; Institutul Goethe; domnul Thomas Kloiber, Director &#8211; Forumul Cultural Austriac; domnul Wolfgang Kober, Pre\u015fedinte &#8211; German Business Club Transilvania; domnul Peter Hochmuth, Pre\u015fedinte &#8211; Clubul Economic German din Banat; domnul Dr. Paul-Jurgen Porr, Pre\u015fedinte Forumul Democrat al Germanilor din Rom\u00e2nia; domnul Benjamin Jazsa, Director executiv &#8211; Forumul Democrat al Germanilor din Rom\u00e2nia; doamna Aurelia Brecht, Manager cultural IFA Sibiu; domnul Daniel Grecu, Director General Autoklass; domnul Claudiu Braicu, Sales Manager Autoklass Sibiu; domnul Thomas Emmerling, Director &#8211; Kunsthaus 7B; domnul Hunor Horvath, \u015eeful Sec\u0163iei Germane TNRS, reprezentan\u0163i ai mass-media de limba german\u0103.<\/p>\n\n\n\n<p>&#8220;Este o \u00eent\u00e2lnire cu totul special\u0103 pe care o g\u00e2ndim de mult timp \u015fi pe care, din fericire o putem organiza aici, la Prim\u0103ria Sibiu, institu\u0163ie care patroneaz\u0103 Teatrul Na\u0163ional. Vreau s\u0103 mul\u0163umesc Prim\u0103riei Sibiu, doamnei primar Astrid Fodor \u015fi doamnei viceprimar Corina Bokor pentru sus\u0163inerea pe care ne-o ofer\u0103. Cred c\u0103 Sibiul este unul dintre cele mai bune exemple din lume \u00een privin\u0163a felului \u00een care o comunitate s-a putut dezvolta printr-un dat cultural. Teatrul a fost, de-a lungul timpului, o form\u0103 de manifestare cu totul aparte \u00een Sibiu. Am dezvoltat Festivalul Interna\u0163ional de Teatru ca un simbol al ceea ce a \u00eensemnat puntea prin cultur\u0103 pe care comunitatea german\u0103 a dezvoltat-o de-a lungul timpului \u015fi care este un semn de statornicie \u015fi de investi\u0163ie la modul vizionar. Am dorit s\u0103 organiz\u0103m aceast\u0103 \u00eent\u00e2lnire \u00eentre cei care g\u0103sesc liniile politice de investi\u0163ie, dar \u015fi de dialog, \u015fi am g\u00e2ndit o serie de proiecte pentru ceea ce \u00eenseamn\u0103 dezvoltarea teatrului \u00een limba german\u0103, \u00een conexiune cu zona de educa\u0163ie&#8221;, a spus domnul Constantin Chiriac, Directorul general al Teatrului Na\u0163ional &#8220;Radu Stanca&#8221; Sibiu \u015fi Pre\u015fedinte al Festivalul Interna\u0163ional de Teatru de la Sibiu, \u00een deschiderea lucr\u0103rilor.<\/p>\n\n\n\n<p>\u00cen cadrul \u00eent\u00e2lnirii de la Sibiu au fost discutate proiectele pe care TNRS, prin Sec\u0163ia German\u0103, le-a propus partenerilor germani: extinderea ansamblului de limb\u0103 german\u0103, sprijin pentru proiectele interna\u0163ionale de teatru cu texte germane, piese de teatru, exper\u0163i \u015fi arti\u015fti, cre\u015fterea num\u0103rului de invita\u0163i din spa\u0163iul german prezen\u0163i la Festivalului Interna\u0163ional de Teatru de la Sibiu, organizarea unui turneu anual cu spectacole din repertoriu sau invitate \u00een Transilvania.<\/p>\n\n\n\n<p>Una dintre preocup\u0103rile TNRS este aceea de a pune bazele unei re\u0163ele de spectacole invitate care s\u0103 poate fi organizat\u0103 \u00een orice perioad\u0103 a anului \u015fi care poate avea loc \u00een zona transilv\u0103nean\u0103 de limb\u0103 german\u0103.<\/p>\n\n\n\n<p>Na\u0163ionalul sibian a discutat cu invita\u0163ii la eveniment necesitatea unei cooper\u0103ri pe termen lung cu parteneri din Germania, Austria, Elve\u0163ia, Luxemburg, Liechtenstein, Belgia \u015fi Olanda, care sprijin\u0103 sau promoveaz\u0103 proiectul TNRS, \u015fi chiar contribuie la modelarea acestuia, fapt care ar deschide oportunitatea de a atrage un public interesat \u00een multe alte \u0163\u0103ri.<\/p>\n\n\n\n<p>Oaspe\u0163ii \u00eent\u00e2lnirii au fost prezen\u0163i la premiera spectacolului &#8220;Macbeth&#8221; dup\u0103 William Shakespeare, regia Botond Nagy, \u00een limba german\u0103, \u015fi la reprezenta\u0163iile &#8220;Trei surori&#8221;, de A. P. Cehov, \u015fi &#8220;Cui i-e fric\u0103 de Virginia Woolf?&#8221;, de Edward Albee, ambele \u00een regia lui Andrei \u015fi a Andreei Grosu.<\/p>\n\n\n\n<p>Despre Sec\u0163ia German\u0103 a TNRS<\/p>\n\n\n\n<p>Teatrul Na\u0163ional &#8220;Radu Stanca&#8221; Sibiu, cu cele dou\u0103 sec\u0163ii ale sale, cea Rom\u00e2n\u0103 \u015fi cea German\u0103, este cunoscut drept cel mai important centru cultural, educa\u0163ional \u015fi de cercetare din regiune \u015fi unul dintre cele mai importante din Rom\u00e2nia \u015fi din lume.&nbsp;Teatrul Na\u0163ional &#8220;Radu Stanca&#8221; Sibiu \u015fi toate structurile asociate au promovat \u00eentotdeauna mo\u015ftenirea cultural\u0103 german\u0103 \u015fi au dezvoltat oferte culturale de \u00eenalt\u0103 calitate pentru regiune, \u00een parteneriat cu comunitatea german\u0103.<\/p>\n\n\n\n<p>Prin programul artistic pe care \u00eel propune, ansamblul german aduce o contribu\u0163ie important\u0103 la activitatea cultural\u0103, manifestat\u0103 prin: promovarea limbii germane, munca de mediere a culturii teatrale germane \u015fi europene, cercetarea \u00een estetica modern\u0103 \u015fi practica teatral\u0103, dar \u015fi prin implicarea cultural\u0103 a spectatorilor care apar\u0163in mediului urban \u015fi etniei germane minoritare din \u00eentreaga regiune. Prin diversele spectacole, oferte creative \u015fi culturale (ateliere, turnee de teatru, evenimente culturale etc.), ofer\u0103 at\u00e2t publicului t\u00e2n\u0103r, c\u00e2t \u015fi adul\u0163ilor de pe scenele noastre o oportunitate la o reflec\u0163ie colectiv\u0103. Proiectele TNRS sunt destinate tuturor cet\u0103\u0163enilor \u015fi reprezint\u0103 o platform\u0103 important\u0103 pentru dialogul deschis \u00een societate.<\/p>\n\n\n\n<p>Ansamblul Departamentului german este unul dintre cele mai diverse din Rom\u00e2nia. \u00cen prezent, este format din opt actori angaja\u0163i care au origini ardeleno-saxone, rom\u00e2ne, germane, austriece, maghiare sau luxemburgheze. Echipa Sec\u0163iei Germane este completat\u0103 de arti\u015fti interna\u0163ionali din Elve\u0163ia, Germania, Austria \u015fi Luxemburg.<\/p>\n\n\n\n<p>Aparitii media:<\/p>\n\n\n\n<p><a href=\"https:\/\/www.agerpres.ro\/comunicate\/2022\/04\/04\/comunicat-de-presa-teatrul-national-radu-stanca-sibiu--896597\">https:\/\/www.agerpres.ro\/comunicate\/2022\/04\/04\/comunicat-de-presa-teatrul-national-radu-stanca-sibiu&#8211;896597<\/a><\/p>\n\n\n\n<p><a href=\"https:\/\/www.hermannstaedter.ro\/2022\/04\/kultur-transportiert-werte\/\">https:\/\/www.hermannstaedter.ro\/2022\/04\/kultur-transportiert-werte\/<\/a><\/p>\n\n\n\n<figure class=\"wp-block-embed is-type-wp-embed is-provider-ziarul-mesagerul-de-sibiu wp-block-embed-ziarul-mesagerul-de-sibiu\"><div class=\"wp-block-embed__wrapper\">\n<blockquote class=\"wp-embedded-content\" data-secret=\"iyrR1LcfSV\"><a href=\"https:\/\/mesageruldesibiu.ro\/intalnirea-culturala-a-artistilor-diplomatilor-si-oamenilor-de-afaceri-din-spatiul-lingvistic-german-la-sibiu\/\">\u00cent\u00e2lnirea cultural\u0103 a arti\u0219tilor, diploma\u021bilor \u0219i oamenilor de afaceri din spa\u021biul lingvistic german la Sibiu<\/a><\/blockquote><iframe class=\"wp-embedded-content\" sandbox=\"allow-scripts\" security=\"restricted\" style=\"position: absolute; clip: rect(1px, 1px, 1px, 1px);\" title=\"&#8222;\u00cent\u00e2lnirea cultural\u0103 a arti\u0219tilor, diploma\u021bilor \u0219i oamenilor de afaceri din spa\u021biul lingvistic german la Sibiu&#8221; &#8212; Ziarul Mesagerul de Sibiu\" src=\"https:\/\/mesageruldesibiu.ro\/intalnirea-culturala-a-artistilor-diplomatilor-si-oamenilor-de-afaceri-din-spatiul-lingvistic-german-la-sibiu\/embed\/#?secret=YiVZxhsRix#?secret=iyrR1LcfSV\" data-secret=\"iyrR1LcfSV\" width=\"580\" height=\"327\" frameborder=\"0\" marginwidth=\"0\" marginheight=\"0\" scrolling=\"no\"><\/iframe>\n<\/div><\/figure>\n\n\n\n<figure class=\"wp-block-embed is-type-wp-embed is-provider-embed wp-block-embed-embed\"><div class=\"wp-block-embed__wrapper\">\nhttps:\/\/www.amosnews.ro\/intalnirea-culturala-a-artistilor-diplomatilor-si-oamenilor-de-afaceri-din-spatiul-lingvistic-german-la-sibiu\/\n<\/div><\/figure>\n\n\n\n<figure class=\"wp-block-embed is-type-wp-embed is-provider-avantul-liber wp-block-embed-avantul-liber\"><div class=\"wp-block-embed__wrapper\">\n<blockquote class=\"wp-embedded-content\" data-secret=\"7JDffiK1oo\"><a href=\"https:\/\/www.avantulliber.ro\/2022\/04\/05\/intalnirea-culturala-a-artistilor-diplomatilor-si-oamenilor-de-afaceri-din-spatiul-lingvistic-german-la-sibiu\/\">\u00cent\u00e2lnirea cultural\u0103 a arti\u0219tilor, diploma\u021bilor \u0219i oamenilor de afaceri din spa\u021biul lingvistic german la Sibiu<\/a><\/blockquote><iframe class=\"wp-embedded-content\" sandbox=\"allow-scripts\" security=\"restricted\" style=\"position: absolute; clip: rect(1px, 1px, 1px, 1px);\" title=\"&#8222;\u00cent\u00e2lnirea cultural\u0103 a arti\u0219tilor, diploma\u021bilor \u0219i oamenilor de afaceri din spa\u021biul lingvistic german la Sibiu&#8221; &#8212; Avantul Liber\" src=\"https:\/\/www.avantulliber.ro\/2022\/04\/05\/intalnirea-culturala-a-artistilor-diplomatilor-si-oamenilor-de-afaceri-din-spatiul-lingvistic-german-la-sibiu\/embed\/#?secret=OKPbDJTuWr#?secret=7JDffiK1oo\" data-secret=\"7JDffiK1oo\" width=\"580\" height=\"327\" frameborder=\"0\" marginwidth=\"0\" marginheight=\"0\" scrolling=\"no\"><\/iframe>\n<\/div><\/figure>\n\n\n\n<p><a href=\"https:\/\/jurnalul.ro\/cultura\/teatru\/intalnirea-culturala-a-artistilor-diplomatilor-si-oamenilor-de-afaceri-din-spatiul-lingvistic-german-la-sibiu-897745.html\">https:\/\/jurnalul.ro\/cultura\/teatru\/intalnirea-culturala-a-artistilor-diplomatilor-si-oamenilor-de-afaceri-din-spatiul-lingvistic-german-la-sibiu-897745.html<\/a><\/p>\n","protected":false},"excerpt":{"rendered":"<p>31.03-01.04.2022 &#8211; Conferin\u021ba anual\u0103 a diploma\u021bilor, arti\u0219tilor \u0219i oamenilor de afaceri- de la Sibiu \u00cent\u00e2lnirea cultural\u0103 a arti\u015ftilor, diploma\u0163ilor \u015fi oamenilor de afaceri din spa\u0163iul lingvistic german la Sibiu Teatrul Na\u0163ional &#8220;Radu Stanca&#8221; Sibiu a organizat \u00cent\u00e2lnirea cultural\u0103 a arti\u015ftilor, diploma\u0163ilor \u015fi oamenilor de afaceri din spa\u0163iul lingvistic german, eveniment g\u0103zduit de Prim\u0103ria Sibiu \u00een [&hellip;]<\/p>\n","protected":false},"author":1,"featured_media":0,"parent":0,"menu_order":0,"comment_status":"closed","ping_status":"closed","template":"templates\/template-full-width.php","meta":{"footnotes":""},"yoast_head":"<!-- This site is optimized with the Yoast SEO plugin v22.5 - https:\/\/yoast.com\/wordpress\/plugins\/seo\/ -->\n<title>Conferin\u021ba anual\u0103 a diploma\u021bilor, arti\u0219tilor \u0219i oamenilor de afaceri- de la Sibiu - UCOR<\/title>\n<meta name=\"robots\" content=\"index, follow, max-snippet:-1, max-image-preview:large, max-video-preview:-1\" \/>\n<link rel=\"canonical\" href=\"http:\/\/ucor-ucor.ro\/new\/conferinta-anuala-a-diplomatilor-artistilor-si-oamenilor-de-afaceri-de-la-sibiu\/\" \/>\n<meta property=\"og:locale\" content=\"en_US\" \/>\n<meta property=\"og:type\" content=\"article\" \/>\n<meta property=\"og:title\" content=\"Conferin\u021ba anual\u0103 a diploma\u021bilor, arti\u0219tilor \u0219i oamenilor de afaceri- de la Sibiu - UCOR\" \/>\n<meta property=\"og:description\" content=\"31.03-01.04.2022 &#8211; Conferin\u021ba anual\u0103 a diploma\u021bilor, arti\u0219tilor \u0219i oamenilor de afaceri- de la Sibiu \u00cent\u00e2lnirea cultural\u0103 a arti\u015ftilor, diploma\u0163ilor \u015fi oamenilor de afaceri din spa\u0163iul lingvistic german la Sibiu Teatrul Na\u0163ional &#8220;Radu Stanca&#8221; Sibiu a organizat \u00cent\u00e2lnirea cultural\u0103 a arti\u015ftilor, diploma\u0163ilor \u015fi oamenilor de afaceri din spa\u0163iul lingvistic german, eveniment g\u0103zduit de Prim\u0103ria Sibiu \u00een [&hellip;]\" \/>\n<meta property=\"og:url\" content=\"http:\/\/ucor-ucor.ro\/new\/conferinta-anuala-a-diplomatilor-artistilor-si-oamenilor-de-afaceri-de-la-sibiu\/\" \/>\n<meta property=\"og:site_name\" content=\"UCOR\" \/>\n<meta property=\"article:modified_time\" content=\"2022-05-09T15:38:32+00:00\" \/>\n<meta name=\"twitter:card\" content=\"summary_large_image\" \/>\n<meta name=\"twitter:label1\" content=\"Est. reading time\" \/>\n\t<meta name=\"twitter:data1\" content=\"5 minutes\" \/>\n<script type=\"application\/ld+json\" class=\"yoast-schema-graph\">{\"@context\":\"https:\/\/schema.org\",\"@graph\":[{\"@type\":\"WebPage\",\"@id\":\"http:\/\/ucor-ucor.ro\/new\/conferinta-anuala-a-diplomatilor-artistilor-si-oamenilor-de-afaceri-de-la-sibiu\/\",\"url\":\"http:\/\/ucor-ucor.ro\/new\/conferinta-anuala-a-diplomatilor-artistilor-si-oamenilor-de-afaceri-de-la-sibiu\/\",\"name\":\"Conferin\u021ba anual\u0103 a diploma\u021bilor, arti\u0219tilor \u0219i oamenilor de afaceri- de la Sibiu - UCOR\",\"isPartOf\":{\"@id\":\"https:\/\/ucor-ucor.ro\/new\/#website\"},\"datePublished\":\"2022-05-09T15:38:21+00:00\",\"dateModified\":\"2022-05-09T15:38:32+00:00\",\"breadcrumb\":{\"@id\":\"http:\/\/ucor-ucor.ro\/new\/conferinta-anuala-a-diplomatilor-artistilor-si-oamenilor-de-afaceri-de-la-sibiu\/#breadcrumb\"},\"inLanguage\":\"en-US\",\"potentialAction\":[{\"@type\":\"ReadAction\",\"target\":[\"http:\/\/ucor-ucor.ro\/new\/conferinta-anuala-a-diplomatilor-artistilor-si-oamenilor-de-afaceri-de-la-sibiu\/\"]}]},{\"@type\":\"BreadcrumbList\",\"@id\":\"http:\/\/ucor-ucor.ro\/new\/conferinta-anuala-a-diplomatilor-artistilor-si-oamenilor-de-afaceri-de-la-sibiu\/#breadcrumb\",\"itemListElement\":[{\"@type\":\"ListItem\",\"position\":1,\"name\":\"Home\",\"item\":\"https:\/\/ucor-ucor.ro\/new\/\"},{\"@type\":\"ListItem\",\"position\":2,\"name\":\"Conferin\u021ba anual\u0103 a diploma\u021bilor, arti\u0219tilor \u0219i oamenilor de afaceri- de la Sibiu\"}]},{\"@type\":\"WebSite\",\"@id\":\"https:\/\/ucor-ucor.ro\/new\/#website\",\"url\":\"https:\/\/ucor-ucor.ro\/new\/\",\"name\":\"UCOR\",\"description\":\"\",\"publisher\":{\"@id\":\"https:\/\/ucor-ucor.ro\/new\/#organization\"},\"potentialAction\":[{\"@type\":\"SearchAction\",\"target\":{\"@type\":\"EntryPoint\",\"urlTemplate\":\"https:\/\/ucor-ucor.ro\/new\/?s={search_term_string}\"},\"query-input\":\"required name=search_term_string\"}],\"inLanguage\":\"en-US\"},{\"@type\":\"Organization\",\"@id\":\"https:\/\/ucor-ucor.ro\/new\/#organization\",\"name\":\"UCOR\",\"url\":\"https:\/\/ucor-ucor.ro\/new\/\",\"logo\":{\"@type\":\"ImageObject\",\"inLanguage\":\"en-US\",\"@id\":\"https:\/\/ucor-ucor.ro\/new\/#\/schema\/logo\/image\/\",\"url\":\"http:\/\/ucor-ucor.ro\/new\/wp-content\/uploads\/2020\/06\/cropped-UCOR.png\",\"contentUrl\":\"http:\/\/ucor-ucor.ro\/new\/wp-content\/uploads\/2020\/06\/cropped-UCOR.png\",\"width\":395,\"height\":128,\"caption\":\"UCOR\"},\"image\":{\"@id\":\"https:\/\/ucor-ucor.ro\/new\/#\/schema\/logo\/image\/\"}}]}<\/script>\n<!-- \/ Yoast SEO plugin. -->","yoast_head_json":{"title":"Conferin\u021ba anual\u0103 a diploma\u021bilor, arti\u0219tilor \u0219i oamenilor de afaceri- de la Sibiu - UCOR","robots":{"index":"index","follow":"follow","max-snippet":"max-snippet:-1","max-image-preview":"max-image-preview:large","max-video-preview":"max-video-preview:-1"},"canonical":"http:\/\/ucor-ucor.ro\/new\/conferinta-anuala-a-diplomatilor-artistilor-si-oamenilor-de-afaceri-de-la-sibiu\/","og_locale":"en_US","og_type":"article","og_title":"Conferin\u021ba anual\u0103 a diploma\u021bilor, arti\u0219tilor \u0219i oamenilor de afaceri- de la Sibiu - UCOR","og_description":"31.03-01.04.2022 &#8211; Conferin\u021ba anual\u0103 a diploma\u021bilor, arti\u0219tilor \u0219i oamenilor de afaceri- de la Sibiu \u00cent\u00e2lnirea cultural\u0103 a arti\u015ftilor, diploma\u0163ilor \u015fi oamenilor de afaceri din spa\u0163iul lingvistic german la Sibiu Teatrul Na\u0163ional &#8220;Radu Stanca&#8221; Sibiu a organizat \u00cent\u00e2lnirea cultural\u0103 a arti\u015ftilor, diploma\u0163ilor \u015fi oamenilor de afaceri din spa\u0163iul lingvistic german, eveniment g\u0103zduit de Prim\u0103ria Sibiu \u00een [&hellip;]","og_url":"http:\/\/ucor-ucor.ro\/new\/conferinta-anuala-a-diplomatilor-artistilor-si-oamenilor-de-afaceri-de-la-sibiu\/","og_site_name":"UCOR","article_modified_time":"2022-05-09T15:38:32+00:00","twitter_card":"summary_large_image","twitter_misc":{"Est. reading time":"5 minutes"},"schema":{"@context":"https:\/\/schema.org","@graph":[{"@type":"WebPage","@id":"http:\/\/ucor-ucor.ro\/new\/conferinta-anuala-a-diplomatilor-artistilor-si-oamenilor-de-afaceri-de-la-sibiu\/","url":"http:\/\/ucor-ucor.ro\/new\/conferinta-anuala-a-diplomatilor-artistilor-si-oamenilor-de-afaceri-de-la-sibiu\/","name":"Conferin\u021ba anual\u0103 a diploma\u021bilor, arti\u0219tilor \u0219i oamenilor de afaceri- de la Sibiu - UCOR","isPartOf":{"@id":"https:\/\/ucor-ucor.ro\/new\/#website"},"datePublished":"2022-05-09T15:38:21+00:00","dateModified":"2022-05-09T15:38:32+00:00","breadcrumb":{"@id":"http:\/\/ucor-ucor.ro\/new\/conferinta-anuala-a-diplomatilor-artistilor-si-oamenilor-de-afaceri-de-la-sibiu\/#breadcrumb"},"inLanguage":"en-US","potentialAction":[{"@type":"ReadAction","target":["http:\/\/ucor-ucor.ro\/new\/conferinta-anuala-a-diplomatilor-artistilor-si-oamenilor-de-afaceri-de-la-sibiu\/"]}]},{"@type":"BreadcrumbList","@id":"http:\/\/ucor-ucor.ro\/new\/conferinta-anuala-a-diplomatilor-artistilor-si-oamenilor-de-afaceri-de-la-sibiu\/#breadcrumb","itemListElement":[{"@type":"ListItem","position":1,"name":"Home","item":"https:\/\/ucor-ucor.ro\/new\/"},{"@type":"ListItem","position":2,"name":"Conferin\u021ba anual\u0103 a diploma\u021bilor, arti\u0219tilor \u0219i oamenilor de afaceri- de la Sibiu"}]},{"@type":"WebSite","@id":"https:\/\/ucor-ucor.ro\/new\/#website","url":"https:\/\/ucor-ucor.ro\/new\/","name":"UCOR","description":"","publisher":{"@id":"https:\/\/ucor-ucor.ro\/new\/#organization"},"potentialAction":[{"@type":"SearchAction","target":{"@type":"EntryPoint","urlTemplate":"https:\/\/ucor-ucor.ro\/new\/?s={search_term_string}"},"query-input":"required name=search_term_string"}],"inLanguage":"en-US"},{"@type":"Organization","@id":"https:\/\/ucor-ucor.ro\/new\/#organization","name":"UCOR","url":"https:\/\/ucor-ucor.ro\/new\/","logo":{"@type":"ImageObject","inLanguage":"en-US","@id":"https:\/\/ucor-ucor.ro\/new\/#\/schema\/logo\/image\/","url":"http:\/\/ucor-ucor.ro\/new\/wp-content\/uploads\/2020\/06\/cropped-UCOR.png","contentUrl":"http:\/\/ucor-ucor.ro\/new\/wp-content\/uploads\/2020\/06\/cropped-UCOR.png","width":395,"height":128,"caption":"UCOR"},"image":{"@id":"https:\/\/ucor-ucor.ro\/new\/#\/schema\/logo\/image\/"}}]}},"_links":{"self":[{"href":"http:\/\/ucor-ucor.ro\/new\/wp-json\/wp\/v2\/pages\/671"}],"collection":[{"href":"http:\/\/ucor-ucor.ro\/new\/wp-json\/wp\/v2\/pages"}],"about":[{"href":"http:\/\/ucor-ucor.ro\/new\/wp-json\/wp\/v2\/types\/page"}],"author":[{"embeddable":true,"href":"http:\/\/ucor-ucor.ro\/new\/wp-json\/wp\/v2\/users\/1"}],"replies":[{"embeddable":true,"href":"http:\/\/ucor-ucor.ro\/new\/wp-json\/wp\/v2\/comments?post=671"}],"version-history":[{"count":1,"href":"http:\/\/ucor-ucor.ro\/new\/wp-json\/wp\/v2\/pages\/671\/revisions"}],"predecessor-version":[{"id":673,"href":"http:\/\/ucor-ucor.ro\/new\/wp-json\/wp\/v2\/pages\/671\/revisions\/673"}],"wp:attachment":[{"href":"http:\/\/ucor-ucor.ro\/new\/wp-json\/wp\/v2\/media?parent=671"}],"curies":[{"name":"wp","href":"https:\/\/api.w.org\/{rel}","templated":true}]}}