{"id":622,"date":"2022-03-25T08:10:42","date_gmt":"2022-03-25T08:10:42","guid":{"rendered":"http:\/\/ucor-ucor.ro\/new\/?page_id=622"},"modified":"2022-03-25T08:11:05","modified_gmt":"2022-03-25T08:11:05","slug":"ajutor-umanitar-pentru-cetatenii-refugiati-din-ucraina-asociatia-hospice-casa-sperantei","status":"publish","type":"page","link":"http:\/\/ucor-ucor.ro\/new\/ajutor-umanitar-pentru-cetatenii-refugiati-din-ucraina-asociatia-hospice-casa-sperantei\/","title":{"rendered":"Ajutor umanitar pentru cet\u0103\u0163enii refugia\u0163i din Ucraina- Asocia\u021bia HOSPICE Casa Speran\u021bei"},"content":{"rendered":"\n<p>Uniunea Consulilor Onorifici din Rom\u00e2nia a acordat un ajutor umanitar pentru sus\u021binerea unui proiect realizat de Asocia\u021bia HOSPICE Casa Speran\u021bei, \u00een sprijinul \u0219i spre beneficiul refugia\u021bilor din Ucraina, \u00een sum\u0103 de 15.000 LEI.<\/p>\n\n\n\n<p>Suma de bani donat\u0103 c\u0103tre Asocia\u021bia HOSPICE Casa Speran\u021bei, este destinat\u0103 pentru a putea oferi servicii de cazare, mancare si suport refugiatilor ucrainieni care \u00ee\u0219i g\u0103sesc adapost \u00een centrul de la Aduna\u021bii-Cop\u0103ceni.<\/p>\n\n\n\n<p>Centrul HOSPICE Adunatii Copaceni g\u0103zduie\u0219te refugia\u021bi -femei, copii, inclusiv copii cu dizabilit\u0103\u021bi, v\u00e2rstnici, c\u0103rora li se asigur\u0103 cazare, mas\u0103 \u0219i consiliere de specialitate. De asemenea, pacien\u021bi adul\u021bi cu boal\u0103 oncologic\u0103 avansat\u0103 sunt interna\u021bi la Spitalul HOSPICE din Bucure\u0219ti.<\/p>\n\n\n\n<figure class=\"wp-block-gallery columns-3 is-cropped wp-block-gallery-1 is-layout-flex wp-block-gallery-is-layout-flex\"><ul class=\"blocks-gallery-grid\"><li class=\"blocks-gallery-item\"><figure><img fetchpriority=\"high\" decoding=\"async\" width=\"768\" height=\"1024\" src=\"http:\/\/ucor-ucor.ro\/new\/wp-content\/uploads\/2022\/03\/20220313_121800-768x1024.jpg\" alt=\"\" data-id=\"624\" data-full-url=\"http:\/\/ucor-ucor.ro\/new\/wp-content\/uploads\/2022\/03\/20220313_121800-rotated.jpg\" data-link=\"http:\/\/ucor-ucor.ro\/new\/?attachment_id=624\" class=\"wp-image-624\" srcset=\"http:\/\/ucor-ucor.ro\/new\/wp-content\/uploads\/2022\/03\/20220313_121800-768x1024.jpg 768w, http:\/\/ucor-ucor.ro\/new\/wp-content\/uploads\/2022\/03\/20220313_121800-225x300.jpg 225w, http:\/\/ucor-ucor.ro\/new\/wp-content\/uploads\/2022\/03\/20220313_121800-1152x1536.jpg 1152w, http:\/\/ucor-ucor.ro\/new\/wp-content\/uploads\/2022\/03\/20220313_121800-1536x2048.jpg 1536w, http:\/\/ucor-ucor.ro\/new\/wp-content\/uploads\/2022\/03\/20220313_121800-1200x1600.jpg 1200w, http:\/\/ucor-ucor.ro\/new\/wp-content\/uploads\/2022\/03\/20220313_121800-rotated.jpg 1734w\" sizes=\"(max-width: 768px) 100vw, 768px\" \/><\/figure><\/li><li class=\"blocks-gallery-item\"><figure><img decoding=\"async\" width=\"768\" height=\"1024\" src=\"http:\/\/ucor-ucor.ro\/new\/wp-content\/uploads\/2022\/03\/IMG-20220311-WA0011-768x1024.jpg\" alt=\"\" data-id=\"626\" data-full-url=\"http:\/\/ucor-ucor.ro\/new\/wp-content\/uploads\/2022\/03\/IMG-20220311-WA0011.jpg\" data-link=\"http:\/\/ucor-ucor.ro\/new\/?attachment_id=626\" class=\"wp-image-626\" srcset=\"http:\/\/ucor-ucor.ro\/new\/wp-content\/uploads\/2022\/03\/IMG-20220311-WA0011-768x1024.jpg 768w, http:\/\/ucor-ucor.ro\/new\/wp-content\/uploads\/2022\/03\/IMG-20220311-WA0011-225x300.jpg 225w, http:\/\/ucor-ucor.ro\/new\/wp-content\/uploads\/2022\/03\/IMG-20220311-WA0011-1152x1536.jpg 1152w, http:\/\/ucor-ucor.ro\/new\/wp-content\/uploads\/2022\/03\/IMG-20220311-WA0011.jpg 1200w\" sizes=\"(max-width: 768px) 100vw, 768px\" \/><\/figure><\/li><li class=\"blocks-gallery-item\"><figure><img decoding=\"async\" width=\"768\" height=\"1024\" src=\"http:\/\/ucor-ucor.ro\/new\/wp-content\/uploads\/2022\/03\/IMG-20220311-WA0004-768x1024.jpg\" alt=\"\" data-id=\"625\" data-full-url=\"http:\/\/ucor-ucor.ro\/new\/wp-content\/uploads\/2022\/03\/IMG-20220311-WA0004.jpg\" data-link=\"http:\/\/ucor-ucor.ro\/new\/?attachment_id=625\" class=\"wp-image-625\" srcset=\"http:\/\/ucor-ucor.ro\/new\/wp-content\/uploads\/2022\/03\/IMG-20220311-WA0004-768x1024.jpg 768w, http:\/\/ucor-ucor.ro\/new\/wp-content\/uploads\/2022\/03\/IMG-20220311-WA0004-225x300.jpg 225w, http:\/\/ucor-ucor.ro\/new\/wp-content\/uploads\/2022\/03\/IMG-20220311-WA0004-1152x1536.jpg 1152w, http:\/\/ucor-ucor.ro\/new\/wp-content\/uploads\/2022\/03\/IMG-20220311-WA0004-1200x1600.jpg 1200w, http:\/\/ucor-ucor.ro\/new\/wp-content\/uploads\/2022\/03\/IMG-20220311-WA0004.jpg 1500w\" sizes=\"(max-width: 768px) 100vw, 768px\" \/><\/figure><\/li><li class=\"blocks-gallery-item\"><figure><img loading=\"lazy\" decoding=\"async\" width=\"1024\" height=\"768\" src=\"http:\/\/ucor-ucor.ro\/new\/wp-content\/uploads\/2022\/03\/20220313_105817-1024x768.jpg\" alt=\"\" data-id=\"623\" data-full-url=\"http:\/\/ucor-ucor.ro\/new\/wp-content\/uploads\/2022\/03\/20220313_105817.jpg\" data-link=\"http:\/\/ucor-ucor.ro\/new\/?attachment_id=623\" class=\"wp-image-623\" srcset=\"http:\/\/ucor-ucor.ro\/new\/wp-content\/uploads\/2022\/03\/20220313_105817-1024x768.jpg 1024w, http:\/\/ucor-ucor.ro\/new\/wp-content\/uploads\/2022\/03\/20220313_105817-300x225.jpg 300w, http:\/\/ucor-ucor.ro\/new\/wp-content\/uploads\/2022\/03\/20220313_105817-768x576.jpg 768w, http:\/\/ucor-ucor.ro\/new\/wp-content\/uploads\/2022\/03\/20220313_105817-1536x1152.jpg 1536w, http:\/\/ucor-ucor.ro\/new\/wp-content\/uploads\/2022\/03\/20220313_105817-1200x900.jpg 1200w, http:\/\/ucor-ucor.ro\/new\/wp-content\/uploads\/2022\/03\/20220313_105817-1980x1485.jpg 1980w, http:\/\/ucor-ucor.ro\/new\/wp-content\/uploads\/2022\/03\/20220313_105817.jpg 2000w\" sizes=\"(max-width: 1024px) 100vw, 1024px\" \/><\/figure><\/li><\/ul><\/figure>\n\n\n\n<div class=\"wp-block-file\"><a href=\"http:\/\/ucor-ucor.ro\/new\/wp-content\/uploads\/2022\/03\/HOSPICE-Proposal-support-for-Ukrainian-refugees.pdf\">HOSPICE-Proposal-support-for-Ukrainian-refugees<\/a><a href=\"http:\/\/ucor-ucor.ro\/new\/wp-content\/uploads\/2022\/03\/HOSPICE-Proposal-support-for-Ukrainian-refugees.pdf\" class=\"wp-block-file__button\" download>Download<\/a><\/div>\n","protected":false},"excerpt":{"rendered":"<p>Uniunea Consulilor Onorifici din Rom\u00e2nia a acordat un ajutor umanitar pentru sus\u021binerea unui proiect realizat de Asocia\u021bia HOSPICE Casa Speran\u021bei, \u00een sprijinul \u0219i spre beneficiul refugia\u021bilor din Ucraina, \u00een sum\u0103 de 15.000 LEI. Suma de bani donat\u0103 c\u0103tre Asocia\u021bia HOSPICE Casa Speran\u021bei, este destinat\u0103 pentru a putea oferi servicii de cazare, mancare si suport refugiatilor [&hellip;]<\/p>\n","protected":false},"author":1,"featured_media":0,"parent":0,"menu_order":0,"comment_status":"closed","ping_status":"closed","template":"templates\/template-full-width.php","meta":{"footnotes":""},"yoast_head":"<!-- This site is optimized with the Yoast SEO plugin v22.5 - https:\/\/yoast.com\/wordpress\/plugins\/seo\/ -->\n<title>Ajutor umanitar pentru cet\u0103\u0163enii refugia\u0163i din Ucraina- Asocia\u021bia HOSPICE Casa Speran\u021bei - UCOR<\/title>\n<meta name=\"robots\" content=\"index, follow, max-snippet:-1, max-image-preview:large, max-video-preview:-1\" \/>\n<link rel=\"canonical\" href=\"http:\/\/ucor-ucor.ro\/new\/ajutor-umanitar-pentru-cetatenii-refugiati-din-ucraina-asociatia-hospice-casa-sperantei\/\" \/>\n<meta property=\"og:locale\" content=\"en_US\" \/>\n<meta property=\"og:type\" content=\"article\" \/>\n<meta property=\"og:title\" content=\"Ajutor umanitar pentru cet\u0103\u0163enii refugia\u0163i din Ucraina- Asocia\u021bia HOSPICE Casa Speran\u021bei - UCOR\" \/>\n<meta property=\"og:description\" content=\"Uniunea Consulilor Onorifici din Rom\u00e2nia a acordat un ajutor umanitar pentru sus\u021binerea unui proiect realizat de Asocia\u021bia HOSPICE Casa Speran\u021bei, \u00een sprijinul \u0219i spre beneficiul refugia\u021bilor din Ucraina, \u00een sum\u0103 de 15.000 LEI. Suma de bani donat\u0103 c\u0103tre Asocia\u021bia HOSPICE Casa Speran\u021bei, este destinat\u0103 pentru a putea oferi servicii de cazare, mancare si suport refugiatilor [&hellip;]\" \/>\n<meta property=\"og:url\" content=\"http:\/\/ucor-ucor.ro\/new\/ajutor-umanitar-pentru-cetatenii-refugiati-din-ucraina-asociatia-hospice-casa-sperantei\/\" \/>\n<meta property=\"og:site_name\" content=\"UCOR\" \/>\n<meta property=\"article:modified_time\" content=\"2022-03-25T08:11:05+00:00\" \/>\n<meta property=\"og:image\" content=\"http:\/\/ucor-ucor.ro\/new\/wp-content\/uploads\/2022\/03\/20220313_121800-768x1024.jpg\" \/>\n<meta name=\"twitter:card\" content=\"summary_large_image\" \/>\n<meta name=\"twitter:label1\" content=\"Est. reading time\" \/>\n\t<meta name=\"twitter:data1\" content=\"2 minutes\" \/>\n<script type=\"application\/ld+json\" class=\"yoast-schema-graph\">{\"@context\":\"https:\/\/schema.org\",\"@graph\":[{\"@type\":\"WebPage\",\"@id\":\"http:\/\/ucor-ucor.ro\/new\/ajutor-umanitar-pentru-cetatenii-refugiati-din-ucraina-asociatia-hospice-casa-sperantei\/\",\"url\":\"http:\/\/ucor-ucor.ro\/new\/ajutor-umanitar-pentru-cetatenii-refugiati-din-ucraina-asociatia-hospice-casa-sperantei\/\",\"name\":\"Ajutor umanitar pentru cet\u0103\u0163enii refugia\u0163i din Ucraina- Asocia\u021bia HOSPICE Casa Speran\u021bei - UCOR\",\"isPartOf\":{\"@id\":\"https:\/\/ucor-ucor.ro\/new\/#website\"},\"primaryImageOfPage\":{\"@id\":\"http:\/\/ucor-ucor.ro\/new\/ajutor-umanitar-pentru-cetatenii-refugiati-din-ucraina-asociatia-hospice-casa-sperantei\/#primaryimage\"},\"image\":{\"@id\":\"http:\/\/ucor-ucor.ro\/new\/ajutor-umanitar-pentru-cetatenii-refugiati-din-ucraina-asociatia-hospice-casa-sperantei\/#primaryimage\"},\"thumbnailUrl\":\"http:\/\/ucor-ucor.ro\/new\/wp-content\/uploads\/2022\/03\/20220313_121800-768x1024.jpg\",\"datePublished\":\"2022-03-25T08:10:42+00:00\",\"dateModified\":\"2022-03-25T08:11:05+00:00\",\"breadcrumb\":{\"@id\":\"http:\/\/ucor-ucor.ro\/new\/ajutor-umanitar-pentru-cetatenii-refugiati-din-ucraina-asociatia-hospice-casa-sperantei\/#breadcrumb\"},\"inLanguage\":\"en-US\",\"potentialAction\":[{\"@type\":\"ReadAction\",\"target\":[\"http:\/\/ucor-ucor.ro\/new\/ajutor-umanitar-pentru-cetatenii-refugiati-din-ucraina-asociatia-hospice-casa-sperantei\/\"]}]},{\"@type\":\"ImageObject\",\"inLanguage\":\"en-US\",\"@id\":\"http:\/\/ucor-ucor.ro\/new\/ajutor-umanitar-pentru-cetatenii-refugiati-din-ucraina-asociatia-hospice-casa-sperantei\/#primaryimage\",\"url\":\"http:\/\/ucor-ucor.ro\/new\/wp-content\/uploads\/2022\/03\/20220313_121800-768x1024.jpg\",\"contentUrl\":\"http:\/\/ucor-ucor.ro\/new\/wp-content\/uploads\/2022\/03\/20220313_121800-768x1024.jpg\"},{\"@type\":\"BreadcrumbList\",\"@id\":\"http:\/\/ucor-ucor.ro\/new\/ajutor-umanitar-pentru-cetatenii-refugiati-din-ucraina-asociatia-hospice-casa-sperantei\/#breadcrumb\",\"itemListElement\":[{\"@type\":\"ListItem\",\"position\":1,\"name\":\"Home\",\"item\":\"https:\/\/ucor-ucor.ro\/new\/\"},{\"@type\":\"ListItem\",\"position\":2,\"name\":\"Ajutor umanitar pentru cet\u0103\u0163enii refugia\u0163i din Ucraina- Asocia\u021bia HOSPICE Casa Speran\u021bei\"}]},{\"@type\":\"WebSite\",\"@id\":\"https:\/\/ucor-ucor.ro\/new\/#website\",\"url\":\"https:\/\/ucor-ucor.ro\/new\/\",\"name\":\"UCOR\",\"description\":\"\",\"publisher\":{\"@id\":\"https:\/\/ucor-ucor.ro\/new\/#organization\"},\"potentialAction\":[{\"@type\":\"SearchAction\",\"target\":{\"@type\":\"EntryPoint\",\"urlTemplate\":\"https:\/\/ucor-ucor.ro\/new\/?s={search_term_string}\"},\"query-input\":\"required name=search_term_string\"}],\"inLanguage\":\"en-US\"},{\"@type\":\"Organization\",\"@id\":\"https:\/\/ucor-ucor.ro\/new\/#organization\",\"name\":\"UCOR\",\"url\":\"https:\/\/ucor-ucor.ro\/new\/\",\"logo\":{\"@type\":\"ImageObject\",\"inLanguage\":\"en-US\",\"@id\":\"https:\/\/ucor-ucor.ro\/new\/#\/schema\/logo\/image\/\",\"url\":\"http:\/\/ucor-ucor.ro\/new\/wp-content\/uploads\/2020\/06\/cropped-UCOR.png\",\"contentUrl\":\"http:\/\/ucor-ucor.ro\/new\/wp-content\/uploads\/2020\/06\/cropped-UCOR.png\",\"width\":395,\"height\":128,\"caption\":\"UCOR\"},\"image\":{\"@id\":\"https:\/\/ucor-ucor.ro\/new\/#\/schema\/logo\/image\/\"}}]}<\/script>\n<!-- \/ Yoast SEO plugin. -->","yoast_head_json":{"title":"Ajutor umanitar pentru cet\u0103\u0163enii refugia\u0163i din Ucraina- Asocia\u021bia HOSPICE Casa Speran\u021bei - UCOR","robots":{"index":"index","follow":"follow","max-snippet":"max-snippet:-1","max-image-preview":"max-image-preview:large","max-video-preview":"max-video-preview:-1"},"canonical":"http:\/\/ucor-ucor.ro\/new\/ajutor-umanitar-pentru-cetatenii-refugiati-din-ucraina-asociatia-hospice-casa-sperantei\/","og_locale":"en_US","og_type":"article","og_title":"Ajutor umanitar pentru cet\u0103\u0163enii refugia\u0163i din Ucraina- Asocia\u021bia HOSPICE Casa Speran\u021bei - UCOR","og_description":"Uniunea Consulilor Onorifici din Rom\u00e2nia a acordat un ajutor umanitar pentru sus\u021binerea unui proiect realizat de Asocia\u021bia HOSPICE Casa Speran\u021bei, \u00een sprijinul \u0219i spre beneficiul refugia\u021bilor din Ucraina, \u00een sum\u0103 de 15.000 LEI. Suma de bani donat\u0103 c\u0103tre Asocia\u021bia HOSPICE Casa Speran\u021bei, este destinat\u0103 pentru a putea oferi servicii de cazare, mancare si suport refugiatilor [&hellip;]","og_url":"http:\/\/ucor-ucor.ro\/new\/ajutor-umanitar-pentru-cetatenii-refugiati-din-ucraina-asociatia-hospice-casa-sperantei\/","og_site_name":"UCOR","article_modified_time":"2022-03-25T08:11:05+00:00","og_image":[{"url":"http:\/\/ucor-ucor.ro\/new\/wp-content\/uploads\/2022\/03\/20220313_121800-768x1024.jpg"}],"twitter_card":"summary_large_image","twitter_misc":{"Est. reading time":"2 minutes"},"schema":{"@context":"https:\/\/schema.org","@graph":[{"@type":"WebPage","@id":"http:\/\/ucor-ucor.ro\/new\/ajutor-umanitar-pentru-cetatenii-refugiati-din-ucraina-asociatia-hospice-casa-sperantei\/","url":"http:\/\/ucor-ucor.ro\/new\/ajutor-umanitar-pentru-cetatenii-refugiati-din-ucraina-asociatia-hospice-casa-sperantei\/","name":"Ajutor umanitar pentru cet\u0103\u0163enii refugia\u0163i din Ucraina- Asocia\u021bia HOSPICE Casa Speran\u021bei - UCOR","isPartOf":{"@id":"https:\/\/ucor-ucor.ro\/new\/#website"},"primaryImageOfPage":{"@id":"http:\/\/ucor-ucor.ro\/new\/ajutor-umanitar-pentru-cetatenii-refugiati-din-ucraina-asociatia-hospice-casa-sperantei\/#primaryimage"},"image":{"@id":"http:\/\/ucor-ucor.ro\/new\/ajutor-umanitar-pentru-cetatenii-refugiati-din-ucraina-asociatia-hospice-casa-sperantei\/#primaryimage"},"thumbnailUrl":"http:\/\/ucor-ucor.ro\/new\/wp-content\/uploads\/2022\/03\/20220313_121800-768x1024.jpg","datePublished":"2022-03-25T08:10:42+00:00","dateModified":"2022-03-25T08:11:05+00:00","breadcrumb":{"@id":"http:\/\/ucor-ucor.ro\/new\/ajutor-umanitar-pentru-cetatenii-refugiati-din-ucraina-asociatia-hospice-casa-sperantei\/#breadcrumb"},"inLanguage":"en-US","potentialAction":[{"@type":"ReadAction","target":["http:\/\/ucor-ucor.ro\/new\/ajutor-umanitar-pentru-cetatenii-refugiati-din-ucraina-asociatia-hospice-casa-sperantei\/"]}]},{"@type":"ImageObject","inLanguage":"en-US","@id":"http:\/\/ucor-ucor.ro\/new\/ajutor-umanitar-pentru-cetatenii-refugiati-din-ucraina-asociatia-hospice-casa-sperantei\/#primaryimage","url":"http:\/\/ucor-ucor.ro\/new\/wp-content\/uploads\/2022\/03\/20220313_121800-768x1024.jpg","contentUrl":"http:\/\/ucor-ucor.ro\/new\/wp-content\/uploads\/2022\/03\/20220313_121800-768x1024.jpg"},{"@type":"BreadcrumbList","@id":"http:\/\/ucor-ucor.ro\/new\/ajutor-umanitar-pentru-cetatenii-refugiati-din-ucraina-asociatia-hospice-casa-sperantei\/#breadcrumb","itemListElement":[{"@type":"ListItem","position":1,"name":"Home","item":"https:\/\/ucor-ucor.ro\/new\/"},{"@type":"ListItem","position":2,"name":"Ajutor umanitar pentru cet\u0103\u0163enii refugia\u0163i din Ucraina- Asocia\u021bia HOSPICE Casa Speran\u021bei"}]},{"@type":"WebSite","@id":"https:\/\/ucor-ucor.ro\/new\/#website","url":"https:\/\/ucor-ucor.ro\/new\/","name":"UCOR","description":"","publisher":{"@id":"https:\/\/ucor-ucor.ro\/new\/#organization"},"potentialAction":[{"@type":"SearchAction","target":{"@type":"EntryPoint","urlTemplate":"https:\/\/ucor-ucor.ro\/new\/?s={search_term_string}"},"query-input":"required name=search_term_string"}],"inLanguage":"en-US"},{"@type":"Organization","@id":"https:\/\/ucor-ucor.ro\/new\/#organization","name":"UCOR","url":"https:\/\/ucor-ucor.ro\/new\/","logo":{"@type":"ImageObject","inLanguage":"en-US","@id":"https:\/\/ucor-ucor.ro\/new\/#\/schema\/logo\/image\/","url":"http:\/\/ucor-ucor.ro\/new\/wp-content\/uploads\/2020\/06\/cropped-UCOR.png","contentUrl":"http:\/\/ucor-ucor.ro\/new\/wp-content\/uploads\/2020\/06\/cropped-UCOR.png","width":395,"height":128,"caption":"UCOR"},"image":{"@id":"https:\/\/ucor-ucor.ro\/new\/#\/schema\/logo\/image\/"}}]}},"_links":{"self":[{"href":"http:\/\/ucor-ucor.ro\/new\/wp-json\/wp\/v2\/pages\/622"}],"collection":[{"href":"http:\/\/ucor-ucor.ro\/new\/wp-json\/wp\/v2\/pages"}],"about":[{"href":"http:\/\/ucor-ucor.ro\/new\/wp-json\/wp\/v2\/types\/page"}],"author":[{"embeddable":true,"href":"http:\/\/ucor-ucor.ro\/new\/wp-json\/wp\/v2\/users\/1"}],"replies":[{"embeddable":true,"href":"http:\/\/ucor-ucor.ro\/new\/wp-json\/wp\/v2\/comments?post=622"}],"version-history":[{"count":1,"href":"http:\/\/ucor-ucor.ro\/new\/wp-json\/wp\/v2\/pages\/622\/revisions"}],"predecessor-version":[{"id":629,"href":"http:\/\/ucor-ucor.ro\/new\/wp-json\/wp\/v2\/pages\/622\/revisions\/629"}],"wp:attachment":[{"href":"http:\/\/ucor-ucor.ro\/new\/wp-json\/wp\/v2\/media?parent=622"}],"curies":[{"name":"wp","href":"https:\/\/api.w.org\/{rel}","templated":true}]}}