{"id":597,"date":"2022-03-11T14:37:58","date_gmt":"2022-03-11T14:37:58","guid":{"rendered":"http:\/\/ucor-ucor.ro\/new\/?page_id=597"},"modified":"2022-05-09T09:32:11","modified_gmt":"2022-05-09T09:32:11","slug":"adunarea-generala-anuala-a-membrilor-uniunii-consulilor-onorifici-din-romania","status":"publish","type":"page","link":"http:\/\/ucor-ucor.ro\/new\/adunarea-generala-anuala-a-membrilor-uniunii-consulilor-onorifici-din-romania\/","title":{"rendered":"Adunarea General\u0103 Anual\u0103 a membrilor Uniunii Consulilor Onorifici din Rom\u00e2nia"},"content":{"rendered":"\n<p><strong>Adunarea General\u0103 Anual\u0103 a membrilor<\/strong> <strong>Uniunii Consulilor Onorifici din Rom\u00e2nia<\/strong><br><strong>\u0219i<\/strong><br><strong>\u00cent\u00e2lnirea Secretarului General al Academiei Rom\u00e2ne<\/strong> <strong>domnul Acad. Ioan Dumitrache, cu membrii UCOR<\/strong><\/p>\n\n\n\n<p>\u00cen data de 10 martie 2022, Uniunea Consulilor Onorifici din Rom\u00e2nia a organizat la Hotelul Radisson BLU din Bucure\u0219ti, unul dintre cele mai importante evenimente anuale din agenda asociatiei, \u0219i anume: Adunarea General\u0103 Anual\u0103 a membrilor UCOR. Evenimentul a reunit un num\u0103r mare de membri, \u00een cadrul ordinii de zi fiind prezentat \u015fi aprobat Raportul de activitate pentru anul 2021, Raportul Financiar si raportul cenzorului, fiind aprobat\u0103 desc\u0103rcarea de gestiune a Consiliul Director \u0219i adoptat\u0103 agenda de activit\u0103\u0163i pentru anul 2022.<\/p>\n\n\n\n<p>La eveniment am fost onora\u021bi de prezen\u021ba, din partea Ministerului Afacerilor Externe al Rom\u00e2niei, a domnului Valentin-Ciprian Muntean &#8211; Director General al Departamentului Consular \u0219i a domnului Mihai S\u00eerbu &#8211; Director adjunct al Departamentul Protocol, care au discutat \u00eempreun\u0103 cu membrii UCOR aspecte legate de problemele \u00eent\u00e2mpinate \u00een activitatea de zi cu zi \u0219i solu\u021biile pentru rezolvarea acestor situa\u021bii, fiind apreciat de c\u0103tre reprezentan\u021bii MAE rolul important avut de membrii corpului consular onorific, at\u00e2t \u00een perioada dificil\u0103 din ultimii doi ani, datorat\u0103 pandemiei de coronavirus COVID-19, precum \u0219i rolul esen\u021bial \u0219i eforturile depuse permanent pentru asigurarea leg\u0103turilor de comunicare, crearea de condi\u021bii de retragere din spatiul Ucrainean, de tranzit, de cazare \u0219i sus\u021binere, pentru cet\u0103\u021benii statelor pe care consulii onorifici le reprezint\u0103, \u0219i nu numai, \u00een contextul crizei refugia\u021bilor din Ucraina, datorate conflictului izbucnit \u00een zon\u0103. Au fost prezentate solu\u021bii pentru rezolvarea concret\u0103 a situa\u021biilor cu care consulii onorifici se confrunt\u0103 \u00een activitate, \u0219i au fost reiterate asigur\u0103ri \u00een ceea ce prive\u0219te continuarea bunelor rela\u021bii, a deschiderii pentru o comunicare direct\u0103 \u0219i men\u021binerea leg\u0103turilor str\u00e2nse \u00eentre cele dou\u0103 entit\u0103\u021bi.<\/p>\n\n\n\n<p>Domnul Valentin-Ciprian Muntean &#8211; Director General al Departamentului Consular a f\u0103cut o scurt\u0103 prezentare a situa\u021biei refugia\u021bilor, a condi\u021biilor \u0219i facilit\u0103\u021bilor aplicate cet\u0103\u021benilor ucrainieni \u0219i ai t\u0103rilor ter\u021be, pentru intrarea \u0219i\/sau tranzitarea teritoriului Rom\u00e2niei, modalit\u0103\u021bile de asisten\u021b\u0103 \u0219i protec\u021bie implementate cu privire la: emiterea documentelor de c\u0103l\u0103torie, identificarea unor posibile locuri de munc\u0103, accesare a studiilor, organizarea de zboruri de evacuare, aranjamente de cazare \u0219i transport ce au fost organizate, precum \u0219i alte m\u0103suri implementate de Ministerul Afacerilor Externe al Rom\u00e2niei. Domnul Muntean a mul\u021bumit Consulilor Onorifici membrii UCOR, \u00een numele departamentului pe care \u00eel coordoneaz\u0103, pentru activitatea def\u0103\u0219urat\u0103, pentru deschidere \u0219i \u00eentreg sprijinul acordat \u00een perioada pandemiei \u0219i \u00een contextul crizei din Ucraina \u0219i al refugia\u021bilor.<\/p>\n\n\n\n<p>Domnul Mihai S\u00eerbu &#8211; Director adjunct al Departamentul Protocol a f\u0103cut o trecere \u00een revist\u0103 a problemelor \u00eent\u00e2mpinate, respectiv a emiterii de vize, relocarea personalului diplomatic al ambasadelor din Ucraina \u00een Rom\u00e2nia, preciz\u00e2nd solu\u021biile g\u0103site pentru facilitarea \u0219i asigurarea fluidit\u0103\u021bii \u0219i continuit\u0103\u021bii activit\u0103\u021bilor acestor ambasade, respectiv preluarea activit\u0103\u021bilor diplomatice ale ambasadelor din Ucraina de c\u0103tre ambasadele din Rom\u00e2nia. De asemenea, a prezentat o serie de m\u0103suri luate pentru identificarea unor solu\u021bii de \u0219edere a cet\u0103\u021benilor ucrainieni, precizand faprul c\u0103 d.p.d.v. al diploma\u021biei, aceata este o situa\u021bie f\u0103r\u0103 precedent.<\/p>\n\n\n\n<p>Adunarea General\u0103 a membrilor UCOR a continuat prin prezentarea Raportului de activitate pentru anul 2021, fiind eviden\u0163iat\u0103 evolu\u021bia pozitiv\u0103 a UCOR din anul precedent, pe plan diplomatic intern \u0219i interna\u021bional, fiind men\u021bionat\u0103 aici afilierea Uniunii Consulilor Onorifici din Rom\u00e2nia, Federa\u021biei Interna\u021bionale a Asocia\u021biilor \u0219i Corpurilor Consulare, un moment de seam\u0103 \u00een existen\u021ba uniunii.<\/p>\n\n\n\n<p>UCOR \u2013 \u00ee\u015fi urmeaz\u0103 cursul de sporire a reprezentativit\u0103\u0163ii institu\u0163iei consulului onorific precum \u015fi al membrilor UCOR pe l\u00e2ng\u0103 autorit\u0103\u0163ile rom\u00e2ne, cresc\u00e2nd constant rolul nostru \u00een sprijinirea dezvolt\u0103rii raporturilor dintre \u0163\u0103rile pe care le reprezent\u0103m \u015fi Rom\u00e2nia. Se cuvine aici s\u0103 men\u021bion\u0103m semnarea la 26 februarie 2019 a \u201cProtocolului de colaborare \u00eentre Ministerul Afacerilor Externe \u0219i Uniunea Consulilor Onorifici din Rom\u00e2nia\u201d, pe care \u00eel consider\u0103m un document istoric \u00een existenta UCOR.<\/p>\n\n\n\n<p>Au fost remarcate \u0219i men\u021bionate eforturile sus\u021binute ale membrilor UCOR pentru c\u00e2\u0219tigarea recunoa\u0219terii \u0219i sporirea prestigiului Uniunii, prin impicarea lor \u00een ac\u021biunile pe care le desf\u0103\u0219oar\u0103 \u0219i prin prezen\u021ba activ\u0103 pe plan diplomatic, economic, cultural \u0219i social.<\/p>\n\n\n\n<p>\u00cen cadrul dezbaterilor a fost prezentat\u0103 strategia adoptat\u0103 de UCOR pentru realizarea obiectivelor sale statutare, pun\u00e2ndu-se un accent deosebit pe consolidarea pozi\u0163iei membrilor Uniunii \u00een lumea diplomatic\u0103, pe continuarea cu st\u0103ruin\u0163\u0103 a demersurilor pe l\u00e2ng\u0103 Ministerul Afacerilor Externe \u015fi altor institu\u0163ii ale statului rom\u00e2n, \u00een vederea adopt\u0103rii cadrului legislativ intern corespunz\u0103tor pentru consolidarea prezen\u0163ei \u015fi activit\u0103\u0163ii consulilor onorifici, \u00een conformitate cu prevederile Conven\u0163iei de la Viena privind Rela\u0163iile Consulare, inclusiv \u00een domeniul imunit\u0103\u0163ilor \u015fi privilegiilor care s\u0103 asigure o mai activ\u0103 contribu\u0163ie a membrilor UCOR la dezvoltarea rela\u0163iilor, pe multiple planuri, dintre \u0163\u0103rile pe care le reprezint\u0103 \u015fi Rom\u00e2nia, cu prec\u0103dere \u00een domeniile economic, social \u015fi cultural.<\/p>\n\n\n\n<p><\/p>\n\n\n\n<figure class=\"wp-block-gallery columns-3 is-cropped wp-block-gallery-1 is-layout-flex wp-block-gallery-is-layout-flex\"><ul class=\"blocks-gallery-grid\"><li class=\"blocks-gallery-item\"><figure><img fetchpriority=\"high\" decoding=\"async\" width=\"1024\" height=\"768\" src=\"http:\/\/ucor-ucor.ro\/new\/wp-content\/uploads\/2022\/03\/1-1024x768.jpg\" alt=\"\" data-id=\"598\" data-full-url=\"http:\/\/ucor-ucor.ro\/new\/wp-content\/uploads\/2022\/03\/1-scaled.jpg\" data-link=\"http:\/\/ucor-ucor.ro\/new\/?attachment_id=598\" class=\"wp-image-598\" srcset=\"http:\/\/ucor-ucor.ro\/new\/wp-content\/uploads\/2022\/03\/1-1024x768.jpg 1024w, http:\/\/ucor-ucor.ro\/new\/wp-content\/uploads\/2022\/03\/1-300x225.jpg 300w, http:\/\/ucor-ucor.ro\/new\/wp-content\/uploads\/2022\/03\/1-768x576.jpg 768w, http:\/\/ucor-ucor.ro\/new\/wp-content\/uploads\/2022\/03\/1-1536x1152.jpg 1536w, http:\/\/ucor-ucor.ro\/new\/wp-content\/uploads\/2022\/03\/1-2048x1536.jpg 2048w, http:\/\/ucor-ucor.ro\/new\/wp-content\/uploads\/2022\/03\/1-1200x900.jpg 1200w, http:\/\/ucor-ucor.ro\/new\/wp-content\/uploads\/2022\/03\/1-1980x1485.jpg 1980w\" sizes=\"(max-width: 1024px) 100vw, 1024px\" \/><\/figure><\/li><li class=\"blocks-gallery-item\"><figure><img decoding=\"async\" width=\"1024\" height=\"768\" src=\"http:\/\/ucor-ucor.ro\/new\/wp-content\/uploads\/2022\/03\/2-1024x768.jpg\" alt=\"\" data-id=\"599\" data-full-url=\"http:\/\/ucor-ucor.ro\/new\/wp-content\/uploads\/2022\/03\/2-scaled.jpg\" data-link=\"http:\/\/ucor-ucor.ro\/new\/?attachment_id=599\" class=\"wp-image-599\" srcset=\"http:\/\/ucor-ucor.ro\/new\/wp-content\/uploads\/2022\/03\/2-1024x768.jpg 1024w, http:\/\/ucor-ucor.ro\/new\/wp-content\/uploads\/2022\/03\/2-300x225.jpg 300w, http:\/\/ucor-ucor.ro\/new\/wp-content\/uploads\/2022\/03\/2-768x576.jpg 768w, http:\/\/ucor-ucor.ro\/new\/wp-content\/uploads\/2022\/03\/2-1536x1152.jpg 1536w, http:\/\/ucor-ucor.ro\/new\/wp-content\/uploads\/2022\/03\/2-2048x1536.jpg 2048w, http:\/\/ucor-ucor.ro\/new\/wp-content\/uploads\/2022\/03\/2-1200x900.jpg 1200w, http:\/\/ucor-ucor.ro\/new\/wp-content\/uploads\/2022\/03\/2-1980x1485.jpg 1980w\" sizes=\"(max-width: 1024px) 100vw, 1024px\" \/><\/figure><\/li><li class=\"blocks-gallery-item\"><figure><img decoding=\"async\" width=\"1024\" height=\"768\" src=\"http:\/\/ucor-ucor.ro\/new\/wp-content\/uploads\/2022\/03\/3-1024x768.jpg\" alt=\"\" data-id=\"600\" data-full-url=\"http:\/\/ucor-ucor.ro\/new\/wp-content\/uploads\/2022\/03\/3-scaled.jpg\" data-link=\"http:\/\/ucor-ucor.ro\/new\/?attachment_id=600\" class=\"wp-image-600\" srcset=\"http:\/\/ucor-ucor.ro\/new\/wp-content\/uploads\/2022\/03\/3-1024x768.jpg 1024w, http:\/\/ucor-ucor.ro\/new\/wp-content\/uploads\/2022\/03\/3-300x225.jpg 300w, http:\/\/ucor-ucor.ro\/new\/wp-content\/uploads\/2022\/03\/3-768x576.jpg 768w, http:\/\/ucor-ucor.ro\/new\/wp-content\/uploads\/2022\/03\/3-1536x1152.jpg 1536w, http:\/\/ucor-ucor.ro\/new\/wp-content\/uploads\/2022\/03\/3-2048x1536.jpg 2048w, http:\/\/ucor-ucor.ro\/new\/wp-content\/uploads\/2022\/03\/3-1200x900.jpg 1200w, http:\/\/ucor-ucor.ro\/new\/wp-content\/uploads\/2022\/03\/3-1980x1485.jpg 1980w\" sizes=\"(max-width: 1024px) 100vw, 1024px\" \/><\/figure><\/li><\/ul><\/figure>\n\n\n\n<p>Aparitii media<br><a href=\"https:\/\/curierulnational.ro\/adunarea-generala-ordinara-a-uniunii-consulilor-onorifici-din-romania-moment-marcat-de-impresionanta-vizita-la-academia-romana\/\" target=\"_blank\" rel=\"noreferrer noopener\">https:\/\/curierulnational.ro\/adunarea-generala-ordinara-a-uniunii-consulilor-onorifici-din-romania-moment-marcat-de-impresionanta-vizita-la-academia-romana\/<\/a><\/p>\n\n\n\n<p><a href=\"https:\/\/acad.ro\/acadInformari\/2022\/d0314-IntalnireAR-UCOR.pdf\">https:\/\/acad.ro\/acadInformari\/2022\/d0314-IntalnireAR-UCOR.pdf<\/a><\/p>\n","protected":false},"excerpt":{"rendered":"<p>Adunarea General\u0103 Anual\u0103 a membrilor Uniunii Consulilor Onorifici din Rom\u00e2nia\u0219i\u00cent\u00e2lnirea Secretarului General al Academiei Rom\u00e2ne domnul Acad. Ioan Dumitrache, cu membrii UCOR \u00cen data de 10 martie 2022, Uniunea Consulilor Onorifici din Rom\u00e2nia a organizat la Hotelul Radisson BLU din Bucure\u0219ti, unul dintre cele mai importante evenimente anuale din agenda asociatiei, \u0219i anume: Adunarea General\u0103 [&hellip;]<\/p>\n","protected":false},"author":1,"featured_media":0,"parent":0,"menu_order":0,"comment_status":"closed","ping_status":"closed","template":"templates\/template-full-width.php","meta":{"footnotes":""},"yoast_head":"<!-- This site is optimized with the Yoast SEO plugin v22.5 - https:\/\/yoast.com\/wordpress\/plugins\/seo\/ -->\n<title>Adunarea General\u0103 Anual\u0103 a membrilor Uniunii Consulilor Onorifici din Rom\u00e2nia - UCOR<\/title>\n<meta name=\"robots\" content=\"index, follow, max-snippet:-1, max-image-preview:large, max-video-preview:-1\" \/>\n<link rel=\"canonical\" href=\"http:\/\/ucor-ucor.ro\/new\/adunarea-generala-anuala-a-membrilor-uniunii-consulilor-onorifici-din-romania\/\" \/>\n<meta property=\"og:locale\" content=\"en_US\" \/>\n<meta property=\"og:type\" content=\"article\" \/>\n<meta property=\"og:title\" content=\"Adunarea General\u0103 Anual\u0103 a membrilor Uniunii Consulilor Onorifici din Rom\u00e2nia - UCOR\" \/>\n<meta property=\"og:description\" content=\"Adunarea General\u0103 Anual\u0103 a membrilor Uniunii Consulilor Onorifici din Rom\u00e2nia\u0219i\u00cent\u00e2lnirea Secretarului General al Academiei Rom\u00e2ne domnul Acad. Ioan Dumitrache, cu membrii UCOR \u00cen data de 10 martie 2022, Uniunea Consulilor Onorifici din Rom\u00e2nia a organizat la Hotelul Radisson BLU din Bucure\u0219ti, unul dintre cele mai importante evenimente anuale din agenda asociatiei, \u0219i anume: Adunarea General\u0103 [&hellip;]\" \/>\n<meta property=\"og:url\" content=\"http:\/\/ucor-ucor.ro\/new\/adunarea-generala-anuala-a-membrilor-uniunii-consulilor-onorifici-din-romania\/\" \/>\n<meta property=\"og:site_name\" content=\"UCOR\" \/>\n<meta property=\"article:modified_time\" content=\"2022-05-09T09:32:11+00:00\" \/>\n<meta property=\"og:image\" content=\"http:\/\/ucor-ucor.ro\/new\/wp-content\/uploads\/2022\/03\/1-1024x768.jpg\" \/>\n<meta name=\"twitter:card\" content=\"summary_large_image\" \/>\n<meta name=\"twitter:label1\" content=\"Est. reading time\" \/>\n\t<meta name=\"twitter:data1\" content=\"4 minutes\" \/>\n<script type=\"application\/ld+json\" class=\"yoast-schema-graph\">{\"@context\":\"https:\/\/schema.org\",\"@graph\":[{\"@type\":\"WebPage\",\"@id\":\"http:\/\/ucor-ucor.ro\/new\/adunarea-generala-anuala-a-membrilor-uniunii-consulilor-onorifici-din-romania\/\",\"url\":\"http:\/\/ucor-ucor.ro\/new\/adunarea-generala-anuala-a-membrilor-uniunii-consulilor-onorifici-din-romania\/\",\"name\":\"Adunarea General\u0103 Anual\u0103 a membrilor Uniunii Consulilor Onorifici din Rom\u00e2nia - UCOR\",\"isPartOf\":{\"@id\":\"https:\/\/ucor-ucor.ro\/new\/#website\"},\"primaryImageOfPage\":{\"@id\":\"http:\/\/ucor-ucor.ro\/new\/adunarea-generala-anuala-a-membrilor-uniunii-consulilor-onorifici-din-romania\/#primaryimage\"},\"image\":{\"@id\":\"http:\/\/ucor-ucor.ro\/new\/adunarea-generala-anuala-a-membrilor-uniunii-consulilor-onorifici-din-romania\/#primaryimage\"},\"thumbnailUrl\":\"http:\/\/ucor-ucor.ro\/new\/wp-content\/uploads\/2022\/03\/1-1024x768.jpg\",\"datePublished\":\"2022-03-11T14:37:58+00:00\",\"dateModified\":\"2022-05-09T09:32:11+00:00\",\"breadcrumb\":{\"@id\":\"http:\/\/ucor-ucor.ro\/new\/adunarea-generala-anuala-a-membrilor-uniunii-consulilor-onorifici-din-romania\/#breadcrumb\"},\"inLanguage\":\"en-US\",\"potentialAction\":[{\"@type\":\"ReadAction\",\"target\":[\"http:\/\/ucor-ucor.ro\/new\/adunarea-generala-anuala-a-membrilor-uniunii-consulilor-onorifici-din-romania\/\"]}]},{\"@type\":\"ImageObject\",\"inLanguage\":\"en-US\",\"@id\":\"http:\/\/ucor-ucor.ro\/new\/adunarea-generala-anuala-a-membrilor-uniunii-consulilor-onorifici-din-romania\/#primaryimage\",\"url\":\"http:\/\/ucor-ucor.ro\/new\/wp-content\/uploads\/2022\/03\/1-1024x768.jpg\",\"contentUrl\":\"http:\/\/ucor-ucor.ro\/new\/wp-content\/uploads\/2022\/03\/1-1024x768.jpg\"},{\"@type\":\"BreadcrumbList\",\"@id\":\"http:\/\/ucor-ucor.ro\/new\/adunarea-generala-anuala-a-membrilor-uniunii-consulilor-onorifici-din-romania\/#breadcrumb\",\"itemListElement\":[{\"@type\":\"ListItem\",\"position\":1,\"name\":\"Home\",\"item\":\"https:\/\/ucor-ucor.ro\/new\/\"},{\"@type\":\"ListItem\",\"position\":2,\"name\":\"Adunarea General\u0103 Anual\u0103 a membrilor Uniunii Consulilor Onorifici din Rom\u00e2nia\"}]},{\"@type\":\"WebSite\",\"@id\":\"https:\/\/ucor-ucor.ro\/new\/#website\",\"url\":\"https:\/\/ucor-ucor.ro\/new\/\",\"name\":\"UCOR\",\"description\":\"\",\"publisher\":{\"@id\":\"https:\/\/ucor-ucor.ro\/new\/#organization\"},\"potentialAction\":[{\"@type\":\"SearchAction\",\"target\":{\"@type\":\"EntryPoint\",\"urlTemplate\":\"https:\/\/ucor-ucor.ro\/new\/?s={search_term_string}\"},\"query-input\":\"required name=search_term_string\"}],\"inLanguage\":\"en-US\"},{\"@type\":\"Organization\",\"@id\":\"https:\/\/ucor-ucor.ro\/new\/#organization\",\"name\":\"UCOR\",\"url\":\"https:\/\/ucor-ucor.ro\/new\/\",\"logo\":{\"@type\":\"ImageObject\",\"inLanguage\":\"en-US\",\"@id\":\"https:\/\/ucor-ucor.ro\/new\/#\/schema\/logo\/image\/\",\"url\":\"http:\/\/ucor-ucor.ro\/new\/wp-content\/uploads\/2020\/06\/cropped-UCOR.png\",\"contentUrl\":\"http:\/\/ucor-ucor.ro\/new\/wp-content\/uploads\/2020\/06\/cropped-UCOR.png\",\"width\":395,\"height\":128,\"caption\":\"UCOR\"},\"image\":{\"@id\":\"https:\/\/ucor-ucor.ro\/new\/#\/schema\/logo\/image\/\"}}]}<\/script>\n<!-- \/ Yoast SEO plugin. -->","yoast_head_json":{"title":"Adunarea General\u0103 Anual\u0103 a membrilor Uniunii Consulilor Onorifici din Rom\u00e2nia - UCOR","robots":{"index":"index","follow":"follow","max-snippet":"max-snippet:-1","max-image-preview":"max-image-preview:large","max-video-preview":"max-video-preview:-1"},"canonical":"http:\/\/ucor-ucor.ro\/new\/adunarea-generala-anuala-a-membrilor-uniunii-consulilor-onorifici-din-romania\/","og_locale":"en_US","og_type":"article","og_title":"Adunarea General\u0103 Anual\u0103 a membrilor Uniunii Consulilor Onorifici din Rom\u00e2nia - UCOR","og_description":"Adunarea General\u0103 Anual\u0103 a membrilor Uniunii Consulilor Onorifici din Rom\u00e2nia\u0219i\u00cent\u00e2lnirea Secretarului General al Academiei Rom\u00e2ne domnul Acad. Ioan Dumitrache, cu membrii UCOR \u00cen data de 10 martie 2022, Uniunea Consulilor Onorifici din Rom\u00e2nia a organizat la Hotelul Radisson BLU din Bucure\u0219ti, unul dintre cele mai importante evenimente anuale din agenda asociatiei, \u0219i anume: Adunarea General\u0103 [&hellip;]","og_url":"http:\/\/ucor-ucor.ro\/new\/adunarea-generala-anuala-a-membrilor-uniunii-consulilor-onorifici-din-romania\/","og_site_name":"UCOR","article_modified_time":"2022-05-09T09:32:11+00:00","og_image":[{"url":"http:\/\/ucor-ucor.ro\/new\/wp-content\/uploads\/2022\/03\/1-1024x768.jpg"}],"twitter_card":"summary_large_image","twitter_misc":{"Est. reading time":"4 minutes"},"schema":{"@context":"https:\/\/schema.org","@graph":[{"@type":"WebPage","@id":"http:\/\/ucor-ucor.ro\/new\/adunarea-generala-anuala-a-membrilor-uniunii-consulilor-onorifici-din-romania\/","url":"http:\/\/ucor-ucor.ro\/new\/adunarea-generala-anuala-a-membrilor-uniunii-consulilor-onorifici-din-romania\/","name":"Adunarea General\u0103 Anual\u0103 a membrilor Uniunii Consulilor Onorifici din Rom\u00e2nia - UCOR","isPartOf":{"@id":"https:\/\/ucor-ucor.ro\/new\/#website"},"primaryImageOfPage":{"@id":"http:\/\/ucor-ucor.ro\/new\/adunarea-generala-anuala-a-membrilor-uniunii-consulilor-onorifici-din-romania\/#primaryimage"},"image":{"@id":"http:\/\/ucor-ucor.ro\/new\/adunarea-generala-anuala-a-membrilor-uniunii-consulilor-onorifici-din-romania\/#primaryimage"},"thumbnailUrl":"http:\/\/ucor-ucor.ro\/new\/wp-content\/uploads\/2022\/03\/1-1024x768.jpg","datePublished":"2022-03-11T14:37:58+00:00","dateModified":"2022-05-09T09:32:11+00:00","breadcrumb":{"@id":"http:\/\/ucor-ucor.ro\/new\/adunarea-generala-anuala-a-membrilor-uniunii-consulilor-onorifici-din-romania\/#breadcrumb"},"inLanguage":"en-US","potentialAction":[{"@type":"ReadAction","target":["http:\/\/ucor-ucor.ro\/new\/adunarea-generala-anuala-a-membrilor-uniunii-consulilor-onorifici-din-romania\/"]}]},{"@type":"ImageObject","inLanguage":"en-US","@id":"http:\/\/ucor-ucor.ro\/new\/adunarea-generala-anuala-a-membrilor-uniunii-consulilor-onorifici-din-romania\/#primaryimage","url":"http:\/\/ucor-ucor.ro\/new\/wp-content\/uploads\/2022\/03\/1-1024x768.jpg","contentUrl":"http:\/\/ucor-ucor.ro\/new\/wp-content\/uploads\/2022\/03\/1-1024x768.jpg"},{"@type":"BreadcrumbList","@id":"http:\/\/ucor-ucor.ro\/new\/adunarea-generala-anuala-a-membrilor-uniunii-consulilor-onorifici-din-romania\/#breadcrumb","itemListElement":[{"@type":"ListItem","position":1,"name":"Home","item":"https:\/\/ucor-ucor.ro\/new\/"},{"@type":"ListItem","position":2,"name":"Adunarea General\u0103 Anual\u0103 a membrilor Uniunii Consulilor Onorifici din Rom\u00e2nia"}]},{"@type":"WebSite","@id":"https:\/\/ucor-ucor.ro\/new\/#website","url":"https:\/\/ucor-ucor.ro\/new\/","name":"UCOR","description":"","publisher":{"@id":"https:\/\/ucor-ucor.ro\/new\/#organization"},"potentialAction":[{"@type":"SearchAction","target":{"@type":"EntryPoint","urlTemplate":"https:\/\/ucor-ucor.ro\/new\/?s={search_term_string}"},"query-input":"required name=search_term_string"}],"inLanguage":"en-US"},{"@type":"Organization","@id":"https:\/\/ucor-ucor.ro\/new\/#organization","name":"UCOR","url":"https:\/\/ucor-ucor.ro\/new\/","logo":{"@type":"ImageObject","inLanguage":"en-US","@id":"https:\/\/ucor-ucor.ro\/new\/#\/schema\/logo\/image\/","url":"http:\/\/ucor-ucor.ro\/new\/wp-content\/uploads\/2020\/06\/cropped-UCOR.png","contentUrl":"http:\/\/ucor-ucor.ro\/new\/wp-content\/uploads\/2020\/06\/cropped-UCOR.png","width":395,"height":128,"caption":"UCOR"},"image":{"@id":"https:\/\/ucor-ucor.ro\/new\/#\/schema\/logo\/image\/"}}]}},"_links":{"self":[{"href":"http:\/\/ucor-ucor.ro\/new\/wp-json\/wp\/v2\/pages\/597"}],"collection":[{"href":"http:\/\/ucor-ucor.ro\/new\/wp-json\/wp\/v2\/pages"}],"about":[{"href":"http:\/\/ucor-ucor.ro\/new\/wp-json\/wp\/v2\/types\/page"}],"author":[{"embeddable":true,"href":"http:\/\/ucor-ucor.ro\/new\/wp-json\/wp\/v2\/users\/1"}],"replies":[{"embeddable":true,"href":"http:\/\/ucor-ucor.ro\/new\/wp-json\/wp\/v2\/comments?post=597"}],"version-history":[{"count":4,"href":"http:\/\/ucor-ucor.ro\/new\/wp-json\/wp\/v2\/pages\/597\/revisions"}],"predecessor-version":[{"id":670,"href":"http:\/\/ucor-ucor.ro\/new\/wp-json\/wp\/v2\/pages\/597\/revisions\/670"}],"wp:attachment":[{"href":"http:\/\/ucor-ucor.ro\/new\/wp-json\/wp\/v2\/media?parent=597"}],"curies":[{"name":"wp","href":"https:\/\/api.w.org\/{rel}","templated":true}]}}