{"id":529,"date":"2021-10-22T05:42:09","date_gmt":"2021-10-22T05:42:09","guid":{"rendered":"http:\/\/ucor-ucor.ro\/new\/?page_id=529"},"modified":"2021-10-22T05:45:17","modified_gmt":"2021-10-22T05:45:17","slug":"board-meeting-si-adunarea-generala-f-u-e-c-h-evenimente-conexe","status":"publish","type":"page","link":"http:\/\/ucor-ucor.ro\/new\/board-meeting-si-adunarea-generala-f-u-e-c-h-evenimente-conexe\/","title":{"rendered":"Board Meeting si Adunarea Generala F.U.E.C.H. &#038; evenimente conexe"},"content":{"rendered":"\n<p>Domnul Consul Onorific Andreas Huber, presedintele Uniunii Consulilor Onorifici din Romania (U.C.O.R.) \u0219i vicepre\u0219edintele F.U.E.C.H., a participat la Board meeting-ul \u0219i Adunarea General\u0103 a \u201cFederation de l\u2019Union Europeenne des Consuls Honoraires \u201d (F.U.E.C.H.), ce a avut loc in Brugges, Belgia \u0219i la evenimentele conexe organizate de Corpul consular din Belgia (BCU).<\/p>\n\n\n\n<p>\u00cen data de 14.10.2021 s-au desf\u0103\u0219urat:<\/p>\n\n\n\n<p>Board Meeting-ul F.U.E.C.H. la Hotel Crowne Plaza, cu deschiderea lucr\u0103rilor printr-un cuv\u00e2nt de \u201cBun venit\u201d adresat de c\u0103tre Presedintele F.U.E.C.H, Dl. Consul&nbsp; Onorific Jean J. Baron Haus.<\/p>\n\n\n\n<p>Mai multe subiecte au fost pe ordinea de zi. Printre altele:<\/p>\n\n\n\n<p>&#8211; Aprobarea procesului-verbal al ultimei \u0219edin\u021be a consiliului de administra\u021bie ce a avut loc prin videoconferin\u021b\u0103 \u00een data de 7 iulie 2021.<\/p>\n\n\n\n<p>&#8211; Raportul financiar al Trezorierului F.U.E.C.H.<\/p>\n\n\n\n<p>&#8211; Alegerea unui nou membru al Managing Board pentru perioada 2022-2024 \u00een locul domnului CO Marc Aicardi de Saint-Paul<\/p>\n\n\n\n<p>&#8211; Extinderea num\u0103rului de membri \u00een cadrul F.U.E.C.H.<\/p>\n\n\n\n<p>&#8211; Activit\u0103\u021bi \u0219i ac\u021biuni planificate pentru anul 2022<\/p>\n\n\n\n<p>Adunarea General\u0103 a fost deschis\u0103 prin adresarea c\u0103tre to\u021bi participantii a unui&nbsp; cuv\u00e2nt de \u201cBun venit\u201d, rostit de c\u0103tre Presedintele F.U.E.C.H, Dl. Consul&nbsp; Onorific Jean J. Baron Haus.<\/p>\n\n\n\n<p>Ordinea de zi a cuprins, printre altele:<\/p>\n\n\n\n<p>-Aprobarea minutei pentru Adunarea General\u0103 Extraordinar\u0103 din 26 februarie 2021 desf\u0103\u0219urat\u0103 prin videoconferin\u021b\u0103.<\/p>\n\n\n\n<p>-Prezentarea raportului financiar aferent anului 2021.<\/p>\n\n\n\n<p>&#8211; Numirea unui nou membru \u00een Managing Board pentru perioada 2022-2024 \u00een locul domnului CO Marc Aicardi de Saint-Paul<\/p>\n\n\n\n<p>-Discutii cu privire la cooptarea de noi membri.<\/p>\n\n\n\n<p>&#8211; Activit\u0103\u021bi \u0219i ac\u021biuni planificate pentru anul 2022<\/p>\n\n\n\n<p>Printre altele, s-a discutat despre organizarea urmatoarei \u00eent\u00e2lniri a Board-ului F.U.E.C.H.,ce urmeaz\u0103 a se desf\u0103\u0219ura \u00een luna aprilie 2022 in San Marino, iar Adunarea Generala F.U.E.C.H se va desf\u0103\u0219ura in toamna anului 2022, la Berlin. Datele exacte ale acestor \u00eentrunirii urmeaz\u0103 a fi stabilite \u0219i comunicate \u00een timp util.<\/p>\n\n\n\n<p>Ziua de 15.10.2021 a fost dedicata evenimentelor conexe \u0219i a reuniunii organizate de Corpul consular din Belgia (BCU).<\/p>\n\n\n\n<p>Ziua a debutat cu o receptie la Turnul ABC din portul Zeebrugge, o scurta prezentare \u0219i proiectia filmului despre port, urmat\u0103 de vizitarea portului cu autobuzul, iar dup\u0103 amiaza a continuat cu un tur ghidat la Brugges \u0219i vizite la diferite obiective turistice.<\/p>\n\n\n\n<p>\u00cen cursul serii s-a desf\u0103\u0219urat la Hotelul Crowne Plaza Brugges o cin\u0103 de gal\u0103, \u00een timpul c\u0103reia Pre\u0219edintele Parlamentului Comunit\u0103\u021bii de limb\u0103 german\u0103, Domnul Karl-Heinz Lambertz a sus\u021binut un scurt discurs, iar la finalul acestui eveniment a fost acordat cel de-al \u0219aptelea Premiu \u201cMichele di Gianni\u201d- creat in onoarea ini\u021biatorului \u00eenfiin\u021b\u0103rii Corpului Consular Belgian (BCU). Acest premiu este acordat anual de c\u0103tre Corpul Consular Belgian (BCU) unei persoane sau unei asocia\u021bii care a exercitat o func\u021bie interna\u021bional\u0103 important\u0103.<\/p>\n\n\n\n<p>\u00cen cadrul acestei reuniuni au avut loc un schimb amplu de opinii \u00eentre consulii onorifici prezenti la eveniment, fiind abordate teme diplomatice, economice, de politica actual\u0103 \u0219i cultur\u0103. Evenimentul s-a \u00eencheiat cu exprimarea, din partea tuturor participan\u021bilor, a convingerii c\u0103 se vor continua rela\u021biile de comunicare, \u00een toate domeniile de interes.<\/p>\n","protected":false},"excerpt":{"rendered":"<p>Domnul Consul Onorific Andreas Huber, presedintele Uniunii Consulilor Onorifici din Romania (U.C.O.R.) \u0219i vicepre\u0219edintele F.U.E.C.H., a participat la Board meeting-ul \u0219i Adunarea General\u0103 a \u201cFederation de l\u2019Union Europeenne des Consuls Honoraires \u201d (F.U.E.C.H.), ce a avut loc in Brugges, Belgia \u0219i la evenimentele conexe organizate de Corpul consular din Belgia (BCU). \u00cen data de 14.10.2021 [&hellip;]<\/p>\n","protected":false},"author":1,"featured_media":0,"parent":0,"menu_order":0,"comment_status":"closed","ping_status":"closed","template":"templates\/template-full-width.php","meta":{"footnotes":""},"yoast_head":"<!-- This site is optimized with the Yoast SEO plugin v22.5 - https:\/\/yoast.com\/wordpress\/plugins\/seo\/ -->\n<title>Board Meeting si Adunarea Generala F.U.E.C.H. &amp; evenimente conexe - UCOR<\/title>\n<meta name=\"robots\" content=\"index, follow, max-snippet:-1, max-image-preview:large, max-video-preview:-1\" \/>\n<link rel=\"canonical\" href=\"http:\/\/ucor-ucor.ro\/new\/board-meeting-si-adunarea-generala-f-u-e-c-h-evenimente-conexe\/\" \/>\n<meta property=\"og:locale\" content=\"en_US\" \/>\n<meta property=\"og:type\" content=\"article\" \/>\n<meta property=\"og:title\" content=\"Board Meeting si Adunarea Generala F.U.E.C.H. &amp; evenimente conexe - UCOR\" \/>\n<meta property=\"og:description\" content=\"Domnul Consul Onorific Andreas Huber, presedintele Uniunii Consulilor Onorifici din Romania (U.C.O.R.) \u0219i vicepre\u0219edintele F.U.E.C.H., a participat la Board meeting-ul \u0219i Adunarea General\u0103 a \u201cFederation de l\u2019Union Europeenne des Consuls Honoraires \u201d (F.U.E.C.H.), ce a avut loc in Brugges, Belgia \u0219i la evenimentele conexe organizate de Corpul consular din Belgia (BCU). \u00cen data de 14.10.2021 [&hellip;]\" \/>\n<meta property=\"og:url\" content=\"http:\/\/ucor-ucor.ro\/new\/board-meeting-si-adunarea-generala-f-u-e-c-h-evenimente-conexe\/\" \/>\n<meta property=\"og:site_name\" content=\"UCOR\" \/>\n<meta property=\"article:modified_time\" content=\"2021-10-22T05:45:17+00:00\" \/>\n<meta name=\"twitter:card\" content=\"summary_large_image\" \/>\n<meta name=\"twitter:label1\" content=\"Est. reading time\" \/>\n\t<meta name=\"twitter:data1\" content=\"3 minutes\" \/>\n<script type=\"application\/ld+json\" class=\"yoast-schema-graph\">{\"@context\":\"https:\/\/schema.org\",\"@graph\":[{\"@type\":\"WebPage\",\"@id\":\"http:\/\/ucor-ucor.ro\/new\/board-meeting-si-adunarea-generala-f-u-e-c-h-evenimente-conexe\/\",\"url\":\"http:\/\/ucor-ucor.ro\/new\/board-meeting-si-adunarea-generala-f-u-e-c-h-evenimente-conexe\/\",\"name\":\"Board Meeting si Adunarea Generala F.U.E.C.H. & evenimente conexe - UCOR\",\"isPartOf\":{\"@id\":\"https:\/\/ucor-ucor.ro\/new\/#website\"},\"datePublished\":\"2021-10-22T05:42:09+00:00\",\"dateModified\":\"2021-10-22T05:45:17+00:00\",\"breadcrumb\":{\"@id\":\"http:\/\/ucor-ucor.ro\/new\/board-meeting-si-adunarea-generala-f-u-e-c-h-evenimente-conexe\/#breadcrumb\"},\"inLanguage\":\"en-US\",\"potentialAction\":[{\"@type\":\"ReadAction\",\"target\":[\"http:\/\/ucor-ucor.ro\/new\/board-meeting-si-adunarea-generala-f-u-e-c-h-evenimente-conexe\/\"]}]},{\"@type\":\"BreadcrumbList\",\"@id\":\"http:\/\/ucor-ucor.ro\/new\/board-meeting-si-adunarea-generala-f-u-e-c-h-evenimente-conexe\/#breadcrumb\",\"itemListElement\":[{\"@type\":\"ListItem\",\"position\":1,\"name\":\"Home\",\"item\":\"https:\/\/ucor-ucor.ro\/new\/\"},{\"@type\":\"ListItem\",\"position\":2,\"name\":\"Board Meeting si Adunarea Generala F.U.E.C.H. &#038; evenimente conexe\"}]},{\"@type\":\"WebSite\",\"@id\":\"https:\/\/ucor-ucor.ro\/new\/#website\",\"url\":\"https:\/\/ucor-ucor.ro\/new\/\",\"name\":\"UCOR\",\"description\":\"\",\"publisher\":{\"@id\":\"https:\/\/ucor-ucor.ro\/new\/#organization\"},\"potentialAction\":[{\"@type\":\"SearchAction\",\"target\":{\"@type\":\"EntryPoint\",\"urlTemplate\":\"https:\/\/ucor-ucor.ro\/new\/?s={search_term_string}\"},\"query-input\":\"required name=search_term_string\"}],\"inLanguage\":\"en-US\"},{\"@type\":\"Organization\",\"@id\":\"https:\/\/ucor-ucor.ro\/new\/#organization\",\"name\":\"UCOR\",\"url\":\"https:\/\/ucor-ucor.ro\/new\/\",\"logo\":{\"@type\":\"ImageObject\",\"inLanguage\":\"en-US\",\"@id\":\"https:\/\/ucor-ucor.ro\/new\/#\/schema\/logo\/image\/\",\"url\":\"http:\/\/ucor-ucor.ro\/new\/wp-content\/uploads\/2020\/06\/cropped-UCOR.png\",\"contentUrl\":\"http:\/\/ucor-ucor.ro\/new\/wp-content\/uploads\/2020\/06\/cropped-UCOR.png\",\"width\":395,\"height\":128,\"caption\":\"UCOR\"},\"image\":{\"@id\":\"https:\/\/ucor-ucor.ro\/new\/#\/schema\/logo\/image\/\"}}]}<\/script>\n<!-- \/ Yoast SEO plugin. -->","yoast_head_json":{"title":"Board Meeting si Adunarea Generala F.U.E.C.H. & evenimente conexe - UCOR","robots":{"index":"index","follow":"follow","max-snippet":"max-snippet:-1","max-image-preview":"max-image-preview:large","max-video-preview":"max-video-preview:-1"},"canonical":"http:\/\/ucor-ucor.ro\/new\/board-meeting-si-adunarea-generala-f-u-e-c-h-evenimente-conexe\/","og_locale":"en_US","og_type":"article","og_title":"Board Meeting si Adunarea Generala F.U.E.C.H. & evenimente conexe - UCOR","og_description":"Domnul Consul Onorific Andreas Huber, presedintele Uniunii Consulilor Onorifici din Romania (U.C.O.R.) \u0219i vicepre\u0219edintele F.U.E.C.H., a participat la Board meeting-ul \u0219i Adunarea General\u0103 a \u201cFederation de l\u2019Union Europeenne des Consuls Honoraires \u201d (F.U.E.C.H.), ce a avut loc in Brugges, Belgia \u0219i la evenimentele conexe organizate de Corpul consular din Belgia (BCU). \u00cen data de 14.10.2021 [&hellip;]","og_url":"http:\/\/ucor-ucor.ro\/new\/board-meeting-si-adunarea-generala-f-u-e-c-h-evenimente-conexe\/","og_site_name":"UCOR","article_modified_time":"2021-10-22T05:45:17+00:00","twitter_card":"summary_large_image","twitter_misc":{"Est. reading time":"3 minutes"},"schema":{"@context":"https:\/\/schema.org","@graph":[{"@type":"WebPage","@id":"http:\/\/ucor-ucor.ro\/new\/board-meeting-si-adunarea-generala-f-u-e-c-h-evenimente-conexe\/","url":"http:\/\/ucor-ucor.ro\/new\/board-meeting-si-adunarea-generala-f-u-e-c-h-evenimente-conexe\/","name":"Board Meeting si Adunarea Generala F.U.E.C.H. & evenimente conexe - UCOR","isPartOf":{"@id":"https:\/\/ucor-ucor.ro\/new\/#website"},"datePublished":"2021-10-22T05:42:09+00:00","dateModified":"2021-10-22T05:45:17+00:00","breadcrumb":{"@id":"http:\/\/ucor-ucor.ro\/new\/board-meeting-si-adunarea-generala-f-u-e-c-h-evenimente-conexe\/#breadcrumb"},"inLanguage":"en-US","potentialAction":[{"@type":"ReadAction","target":["http:\/\/ucor-ucor.ro\/new\/board-meeting-si-adunarea-generala-f-u-e-c-h-evenimente-conexe\/"]}]},{"@type":"BreadcrumbList","@id":"http:\/\/ucor-ucor.ro\/new\/board-meeting-si-adunarea-generala-f-u-e-c-h-evenimente-conexe\/#breadcrumb","itemListElement":[{"@type":"ListItem","position":1,"name":"Home","item":"https:\/\/ucor-ucor.ro\/new\/"},{"@type":"ListItem","position":2,"name":"Board Meeting si Adunarea Generala F.U.E.C.H. &#038; evenimente conexe"}]},{"@type":"WebSite","@id":"https:\/\/ucor-ucor.ro\/new\/#website","url":"https:\/\/ucor-ucor.ro\/new\/","name":"UCOR","description":"","publisher":{"@id":"https:\/\/ucor-ucor.ro\/new\/#organization"},"potentialAction":[{"@type":"SearchAction","target":{"@type":"EntryPoint","urlTemplate":"https:\/\/ucor-ucor.ro\/new\/?s={search_term_string}"},"query-input":"required name=search_term_string"}],"inLanguage":"en-US"},{"@type":"Organization","@id":"https:\/\/ucor-ucor.ro\/new\/#organization","name":"UCOR","url":"https:\/\/ucor-ucor.ro\/new\/","logo":{"@type":"ImageObject","inLanguage":"en-US","@id":"https:\/\/ucor-ucor.ro\/new\/#\/schema\/logo\/image\/","url":"http:\/\/ucor-ucor.ro\/new\/wp-content\/uploads\/2020\/06\/cropped-UCOR.png","contentUrl":"http:\/\/ucor-ucor.ro\/new\/wp-content\/uploads\/2020\/06\/cropped-UCOR.png","width":395,"height":128,"caption":"UCOR"},"image":{"@id":"https:\/\/ucor-ucor.ro\/new\/#\/schema\/logo\/image\/"}}]}},"_links":{"self":[{"href":"http:\/\/ucor-ucor.ro\/new\/wp-json\/wp\/v2\/pages\/529"}],"collection":[{"href":"http:\/\/ucor-ucor.ro\/new\/wp-json\/wp\/v2\/pages"}],"about":[{"href":"http:\/\/ucor-ucor.ro\/new\/wp-json\/wp\/v2\/types\/page"}],"author":[{"embeddable":true,"href":"http:\/\/ucor-ucor.ro\/new\/wp-json\/wp\/v2\/users\/1"}],"replies":[{"embeddable":true,"href":"http:\/\/ucor-ucor.ro\/new\/wp-json\/wp\/v2\/comments?post=529"}],"version-history":[{"count":2,"href":"http:\/\/ucor-ucor.ro\/new\/wp-json\/wp\/v2\/pages\/529\/revisions"}],"predecessor-version":[{"id":535,"href":"http:\/\/ucor-ucor.ro\/new\/wp-json\/wp\/v2\/pages\/529\/revisions\/535"}],"wp:attachment":[{"href":"http:\/\/ucor-ucor.ro\/new\/wp-json\/wp\/v2\/media?parent=529"}],"curies":[{"name":"wp","href":"https:\/\/api.w.org\/{rel}","templated":true}]}}