{"id":51,"date":"2020-08-31T08:46:59","date_gmt":"2020-08-31T08:46:59","guid":{"rendered":"http:\/\/ucor-ucor.ro\/new\/?page_id=51"},"modified":"2026-03-18T05:19:52","modified_gmt":"2026-03-18T05:19:52","slug":"comunicat-de-presa","status":"publish","type":"page","link":"http:\/\/ucor-ucor.ro\/new\/comunicat-de-presa\/","title":{"rendered":"COMUNICAT DE PRESA"},"content":{"rendered":"\n<p>05.03.2026<br><a href=\"https:\/\/ucor-ucor.ro\/new\/adunarea-generala-a-membrilor-precedata-de-reuniunea-consiliului-director-martie-2026\/\">Uniunea Consulilor Onorifici din Rom\u00e2nia (UCOR) a organizat joi, 5 martie 2026, la Grand Hotel Continental din Bucure\u0219ti, Adunarea General\u0103 a membrilor, precedat\u0103 de reuniunea Consiliului Director<\/a><\/p>\n\n\n\n<figure class=\"wp-block-image size-large\"><img decoding=\"async\" src=\"http:\/\/ucor-ucor.ro\/wp-content\/uploads\/2026\/03\/ucor5m.jpeg\" alt=\"\"\/><\/figure>\n\n\n\n<p>28.09.2025<br><a href=\"https:\/\/ucor-ucor.ro\/new\/uniunea-consulilor-onorifici-din-romania-10-ani-de-diplomatie-economica-si-culturalasibiu-25-28-septembrie-2025\/\">Uniunea Consulilor Onorifici din Rom\u00e2nia \u2013 10 ani de diploma\u021bie economic\u0103 \u0219i cultural\u0103 Sibiu, 25\u201328 septembrie 2025<\/a><\/p>\n\n\n\n<figure class=\"wp-block-image size-large\"><img decoding=\"async\" src=\"http:\/\/ucor-ucor.ro\/new\/wp-content\/uploads\/2025\/09\/1.jpg\" alt=\"\" class=\"wp-image-1316\"\/><\/figure>\n\n\n\n<p>29 mai &#8211; 1 iunie <br><a href=\"http:\/\/ucor-ucor.ro\/new\/wp-content\/uploads\/2025\/06\/Comunicat_Constanta_2025.pdf\">Reuniunea membrilor Uniunii Consulilor Onorifici din Rom\u00e2nia &#8211; Edi\u021bia 9 Constanta<\/a><\/p>\n\n\n\n<figure class=\"wp-block-image size-large\"><img decoding=\"async\" src=\"http:\/\/ucor-ucor.ro\/new\/wp-content\/uploads\/2025\/06\/a1.jpg\" alt=\"\"\/><\/figure>\n\n\n\n<p>14 octombrie 2024<br><a href=\"http:\/\/ucor-ucor.ro\/new\/reuniunea-membrilor-uniunii-consulilor-onorifici-din-romania-editia-8-suceava\/\">Reuniunea membrilor Uniunii Consulilor Onorifici din Rom\u00e2nia &#8211; Edi\u021bia 8 Suceava<\/a><\/p>\n\n\n\n<figure class=\"wp-block-image size-large\"><img decoding=\"async\" src=\"http:\/\/ucor-ucor.ro\/new\/wp-content\/uploads\/2024\/10\/Photo1.jpeg\" alt=\"\"\/><\/figure>\n\n\n\n<p>10 aprilie 2024<br><a href=\"http:\/\/ucor-ucor.ro\/new\/adunarea-generalaa-membrilor-uniunii-consulilor-onorifici-din-romania-la-bucuresti\/\">Adunarea General\u0103 a membrilor Uniunii Consulilor Onorifici din Rom\u00e2nia la Bucure\u0219ti<\/a><\/p>\n\n\n\n<figure class=\"wp-block-image size-large\"><img fetchpriority=\"high\" decoding=\"async\" width=\"1024\" height=\"768\" src=\"http:\/\/ucor-ucor.ro\/new\/wp-content\/uploads\/2024\/04\/Foto1-2-1024x768.jpeg\" alt=\"\" class=\"wp-image-1289\" srcset=\"http:\/\/ucor-ucor.ro\/new\/wp-content\/uploads\/2024\/04\/Foto1-2-1024x768.jpeg 1024w, http:\/\/ucor-ucor.ro\/new\/wp-content\/uploads\/2024\/04\/Foto1-2-300x225.jpeg 300w, http:\/\/ucor-ucor.ro\/new\/wp-content\/uploads\/2024\/04\/Foto1-2-768x576.jpeg 768w, http:\/\/ucor-ucor.ro\/new\/wp-content\/uploads\/2024\/04\/Foto1-2-1536x1152.jpeg 1536w, http:\/\/ucor-ucor.ro\/new\/wp-content\/uploads\/2024\/04\/Foto1-2-1200x900.jpeg 1200w, http:\/\/ucor-ucor.ro\/new\/wp-content\/uploads\/2024\/04\/Foto1-2-1980x1485.jpeg 1980w, http:\/\/ucor-ucor.ro\/new\/wp-content\/uploads\/2024\/04\/Foto1-2.jpeg 2048w\" sizes=\"(max-width: 1024px) 100vw, 1024px\" \/><\/figure>\n\n\n\n<p>24 februarie 2024<br><a href=\"http:\/\/ucor-ucor.ro\/new\/balul-de-primavara-ucor-editia-a-5-a\/\">\u201cBalul de prim\u0103var\u0103 UCOR\u201d editia a 5-a<\/a><\/p>\n\n\n\n<figure class=\"wp-block-image size-large\"><img decoding=\"async\" width=\"1024\" height=\"683\" src=\"http:\/\/ucor-ucor.ro\/new\/wp-content\/uploads\/2024\/02\/Foto-1.jpg\" alt=\"\" class=\"wp-image-1248\" srcset=\"http:\/\/ucor-ucor.ro\/new\/wp-content\/uploads\/2024\/02\/Foto-1.jpg 1024w, http:\/\/ucor-ucor.ro\/new\/wp-content\/uploads\/2024\/02\/Foto-1-300x200.jpg 300w, http:\/\/ucor-ucor.ro\/new\/wp-content\/uploads\/2024\/02\/Foto-1-768x512.jpg 768w\" sizes=\"(max-width: 1024px) 100vw, 1024px\" \/><\/figure>\n\n\n\n<p>21 Noiembrie 2023<br><a href=\"http:\/\/ucor-ucor.ro\/new\/wp-content\/uploads\/2023\/11\/Comunicat-de-presa-UCOR-22.11.2023.pdf\">Semnarea Actului adi\u021bional la Protocolul de colaborare \u00eentre Ministerul Afacerilor Externe \u0219i Uniunea Consulilor Onorifici din Rom\u00e2nia<\/a><\/p>\n\n\n\n<figure class=\"wp-block-image size-large\"><img decoding=\"async\" width=\"1024\" height=\"601\" src=\"http:\/\/ucor-ucor.ro\/new\/wp-content\/uploads\/2023\/11\/Foto3-1-1024x601.jpg\" alt=\"\" class=\"wp-image-1185\" srcset=\"http:\/\/ucor-ucor.ro\/new\/wp-content\/uploads\/2023\/11\/Foto3-1-1024x601.jpg 1024w, http:\/\/ucor-ucor.ro\/new\/wp-content\/uploads\/2023\/11\/Foto3-1-300x176.jpg 300w, http:\/\/ucor-ucor.ro\/new\/wp-content\/uploads\/2023\/11\/Foto3-1-768x451.jpg 768w, http:\/\/ucor-ucor.ro\/new\/wp-content\/uploads\/2023\/11\/Foto3-1-1536x902.jpg 1536w, http:\/\/ucor-ucor.ro\/new\/wp-content\/uploads\/2023\/11\/Foto3-1-2048x1203.jpg 2048w, http:\/\/ucor-ucor.ro\/new\/wp-content\/uploads\/2023\/11\/Foto3-1-1200x705.jpg 1200w, http:\/\/ucor-ucor.ro\/new\/wp-content\/uploads\/2023\/11\/Foto3-1-1980x1163.jpg 1980w\" sizes=\"(max-width: 1024px) 100vw, 1024px\" \/><\/figure>\n\n\n\n<p>02 octombrie 2023<br><a href=\"http:\/\/ucor-ucor.ro\/new\/wp-content\/uploads\/2023\/10\/Comunicat-de-presa-UCOR-Reuniunea-membrilor-editia-7-Suceava-28.09-01.10.2023.pdf\">Reuniunea membrilor Uniunii Consulilor Onorifici din Rom\u00e2nia &#8211; Edi\u021bia 7 Suceava 28 septembrie &#8211; 1 octombrie 2023 <\/a><\/p>\n\n\n<div class=\"wp-block-image\">\n<figure class=\"aligncenter size-large\"><img loading=\"lazy\" decoding=\"async\" width=\"1024\" height=\"577\" src=\"http:\/\/ucor-ucor.ro\/new\/wp-content\/uploads\/2023\/10\/UCOR_1-1-1024x577.jpeg\" alt=\"\" class=\"wp-image-1138\" srcset=\"http:\/\/ucor-ucor.ro\/new\/wp-content\/uploads\/2023\/10\/UCOR_1-1-1024x577.jpeg 1024w, http:\/\/ucor-ucor.ro\/new\/wp-content\/uploads\/2023\/10\/UCOR_1-1-300x169.jpeg 300w, http:\/\/ucor-ucor.ro\/new\/wp-content\/uploads\/2023\/10\/UCOR_1-1-768x432.jpeg 768w, http:\/\/ucor-ucor.ro\/new\/wp-content\/uploads\/2023\/10\/UCOR_1-1-1536x865.jpeg 1536w, http:\/\/ucor-ucor.ro\/new\/wp-content\/uploads\/2023\/10\/UCOR_1-1-2048x1153.jpeg 2048w, http:\/\/ucor-ucor.ro\/new\/wp-content\/uploads\/2023\/10\/UCOR_1-1-1200x676.jpeg 1200w, http:\/\/ucor-ucor.ro\/new\/wp-content\/uploads\/2023\/10\/UCOR_1-1-1980x1115.jpeg 1980w\" sizes=\"(max-width: 1024px) 100vw, 1024px\" \/><\/figure><\/div>\n\n\n<p>04 decembrie 2020<\/p>\n\n\n\n<p class=\"has-text-align-center\"><strong>Ceremonia de acordare a unui CEC de dona\u021bie<br>din partea Uniunii Consulilor Onorifici din Rom\u00e2nia,<br>pentru sprijinirea proiectului \u201cSunet pentru S\u0103n\u0103tatea Copiilor \u201c<br>al Asocia\u021biei Life Education for All &#8211; Cluj Napoca<\/strong><\/p>\n\n\n\n<p>\u00cen data de 4 decembrie 2020, la ora 13.00, la sediul Consulatului Onorific al Turciei din Cluj -Napoca, a avut loc ceremonia de acordare a unui CEC de dona\u021bie \u00een valoare de 20.000 lei, din partea Uniunii Consulilor Onorifici din Rom\u00e2nia, pentru sus\u021binerea proiectului \u201eSunet pentru s\u0103n\u0103tatea copiilor\u201d derulat de Asocia\u021bia Life Education for All din Cluj-Napoca, proiect ce are ca scop dotarea saloanelor pentru copiii bolnavi cronic, interna\u021bi pentru lung\u0103 durat\u0103 \u00een spitale din \u00eentreaga \u021bar\u0103, cu aparatur\u0103 audio-video, cd-uri cu povesti \u0219i muzica pentru copii, muzica clasic\u0103, relaxant\u0103 sau terapeutic\u0103 pentru copii \u00eentre 0-18 ani, c\u00e2t \u0219i cd-uri cu con\u021binut educa\u021bional pentru accesul acestora la meloterapie, care s\u0103 contribuie \u0219i s\u0103 le \u00eembun\u0103t\u0103\u021beasc\u0103 via\u021ba pe perioada \u00een care se afl\u0103 interna\u021bi.<br>Domnul Vasile Andrei Vita- Consul Onorific al Republicii Turcia la Cluj-Napoca \u0219i Secretarul General al Uniunii Consulilor Onorifici din Rom\u00e2nia \u00eempreun\u0103 cu domnul Decebal Victor Cotoc &#8211; Consul Onorific al Republicii Tunisia la Cluj-Napoca au \u00eenm\u00e2nat CEC-ul de dona\u021bie doamnei Oana M\u00eendru\u021b- Directoarea Asocia\u021biei \u201cLife Education for All\u201d, adres\u00e2ndu-i totodat\u0103 felicit\u0103ri pentru toate eforturile depuse, c\u00e2t \u0219i pentru \u00eentreaga activitate desf\u0103\u0219urat\u0103 \u00een cadrul asocia\u021biei \u0219i \u00een beneficiul copiilor bolnavi cronic din spitalele din \u00eentreaga \u021bar\u0103.<br>La ceremonie au participat membrii Uniunii Consulilor Onorifici din Rom\u00e2nia: domnul Vasile -Andrei VITA &#8211; Consul Onorific al Republicii Turcia la Cluj Napoca, domnul Decebal Victor COTOC &#8211; Consul Onorific al Republicii Tunisia la Cluj-Napoca, doamna Mihaela-Monica C\u0102LU\u0218ER- Consul Onorific al Republicii Polone la Cluj-Napoca, domnul Jose Arnau USON \u2013 Consul Onorific al Spaniei la Cluj-Napoca, domnul Wouter REIJERS- Consul Onorific al Regatului \u0162\u0103rilor de Jos la Cluj-Napoca, domnul Massimo NOVALI -Consul Onorific al Republicii Italiene la Cluj-Napoca, care au apreciat eforturile personalului din cadrul asocia\u021biei, ar\u0103t\u00e2ndu-\u0219i admira\u021bia pentru sprijinirea sistemului medical rom\u00e2nesc, \u00een special \u00een aceste vremuri dificile.<br>Aceast\u0103 sum\u0103 a fost str\u00e2ns\u0103 cu prilejul \u201eBalului de primavar\u0103 UCOR\u201d organizat de Uniunea Consulilor Onorifici din Rom\u00e2nia \u00een data de 7 martie 2020 la Hotelul Intercontinental Bucuresti, eveniment ce a reunit peste 100 persoane, printre invita\u021bi s-au num\u0103rat Excelen\u021bele lor doamne \u0219i domni ambasadori, personalit\u0103\u021bi din Ministerul Afacerilor Externe, precum \u0219i reprezentan\u021bi ai mediului de afaceri din Rom\u00e2nia. De asemenea, la eveniment a fost invitat \u015fi a acceptat invita\u0163ia, domnul Prof. Dr. Wolfram Scharff, pre\u015fedintele Corpului Consular din Germania (KKD) \u0219i Consul Onorific al Republicii Africa de Sud pentru Saxonia \u0219i Saxonia-Anhalt.<br>Cu suma sponsorizat\u0103 de Uniunea Consulilor Onorifici din Rom\u00e2nia, Life Education for All a dotat cu audioteci 27 de saloane de copii din cadrul Spitalului Jude\u021bean C\u0103l\u0103ra\u0219i, Spitalului Municipal Gherla, Spitalului Municipal Turda \u0219i Spitalului Municipal C\u00e2mpia Turzii.<\/p>\n\n\n\n<figure class=\"wp-block-image size-large\"><img loading=\"lazy\" decoding=\"async\" width=\"1024\" height=\"683\" src=\"http:\/\/ucor-ucor.ro\/new\/wp-content\/uploads\/2020\/12\/Foto1UCOR-1024x683.jpg\" alt=\"\" class=\"wp-image-329\" srcset=\"http:\/\/ucor-ucor.ro\/new\/wp-content\/uploads\/2020\/12\/Foto1UCOR-1024x683.jpg 1024w, http:\/\/ucor-ucor.ro\/new\/wp-content\/uploads\/2020\/12\/Foto1UCOR-300x200.jpg 300w, http:\/\/ucor-ucor.ro\/new\/wp-content\/uploads\/2020\/12\/Foto1UCOR-768x512.jpg 768w, http:\/\/ucor-ucor.ro\/new\/wp-content\/uploads\/2020\/12\/Foto1UCOR-1536x1024.jpg 1536w, http:\/\/ucor-ucor.ro\/new\/wp-content\/uploads\/2020\/12\/Foto1UCOR-1200x800.jpg 1200w, http:\/\/ucor-ucor.ro\/new\/wp-content\/uploads\/2020\/12\/Foto1UCOR.jpg 1600w\" sizes=\"(max-width: 1024px) 100vw, 1024px\" \/><figcaption class=\"wp-element-caption\">\u00cen foto, de la st\u00e2nga la dreapta: Dl Jose Arnau USON \u2013 Consul Onorific al Spaniei la Cluj-Napoca, Dna Mihaela-Monica C\u0102LU\u0218ER- Consul Onorific al Republicii Polone la Cluj-Napoca, Dna Oana M\u00eendru\u021b &#8211; Directoarea Asociatiei \u201cLife Education for All\u201d, Dl Vasile -Andrei VITA &#8211; Consul Onorific al Republicii Turcia la Cluj Napoca, Dl Wouter REIJERS- Consul Onorific al Regatului \u0162\u0103rilor de Jos la Cluj-Napoca, Dl Decebal Victor COTOC &#8211; Consul Onorific al Republicii Tunisia la Cluj-Napoca, Dl Massimo NOVALI -Consul Onorific al Republicii Italiene la Cluj-Napoca.<\/figcaption><\/figure>\n\n\n\n<figure class=\"wp-block-image size-large\"><img loading=\"lazy\" decoding=\"async\" width=\"1024\" height=\"683\" src=\"http:\/\/ucor-ucor.ro\/new\/wp-content\/uploads\/2020\/12\/Foto2UCOR-1024x683.jpg\" alt=\"\" class=\"wp-image-330\" srcset=\"http:\/\/ucor-ucor.ro\/new\/wp-content\/uploads\/2020\/12\/Foto2UCOR-1024x683.jpg 1024w, http:\/\/ucor-ucor.ro\/new\/wp-content\/uploads\/2020\/12\/Foto2UCOR-300x200.jpg 300w, http:\/\/ucor-ucor.ro\/new\/wp-content\/uploads\/2020\/12\/Foto2UCOR-768x512.jpg 768w, http:\/\/ucor-ucor.ro\/new\/wp-content\/uploads\/2020\/12\/Foto2UCOR-1536x1024.jpg 1536w, http:\/\/ucor-ucor.ro\/new\/wp-content\/uploads\/2020\/12\/Foto2UCOR-1200x800.jpg 1200w, http:\/\/ucor-ucor.ro\/new\/wp-content\/uploads\/2020\/12\/Foto2UCOR.jpg 1600w\" sizes=\"(max-width: 1024px) 100vw, 1024px\" \/><\/figure>\n\n\n\n<p><\/p>\n\n\n\n<p><\/p>\n\n\n\n<p><\/p>\n\n\n\n<p>28 septembrie 2020<\/p>\n\n\n\n<p><strong>Comunicat de pres\u0103 MAE -28.09.2020<\/strong><\/p>\n\n\n\n<p>\u00centrevederea ministrului afacerilor externe Bogdan Aurescu cu pre\u0219edintele Uniunii Consulilor Onorifici din Rom\u00e2nia (UCOR), Andreas Huber, \u00eenso\u021bit de ceilal\u021bi membri ai Consiliului Director al UCOR.<\/p>\n\n\n\n<p><a href=\"https:\/\/www.mae.ro\/node\/53709\">https:\/\/www.mae.ro\/node\/53709<\/a><\/p>\n\n\n\n<p><a href=\"https:\/\/www.facebook.com\/151413047167\/posts\/10156528807427168\/?extid=FbpAld9UyBULsbOc&amp;d=n\">https:\/\/www.facebook.com\/151413047167\/posts\/10156528807427168\/?extid=FbpAld9UyBULsbOc&amp;d=n<\/a><br><br><br>17 aprilie 2019<br><strong>Ceremonia de acordare a unui CEC de donatie<\/strong> <strong>din partea Uniunii Consulilor Onorifici din Romania,<\/strong> <strong>pentru Centrul de \u00cengrijire Paliativ\u0103 Hospice<\/strong> <strong>al Asociatiei \u201cDr. Carl Wolff\u201d a Bisericii Evanghelice C.A Romania<\/strong><\/p>\n\n\n\n<p>In data de 17 aprilie 2019, la ora 11, la sediul Asociatiei \u201cDr. Carl Wolff\u201d a Bisericii Evanghelice C.A Romania din Sibiu, a avut loc ceremonia de acordare a unui CEC de donatie in valoare de 30.000 lei, din partea Uniunii Consulilor Onorifici din Romania, in beneficiul copiilor din Centrul de \u00cengrijire Paliativ\u0103 Hospice Sibiu al asociatiei.<\/p>\n\n\n\n<p>E.S. Dl. Andreas Huber Presedintele Uniunii Consulilor Onorifici din Rom\u00e2nia a \u00eenm\u00e2nat CEC-ul de dona\u021bie doamnei Ortrun Rhein Directoarea Asociatiei \u201cDr. Carl Wolff\u201d, adres\u00e2ndu-i totodat\u0103 felicit\u0103ri pentru toate eforturile depuse, c\u00e2t \u0219i pentru \u00eentreaga activitate desf\u0103\u0219urat\u0103 \u00een cadrul hospice-ului pentru copii \u0219i a c\u0103minului de b\u0103tr\u00e2ni.<\/p>\n\n\n\n<p>La ceremonie a participat domnul Daniel Joseph Plier Consul Onorific al Marelui Ducat al Luxemburgului la Sibiu \u0219i membru al Uniunii Consulilor Onorifici din Rom\u00e2nia, care a apreciat eforturile personalului din cadrul asocia\u021biei, ar\u0103t\u00e2ndu-\u0219i admira\u021bia pentru felul \u00een care reu\u0219esc in fiecare zi s\u0103 aduca zambete pe fa\u021ba copiilor din hospice \u0219i deopotriv\u0103 a v\u00e2rstnicilor din c\u0103min.<\/p>\n\n\n\n<p>Evenimentul a fost onorat de c\u0103tre E.S. Domnul Hans Erich Tischler, Consulul Germaniei la Sibiu, un puternic sus\u021bin\u0103tor al asocia\u021biei, care a fost impresionat de generozitatea ar\u0103tat\u0103 de consulii onorifici din Rom\u00e2nia pentru asociatia din Sibiu, reiter\u00e2nd suportul s\u0103u necondi\u021bionat pentru asocia\u021bie.<\/p>\n\n\n\n<p>Suma de bani donat\u0103 ast\u0103zi c\u0103tre Centrul de \u00cengrijire Paliativ\u0103 Hospice Sibiu a Asocia\u021biei \u201cDr. Carl Wolff\u201d Sibiu, va fi folosit\u0103 pentru achizi\u021bionarea de aparatur\u0103 medical\u0103 performant\u0103 pentru asistarea respiratiei, concentratoare de oxigen si monitoare cu pulsoximetru, care s\u0103 contribuie la \u00eembun\u0103t\u0103\u021birea vie\u021bii copiilor aflati in \u00eengrijire in hospice.<\/p>\n\n\n\n<p>Aceast\u0103 sum\u0103 a fost str\u00e2ns\u0103 cu prilejul \u201eBalului de primavar\u0103\u201d organizat de Uniunea Consulilor Onorifici din Rom\u00e2nia \u00een data de 2 martie 2019 la Hotelul Intercontinental Bucuresti,&nbsp; eveniment ce a reunit peste 100 persoane, printre invita\u021bi s-au num\u0103rat Excelen\u021bele lor doamne \u0219i domni ambasadori, personalit\u0103\u021bi din Ministerul Afacerilor Externe, precum \u0219i reprezentan\u021bi ai mediului de afaceri din Rom\u00e2nia. De asemenea, la eveniment a fost invitat \u015fi a acceptat invita\u0163ia, domnul Aykut Eken, pre\u015fedintele Federa\u021biei Interna\u021bionale a Asocia\u021biilor \u0219i Corpurilor Consulare (FICAC).<\/p>\n\n\n\n<p>Centrul de \u00cengrijire Paliativ\u0103 Hospice, pentru copii diagnosticati cu boli grave afla\u021bi \u00een faze terminale, cu o capacitate de 10 locuri, face parte din Asociatia \u201eDr. Carl Wolff\u201d a Bisericii Evanghelice C.A. din Romania, fiind al treilea proiect al asocia\u021biei , pe langa Caminul pentru Persoane Varstnice \u201eDr. Carl Wolff\u201d cu o capacitate de 106 locuri func\u021bional din 1994 \u0219i Centrul de Ingrijire Paliativa Hospice pentru persoane cu boli oncologice \u00een faz\u0103 avansat\u0103 \u0219i terminal\u0103 cu 14 locuri func\u021bional din 2006.<\/p>\n\n\n\n<p>Pentru asigurarea serviciilor medicale de cea mai \u00eenalt\u0103 calitate \u0219i a tuturor condi\u021biilor pentru \u00eengrijirea copiilor din cadrul hospice-ului, se pot face dona\u021bii \u00een conturile deschise pe numele asociatiei,&nbsp; la BCR Sucursala Sibiu:<\/p>\n\n\n\n<p>IBAN LEI: &nbsp; &nbsp;&nbsp;&nbsp;&nbsp;RO61 RNCB 0227 0360 5498 0034<br>IBAN EURO:&nbsp;&nbsp;RO34 RNCB 0227 0360 5498 0035<br>SWIFT: RNCB ROBU<a href=\"http:\/\/ucor-ucor.ro\/wp-content\/uploads\/2019\/04\/IMG_5650-1024x768.jpg\"><\/a><\/p>\n\n\n\n<p><strong>29 februarie 2019<\/strong><\/p>\n\n\n\n<p><strong><a href=\"http:\/\/ucor-ucor.ro\/semnarea-protocolului-de-colaborare-intre-ministerul-afacerilor-externe-si-uniunea-consulilor-onorifici-din-romania\">Semnarea Protocolului de colaborare \u00eentre Ministerul Afacerilor Externe \u0219i Uniunea Consulilor Onorifici din Rom\u00e2nia<\/a><\/strong><\/p>\n","protected":false},"excerpt":{"rendered":"<p>05.03.2026Uniunea Consulilor Onorifici din Rom\u00e2nia (UCOR) a organizat joi, 5 martie 2026, la Grand Hotel Continental din Bucure\u0219ti, Adunarea General\u0103 a membrilor, precedat\u0103 de reuniunea Consiliului Director 28.09.2025Uniunea Consulilor Onorifici din Rom\u00e2nia \u2013 10 ani de diploma\u021bie economic\u0103 \u0219i cultural\u0103 Sibiu, 25\u201328 septembrie 2025 29 mai &#8211; 1 iunie Reuniunea membrilor Uniunii Consulilor Onorifici din [&hellip;]<\/p>\n","protected":false},"author":1,"featured_media":0,"parent":0,"menu_order":0,"comment_status":"closed","ping_status":"closed","template":"templates\/template-full-width.php","meta":{"footnotes":""},"yoast_head":"<!-- This site is optimized with the Yoast SEO plugin v22.5 - https:\/\/yoast.com\/wordpress\/plugins\/seo\/ -->\n<title>COMUNICAT DE PRESA - UCOR<\/title>\n<meta name=\"robots\" content=\"index, follow, max-snippet:-1, max-image-preview:large, max-video-preview:-1\" \/>\n<link rel=\"canonical\" href=\"http:\/\/ucor-ucor.ro\/new\/comunicat-de-presa\/\" \/>\n<meta property=\"og:locale\" content=\"en_US\" \/>\n<meta property=\"og:type\" content=\"article\" \/>\n<meta property=\"og:title\" content=\"COMUNICAT DE PRESA - UCOR\" \/>\n<meta property=\"og:description\" content=\"05.03.2026Uniunea Consulilor Onorifici din Rom\u00e2nia (UCOR) a organizat joi, 5 martie 2026, la Grand Hotel Continental din Bucure\u0219ti, Adunarea General\u0103 a membrilor, precedat\u0103 de reuniunea Consiliului Director 28.09.2025Uniunea Consulilor Onorifici din Rom\u00e2nia \u2013 10 ani de diploma\u021bie economic\u0103 \u0219i cultural\u0103 Sibiu, 25\u201328 septembrie 2025 29 mai &#8211; 1 iunie Reuniunea membrilor Uniunii Consulilor Onorifici din [&hellip;]\" \/>\n<meta property=\"og:url\" content=\"http:\/\/ucor-ucor.ro\/new\/comunicat-de-presa\/\" \/>\n<meta property=\"og:site_name\" content=\"UCOR\" \/>\n<meta property=\"article:modified_time\" content=\"2026-03-18T05:19:52+00:00\" \/>\n<meta property=\"og:image\" content=\"http:\/\/ucor-ucor.ro\/wp-content\/uploads\/2026\/03\/ucor5m.jpeg\" \/>\n<meta name=\"twitter:card\" content=\"summary_large_image\" \/>\n<meta name=\"twitter:label1\" content=\"Est. reading time\" \/>\n\t<meta name=\"twitter:data1\" content=\"8 minutes\" \/>\n<script type=\"application\/ld+json\" class=\"yoast-schema-graph\">{\"@context\":\"https:\/\/schema.org\",\"@graph\":[{\"@type\":\"WebPage\",\"@id\":\"http:\/\/ucor-ucor.ro\/new\/comunicat-de-presa\/\",\"url\":\"http:\/\/ucor-ucor.ro\/new\/comunicat-de-presa\/\",\"name\":\"COMUNICAT DE PRESA - UCOR\",\"isPartOf\":{\"@id\":\"https:\/\/ucor-ucor.ro\/new\/#website\"},\"primaryImageOfPage\":{\"@id\":\"http:\/\/ucor-ucor.ro\/new\/comunicat-de-presa\/#primaryimage\"},\"image\":{\"@id\":\"http:\/\/ucor-ucor.ro\/new\/comunicat-de-presa\/#primaryimage\"},\"thumbnailUrl\":\"http:\/\/ucor-ucor.ro\/wp-content\/uploads\/2026\/03\/ucor5m.jpeg\",\"datePublished\":\"2020-08-31T08:46:59+00:00\",\"dateModified\":\"2026-03-18T05:19:52+00:00\",\"breadcrumb\":{\"@id\":\"http:\/\/ucor-ucor.ro\/new\/comunicat-de-presa\/#breadcrumb\"},\"inLanguage\":\"en-US\",\"potentialAction\":[{\"@type\":\"ReadAction\",\"target\":[\"http:\/\/ucor-ucor.ro\/new\/comunicat-de-presa\/\"]}]},{\"@type\":\"ImageObject\",\"inLanguage\":\"en-US\",\"@id\":\"http:\/\/ucor-ucor.ro\/new\/comunicat-de-presa\/#primaryimage\",\"url\":\"http:\/\/ucor-ucor.ro\/wp-content\/uploads\/2026\/03\/ucor5m.jpeg\",\"contentUrl\":\"http:\/\/ucor-ucor.ro\/wp-content\/uploads\/2026\/03\/ucor5m.jpeg\"},{\"@type\":\"BreadcrumbList\",\"@id\":\"http:\/\/ucor-ucor.ro\/new\/comunicat-de-presa\/#breadcrumb\",\"itemListElement\":[{\"@type\":\"ListItem\",\"position\":1,\"name\":\"Home\",\"item\":\"https:\/\/ucor-ucor.ro\/new\/\"},{\"@type\":\"ListItem\",\"position\":2,\"name\":\"COMUNICAT DE PRESA\"}]},{\"@type\":\"WebSite\",\"@id\":\"https:\/\/ucor-ucor.ro\/new\/#website\",\"url\":\"https:\/\/ucor-ucor.ro\/new\/\",\"name\":\"UCOR\",\"description\":\"\",\"publisher\":{\"@id\":\"https:\/\/ucor-ucor.ro\/new\/#organization\"},\"potentialAction\":[{\"@type\":\"SearchAction\",\"target\":{\"@type\":\"EntryPoint\",\"urlTemplate\":\"https:\/\/ucor-ucor.ro\/new\/?s={search_term_string}\"},\"query-input\":\"required name=search_term_string\"}],\"inLanguage\":\"en-US\"},{\"@type\":\"Organization\",\"@id\":\"https:\/\/ucor-ucor.ro\/new\/#organization\",\"name\":\"UCOR\",\"url\":\"https:\/\/ucor-ucor.ro\/new\/\",\"logo\":{\"@type\":\"ImageObject\",\"inLanguage\":\"en-US\",\"@id\":\"https:\/\/ucor-ucor.ro\/new\/#\/schema\/logo\/image\/\",\"url\":\"http:\/\/ucor-ucor.ro\/new\/wp-content\/uploads\/2020\/06\/cropped-UCOR.png\",\"contentUrl\":\"http:\/\/ucor-ucor.ro\/new\/wp-content\/uploads\/2020\/06\/cropped-UCOR.png\",\"width\":395,\"height\":128,\"caption\":\"UCOR\"},\"image\":{\"@id\":\"https:\/\/ucor-ucor.ro\/new\/#\/schema\/logo\/image\/\"}}]}<\/script>\n<!-- \/ Yoast SEO plugin. -->","yoast_head_json":{"title":"COMUNICAT DE PRESA - UCOR","robots":{"index":"index","follow":"follow","max-snippet":"max-snippet:-1","max-image-preview":"max-image-preview:large","max-video-preview":"max-video-preview:-1"},"canonical":"http:\/\/ucor-ucor.ro\/new\/comunicat-de-presa\/","og_locale":"en_US","og_type":"article","og_title":"COMUNICAT DE PRESA - UCOR","og_description":"05.03.2026Uniunea Consulilor Onorifici din Rom\u00e2nia (UCOR) a organizat joi, 5 martie 2026, la Grand Hotel Continental din Bucure\u0219ti, Adunarea General\u0103 a membrilor, precedat\u0103 de reuniunea Consiliului Director 28.09.2025Uniunea Consulilor Onorifici din Rom\u00e2nia \u2013 10 ani de diploma\u021bie economic\u0103 \u0219i cultural\u0103 Sibiu, 25\u201328 septembrie 2025 29 mai &#8211; 1 iunie Reuniunea membrilor Uniunii Consulilor Onorifici din [&hellip;]","og_url":"http:\/\/ucor-ucor.ro\/new\/comunicat-de-presa\/","og_site_name":"UCOR","article_modified_time":"2026-03-18T05:19:52+00:00","og_image":[{"url":"http:\/\/ucor-ucor.ro\/wp-content\/uploads\/2026\/03\/ucor5m.jpeg"}],"twitter_card":"summary_large_image","twitter_misc":{"Est. reading time":"8 minutes"},"schema":{"@context":"https:\/\/schema.org","@graph":[{"@type":"WebPage","@id":"http:\/\/ucor-ucor.ro\/new\/comunicat-de-presa\/","url":"http:\/\/ucor-ucor.ro\/new\/comunicat-de-presa\/","name":"COMUNICAT DE PRESA - UCOR","isPartOf":{"@id":"https:\/\/ucor-ucor.ro\/new\/#website"},"primaryImageOfPage":{"@id":"http:\/\/ucor-ucor.ro\/new\/comunicat-de-presa\/#primaryimage"},"image":{"@id":"http:\/\/ucor-ucor.ro\/new\/comunicat-de-presa\/#primaryimage"},"thumbnailUrl":"http:\/\/ucor-ucor.ro\/wp-content\/uploads\/2026\/03\/ucor5m.jpeg","datePublished":"2020-08-31T08:46:59+00:00","dateModified":"2026-03-18T05:19:52+00:00","breadcrumb":{"@id":"http:\/\/ucor-ucor.ro\/new\/comunicat-de-presa\/#breadcrumb"},"inLanguage":"en-US","potentialAction":[{"@type":"ReadAction","target":["http:\/\/ucor-ucor.ro\/new\/comunicat-de-presa\/"]}]},{"@type":"ImageObject","inLanguage":"en-US","@id":"http:\/\/ucor-ucor.ro\/new\/comunicat-de-presa\/#primaryimage","url":"http:\/\/ucor-ucor.ro\/wp-content\/uploads\/2026\/03\/ucor5m.jpeg","contentUrl":"http:\/\/ucor-ucor.ro\/wp-content\/uploads\/2026\/03\/ucor5m.jpeg"},{"@type":"BreadcrumbList","@id":"http:\/\/ucor-ucor.ro\/new\/comunicat-de-presa\/#breadcrumb","itemListElement":[{"@type":"ListItem","position":1,"name":"Home","item":"https:\/\/ucor-ucor.ro\/new\/"},{"@type":"ListItem","position":2,"name":"COMUNICAT DE PRESA"}]},{"@type":"WebSite","@id":"https:\/\/ucor-ucor.ro\/new\/#website","url":"https:\/\/ucor-ucor.ro\/new\/","name":"UCOR","description":"","publisher":{"@id":"https:\/\/ucor-ucor.ro\/new\/#organization"},"potentialAction":[{"@type":"SearchAction","target":{"@type":"EntryPoint","urlTemplate":"https:\/\/ucor-ucor.ro\/new\/?s={search_term_string}"},"query-input":"required name=search_term_string"}],"inLanguage":"en-US"},{"@type":"Organization","@id":"https:\/\/ucor-ucor.ro\/new\/#organization","name":"UCOR","url":"https:\/\/ucor-ucor.ro\/new\/","logo":{"@type":"ImageObject","inLanguage":"en-US","@id":"https:\/\/ucor-ucor.ro\/new\/#\/schema\/logo\/image\/","url":"http:\/\/ucor-ucor.ro\/new\/wp-content\/uploads\/2020\/06\/cropped-UCOR.png","contentUrl":"http:\/\/ucor-ucor.ro\/new\/wp-content\/uploads\/2020\/06\/cropped-UCOR.png","width":395,"height":128,"caption":"UCOR"},"image":{"@id":"https:\/\/ucor-ucor.ro\/new\/#\/schema\/logo\/image\/"}}]}},"_links":{"self":[{"href":"http:\/\/ucor-ucor.ro\/new\/wp-json\/wp\/v2\/pages\/51"}],"collection":[{"href":"http:\/\/ucor-ucor.ro\/new\/wp-json\/wp\/v2\/pages"}],"about":[{"href":"http:\/\/ucor-ucor.ro\/new\/wp-json\/wp\/v2\/types\/page"}],"author":[{"embeddable":true,"href":"http:\/\/ucor-ucor.ro\/new\/wp-json\/wp\/v2\/users\/1"}],"replies":[{"embeddable":true,"href":"http:\/\/ucor-ucor.ro\/new\/wp-json\/wp\/v2\/comments?post=51"}],"version-history":[{"count":29,"href":"http:\/\/ucor-ucor.ro\/new\/wp-json\/wp\/v2\/pages\/51\/revisions"}],"predecessor-version":[{"id":1533,"href":"http:\/\/ucor-ucor.ro\/new\/wp-json\/wp\/v2\/pages\/51\/revisions\/1533"}],"wp:attachment":[{"href":"http:\/\/ucor-ucor.ro\/new\/wp-json\/wp\/v2\/media?parent=51"}],"curies":[{"name":"wp","href":"https:\/\/api.w.org\/{rel}","templated":true}]}}