{"id":509,"date":"2021-07-30T13:35:39","date_gmt":"2021-07-30T13:35:39","guid":{"rendered":"http:\/\/ucor-ucor.ro\/new\/?page_id=509"},"modified":"2021-07-30T13:37:17","modified_gmt":"2021-07-30T13:37:17","slug":"targul-frumos-ceramic-folositor-ceramica-de-zalau","status":"publish","type":"page","link":"http:\/\/ucor-ucor.ro\/new\/targul-frumos-ceramic-folositor-ceramica-de-zalau\/","title":{"rendered":"T\u00e2rgul Frumos. Ceramic. Folositor. Ceramica de Zal\u0103u."},"content":{"rendered":"\n<p>21 iulie 2021 \u2013 Domnul Andreas Huber, Consulul onorific al Republicii Austria la Sibiu si Presedintele Uniunii Consulilor Onorifici din Romania a participat la invitatia reprezentantilor Complexului National Muzeal Astra din Sibiu, la T\u00e2rgul Frumos. Ceramic. Folositor. Ceramica de Zal\u0103u.<\/p>\n\n\n\n<p>Evenimentul a \u00eenceput miercuri, 21 iulie 2021, ora 9.00, \u00een Muzeul \u00een aer liber, Sala Auditorium din Pavilionul Muzeal Multicultural, cu o Conferin\u0163\u0103 av\u00e2nd ca tem\u0103 Ceramica de Zal\u0103u. 11 speciali\u0219ti \u00een domeniul ceramicii tradi\u021bionale din Rom\u00e2nia (Institutul Na\u021bional al Patrimoniului, Muzeul ASTRA Sibiu, Muzeul Jude\u0163ean de Istorie \u015fi Art\u0103 Zal\u0103u, Muzeul Na\u021bional Secuiesc Sf\u00e2ntu Gheorghe, Muzeul Na\u0163ional al Satului \u201eDimitrie Gusti\u201d, Bucure\u015fti, Muzeul Jude\u021bean Satu Mare, Muzeul Satului B\u0103n\u0103\u0163ean din Timi\u015foara) \u0219i din Ungaria (Centrul Cultural Maghiar din Budapesta \u0219i Savaria M\u00fazeum Szombathely) au discutat printr-un dialog interdisciplinar aspecte privind ceramica de Zal\u0103u: identitate, form\u0103, utilitate \u0219i revitalizare, dar \u0219i despre materialele \u015fi tehnicile folosite, despre marketingul produselor \u015fi evitarea kitsch-ului \u00een ceramica tradi\u021bional\u0103.<\/p>\n\n\n\n<p>In deschidere au luat cuv\u00e2ntul: drd. Ciprian Anghel \u015etefan, director general, Muzeul ASTRA, Sibiu<\/p>\n\n\n\n<p>Hans E. Tischler, Consulul Republicii Federale Germania la Sibiu<\/p>\n\n\n\n<p>Andreas Huber, Consulul onorific al Republicii Austria la Sibiu si Presedintele Uniunii Consulilor Onorifici din Romania<\/p>\n\n\n\n<p>Levente Serf\u0151z\u0151, pre\u0219edinte, HID \u2013 Asocia\u021bia Maghiarilor din Sibiu<\/p>\n\n\n\n<p>dr. Karla Ro\u0219ca, \u0219ef sec\u021bie Muzee pavilionare, Muzeul ASTRA, Sibiu<\/p>\n\n\n\n<p>Evenimentul se desfasoara in perioada 21-25 iulie 2021 in Muzeul \u00een aer liber din Dumbrava Sibiului.<\/p>\n\n\n\n<p>photo@muzeulastra<\/p>\n\n\n\n<figure class=\"wp-block-gallery columns-3 is-cropped wp-block-gallery-1 is-layout-flex wp-block-gallery-is-layout-flex\"><ul class=\"blocks-gallery-grid\"><li class=\"blocks-gallery-item\"><figure><img fetchpriority=\"high\" decoding=\"async\" width=\"1024\" height=\"683\" src=\"http:\/\/ucor-ucor.ro\/new\/wp-content\/uploads\/2021\/07\/DSC_0150-1024x683.jpg\" alt=\"\" data-id=\"513\" data-full-url=\"http:\/\/ucor-ucor.ro\/new\/wp-content\/uploads\/2021\/07\/DSC_0150-scaled.jpg\" data-link=\"http:\/\/ucor-ucor.ro\/new\/targul-frumos-ceramic-folositor-ceramica-de-zalau\/dsc_0150\/\" class=\"wp-image-513\" srcset=\"http:\/\/ucor-ucor.ro\/new\/wp-content\/uploads\/2021\/07\/DSC_0150-1024x683.jpg 1024w, http:\/\/ucor-ucor.ro\/new\/wp-content\/uploads\/2021\/07\/DSC_0150-300x200.jpg 300w, http:\/\/ucor-ucor.ro\/new\/wp-content\/uploads\/2021\/07\/DSC_0150-768x512.jpg 768w, http:\/\/ucor-ucor.ro\/new\/wp-content\/uploads\/2021\/07\/DSC_0150-1536x1024.jpg 1536w, http:\/\/ucor-ucor.ro\/new\/wp-content\/uploads\/2021\/07\/DSC_0150-2048x1365.jpg 2048w, http:\/\/ucor-ucor.ro\/new\/wp-content\/uploads\/2021\/07\/DSC_0150-1200x800.jpg 1200w, http:\/\/ucor-ucor.ro\/new\/wp-content\/uploads\/2021\/07\/DSC_0150-1980x1320.jpg 1980w\" sizes=\"(max-width: 1024px) 100vw, 1024px\" \/><\/figure><\/li><li class=\"blocks-gallery-item\"><figure><img decoding=\"async\" width=\"1024\" height=\"683\" src=\"http:\/\/ucor-ucor.ro\/new\/wp-content\/uploads\/2021\/07\/DSC_0163-1024x683.jpg\" alt=\"\" data-id=\"514\" data-full-url=\"http:\/\/ucor-ucor.ro\/new\/wp-content\/uploads\/2021\/07\/DSC_0163-scaled.jpg\" data-link=\"http:\/\/ucor-ucor.ro\/new\/targul-frumos-ceramic-folositor-ceramica-de-zalau\/dsc_0163\/\" class=\"wp-image-514\" srcset=\"http:\/\/ucor-ucor.ro\/new\/wp-content\/uploads\/2021\/07\/DSC_0163-1024x683.jpg 1024w, http:\/\/ucor-ucor.ro\/new\/wp-content\/uploads\/2021\/07\/DSC_0163-300x200.jpg 300w, http:\/\/ucor-ucor.ro\/new\/wp-content\/uploads\/2021\/07\/DSC_0163-768x512.jpg 768w, http:\/\/ucor-ucor.ro\/new\/wp-content\/uploads\/2021\/07\/DSC_0163-1536x1024.jpg 1536w, http:\/\/ucor-ucor.ro\/new\/wp-content\/uploads\/2021\/07\/DSC_0163-2048x1365.jpg 2048w, http:\/\/ucor-ucor.ro\/new\/wp-content\/uploads\/2021\/07\/DSC_0163-1200x800.jpg 1200w, http:\/\/ucor-ucor.ro\/new\/wp-content\/uploads\/2021\/07\/DSC_0163-1980x1320.jpg 1980w\" sizes=\"(max-width: 1024px) 100vw, 1024px\" \/><\/figure><\/li><li class=\"blocks-gallery-item\"><figure><img decoding=\"async\" width=\"1024\" height=\"683\" src=\"http:\/\/ucor-ucor.ro\/new\/wp-content\/uploads\/2021\/07\/DSC_0183-1024x683.jpg\" alt=\"\" data-id=\"515\" data-full-url=\"http:\/\/ucor-ucor.ro\/new\/wp-content\/uploads\/2021\/07\/DSC_0183-scaled.jpg\" data-link=\"http:\/\/ucor-ucor.ro\/new\/targul-frumos-ceramic-folositor-ceramica-de-zalau\/dsc_0183\/\" class=\"wp-image-515\" srcset=\"http:\/\/ucor-ucor.ro\/new\/wp-content\/uploads\/2021\/07\/DSC_0183-1024x683.jpg 1024w, http:\/\/ucor-ucor.ro\/new\/wp-content\/uploads\/2021\/07\/DSC_0183-300x200.jpg 300w, http:\/\/ucor-ucor.ro\/new\/wp-content\/uploads\/2021\/07\/DSC_0183-768x512.jpg 768w, http:\/\/ucor-ucor.ro\/new\/wp-content\/uploads\/2021\/07\/DSC_0183-1536x1024.jpg 1536w, http:\/\/ucor-ucor.ro\/new\/wp-content\/uploads\/2021\/07\/DSC_0183-2048x1365.jpg 2048w, http:\/\/ucor-ucor.ro\/new\/wp-content\/uploads\/2021\/07\/DSC_0183-1200x800.jpg 1200w, http:\/\/ucor-ucor.ro\/new\/wp-content\/uploads\/2021\/07\/DSC_0183-1980x1320.jpg 1980w\" sizes=\"(max-width: 1024px) 100vw, 1024px\" \/><\/figure><\/li><li class=\"blocks-gallery-item\"><figure><img loading=\"lazy\" decoding=\"async\" width=\"1024\" height=\"683\" src=\"http:\/\/ucor-ucor.ro\/new\/wp-content\/uploads\/2021\/07\/DSC_0217-1024x683.jpg\" alt=\"\" data-id=\"516\" data-full-url=\"http:\/\/ucor-ucor.ro\/new\/wp-content\/uploads\/2021\/07\/DSC_0217-scaled.jpg\" data-link=\"http:\/\/ucor-ucor.ro\/new\/targul-frumos-ceramic-folositor-ceramica-de-zalau\/dsc_0217\/\" class=\"wp-image-516\" srcset=\"http:\/\/ucor-ucor.ro\/new\/wp-content\/uploads\/2021\/07\/DSC_0217-1024x683.jpg 1024w, http:\/\/ucor-ucor.ro\/new\/wp-content\/uploads\/2021\/07\/DSC_0217-300x200.jpg 300w, http:\/\/ucor-ucor.ro\/new\/wp-content\/uploads\/2021\/07\/DSC_0217-768x512.jpg 768w, http:\/\/ucor-ucor.ro\/new\/wp-content\/uploads\/2021\/07\/DSC_0217-1536x1024.jpg 1536w, http:\/\/ucor-ucor.ro\/new\/wp-content\/uploads\/2021\/07\/DSC_0217-2048x1365.jpg 2048w, http:\/\/ucor-ucor.ro\/new\/wp-content\/uploads\/2021\/07\/DSC_0217-1200x800.jpg 1200w, http:\/\/ucor-ucor.ro\/new\/wp-content\/uploads\/2021\/07\/DSC_0217-1980x1320.jpg 1980w\" sizes=\"(max-width: 1024px) 100vw, 1024px\" \/><\/figure><\/li><\/ul><\/figure>\n","protected":false},"excerpt":{"rendered":"<p>21 iulie 2021 \u2013 Domnul Andreas Huber, Consulul onorific al Republicii Austria la Sibiu si Presedintele Uniunii Consulilor Onorifici din Romania a participat la invitatia reprezentantilor Complexului National Muzeal Astra din Sibiu, la T\u00e2rgul Frumos. Ceramic. Folositor. Ceramica de Zal\u0103u. Evenimentul a \u00eenceput miercuri, 21 iulie 2021, ora 9.00, \u00een Muzeul \u00een aer liber, Sala [&hellip;]<\/p>\n","protected":false},"author":1,"featured_media":0,"parent":0,"menu_order":0,"comment_status":"closed","ping_status":"closed","template":"templates\/template-full-width.php","meta":{"footnotes":""},"yoast_head":"<!-- This site is optimized with the Yoast SEO plugin v22.5 - https:\/\/yoast.com\/wordpress\/plugins\/seo\/ -->\n<title>T\u00e2rgul Frumos. Ceramic. Folositor. Ceramica de Zal\u0103u. - UCOR<\/title>\n<meta name=\"robots\" content=\"index, follow, max-snippet:-1, max-image-preview:large, max-video-preview:-1\" \/>\n<link rel=\"canonical\" href=\"http:\/\/ucor-ucor.ro\/new\/targul-frumos-ceramic-folositor-ceramica-de-zalau\/\" \/>\n<meta property=\"og:locale\" content=\"en_US\" \/>\n<meta property=\"og:type\" content=\"article\" \/>\n<meta property=\"og:title\" content=\"T\u00e2rgul Frumos. Ceramic. Folositor. Ceramica de Zal\u0103u. - UCOR\" \/>\n<meta property=\"og:description\" content=\"21 iulie 2021 \u2013 Domnul Andreas Huber, Consulul onorific al Republicii Austria la Sibiu si Presedintele Uniunii Consulilor Onorifici din Romania a participat la invitatia reprezentantilor Complexului National Muzeal Astra din Sibiu, la T\u00e2rgul Frumos. Ceramic. Folositor. Ceramica de Zal\u0103u. Evenimentul a \u00eenceput miercuri, 21 iulie 2021, ora 9.00, \u00een Muzeul \u00een aer liber, Sala [&hellip;]\" \/>\n<meta property=\"og:url\" content=\"http:\/\/ucor-ucor.ro\/new\/targul-frumos-ceramic-folositor-ceramica-de-zalau\/\" \/>\n<meta property=\"og:site_name\" content=\"UCOR\" \/>\n<meta property=\"article:modified_time\" content=\"2021-07-30T13:37:17+00:00\" \/>\n<meta property=\"og:image\" content=\"http:\/\/ucor-ucor.ro\/new\/wp-content\/uploads\/2021\/07\/DSC_0150-1024x683.jpg\" \/>\n<meta name=\"twitter:card\" content=\"summary_large_image\" \/>\n<meta name=\"twitter:label1\" content=\"Est. reading time\" \/>\n\t<meta name=\"twitter:data1\" content=\"2 minutes\" \/>\n<script type=\"application\/ld+json\" class=\"yoast-schema-graph\">{\"@context\":\"https:\/\/schema.org\",\"@graph\":[{\"@type\":\"WebPage\",\"@id\":\"http:\/\/ucor-ucor.ro\/new\/targul-frumos-ceramic-folositor-ceramica-de-zalau\/\",\"url\":\"http:\/\/ucor-ucor.ro\/new\/targul-frumos-ceramic-folositor-ceramica-de-zalau\/\",\"name\":\"T\u00e2rgul Frumos. Ceramic. Folositor. Ceramica de Zal\u0103u. - UCOR\",\"isPartOf\":{\"@id\":\"https:\/\/ucor-ucor.ro\/new\/#website\"},\"primaryImageOfPage\":{\"@id\":\"http:\/\/ucor-ucor.ro\/new\/targul-frumos-ceramic-folositor-ceramica-de-zalau\/#primaryimage\"},\"image\":{\"@id\":\"http:\/\/ucor-ucor.ro\/new\/targul-frumos-ceramic-folositor-ceramica-de-zalau\/#primaryimage\"},\"thumbnailUrl\":\"http:\/\/ucor-ucor.ro\/new\/wp-content\/uploads\/2021\/07\/DSC_0150-1024x683.jpg\",\"datePublished\":\"2021-07-30T13:35:39+00:00\",\"dateModified\":\"2021-07-30T13:37:17+00:00\",\"breadcrumb\":{\"@id\":\"http:\/\/ucor-ucor.ro\/new\/targul-frumos-ceramic-folositor-ceramica-de-zalau\/#breadcrumb\"},\"inLanguage\":\"en-US\",\"potentialAction\":[{\"@type\":\"ReadAction\",\"target\":[\"http:\/\/ucor-ucor.ro\/new\/targul-frumos-ceramic-folositor-ceramica-de-zalau\/\"]}]},{\"@type\":\"ImageObject\",\"inLanguage\":\"en-US\",\"@id\":\"http:\/\/ucor-ucor.ro\/new\/targul-frumos-ceramic-folositor-ceramica-de-zalau\/#primaryimage\",\"url\":\"http:\/\/ucor-ucor.ro\/new\/wp-content\/uploads\/2021\/07\/DSC_0150-scaled.jpg\",\"contentUrl\":\"http:\/\/ucor-ucor.ro\/new\/wp-content\/uploads\/2021\/07\/DSC_0150-scaled.jpg\",\"width\":2560,\"height\":1707},{\"@type\":\"BreadcrumbList\",\"@id\":\"http:\/\/ucor-ucor.ro\/new\/targul-frumos-ceramic-folositor-ceramica-de-zalau\/#breadcrumb\",\"itemListElement\":[{\"@type\":\"ListItem\",\"position\":1,\"name\":\"Home\",\"item\":\"https:\/\/ucor-ucor.ro\/new\/\"},{\"@type\":\"ListItem\",\"position\":2,\"name\":\"T\u00e2rgul Frumos. Ceramic. Folositor. Ceramica de Zal\u0103u.\"}]},{\"@type\":\"WebSite\",\"@id\":\"https:\/\/ucor-ucor.ro\/new\/#website\",\"url\":\"https:\/\/ucor-ucor.ro\/new\/\",\"name\":\"UCOR\",\"description\":\"\",\"publisher\":{\"@id\":\"https:\/\/ucor-ucor.ro\/new\/#organization\"},\"potentialAction\":[{\"@type\":\"SearchAction\",\"target\":{\"@type\":\"EntryPoint\",\"urlTemplate\":\"https:\/\/ucor-ucor.ro\/new\/?s={search_term_string}\"},\"query-input\":\"required name=search_term_string\"}],\"inLanguage\":\"en-US\"},{\"@type\":\"Organization\",\"@id\":\"https:\/\/ucor-ucor.ro\/new\/#organization\",\"name\":\"UCOR\",\"url\":\"https:\/\/ucor-ucor.ro\/new\/\",\"logo\":{\"@type\":\"ImageObject\",\"inLanguage\":\"en-US\",\"@id\":\"https:\/\/ucor-ucor.ro\/new\/#\/schema\/logo\/image\/\",\"url\":\"http:\/\/ucor-ucor.ro\/new\/wp-content\/uploads\/2020\/06\/cropped-UCOR.png\",\"contentUrl\":\"http:\/\/ucor-ucor.ro\/new\/wp-content\/uploads\/2020\/06\/cropped-UCOR.png\",\"width\":395,\"height\":128,\"caption\":\"UCOR\"},\"image\":{\"@id\":\"https:\/\/ucor-ucor.ro\/new\/#\/schema\/logo\/image\/\"}}]}<\/script>\n<!-- \/ Yoast SEO plugin. -->","yoast_head_json":{"title":"T\u00e2rgul Frumos. Ceramic. Folositor. Ceramica de Zal\u0103u. - UCOR","robots":{"index":"index","follow":"follow","max-snippet":"max-snippet:-1","max-image-preview":"max-image-preview:large","max-video-preview":"max-video-preview:-1"},"canonical":"http:\/\/ucor-ucor.ro\/new\/targul-frumos-ceramic-folositor-ceramica-de-zalau\/","og_locale":"en_US","og_type":"article","og_title":"T\u00e2rgul Frumos. Ceramic. Folositor. Ceramica de Zal\u0103u. - UCOR","og_description":"21 iulie 2021 \u2013 Domnul Andreas Huber, Consulul onorific al Republicii Austria la Sibiu si Presedintele Uniunii Consulilor Onorifici din Romania a participat la invitatia reprezentantilor Complexului National Muzeal Astra din Sibiu, la T\u00e2rgul Frumos. Ceramic. Folositor. Ceramica de Zal\u0103u. Evenimentul a \u00eenceput miercuri, 21 iulie 2021, ora 9.00, \u00een Muzeul \u00een aer liber, Sala [&hellip;]","og_url":"http:\/\/ucor-ucor.ro\/new\/targul-frumos-ceramic-folositor-ceramica-de-zalau\/","og_site_name":"UCOR","article_modified_time":"2021-07-30T13:37:17+00:00","og_image":[{"url":"http:\/\/ucor-ucor.ro\/new\/wp-content\/uploads\/2021\/07\/DSC_0150-1024x683.jpg"}],"twitter_card":"summary_large_image","twitter_misc":{"Est. reading time":"2 minutes"},"schema":{"@context":"https:\/\/schema.org","@graph":[{"@type":"WebPage","@id":"http:\/\/ucor-ucor.ro\/new\/targul-frumos-ceramic-folositor-ceramica-de-zalau\/","url":"http:\/\/ucor-ucor.ro\/new\/targul-frumos-ceramic-folositor-ceramica-de-zalau\/","name":"T\u00e2rgul Frumos. Ceramic. Folositor. Ceramica de Zal\u0103u. - UCOR","isPartOf":{"@id":"https:\/\/ucor-ucor.ro\/new\/#website"},"primaryImageOfPage":{"@id":"http:\/\/ucor-ucor.ro\/new\/targul-frumos-ceramic-folositor-ceramica-de-zalau\/#primaryimage"},"image":{"@id":"http:\/\/ucor-ucor.ro\/new\/targul-frumos-ceramic-folositor-ceramica-de-zalau\/#primaryimage"},"thumbnailUrl":"http:\/\/ucor-ucor.ro\/new\/wp-content\/uploads\/2021\/07\/DSC_0150-1024x683.jpg","datePublished":"2021-07-30T13:35:39+00:00","dateModified":"2021-07-30T13:37:17+00:00","breadcrumb":{"@id":"http:\/\/ucor-ucor.ro\/new\/targul-frumos-ceramic-folositor-ceramica-de-zalau\/#breadcrumb"},"inLanguage":"en-US","potentialAction":[{"@type":"ReadAction","target":["http:\/\/ucor-ucor.ro\/new\/targul-frumos-ceramic-folositor-ceramica-de-zalau\/"]}]},{"@type":"ImageObject","inLanguage":"en-US","@id":"http:\/\/ucor-ucor.ro\/new\/targul-frumos-ceramic-folositor-ceramica-de-zalau\/#primaryimage","url":"http:\/\/ucor-ucor.ro\/new\/wp-content\/uploads\/2021\/07\/DSC_0150-scaled.jpg","contentUrl":"http:\/\/ucor-ucor.ro\/new\/wp-content\/uploads\/2021\/07\/DSC_0150-scaled.jpg","width":2560,"height":1707},{"@type":"BreadcrumbList","@id":"http:\/\/ucor-ucor.ro\/new\/targul-frumos-ceramic-folositor-ceramica-de-zalau\/#breadcrumb","itemListElement":[{"@type":"ListItem","position":1,"name":"Home","item":"https:\/\/ucor-ucor.ro\/new\/"},{"@type":"ListItem","position":2,"name":"T\u00e2rgul Frumos. Ceramic. Folositor. Ceramica de Zal\u0103u."}]},{"@type":"WebSite","@id":"https:\/\/ucor-ucor.ro\/new\/#website","url":"https:\/\/ucor-ucor.ro\/new\/","name":"UCOR","description":"","publisher":{"@id":"https:\/\/ucor-ucor.ro\/new\/#organization"},"potentialAction":[{"@type":"SearchAction","target":{"@type":"EntryPoint","urlTemplate":"https:\/\/ucor-ucor.ro\/new\/?s={search_term_string}"},"query-input":"required name=search_term_string"}],"inLanguage":"en-US"},{"@type":"Organization","@id":"https:\/\/ucor-ucor.ro\/new\/#organization","name":"UCOR","url":"https:\/\/ucor-ucor.ro\/new\/","logo":{"@type":"ImageObject","inLanguage":"en-US","@id":"https:\/\/ucor-ucor.ro\/new\/#\/schema\/logo\/image\/","url":"http:\/\/ucor-ucor.ro\/new\/wp-content\/uploads\/2020\/06\/cropped-UCOR.png","contentUrl":"http:\/\/ucor-ucor.ro\/new\/wp-content\/uploads\/2020\/06\/cropped-UCOR.png","width":395,"height":128,"caption":"UCOR"},"image":{"@id":"https:\/\/ucor-ucor.ro\/new\/#\/schema\/logo\/image\/"}}]}},"_links":{"self":[{"href":"http:\/\/ucor-ucor.ro\/new\/wp-json\/wp\/v2\/pages\/509"}],"collection":[{"href":"http:\/\/ucor-ucor.ro\/new\/wp-json\/wp\/v2\/pages"}],"about":[{"href":"http:\/\/ucor-ucor.ro\/new\/wp-json\/wp\/v2\/types\/page"}],"author":[{"embeddable":true,"href":"http:\/\/ucor-ucor.ro\/new\/wp-json\/wp\/v2\/users\/1"}],"replies":[{"embeddable":true,"href":"http:\/\/ucor-ucor.ro\/new\/wp-json\/wp\/v2\/comments?post=509"}],"version-history":[{"count":2,"href":"http:\/\/ucor-ucor.ro\/new\/wp-json\/wp\/v2\/pages\/509\/revisions"}],"predecessor-version":[{"id":517,"href":"http:\/\/ucor-ucor.ro\/new\/wp-json\/wp\/v2\/pages\/509\/revisions\/517"}],"wp:attachment":[{"href":"http:\/\/ucor-ucor.ro\/new\/wp-json\/wp\/v2\/media?parent=509"}],"curies":[{"name":"wp","href":"https:\/\/api.w.org\/{rel}","templated":true}]}}