{"id":501,"date":"2021-07-20T05:34:33","date_gmt":"2021-07-20T05:34:33","guid":{"rendered":"http:\/\/ucor-ucor.ro\/new\/?page_id=501"},"modified":"2021-07-20T05:34:47","modified_gmt":"2021-07-20T05:34:47","slug":"ziua-nationala-a-frantei-la-brasov","status":"publish","type":"page","link":"http:\/\/ucor-ucor.ro\/new\/ziua-nationala-a-frantei-la-brasov\/","title":{"rendered":"Ziua Nationala a Frantei la Brasov"},"content":{"rendered":"\n<p>Ziua Na\u021bional\u0103 a Fran\u021bei a fost celebrat\u0103 la Bra\u0219ov \u00een prezen\u021ba Excelen\u021bei Sale, Doamna Laurence Auer, ambasadoarea Fran\u021bei \u00een Rom\u00e2nia.<\/p>\n\n\n\n<p> La evenimentul organizat de Agen\u021bia Consular\u0103 a Fran\u021bei \u0219i Alian\u021ba Francez\u0103 Bra\u0219ov, mar\u021bi, 13 iulie 2021, la un restaurant bra\u0219ovean, la invitatia domnului Ion Valeriu Ciolacu &#8211; Consul onorific al Frantei la Brasov,\u00a0 a participat domnul Andreas Huber- Consul Onorific al Republicii Austria la Sibiu si Presedinte al Uniunii Consulilor Onorifici din Romania (U.C.O.R.) La acest eveniment au mai participat : domnul Janusz Wies\u0142aw Szali\u0144ski &#8211; Consulul Onorific al Republicii Polone la Brasov, reprezentanti ai autoritatilor locale, precum si reprezentanti ai investitorilor francezi din judetul Bra\u0219ov.<\/p>\n\n\n\n<figure class=\"wp-block-image size-large\"><img fetchpriority=\"high\" decoding=\"async\" width=\"683\" height=\"1024\" src=\"http:\/\/ucor-ucor.ro\/new\/wp-content\/uploads\/2021\/07\/ziua_nat_frant.jpg\" alt=\"\" class=\"wp-image-502\" srcset=\"http:\/\/ucor-ucor.ro\/new\/wp-content\/uploads\/2021\/07\/ziua_nat_frant.jpg 683w, http:\/\/ucor-ucor.ro\/new\/wp-content\/uploads\/2021\/07\/ziua_nat_frant-200x300.jpg 200w\" sizes=\"(max-width: 683px) 100vw, 683px\" \/><\/figure>\n\n\n\n<figure class=\"wp-block-embed is-type-wp-embed is-provider-transilvania-365 wp-block-embed-transilvania-365\"><div class=\"wp-block-embed__wrapper\">\nhttps:\/\/transilvania365.ro\/ziua-nationala-a-frantei-a-fost-celebrata-la-brasov-in-prezenta-doamnei-laurence-auer-ambasadoarea-frantei-in-romania\/\n<\/div><\/figure>\n\n\n\n<figure class=\"wp-block-embed is-type-wp-embed is-provider-\u0219tiri-din-bra\u0219ov wp-block-embed-\u0219tiri-din-bra\u0219ov\"><div class=\"wp-block-embed__wrapper\">\n<blockquote class=\"wp-embedded-content\" data-secret=\"mlMXunvHsc\"><a href=\"https:\/\/brasovstiri.ro\/brasovul-onoreaza-sarbatoarea-nationala-a-frantei-in-prezenta-doamnei-ambasador-excelenta-sa-laurence-auer\/\">Bra\u0219ovul onoreaz\u0103 S\u0103rb\u0103toarea Na\u021bional\u0103 a Fran\u021bei, \u00een prezen\u021ba doamnei Ambasador, Excelen\u021ba Sa Laurence Auer<\/a><\/blockquote><iframe class=\"wp-embedded-content\" sandbox=\"allow-scripts\" security=\"restricted\" style=\"position: absolute; clip: rect(1px, 1px, 1px, 1px);\" title=\"&#8222;Bra\u0219ovul onoreaz\u0103 S\u0103rb\u0103toarea Na\u021bional\u0103 a Fran\u021bei, \u00een prezen\u021ba doamnei Ambasador, Excelen\u021ba Sa Laurence Auer&#8221; &#8212; \u0218tiri din Bra\u0219ov\" src=\"https:\/\/brasovstiri.ro\/brasovul-onoreaza-sarbatoarea-nationala-a-frantei-in-prezenta-doamnei-ambasador-excelenta-sa-laurence-auer\/embed\/#?secret=XEvKvROOWW#?secret=mlMXunvHsc\" data-secret=\"mlMXunvHsc\" width=\"580\" height=\"327\" frameborder=\"0\" marginwidth=\"0\" marginheight=\"0\" scrolling=\"no\"><\/iframe>\n<\/div><\/figure>\n","protected":false},"excerpt":{"rendered":"<p>Ziua Na\u021bional\u0103 a Fran\u021bei a fost celebrat\u0103 la Bra\u0219ov \u00een prezen\u021ba Excelen\u021bei Sale, Doamna Laurence Auer, ambasadoarea Fran\u021bei \u00een Rom\u00e2nia. La evenimentul organizat de Agen\u021bia Consular\u0103 a Fran\u021bei \u0219i Alian\u021ba Francez\u0103 Bra\u0219ov, mar\u021bi, 13 iulie 2021, la un restaurant bra\u0219ovean, la invitatia domnului Ion Valeriu Ciolacu &#8211; Consul onorific al Frantei la Brasov,\u00a0 a participat [&hellip;]<\/p>\n","protected":false},"author":1,"featured_media":0,"parent":0,"menu_order":0,"comment_status":"closed","ping_status":"closed","template":"templates\/template-full-width.php","meta":{"footnotes":""},"yoast_head":"<!-- This site is optimized with the Yoast SEO plugin v22.5 - https:\/\/yoast.com\/wordpress\/plugins\/seo\/ -->\n<title>Ziua Nationala a Frantei la Brasov - UCOR<\/title>\n<meta name=\"robots\" content=\"index, follow, max-snippet:-1, max-image-preview:large, max-video-preview:-1\" \/>\n<link rel=\"canonical\" href=\"http:\/\/ucor-ucor.ro\/new\/ziua-nationala-a-frantei-la-brasov\/\" \/>\n<meta property=\"og:locale\" content=\"en_US\" \/>\n<meta property=\"og:type\" content=\"article\" \/>\n<meta property=\"og:title\" content=\"Ziua Nationala a Frantei la Brasov - UCOR\" \/>\n<meta property=\"og:description\" content=\"Ziua Na\u021bional\u0103 a Fran\u021bei a fost celebrat\u0103 la Bra\u0219ov \u00een prezen\u021ba Excelen\u021bei Sale, Doamna Laurence Auer, ambasadoarea Fran\u021bei \u00een Rom\u00e2nia. La evenimentul organizat de Agen\u021bia Consular\u0103 a Fran\u021bei \u0219i Alian\u021ba Francez\u0103 Bra\u0219ov, mar\u021bi, 13 iulie 2021, la un restaurant bra\u0219ovean, la invitatia domnului Ion Valeriu Ciolacu &#8211; Consul onorific al Frantei la Brasov,\u00a0 a participat [&hellip;]\" \/>\n<meta property=\"og:url\" content=\"http:\/\/ucor-ucor.ro\/new\/ziua-nationala-a-frantei-la-brasov\/\" \/>\n<meta property=\"og:site_name\" content=\"UCOR\" \/>\n<meta property=\"article:modified_time\" content=\"2021-07-20T05:34:47+00:00\" \/>\n<meta property=\"og:image\" content=\"http:\/\/ucor-ucor.ro\/new\/wp-content\/uploads\/2021\/07\/ziua_nat_frant.jpg\" \/>\n<meta name=\"twitter:card\" content=\"summary_large_image\" \/>\n<meta name=\"twitter:label1\" content=\"Est. reading time\" \/>\n\t<meta name=\"twitter:data1\" content=\"1 minute\" \/>\n<script type=\"application\/ld+json\" class=\"yoast-schema-graph\">{\"@context\":\"https:\/\/schema.org\",\"@graph\":[{\"@type\":\"WebPage\",\"@id\":\"http:\/\/ucor-ucor.ro\/new\/ziua-nationala-a-frantei-la-brasov\/\",\"url\":\"http:\/\/ucor-ucor.ro\/new\/ziua-nationala-a-frantei-la-brasov\/\",\"name\":\"Ziua Nationala a Frantei la Brasov - UCOR\",\"isPartOf\":{\"@id\":\"https:\/\/ucor-ucor.ro\/new\/#website\"},\"primaryImageOfPage\":{\"@id\":\"http:\/\/ucor-ucor.ro\/new\/ziua-nationala-a-frantei-la-brasov\/#primaryimage\"},\"image\":{\"@id\":\"http:\/\/ucor-ucor.ro\/new\/ziua-nationala-a-frantei-la-brasov\/#primaryimage\"},\"thumbnailUrl\":\"http:\/\/ucor-ucor.ro\/new\/wp-content\/uploads\/2021\/07\/ziua_nat_frant.jpg\",\"datePublished\":\"2021-07-20T05:34:33+00:00\",\"dateModified\":\"2021-07-20T05:34:47+00:00\",\"breadcrumb\":{\"@id\":\"http:\/\/ucor-ucor.ro\/new\/ziua-nationala-a-frantei-la-brasov\/#breadcrumb\"},\"inLanguage\":\"en-US\",\"potentialAction\":[{\"@type\":\"ReadAction\",\"target\":[\"http:\/\/ucor-ucor.ro\/new\/ziua-nationala-a-frantei-la-brasov\/\"]}]},{\"@type\":\"ImageObject\",\"inLanguage\":\"en-US\",\"@id\":\"http:\/\/ucor-ucor.ro\/new\/ziua-nationala-a-frantei-la-brasov\/#primaryimage\",\"url\":\"http:\/\/ucor-ucor.ro\/new\/wp-content\/uploads\/2021\/07\/ziua_nat_frant.jpg\",\"contentUrl\":\"http:\/\/ucor-ucor.ro\/new\/wp-content\/uploads\/2021\/07\/ziua_nat_frant.jpg\",\"width\":683,\"height\":1024},{\"@type\":\"BreadcrumbList\",\"@id\":\"http:\/\/ucor-ucor.ro\/new\/ziua-nationala-a-frantei-la-brasov\/#breadcrumb\",\"itemListElement\":[{\"@type\":\"ListItem\",\"position\":1,\"name\":\"Home\",\"item\":\"https:\/\/ucor-ucor.ro\/new\/\"},{\"@type\":\"ListItem\",\"position\":2,\"name\":\"Ziua Nationala a Frantei la Brasov\"}]},{\"@type\":\"WebSite\",\"@id\":\"https:\/\/ucor-ucor.ro\/new\/#website\",\"url\":\"https:\/\/ucor-ucor.ro\/new\/\",\"name\":\"UCOR\",\"description\":\"\",\"publisher\":{\"@id\":\"https:\/\/ucor-ucor.ro\/new\/#organization\"},\"potentialAction\":[{\"@type\":\"SearchAction\",\"target\":{\"@type\":\"EntryPoint\",\"urlTemplate\":\"https:\/\/ucor-ucor.ro\/new\/?s={search_term_string}\"},\"query-input\":\"required name=search_term_string\"}],\"inLanguage\":\"en-US\"},{\"@type\":\"Organization\",\"@id\":\"https:\/\/ucor-ucor.ro\/new\/#organization\",\"name\":\"UCOR\",\"url\":\"https:\/\/ucor-ucor.ro\/new\/\",\"logo\":{\"@type\":\"ImageObject\",\"inLanguage\":\"en-US\",\"@id\":\"https:\/\/ucor-ucor.ro\/new\/#\/schema\/logo\/image\/\",\"url\":\"http:\/\/ucor-ucor.ro\/new\/wp-content\/uploads\/2020\/06\/cropped-UCOR.png\",\"contentUrl\":\"http:\/\/ucor-ucor.ro\/new\/wp-content\/uploads\/2020\/06\/cropped-UCOR.png\",\"width\":395,\"height\":128,\"caption\":\"UCOR\"},\"image\":{\"@id\":\"https:\/\/ucor-ucor.ro\/new\/#\/schema\/logo\/image\/\"}}]}<\/script>\n<!-- \/ Yoast SEO plugin. -->","yoast_head_json":{"title":"Ziua Nationala a Frantei la Brasov - UCOR","robots":{"index":"index","follow":"follow","max-snippet":"max-snippet:-1","max-image-preview":"max-image-preview:large","max-video-preview":"max-video-preview:-1"},"canonical":"http:\/\/ucor-ucor.ro\/new\/ziua-nationala-a-frantei-la-brasov\/","og_locale":"en_US","og_type":"article","og_title":"Ziua Nationala a Frantei la Brasov - UCOR","og_description":"Ziua Na\u021bional\u0103 a Fran\u021bei a fost celebrat\u0103 la Bra\u0219ov \u00een prezen\u021ba Excelen\u021bei Sale, Doamna Laurence Auer, ambasadoarea Fran\u021bei \u00een Rom\u00e2nia. La evenimentul organizat de Agen\u021bia Consular\u0103 a Fran\u021bei \u0219i Alian\u021ba Francez\u0103 Bra\u0219ov, mar\u021bi, 13 iulie 2021, la un restaurant bra\u0219ovean, la invitatia domnului Ion Valeriu Ciolacu &#8211; Consul onorific al Frantei la Brasov,\u00a0 a participat [&hellip;]","og_url":"http:\/\/ucor-ucor.ro\/new\/ziua-nationala-a-frantei-la-brasov\/","og_site_name":"UCOR","article_modified_time":"2021-07-20T05:34:47+00:00","og_image":[{"url":"http:\/\/ucor-ucor.ro\/new\/wp-content\/uploads\/2021\/07\/ziua_nat_frant.jpg"}],"twitter_card":"summary_large_image","twitter_misc":{"Est. reading time":"1 minute"},"schema":{"@context":"https:\/\/schema.org","@graph":[{"@type":"WebPage","@id":"http:\/\/ucor-ucor.ro\/new\/ziua-nationala-a-frantei-la-brasov\/","url":"http:\/\/ucor-ucor.ro\/new\/ziua-nationala-a-frantei-la-brasov\/","name":"Ziua Nationala a Frantei la Brasov - UCOR","isPartOf":{"@id":"https:\/\/ucor-ucor.ro\/new\/#website"},"primaryImageOfPage":{"@id":"http:\/\/ucor-ucor.ro\/new\/ziua-nationala-a-frantei-la-brasov\/#primaryimage"},"image":{"@id":"http:\/\/ucor-ucor.ro\/new\/ziua-nationala-a-frantei-la-brasov\/#primaryimage"},"thumbnailUrl":"http:\/\/ucor-ucor.ro\/new\/wp-content\/uploads\/2021\/07\/ziua_nat_frant.jpg","datePublished":"2021-07-20T05:34:33+00:00","dateModified":"2021-07-20T05:34:47+00:00","breadcrumb":{"@id":"http:\/\/ucor-ucor.ro\/new\/ziua-nationala-a-frantei-la-brasov\/#breadcrumb"},"inLanguage":"en-US","potentialAction":[{"@type":"ReadAction","target":["http:\/\/ucor-ucor.ro\/new\/ziua-nationala-a-frantei-la-brasov\/"]}]},{"@type":"ImageObject","inLanguage":"en-US","@id":"http:\/\/ucor-ucor.ro\/new\/ziua-nationala-a-frantei-la-brasov\/#primaryimage","url":"http:\/\/ucor-ucor.ro\/new\/wp-content\/uploads\/2021\/07\/ziua_nat_frant.jpg","contentUrl":"http:\/\/ucor-ucor.ro\/new\/wp-content\/uploads\/2021\/07\/ziua_nat_frant.jpg","width":683,"height":1024},{"@type":"BreadcrumbList","@id":"http:\/\/ucor-ucor.ro\/new\/ziua-nationala-a-frantei-la-brasov\/#breadcrumb","itemListElement":[{"@type":"ListItem","position":1,"name":"Home","item":"https:\/\/ucor-ucor.ro\/new\/"},{"@type":"ListItem","position":2,"name":"Ziua Nationala a Frantei la Brasov"}]},{"@type":"WebSite","@id":"https:\/\/ucor-ucor.ro\/new\/#website","url":"https:\/\/ucor-ucor.ro\/new\/","name":"UCOR","description":"","publisher":{"@id":"https:\/\/ucor-ucor.ro\/new\/#organization"},"potentialAction":[{"@type":"SearchAction","target":{"@type":"EntryPoint","urlTemplate":"https:\/\/ucor-ucor.ro\/new\/?s={search_term_string}"},"query-input":"required name=search_term_string"}],"inLanguage":"en-US"},{"@type":"Organization","@id":"https:\/\/ucor-ucor.ro\/new\/#organization","name":"UCOR","url":"https:\/\/ucor-ucor.ro\/new\/","logo":{"@type":"ImageObject","inLanguage":"en-US","@id":"https:\/\/ucor-ucor.ro\/new\/#\/schema\/logo\/image\/","url":"http:\/\/ucor-ucor.ro\/new\/wp-content\/uploads\/2020\/06\/cropped-UCOR.png","contentUrl":"http:\/\/ucor-ucor.ro\/new\/wp-content\/uploads\/2020\/06\/cropped-UCOR.png","width":395,"height":128,"caption":"UCOR"},"image":{"@id":"https:\/\/ucor-ucor.ro\/new\/#\/schema\/logo\/image\/"}}]}},"_links":{"self":[{"href":"http:\/\/ucor-ucor.ro\/new\/wp-json\/wp\/v2\/pages\/501"}],"collection":[{"href":"http:\/\/ucor-ucor.ro\/new\/wp-json\/wp\/v2\/pages"}],"about":[{"href":"http:\/\/ucor-ucor.ro\/new\/wp-json\/wp\/v2\/types\/page"}],"author":[{"embeddable":true,"href":"http:\/\/ucor-ucor.ro\/new\/wp-json\/wp\/v2\/users\/1"}],"replies":[{"embeddable":true,"href":"http:\/\/ucor-ucor.ro\/new\/wp-json\/wp\/v2\/comments?post=501"}],"version-history":[{"count":1,"href":"http:\/\/ucor-ucor.ro\/new\/wp-json\/wp\/v2\/pages\/501\/revisions"}],"predecessor-version":[{"id":504,"href":"http:\/\/ucor-ucor.ro\/new\/wp-json\/wp\/v2\/pages\/501\/revisions\/504"}],"wp:attachment":[{"href":"http:\/\/ucor-ucor.ro\/new\/wp-json\/wp\/v2\/media?parent=501"}],"curies":[{"name":"wp","href":"https:\/\/api.w.org\/{rel}","templated":true}]}}