{"id":450,"date":"2021-05-21T08:09:01","date_gmt":"2021-05-21T08:09:01","guid":{"rendered":"http:\/\/ucor-ucor.ro\/new\/?page_id=450"},"modified":"2021-05-21T09:42:55","modified_gmt":"2021-05-21T09:42:55","slug":"12-mai-2021-adunarea-generala-ordinara-a-membrilor-uniunii-consulilor-onorifici-din-romania-in-format-videoconferinta","status":"publish","type":"page","link":"http:\/\/ucor-ucor.ro\/new\/12-mai-2021-adunarea-generala-ordinara-a-membrilor-uniunii-consulilor-onorifici-din-romania-in-format-videoconferinta\/","title":{"rendered":"12 mai 2021 &#8211; Adunarea General\u0103 Ordinar\u0103 a membrilor UCOR"},"content":{"rendered":"\n<p>\u00cen data de 12 mai 2021, Uniunea Consulilor Onorifici din Rom\u00e2nia (UCOR) a organizat \u00een format videoconferin\u021b\u0103 unul dintre cele mai importante evenimente anuale din agenda asociatiei, \u0219i anume Adunarea General\u0103 Ordinar\u0103 a membrilor UCOR.<br>Videoconferin\u021ba s-a deschis cu alocu\u021biunea de \u201eBun venit\u201d rostit\u0103 de Pre\u0219edintele Uniunii Consulilor Onorifici din Rom\u00e2nia \u2013Dl CO Andreas Huber.<br>Anterior evenimentului a fost adresat\u0103 Excelen\u021bei Sale, Doamnei Ambasador Elena \u0218erb\u0103nescu, invita\u021bia de a participa la aceast\u0103 videoconferin\u021b\u0103.<\/p>\n\n\n\n<p>Excelen\u021ba Sa, Doamna Ambasador Elena \u0218erb\u0103nescu, a dat curs invita\u021biei, iar in discursul de \u00eent\u00e2mpinare Presedintele UCOR- Dl CO Andreas Huber, a adresat salutul cordial din partea membrilor UCOR si al s\u0103u, \u0219i mul\u021bumiri pentru onorarea evenimentului cu prezen\u021ba Domniei Sale, \u00eempreun\u0103 cu mul\u021bumiri pentru \u00eentreg sprijinul oferit \u0219i pentru tot ceea ce a f\u0103cut pentru UCOR, \u00eenc\u0103 de la \u00eenfiin\u021bare \u0219i p\u00e2n\u0103 \u00een prezent.<br>Excelen\u021ba Sa, Doamna Ambasador Elena \u0218erb\u0103nescu, a adresat membrilor UCOR salutul s\u0103u cordial, mul\u021bumind Presedintelui UCOR Dl Andreas Huber pentru invita\u021bia de a participa la aceast\u0103 videoconferin\u021b\u0103. \u00cen discursul s\u0103u, E.S. Dna Ambasador \u0218erb\u0103nescu a f\u0103cut recunoa\u0219terea meritelor membrilor UCOR, \u00een special ale Consiliul Director si ale Pre\u0219edintelui UCOR, pentru eforturile depuse prin activitatea lor \u0219i prin evenimente organizate, cu scopul de a creste notorietatea asocia\u021biei, aceasta devenind \u00een prezent un for diplomatic din ce \u00een ce mai puternic, amintind un moment important din activitatea uniunii, respectiv incheierea protocolului de colaborare cu Ministerul Afacerilor Externe al Rom\u00e2niei.<br>E.S. Dna Ambasador Serb\u0103nescu \u0219i-a \u00eencheiat interven\u021bia prin reiterarea sprijinului \u0219i sus\u021binerii Domniei Sale fa\u021b\u0103 de Uniunea Consulilor Onorifici din Rom\u00e2nia.<\/p>\n\n\n\n<p>Doamna Sandra G\u0103tejeanu \u2013 Directorul Direc\u021biei Protocol din cadrul Ministerului Afacerilor Externe al Rom\u00e2niei, a fost invitat\u0103 de Presedintele UCOR- Dl CO Andreas Huber la aceast\u0103 videoconferin\u021b\u0103, dar din motive de agenda Domnia Sa nu a putut participa. Dna Director Sandra G\u0103tejeanu a transmis tuturor membrilor UCOR, prin intermediul Pre\u0219edintelui UCOR Dl CO Andreas Huber, un mesaj de mul\u021bumire pentru invita\u021bia adresat\u0103, al\u0103turi de salutul s\u0103u cordial \u0219i cele mai bune ur\u0103ri de succes \u00een activitate.<\/p>\n\n\n\n<p>\u00cen cadrul ordinii de zi a Adun\u0103rii Generale Ordinare a membrilor UCOR au fost prezentate: Raportul de activitate pentru anul 2020, Raportul Financiar si raportul cenzorului, fiind aprobat\u0103 desc\u0103rcarea de gestiune a Consiliul Director, au fost prezentate propuneri pentru agenda de activit\u0103\u0163i pentru anul 2021 \u015fi au fost ale\u015fi membrii noului Consiliu Director pentru urmatorii 3 ani.<\/p>\n\n\n\n<p>Raportul de activitate pentru anul 2020 a fost prezentat de c\u0103tre Pre\u015fedintele UCOR \u2013 Dl CO Andreas Huber, fiind eviden\u0163iat\u0103 evolu\u021bia pozitiv\u0103 a UCOR din anul precedent, pe plan diplomatic intern \u0219i interna\u021bional. Se cuvine aici s\u0103 amintim :<br>-\u00cent\u00e2lnirea membrilor Consiliului Director al UCOR \u0219i Dna. Sandra G\u0103tejeanu \u2013 Directorul Directiei Protocol din cadrul MAE, desf\u0103\u0219urat\u0103 \u00een data de 15 ianuarie 2020 \u2013 la Ministerul Afacerilor Externe al Rom\u00e2niei.<br>-La data de 28 septembrie 2020 S-a desf\u0103\u0219urat \u00eentrevederea ministrului afacerilor externe Bogdan Aurescu cu membrii Consiliului Director al Uniunii Consulilor Onorifici din Rom\u00e2nia . \u00cen cadrul discu\u021biilor, a fost abordat\u0103 o serie de aspecte de interes reciproc privind perspectivele de dezvoltare a colabor\u0103rii dintre MAE \u0219i UCOR, pentru a valorifica \u00eentr-un mod c\u00e2t mai eficient rolul consulilor onorifici \u00een dezvoltarea rela\u021biilor bilaterale dintre Rom\u00e2nia \u0219i \u021b\u0103rile pe care ace\u0219tia le reprezint\u0103, cu prec\u0103dere pe linia diploma\u021biei economice \u0219i a contactelor inter-umane. Ministrul Bogdan Aurescu a exprimat deschiderea deplin\u0103 a MAE pentru intensificarea dialogului cu UCOR, inclusiv \u00een baza Protocolului de colaborare \u00een vigoare dintre MAE \u0219i UCOR, cu obiectivul de a sprijini \u0219i facilita activitatea desf\u0103\u0219urat\u0103 de consulii onorifici \u00een Rom\u00e2nia. Ministrul Bogdan Aurescu a asigurat c\u0103, dup\u0103 dep\u0103\u0219irea actualului context generat de pandemia de COVID-19, MAE are \u00een vedere o implicare mai activ\u0103 a consulilor onorifici \u00een evenimentele pe care institu\u021bia le organizeaz\u0103, \u00een scopul multiplic\u0103rii oportunit\u0103\u021bilor de interac\u021biune ale corpului diplomatic \u0219i consular al Rom\u00e2niei cu reprezentan\u021bii consulari onorifici acredita\u021bi \u00een Rom\u00e2nia. De asemenea, a ar\u0103tat c\u0103 se va institui la nivelul MAE un punct de contact pentru consulii onorifici pentru asigurarea unui dialog sistematic \u0219i eficient. La r\u00e2ndul s\u0103u, pre\u0219edintele Andreas Huber a exprimat apreciere pentru deschiderea conducerii MAE fa\u021b\u0103 de activitatea consulilor onorifici \u0219i a mul\u021bumit pentru sprijinul constant de care UCOR se bucur\u0103 \u00een acest sens. A asigurat c\u0103 UCOR depune toate eforturile pentru aprofundarea \u0219i extinderea rela\u021biilor de prietenie dintre Rom\u00e2nia \u0219i \u021b\u0103rile reprezentate.<br>Au fost remarcate \u0219i men\u021bionate eforturile sus\u021binute ale membrilor UCOR pentru c\u00e2\u0219tigarea recunoa\u0219terii \u0219i sporirea prestigiului Uniunii, prin impicarea lor \u00een ac\u021biunile pe care le desf\u0103\u0219oar\u0103 \u0219i prin prezen\u021ba activ\u0103 pe plan diplomatic, economic, cultural \u0219i social.<\/p>\n\n\n\n<p>Adunarea General\u0103 a ales prin vot secret noul Consiliu Director al UCOR pentru o perioada de 3 (trei) ani, cu urm\u0103toarea componen\u021b\u0103:<br>Pre\u0219edinte\u2013 Domnul CO Andreas HUBER<br>Prim-Vicepre\u0219edinte- E.S. Domnul Ambasador Ioan DONCA<br>Vicepre\u0219edinte- Doamna Consul Onorific Georgiana POGONARU<br>Secretar General \u2013 Doamna Consul Onorific Av. Elena BUSTEA<br>Trezorier- Domnul Consul Onorific Eugen LASCU<br>Membru \u2013 Domnul CO Endre MOLNAR<br>Membru \u2013 Domnul CO Ion Valeriu CIOLACU<br>Membru \u2013 Domnul CO Walterus Johannes Marius REIJERS<br>Membru &#8211; Domnul CO Jos\u00e9 Julian ARNAU USON<\/p>\n\n\n\n<p>\u00cen afar\u0103 de aceste obiective, UCOR \u00een calitate de organiza\u021bie neguvernamental\u0103 reprezentativ\u0103, dore\u0219te s\u0103 \u00ee\u0219i extind\u0103 portofoliul de membri \u0219i s\u0103 sus\u021bin\u0103 viguros activitatea acestora.<br>\u00cen final au fost adresate mul\u021bumiri tuturor membrilor pentru participare, sus\u021binere \u0219i pentru buna colaborare, care au contribuit \u00een mare m\u0103sur\u0103 la succesul activit\u0103\u021bii asocia\u021biei.<\/p>\n\n\n\n<figure class=\"wp-block-gallery columns-2 is-cropped wp-block-gallery-1 is-layout-flex wp-block-gallery-is-layout-flex\"><ul class=\"blocks-gallery-grid\"><li class=\"blocks-gallery-item\"><figure><img fetchpriority=\"high\" decoding=\"async\" width=\"1024\" height=\"576\" src=\"http:\/\/ucor-ucor.ro\/new\/wp-content\/uploads\/2021\/05\/ucor_12_mai1-1024x576.jpg\" alt=\"\" data-id=\"456\" data-full-url=\"http:\/\/ucor-ucor.ro\/new\/wp-content\/uploads\/2021\/05\/ucor_12_mai1.jpg\" data-link=\"http:\/\/ucor-ucor.ro\/new\/12-mai-2021-adunarea-generala-ordinara-a-membrilor-uniunii-consulilor-onorifici-din-romania-in-format-videoconferinta\/ucor_12_mai1\/\" class=\"wp-image-456\" srcset=\"http:\/\/ucor-ucor.ro\/new\/wp-content\/uploads\/2021\/05\/ucor_12_mai1-1024x576.jpg 1024w, http:\/\/ucor-ucor.ro\/new\/wp-content\/uploads\/2021\/05\/ucor_12_mai1-300x169.jpg 300w, http:\/\/ucor-ucor.ro\/new\/wp-content\/uploads\/2021\/05\/ucor_12_mai1-768x432.jpg 768w, http:\/\/ucor-ucor.ro\/new\/wp-content\/uploads\/2021\/05\/ucor_12_mai1-1536x864.jpg 1536w, http:\/\/ucor-ucor.ro\/new\/wp-content\/uploads\/2021\/05\/ucor_12_mai1-1200x675.jpg 1200w, http:\/\/ucor-ucor.ro\/new\/wp-content\/uploads\/2021\/05\/ucor_12_mai1.jpg 1600w\" sizes=\"(max-width: 1024px) 100vw, 1024px\" \/><\/figure><\/li><li class=\"blocks-gallery-item\"><figure><img decoding=\"async\" width=\"1024\" height=\"576\" src=\"http:\/\/ucor-ucor.ro\/new\/wp-content\/uploads\/2021\/05\/ucor_12_mai2-1024x576.jpg\" alt=\"\" data-id=\"457\" data-full-url=\"http:\/\/ucor-ucor.ro\/new\/wp-content\/uploads\/2021\/05\/ucor_12_mai2.jpg\" data-link=\"http:\/\/ucor-ucor.ro\/new\/12-mai-2021-adunarea-generala-ordinara-a-membrilor-uniunii-consulilor-onorifici-din-romania-in-format-videoconferinta\/ucor_12_mai2\/\" class=\"wp-image-457\" srcset=\"http:\/\/ucor-ucor.ro\/new\/wp-content\/uploads\/2021\/05\/ucor_12_mai2-1024x576.jpg 1024w, http:\/\/ucor-ucor.ro\/new\/wp-content\/uploads\/2021\/05\/ucor_12_mai2-300x169.jpg 300w, http:\/\/ucor-ucor.ro\/new\/wp-content\/uploads\/2021\/05\/ucor_12_mai2-768x432.jpg 768w, http:\/\/ucor-ucor.ro\/new\/wp-content\/uploads\/2021\/05\/ucor_12_mai2-1536x864.jpg 1536w, http:\/\/ucor-ucor.ro\/new\/wp-content\/uploads\/2021\/05\/ucor_12_mai2-1200x675.jpg 1200w, http:\/\/ucor-ucor.ro\/new\/wp-content\/uploads\/2021\/05\/ucor_12_mai2.jpg 1600w\" sizes=\"(max-width: 1024px) 100vw, 1024px\" \/><\/figure><\/li><\/ul><\/figure>\n","protected":false},"excerpt":{"rendered":"<p>\u00cen data de 12 mai 2021, Uniunea Consulilor Onorifici din Rom\u00e2nia (UCOR) a organizat \u00een format videoconferin\u021b\u0103 unul dintre cele mai importante evenimente anuale din agenda asociatiei, \u0219i anume Adunarea General\u0103 Ordinar\u0103 a membrilor UCOR.Videoconferin\u021ba s-a deschis cu alocu\u021biunea de \u201eBun venit\u201d rostit\u0103 de Pre\u0219edintele Uniunii Consulilor Onorifici din Rom\u00e2nia \u2013Dl CO Andreas Huber.Anterior evenimentului [&hellip;]<\/p>\n","protected":false},"author":1,"featured_media":0,"parent":0,"menu_order":0,"comment_status":"closed","ping_status":"closed","template":"templates\/template-full-width.php","meta":{"footnotes":""},"yoast_head":"<!-- This site is optimized with the Yoast SEO plugin v22.5 - https:\/\/yoast.com\/wordpress\/plugins\/seo\/ -->\n<title>12 mai 2021 - Adunarea General\u0103 Ordinar\u0103 a membrilor UCOR - UCOR<\/title>\n<meta name=\"robots\" content=\"index, follow, max-snippet:-1, max-image-preview:large, max-video-preview:-1\" \/>\n<link rel=\"canonical\" href=\"http:\/\/ucor-ucor.ro\/new\/12-mai-2021-adunarea-generala-ordinara-a-membrilor-uniunii-consulilor-onorifici-din-romania-in-format-videoconferinta\/\" \/>\n<meta property=\"og:locale\" content=\"en_US\" \/>\n<meta property=\"og:type\" content=\"article\" \/>\n<meta property=\"og:title\" content=\"12 mai 2021 - Adunarea General\u0103 Ordinar\u0103 a membrilor UCOR - UCOR\" \/>\n<meta property=\"og:description\" content=\"\u00cen data de 12 mai 2021, Uniunea Consulilor Onorifici din Rom\u00e2nia (UCOR) a organizat \u00een format videoconferin\u021b\u0103 unul dintre cele mai importante evenimente anuale din agenda asociatiei, \u0219i anume Adunarea General\u0103 Ordinar\u0103 a membrilor UCOR.Videoconferin\u021ba s-a deschis cu alocu\u021biunea de \u201eBun venit\u201d rostit\u0103 de Pre\u0219edintele Uniunii Consulilor Onorifici din Rom\u00e2nia \u2013Dl CO Andreas Huber.Anterior evenimentului [&hellip;]\" \/>\n<meta property=\"og:url\" content=\"http:\/\/ucor-ucor.ro\/new\/12-mai-2021-adunarea-generala-ordinara-a-membrilor-uniunii-consulilor-onorifici-din-romania-in-format-videoconferinta\/\" \/>\n<meta property=\"og:site_name\" content=\"UCOR\" \/>\n<meta property=\"article:modified_time\" content=\"2021-05-21T09:42:55+00:00\" \/>\n<meta property=\"og:image\" content=\"http:\/\/ucor-ucor.ro\/new\/wp-content\/uploads\/2021\/05\/ucor_12_mai1-1024x576.jpg\" \/>\n<meta name=\"twitter:card\" content=\"summary_large_image\" \/>\n<meta name=\"twitter:label1\" content=\"Est. reading time\" \/>\n\t<meta name=\"twitter:data1\" content=\"5 minutes\" \/>\n<script type=\"application\/ld+json\" class=\"yoast-schema-graph\">{\"@context\":\"https:\/\/schema.org\",\"@graph\":[{\"@type\":\"WebPage\",\"@id\":\"http:\/\/ucor-ucor.ro\/new\/12-mai-2021-adunarea-generala-ordinara-a-membrilor-uniunii-consulilor-onorifici-din-romania-in-format-videoconferinta\/\",\"url\":\"http:\/\/ucor-ucor.ro\/new\/12-mai-2021-adunarea-generala-ordinara-a-membrilor-uniunii-consulilor-onorifici-din-romania-in-format-videoconferinta\/\",\"name\":\"12 mai 2021 - Adunarea General\u0103 Ordinar\u0103 a membrilor UCOR - UCOR\",\"isPartOf\":{\"@id\":\"https:\/\/ucor-ucor.ro\/new\/#website\"},\"primaryImageOfPage\":{\"@id\":\"http:\/\/ucor-ucor.ro\/new\/12-mai-2021-adunarea-generala-ordinara-a-membrilor-uniunii-consulilor-onorifici-din-romania-in-format-videoconferinta\/#primaryimage\"},\"image\":{\"@id\":\"http:\/\/ucor-ucor.ro\/new\/12-mai-2021-adunarea-generala-ordinara-a-membrilor-uniunii-consulilor-onorifici-din-romania-in-format-videoconferinta\/#primaryimage\"},\"thumbnailUrl\":\"http:\/\/ucor-ucor.ro\/new\/wp-content\/uploads\/2021\/05\/ucor_12_mai1-1024x576.jpg\",\"datePublished\":\"2021-05-21T08:09:01+00:00\",\"dateModified\":\"2021-05-21T09:42:55+00:00\",\"breadcrumb\":{\"@id\":\"http:\/\/ucor-ucor.ro\/new\/12-mai-2021-adunarea-generala-ordinara-a-membrilor-uniunii-consulilor-onorifici-din-romania-in-format-videoconferinta\/#breadcrumb\"},\"inLanguage\":\"en-US\",\"potentialAction\":[{\"@type\":\"ReadAction\",\"target\":[\"http:\/\/ucor-ucor.ro\/new\/12-mai-2021-adunarea-generala-ordinara-a-membrilor-uniunii-consulilor-onorifici-din-romania-in-format-videoconferinta\/\"]}]},{\"@type\":\"ImageObject\",\"inLanguage\":\"en-US\",\"@id\":\"http:\/\/ucor-ucor.ro\/new\/12-mai-2021-adunarea-generala-ordinara-a-membrilor-uniunii-consulilor-onorifici-din-romania-in-format-videoconferinta\/#primaryimage\",\"url\":\"http:\/\/ucor-ucor.ro\/new\/wp-content\/uploads\/2021\/05\/ucor_12_mai1.jpg\",\"contentUrl\":\"http:\/\/ucor-ucor.ro\/new\/wp-content\/uploads\/2021\/05\/ucor_12_mai1.jpg\",\"width\":1600,\"height\":900},{\"@type\":\"BreadcrumbList\",\"@id\":\"http:\/\/ucor-ucor.ro\/new\/12-mai-2021-adunarea-generala-ordinara-a-membrilor-uniunii-consulilor-onorifici-din-romania-in-format-videoconferinta\/#breadcrumb\",\"itemListElement\":[{\"@type\":\"ListItem\",\"position\":1,\"name\":\"Home\",\"item\":\"https:\/\/ucor-ucor.ro\/new\/\"},{\"@type\":\"ListItem\",\"position\":2,\"name\":\"12 mai 2021 &#8211; Adunarea General\u0103 Ordinar\u0103 a membrilor UCOR\"}]},{\"@type\":\"WebSite\",\"@id\":\"https:\/\/ucor-ucor.ro\/new\/#website\",\"url\":\"https:\/\/ucor-ucor.ro\/new\/\",\"name\":\"UCOR\",\"description\":\"\",\"publisher\":{\"@id\":\"https:\/\/ucor-ucor.ro\/new\/#organization\"},\"potentialAction\":[{\"@type\":\"SearchAction\",\"target\":{\"@type\":\"EntryPoint\",\"urlTemplate\":\"https:\/\/ucor-ucor.ro\/new\/?s={search_term_string}\"},\"query-input\":\"required name=search_term_string\"}],\"inLanguage\":\"en-US\"},{\"@type\":\"Organization\",\"@id\":\"https:\/\/ucor-ucor.ro\/new\/#organization\",\"name\":\"UCOR\",\"url\":\"https:\/\/ucor-ucor.ro\/new\/\",\"logo\":{\"@type\":\"ImageObject\",\"inLanguage\":\"en-US\",\"@id\":\"https:\/\/ucor-ucor.ro\/new\/#\/schema\/logo\/image\/\",\"url\":\"http:\/\/ucor-ucor.ro\/new\/wp-content\/uploads\/2020\/06\/cropped-UCOR.png\",\"contentUrl\":\"http:\/\/ucor-ucor.ro\/new\/wp-content\/uploads\/2020\/06\/cropped-UCOR.png\",\"width\":395,\"height\":128,\"caption\":\"UCOR\"},\"image\":{\"@id\":\"https:\/\/ucor-ucor.ro\/new\/#\/schema\/logo\/image\/\"}}]}<\/script>\n<!-- \/ Yoast SEO plugin. -->","yoast_head_json":{"title":"12 mai 2021 - Adunarea General\u0103 Ordinar\u0103 a membrilor UCOR - UCOR","robots":{"index":"index","follow":"follow","max-snippet":"max-snippet:-1","max-image-preview":"max-image-preview:large","max-video-preview":"max-video-preview:-1"},"canonical":"http:\/\/ucor-ucor.ro\/new\/12-mai-2021-adunarea-generala-ordinara-a-membrilor-uniunii-consulilor-onorifici-din-romania-in-format-videoconferinta\/","og_locale":"en_US","og_type":"article","og_title":"12 mai 2021 - Adunarea General\u0103 Ordinar\u0103 a membrilor UCOR - UCOR","og_description":"\u00cen data de 12 mai 2021, Uniunea Consulilor Onorifici din Rom\u00e2nia (UCOR) a organizat \u00een format videoconferin\u021b\u0103 unul dintre cele mai importante evenimente anuale din agenda asociatiei, \u0219i anume Adunarea General\u0103 Ordinar\u0103 a membrilor UCOR.Videoconferin\u021ba s-a deschis cu alocu\u021biunea de \u201eBun venit\u201d rostit\u0103 de Pre\u0219edintele Uniunii Consulilor Onorifici din Rom\u00e2nia \u2013Dl CO Andreas Huber.Anterior evenimentului [&hellip;]","og_url":"http:\/\/ucor-ucor.ro\/new\/12-mai-2021-adunarea-generala-ordinara-a-membrilor-uniunii-consulilor-onorifici-din-romania-in-format-videoconferinta\/","og_site_name":"UCOR","article_modified_time":"2021-05-21T09:42:55+00:00","og_image":[{"url":"http:\/\/ucor-ucor.ro\/new\/wp-content\/uploads\/2021\/05\/ucor_12_mai1-1024x576.jpg"}],"twitter_card":"summary_large_image","twitter_misc":{"Est. reading time":"5 minutes"},"schema":{"@context":"https:\/\/schema.org","@graph":[{"@type":"WebPage","@id":"http:\/\/ucor-ucor.ro\/new\/12-mai-2021-adunarea-generala-ordinara-a-membrilor-uniunii-consulilor-onorifici-din-romania-in-format-videoconferinta\/","url":"http:\/\/ucor-ucor.ro\/new\/12-mai-2021-adunarea-generala-ordinara-a-membrilor-uniunii-consulilor-onorifici-din-romania-in-format-videoconferinta\/","name":"12 mai 2021 - Adunarea General\u0103 Ordinar\u0103 a membrilor UCOR - UCOR","isPartOf":{"@id":"https:\/\/ucor-ucor.ro\/new\/#website"},"primaryImageOfPage":{"@id":"http:\/\/ucor-ucor.ro\/new\/12-mai-2021-adunarea-generala-ordinara-a-membrilor-uniunii-consulilor-onorifici-din-romania-in-format-videoconferinta\/#primaryimage"},"image":{"@id":"http:\/\/ucor-ucor.ro\/new\/12-mai-2021-adunarea-generala-ordinara-a-membrilor-uniunii-consulilor-onorifici-din-romania-in-format-videoconferinta\/#primaryimage"},"thumbnailUrl":"http:\/\/ucor-ucor.ro\/new\/wp-content\/uploads\/2021\/05\/ucor_12_mai1-1024x576.jpg","datePublished":"2021-05-21T08:09:01+00:00","dateModified":"2021-05-21T09:42:55+00:00","breadcrumb":{"@id":"http:\/\/ucor-ucor.ro\/new\/12-mai-2021-adunarea-generala-ordinara-a-membrilor-uniunii-consulilor-onorifici-din-romania-in-format-videoconferinta\/#breadcrumb"},"inLanguage":"en-US","potentialAction":[{"@type":"ReadAction","target":["http:\/\/ucor-ucor.ro\/new\/12-mai-2021-adunarea-generala-ordinara-a-membrilor-uniunii-consulilor-onorifici-din-romania-in-format-videoconferinta\/"]}]},{"@type":"ImageObject","inLanguage":"en-US","@id":"http:\/\/ucor-ucor.ro\/new\/12-mai-2021-adunarea-generala-ordinara-a-membrilor-uniunii-consulilor-onorifici-din-romania-in-format-videoconferinta\/#primaryimage","url":"http:\/\/ucor-ucor.ro\/new\/wp-content\/uploads\/2021\/05\/ucor_12_mai1.jpg","contentUrl":"http:\/\/ucor-ucor.ro\/new\/wp-content\/uploads\/2021\/05\/ucor_12_mai1.jpg","width":1600,"height":900},{"@type":"BreadcrumbList","@id":"http:\/\/ucor-ucor.ro\/new\/12-mai-2021-adunarea-generala-ordinara-a-membrilor-uniunii-consulilor-onorifici-din-romania-in-format-videoconferinta\/#breadcrumb","itemListElement":[{"@type":"ListItem","position":1,"name":"Home","item":"https:\/\/ucor-ucor.ro\/new\/"},{"@type":"ListItem","position":2,"name":"12 mai 2021 &#8211; Adunarea General\u0103 Ordinar\u0103 a membrilor UCOR"}]},{"@type":"WebSite","@id":"https:\/\/ucor-ucor.ro\/new\/#website","url":"https:\/\/ucor-ucor.ro\/new\/","name":"UCOR","description":"","publisher":{"@id":"https:\/\/ucor-ucor.ro\/new\/#organization"},"potentialAction":[{"@type":"SearchAction","target":{"@type":"EntryPoint","urlTemplate":"https:\/\/ucor-ucor.ro\/new\/?s={search_term_string}"},"query-input":"required name=search_term_string"}],"inLanguage":"en-US"},{"@type":"Organization","@id":"https:\/\/ucor-ucor.ro\/new\/#organization","name":"UCOR","url":"https:\/\/ucor-ucor.ro\/new\/","logo":{"@type":"ImageObject","inLanguage":"en-US","@id":"https:\/\/ucor-ucor.ro\/new\/#\/schema\/logo\/image\/","url":"http:\/\/ucor-ucor.ro\/new\/wp-content\/uploads\/2020\/06\/cropped-UCOR.png","contentUrl":"http:\/\/ucor-ucor.ro\/new\/wp-content\/uploads\/2020\/06\/cropped-UCOR.png","width":395,"height":128,"caption":"UCOR"},"image":{"@id":"https:\/\/ucor-ucor.ro\/new\/#\/schema\/logo\/image\/"}}]}},"_links":{"self":[{"href":"http:\/\/ucor-ucor.ro\/new\/wp-json\/wp\/v2\/pages\/450"}],"collection":[{"href":"http:\/\/ucor-ucor.ro\/new\/wp-json\/wp\/v2\/pages"}],"about":[{"href":"http:\/\/ucor-ucor.ro\/new\/wp-json\/wp\/v2\/types\/page"}],"author":[{"embeddable":true,"href":"http:\/\/ucor-ucor.ro\/new\/wp-json\/wp\/v2\/users\/1"}],"replies":[{"embeddable":true,"href":"http:\/\/ucor-ucor.ro\/new\/wp-json\/wp\/v2\/comments?post=450"}],"version-history":[{"count":4,"href":"http:\/\/ucor-ucor.ro\/new\/wp-json\/wp\/v2\/pages\/450\/revisions"}],"predecessor-version":[{"id":470,"href":"http:\/\/ucor-ucor.ro\/new\/wp-json\/wp\/v2\/pages\/450\/revisions\/470"}],"wp:attachment":[{"href":"http:\/\/ucor-ucor.ro\/new\/wp-json\/wp\/v2\/media?parent=450"}],"curies":[{"name":"wp","href":"https:\/\/api.w.org\/{rel}","templated":true}]}}