{"id":425,"date":"2021-05-11T15:24:27","date_gmt":"2021-05-11T15:24:27","guid":{"rendered":"http:\/\/ucor-ucor.ro\/new\/?page_id=425"},"modified":"2021-05-11T15:24:27","modified_gmt":"2021-05-11T15:24:27","slug":"mesaj-comun-al-domnului-consul-hans-e-tischler-si-al-consulilor-onorifici-ai-austriei-si-luxemburgului-la-sibiu-cu-ocazia-zilei-europei-din-9-mai-2021","status":"publish","type":"page","link":"http:\/\/ucor-ucor.ro\/new\/mesaj-comun-al-domnului-consul-hans-e-tischler-si-al-consulilor-onorifici-ai-austriei-si-luxemburgului-la-sibiu-cu-ocazia-zilei-europei-din-9-mai-2021\/","title":{"rendered":"Mesaj comun al domnului Consul Hans E. Tischler \u015fi al Consulilor onorifici ai Austriei \u015fi Luxemburgului la Sibiu cu ocazia Zilei Europei din 9 mai 2021"},"content":{"rendered":"\n<p>Ziua Europei din acest an ne arat\u0103 \u00eenc\u0103 odat\u0103 \u00een mod evident c\u0103 solidaritatea european\u0103 este \u015fi r\u0103m\u00e2ne un element central, chiar salvator de vie\u0163i pentru noi, cet\u0103\u0163enii europeni. Aproape nu a existat perioad\u0103 \u00een istoria Uniunii Europene, \u00een care importan\u0163a acestei structuri s\u0103 ias\u0103 at\u00e2t de clar \u00een eviden\u0163\u0103 ca \u00een ultimele luni.<\/p>\n\n\n\n<p>\u00centr-un timp extrem de scurt cu to\u0163ii a trebuit s\u0103 \u00eenv\u0103\u0163\u0103m ce repercusiuni devastatoare poate avea o pandemie \u2013 asupra s\u0103n\u0103t\u0103\u0163ii noastre \u015fi a sistemelor noastre de s\u0103n\u0103tate. Faptul c\u0103 at\u00e2t de mul\u0163i oameni \u015fi-au pierdut via\u0163a \u00een urma infect\u0103rii cu virusul SARS-CoV-2, ne provoac\u0103 tuturor o durere ad\u00e2nc\u0103. Consecin\u0163ele asupra economiilor nu pot fi nici acum cu adev\u0103rat estimate. \u015ei via\u0163a noastr\u0103 cotidian\u0103 este \u00eenc\u0103 marcat\u0103 de restric\u0163ii cum nu le-am cunoscut nicic\u00e2nd. Pe de alt\u0103 parte acum ne baz\u0103m pe experien\u0163e dob\u00e2ndite mul\u0163umit\u0103 unor abord\u0103ri comune, coordonate la nivel european, ca singure r\u0103spunsuri corecte la aceast\u0103 criz\u0103. Rezilien\u0163a este aici noul termen cheie, denumind o abordare flexibil\u0103 a unor provoc\u0103ri \u00een continu\u0103 schimbare \u00een domenii diferite. A face fa\u0163\u0103 crizei \u015fi efectelor acesteia, r\u0103m\u00e2ne o mare provocare pentru statele lumii, care va avea consecin\u0163e ample \u015fi atunci c\u00e2nd pandemia se va estompa cu mult \u00een cursul acestui an. &nbsp;&nbsp;<\/p>\n\n\n\n<p>\u00cen timpul crizei provocate de virusul Corona, Uniunea European\u0103 a dovedit \u00een mod evident c\u0103 este opera\u0163ional\u0103. Din cauza pandemiei generate de COVID-19, sistemele medicale si personalul medical au fost \u015fi sunt supuse unor teste de rezisten\u0163\u0103 \u015fi eforturi enorme. Totu\u015fi, chiar de la \u00eenceputul perioadei de criz\u0103, statele membre nu au putut fi \u00eempiedicate s\u0103 fac\u0103 pa\u015fi unele spre altele \u015fi s\u0103 \u00ee\u015fi concentreze resursele \u00eentr-un scop comun. \u00cen acela\u015fi timp Europa a preluat responsabilitate la nivel international \u015fi a sprijinit \u00een calitate de echip\u0103 (\u201eTeam Europe\u201c) eforturile mondiale de combatere a viruslui.<\/p>\n\n\n\n<p>Germania, Polonia \u015fi Rom\u00e2nia au trimis echipe de medici pentru a acorda sprijin \u00een tratarea de pacien\u0163i din spitale din Italia de Nord \u015fi de Sud.<\/p>\n\n\n\n<p>Belgia, Germania, Luxemburgul \u015fi Austria au preluat pacien\u0163i francezi, italieni \u015fi olandezi \u00een stare critic\u0103 pentru a-i trata \u00een sec\u0163iile lor de terapie intensiv\u0103.<\/p>\n\n\n\n<p>Germania \u015fi Luxemburgul au trimis avioane pentru misiuni sanitare, pilo\u0163i \u015fi personal medical pentru a acorda sprijin la salvarea de vie\u0163i \u00een Fran\u0163a, Italia, Portugalia \u015fi Olanda.<\/p>\n\n\n\n<p>\u00cen \u00eentreaga Europ\u0103 \u015fi aici la Sibiu, munca ne\u00eencetat\u0103, plin\u0103 de devotament, a medicilor \u015fi a \u00eentregului personalul medical precum \u015fi a echipelor de interven\u0163ie \u00een cazuri de urgen\u0163\u0103, a personalului de \u00eengrijire din c\u0103mine pentru copii \u015fi persoane v\u00e2rstnice, a pompierilor precum \u015fi a speciali\u015ftilor din domeniul economic, \u015ftiin\u0163ific \u015fi cultural nu pot fi suficient apreciate. Lor tuturor le dator\u0103m func\u0163ionarea \u00een continuare a societ\u0103\u0163ii noastre. Mul\u0163umiri speciale li se cuvin \u015fi cet\u0103\u0163enilor c\u0103rora \u00een continuare li se cere mult\u0103 disciplin\u0103 \u00een respectarea m\u0103surilor de prevenire a r\u0103sp\u00e2ndirii virusului.<\/p>\n\n\n\n<p>Din punct de vedere financiar, din partea Uniunii Europene s-au pus la dispozi\u0163ie pachete uria\u015fe de \u00eentrajutorare pentru m\u0103suri de urgen\u0163\u0103 \u00een ameliorarea crizei sanitare, \u00een fortificarea sistemelor sanitare \u015fi diminuarea consecin\u0163elor socio-economice ale pandemiei. Pachetul european total \u00een valoare de aproximativ 1,8 bilioane de euro nu poate fi privit dec\u00e2t ca unul istoric. Uniunea European\u0103 dovede\u015fte printr-un \u00eentreg set de m\u0103suri c\u0103 este opera\u0163ional\u0103 \u015fi se implic\u0103 pentru o dep\u0103\u015fire rapid\u0103 a crizei.<\/p>\n\n\n\n<p>Fondul de redresare include planurile de m\u0103suri na\u0163ionale ale statelor membre. Pilonii principali ai acestui fond sunt reconstruc\u0163ia \u015fi dep\u0103sirea crizei, m\u0103suri de sprijinire a investi\u0163iilor private, fortificarea pie\u0163ei interne pentru accelerarea transform\u0103rilor ecologice \u015fi digitale. Fiecare stat membru trebuie s\u0103 \u00ee\u015fi prezinte planurile cu propriile proiecte de investi\u0163ii \u015fi reforme, mereu \u00een str\u00e2ns\u0103 corela\u0163ie cu obiectivele mai sus amintite. Datorit\u0103 noului mecanism de condi\u0163ionalitate, plata fondurilor europene se va face pentru prima oar\u0103 \u00een func\u0163ie de respectarea standardelor statului de drept. Acesta este un pas important, pentru c\u0103 o Uniune European\u0103 puternic\u0103 are la baz\u0103 o funda\u0163ie de valori viguroas\u0103. &nbsp;<\/p>\n\n\n\n<p>Cine ar fi crezut \u00een urm\u0103 cu un an c\u0103 acum vom fi deja parte a unei campanii de vaccinare demarate simultan \u015fi coordonate la nivel mondial, \u00eens\u0103 aici mai cu seam\u0103 la nivel european? COVAX este r\u0103spunsul multilateral \u015fi favorabil incluziunii la Covid-19. C\u00e2t de \u00eembucur\u0103tor \u015fi lini\u015ftitor este s\u0103 \u015ftim c\u0103 personalul medical, persoanele \u00een etate \u015fi cele apar\u0163in\u00e2nd grupurilor de risc sunt \u00eentre timp \u00een foarte mare m\u0103sur\u0103 vaccinate \u00een toate statele Uniunii Europene! Popula\u0163ia general\u0103 va fi de asemenea vaccinat\u0103 \u00een scurt timp \u00een toate \u0163\u0103rile europene, astfel \u00eenc\u00e2t cu to\u0163ii putem spera cu \u00eencredere la o atenuare a pandemiei c\u00e2t mai cur\u00e2nd.<\/p>\n\n\n\n<p>\u015ei \u00een anul trecut at\u00e2t de dificil al crizei cu toate provoc\u0103rile sale complexe, pe continentul nostru \u201emodelul european\u201c a stat \u00een centrul preocup\u0103rilor: Uniunea European\u0103 a dovedit din nou c\u0103 este o comunitate de valori, construit\u0103 pe funda\u0163ia democra\u0163iei \u015fi a statului de drept! Uniunea European\u0103 este totodat\u0103 o comunitate a solidarit\u0103\u0163ii care este unit\u0103 tocmai \u00een perioadele de criz\u0103. Faptul c\u0103 punerea de acord \u00eentre membrii uniunii nu este mereu facil\u0103, nu schimb\u0103 cu nimic voin\u0163a de nezdruncinat de a \u00eent\u0103ri aceast\u0103 comunitate a &nbsp;solidarit\u0103\u0163ii \u015fi de a func\u0163iona totodat\u0103 ca motor pentru o dezvoltare conform\u0103 cu cerin\u0163ele viitorului. \u00cen plus Uniunea European\u0103 a dovedit c\u0103 poate prelua anumite m\u0103suri precum ar fi coordonarea de ac\u0163iuni de \u00eentrajutorare, pe care statele membre nu le-ar fi putut implementa \u00een acest fel de unele singure. &nbsp;<\/p>\n\n\n\n<p>Modelul european necesit\u0103 ac\u0163iuni comune \u015fi hot\u0103r\u00e2te din partea noastr\u0103, a tuturor. Dup\u0103 cum am putut observa cu to\u0163ii \u00een ultimele luni, este un privilegiu s\u0103 fii cet\u0103\u0163ean al Uniunii Europene. Din acest motiv ar trebui s\u0103 fim cu to\u0163ii dispu\u015fi s\u0103 ne ap\u0103r\u0103m convingerile \u00een ce prive\u015fte democra\u0163ia \u015fi statul de drept, libertatea de opinie \u015fi cea a presei \u015fi s\u0103 le protej\u0103m corespunz\u0103tor acolo unde sunt \u00een pericol. Doar \u00eempreun\u0103 suntem puternici \u015fi putem s\u0103 abord\u0103m cu fermitate provoc\u0103rile viitorului.<\/p>\n\n\n\n<p>Hans E. Tischler, Consul al Republicii Federale Germane,<\/p>\n\n\n\n<p>Andreas Huber, Consul Onorific al Austriei,<\/p>\n\n\n\n<p>Daniel Plier, Consul Onorific al Luxemburgului.<\/p>\n","protected":false},"excerpt":{"rendered":"<p>Ziua Europei din acest an ne arat\u0103 \u00eenc\u0103 odat\u0103 \u00een mod evident c\u0103 solidaritatea european\u0103 este \u015fi r\u0103m\u00e2ne un element central, chiar salvator de vie\u0163i pentru noi, cet\u0103\u0163enii europeni. Aproape nu a existat perioad\u0103 \u00een istoria Uniunii Europene, \u00een care importan\u0163a acestei structuri s\u0103 ias\u0103 at\u00e2t de clar \u00een eviden\u0163\u0103 ca \u00een ultimele luni. \u00centr-un [&hellip;]<\/p>\n","protected":false},"author":1,"featured_media":0,"parent":0,"menu_order":0,"comment_status":"closed","ping_status":"closed","template":"templates\/template-full-width.php","meta":{"footnotes":""},"yoast_head":"<!-- This site is optimized with the Yoast SEO plugin v22.5 - https:\/\/yoast.com\/wordpress\/plugins\/seo\/ -->\n<title>Mesaj comun al domnului Consul Hans E. Tischler \u015fi al Consulilor onorifici ai Austriei \u015fi Luxemburgului la Sibiu cu ocazia Zilei Europei din 9 mai 2021 - UCOR<\/title>\n<meta name=\"robots\" content=\"index, follow, max-snippet:-1, max-image-preview:large, max-video-preview:-1\" \/>\n<link rel=\"canonical\" href=\"https:\/\/ucor-ucor.ro\/new\/mesaj-comun-al-domnului-consul-hans-e-tischler-si-al-consulilor-onorifici-ai-austriei-si-luxemburgului-la-sibiu-cu-ocazia-zilei-europei-din-9-mai-2021\/\" \/>\n<meta property=\"og:locale\" content=\"en_US\" \/>\n<meta property=\"og:type\" content=\"article\" \/>\n<meta property=\"og:title\" content=\"Mesaj comun al domnului Consul Hans E. Tischler \u015fi al Consulilor onorifici ai Austriei \u015fi Luxemburgului la Sibiu cu ocazia Zilei Europei din 9 mai 2021 - UCOR\" \/>\n<meta property=\"og:description\" content=\"Ziua Europei din acest an ne arat\u0103 \u00eenc\u0103 odat\u0103 \u00een mod evident c\u0103 solidaritatea european\u0103 este \u015fi r\u0103m\u00e2ne un element central, chiar salvator de vie\u0163i pentru noi, cet\u0103\u0163enii europeni. Aproape nu a existat perioad\u0103 \u00een istoria Uniunii Europene, \u00een care importan\u0163a acestei structuri s\u0103 ias\u0103 at\u00e2t de clar \u00een eviden\u0163\u0103 ca \u00een ultimele luni. \u00centr-un [&hellip;]\" \/>\n<meta property=\"og:url\" content=\"https:\/\/ucor-ucor.ro\/new\/mesaj-comun-al-domnului-consul-hans-e-tischler-si-al-consulilor-onorifici-ai-austriei-si-luxemburgului-la-sibiu-cu-ocazia-zilei-europei-din-9-mai-2021\/\" \/>\n<meta property=\"og:site_name\" content=\"UCOR\" \/>\n<meta name=\"twitter:card\" content=\"summary_large_image\" \/>\n<meta name=\"twitter:label1\" content=\"Est. reading time\" \/>\n\t<meta name=\"twitter:data1\" content=\"5 minutes\" \/>\n<script type=\"application\/ld+json\" class=\"yoast-schema-graph\">{\"@context\":\"https:\/\/schema.org\",\"@graph\":[{\"@type\":\"WebPage\",\"@id\":\"https:\/\/ucor-ucor.ro\/new\/mesaj-comun-al-domnului-consul-hans-e-tischler-si-al-consulilor-onorifici-ai-austriei-si-luxemburgului-la-sibiu-cu-ocazia-zilei-europei-din-9-mai-2021\/\",\"url\":\"https:\/\/ucor-ucor.ro\/new\/mesaj-comun-al-domnului-consul-hans-e-tischler-si-al-consulilor-onorifici-ai-austriei-si-luxemburgului-la-sibiu-cu-ocazia-zilei-europei-din-9-mai-2021\/\",\"name\":\"Mesaj comun al domnului Consul Hans E. Tischler \u015fi al Consulilor onorifici ai Austriei \u015fi Luxemburgului la Sibiu cu ocazia Zilei Europei din 9 mai 2021 - UCOR\",\"isPartOf\":{\"@id\":\"https:\/\/ucor-ucor.ro\/new\/#website\"},\"datePublished\":\"2021-05-11T15:24:27+00:00\",\"dateModified\":\"2021-05-11T15:24:27+00:00\",\"breadcrumb\":{\"@id\":\"https:\/\/ucor-ucor.ro\/new\/mesaj-comun-al-domnului-consul-hans-e-tischler-si-al-consulilor-onorifici-ai-austriei-si-luxemburgului-la-sibiu-cu-ocazia-zilei-europei-din-9-mai-2021\/#breadcrumb\"},\"inLanguage\":\"en-US\",\"potentialAction\":[{\"@type\":\"ReadAction\",\"target\":[\"https:\/\/ucor-ucor.ro\/new\/mesaj-comun-al-domnului-consul-hans-e-tischler-si-al-consulilor-onorifici-ai-austriei-si-luxemburgului-la-sibiu-cu-ocazia-zilei-europei-din-9-mai-2021\/\"]}]},{\"@type\":\"BreadcrumbList\",\"@id\":\"https:\/\/ucor-ucor.ro\/new\/mesaj-comun-al-domnului-consul-hans-e-tischler-si-al-consulilor-onorifici-ai-austriei-si-luxemburgului-la-sibiu-cu-ocazia-zilei-europei-din-9-mai-2021\/#breadcrumb\",\"itemListElement\":[{\"@type\":\"ListItem\",\"position\":1,\"name\":\"Home\",\"item\":\"https:\/\/ucor-ucor.ro\/new\/\"},{\"@type\":\"ListItem\",\"position\":2,\"name\":\"Mesaj comun al domnului Consul Hans E. Tischler \u015fi al Consulilor onorifici ai Austriei \u015fi Luxemburgului la Sibiu cu ocazia Zilei Europei din 9 mai 2021\"}]},{\"@type\":\"WebSite\",\"@id\":\"https:\/\/ucor-ucor.ro\/new\/#website\",\"url\":\"https:\/\/ucor-ucor.ro\/new\/\",\"name\":\"UCOR\",\"description\":\"\",\"publisher\":{\"@id\":\"https:\/\/ucor-ucor.ro\/new\/#organization\"},\"potentialAction\":[{\"@type\":\"SearchAction\",\"target\":{\"@type\":\"EntryPoint\",\"urlTemplate\":\"https:\/\/ucor-ucor.ro\/new\/?s={search_term_string}\"},\"query-input\":\"required name=search_term_string\"}],\"inLanguage\":\"en-US\"},{\"@type\":\"Organization\",\"@id\":\"https:\/\/ucor-ucor.ro\/new\/#organization\",\"name\":\"UCOR\",\"url\":\"https:\/\/ucor-ucor.ro\/new\/\",\"logo\":{\"@type\":\"ImageObject\",\"inLanguage\":\"en-US\",\"@id\":\"https:\/\/ucor-ucor.ro\/new\/#\/schema\/logo\/image\/\",\"url\":\"http:\/\/ucor-ucor.ro\/new\/wp-content\/uploads\/2020\/06\/cropped-UCOR.png\",\"contentUrl\":\"http:\/\/ucor-ucor.ro\/new\/wp-content\/uploads\/2020\/06\/cropped-UCOR.png\",\"width\":395,\"height\":128,\"caption\":\"UCOR\"},\"image\":{\"@id\":\"https:\/\/ucor-ucor.ro\/new\/#\/schema\/logo\/image\/\"}}]}<\/script>\n<!-- \/ Yoast SEO plugin. -->","yoast_head_json":{"title":"Mesaj comun al domnului Consul Hans E. Tischler \u015fi al Consulilor onorifici ai Austriei \u015fi Luxemburgului la Sibiu cu ocazia Zilei Europei din 9 mai 2021 - UCOR","robots":{"index":"index","follow":"follow","max-snippet":"max-snippet:-1","max-image-preview":"max-image-preview:large","max-video-preview":"max-video-preview:-1"},"canonical":"https:\/\/ucor-ucor.ro\/new\/mesaj-comun-al-domnului-consul-hans-e-tischler-si-al-consulilor-onorifici-ai-austriei-si-luxemburgului-la-sibiu-cu-ocazia-zilei-europei-din-9-mai-2021\/","og_locale":"en_US","og_type":"article","og_title":"Mesaj comun al domnului Consul Hans E. Tischler \u015fi al Consulilor onorifici ai Austriei \u015fi Luxemburgului la Sibiu cu ocazia Zilei Europei din 9 mai 2021 - UCOR","og_description":"Ziua Europei din acest an ne arat\u0103 \u00eenc\u0103 odat\u0103 \u00een mod evident c\u0103 solidaritatea european\u0103 este \u015fi r\u0103m\u00e2ne un element central, chiar salvator de vie\u0163i pentru noi, cet\u0103\u0163enii europeni. Aproape nu a existat perioad\u0103 \u00een istoria Uniunii Europene, \u00een care importan\u0163a acestei structuri s\u0103 ias\u0103 at\u00e2t de clar \u00een eviden\u0163\u0103 ca \u00een ultimele luni. \u00centr-un [&hellip;]","og_url":"https:\/\/ucor-ucor.ro\/new\/mesaj-comun-al-domnului-consul-hans-e-tischler-si-al-consulilor-onorifici-ai-austriei-si-luxemburgului-la-sibiu-cu-ocazia-zilei-europei-din-9-mai-2021\/","og_site_name":"UCOR","twitter_card":"summary_large_image","twitter_misc":{"Est. reading time":"5 minutes"},"schema":{"@context":"https:\/\/schema.org","@graph":[{"@type":"WebPage","@id":"https:\/\/ucor-ucor.ro\/new\/mesaj-comun-al-domnului-consul-hans-e-tischler-si-al-consulilor-onorifici-ai-austriei-si-luxemburgului-la-sibiu-cu-ocazia-zilei-europei-din-9-mai-2021\/","url":"https:\/\/ucor-ucor.ro\/new\/mesaj-comun-al-domnului-consul-hans-e-tischler-si-al-consulilor-onorifici-ai-austriei-si-luxemburgului-la-sibiu-cu-ocazia-zilei-europei-din-9-mai-2021\/","name":"Mesaj comun al domnului Consul Hans E. Tischler \u015fi al Consulilor onorifici ai Austriei \u015fi Luxemburgului la Sibiu cu ocazia Zilei Europei din 9 mai 2021 - UCOR","isPartOf":{"@id":"https:\/\/ucor-ucor.ro\/new\/#website"},"datePublished":"2021-05-11T15:24:27+00:00","dateModified":"2021-05-11T15:24:27+00:00","breadcrumb":{"@id":"https:\/\/ucor-ucor.ro\/new\/mesaj-comun-al-domnului-consul-hans-e-tischler-si-al-consulilor-onorifici-ai-austriei-si-luxemburgului-la-sibiu-cu-ocazia-zilei-europei-din-9-mai-2021\/#breadcrumb"},"inLanguage":"en-US","potentialAction":[{"@type":"ReadAction","target":["https:\/\/ucor-ucor.ro\/new\/mesaj-comun-al-domnului-consul-hans-e-tischler-si-al-consulilor-onorifici-ai-austriei-si-luxemburgului-la-sibiu-cu-ocazia-zilei-europei-din-9-mai-2021\/"]}]},{"@type":"BreadcrumbList","@id":"https:\/\/ucor-ucor.ro\/new\/mesaj-comun-al-domnului-consul-hans-e-tischler-si-al-consulilor-onorifici-ai-austriei-si-luxemburgului-la-sibiu-cu-ocazia-zilei-europei-din-9-mai-2021\/#breadcrumb","itemListElement":[{"@type":"ListItem","position":1,"name":"Home","item":"https:\/\/ucor-ucor.ro\/new\/"},{"@type":"ListItem","position":2,"name":"Mesaj comun al domnului Consul Hans E. Tischler \u015fi al Consulilor onorifici ai Austriei \u015fi Luxemburgului la Sibiu cu ocazia Zilei Europei din 9 mai 2021"}]},{"@type":"WebSite","@id":"https:\/\/ucor-ucor.ro\/new\/#website","url":"https:\/\/ucor-ucor.ro\/new\/","name":"UCOR","description":"","publisher":{"@id":"https:\/\/ucor-ucor.ro\/new\/#organization"},"potentialAction":[{"@type":"SearchAction","target":{"@type":"EntryPoint","urlTemplate":"https:\/\/ucor-ucor.ro\/new\/?s={search_term_string}"},"query-input":"required name=search_term_string"}],"inLanguage":"en-US"},{"@type":"Organization","@id":"https:\/\/ucor-ucor.ro\/new\/#organization","name":"UCOR","url":"https:\/\/ucor-ucor.ro\/new\/","logo":{"@type":"ImageObject","inLanguage":"en-US","@id":"https:\/\/ucor-ucor.ro\/new\/#\/schema\/logo\/image\/","url":"http:\/\/ucor-ucor.ro\/new\/wp-content\/uploads\/2020\/06\/cropped-UCOR.png","contentUrl":"http:\/\/ucor-ucor.ro\/new\/wp-content\/uploads\/2020\/06\/cropped-UCOR.png","width":395,"height":128,"caption":"UCOR"},"image":{"@id":"https:\/\/ucor-ucor.ro\/new\/#\/schema\/logo\/image\/"}}]}},"_links":{"self":[{"href":"http:\/\/ucor-ucor.ro\/new\/wp-json\/wp\/v2\/pages\/425"}],"collection":[{"href":"http:\/\/ucor-ucor.ro\/new\/wp-json\/wp\/v2\/pages"}],"about":[{"href":"http:\/\/ucor-ucor.ro\/new\/wp-json\/wp\/v2\/types\/page"}],"author":[{"embeddable":true,"href":"http:\/\/ucor-ucor.ro\/new\/wp-json\/wp\/v2\/users\/1"}],"replies":[{"embeddable":true,"href":"http:\/\/ucor-ucor.ro\/new\/wp-json\/wp\/v2\/comments?post=425"}],"version-history":[{"count":1,"href":"http:\/\/ucor-ucor.ro\/new\/wp-json\/wp\/v2\/pages\/425\/revisions"}],"predecessor-version":[{"id":427,"href":"http:\/\/ucor-ucor.ro\/new\/wp-json\/wp\/v2\/pages\/425\/revisions\/427"}],"wp:attachment":[{"href":"http:\/\/ucor-ucor.ro\/new\/wp-json\/wp\/v2\/media?parent=425"}],"curies":[{"name":"wp","href":"https:\/\/api.w.org\/{rel}","templated":true}]}}