{"id":41,"date":"2020-08-31T08:41:14","date_gmt":"2020-08-31T08:41:14","guid":{"rendered":"http:\/\/ucor-ucor.ro\/new\/?page_id=41"},"modified":"2020-08-31T08:41:14","modified_gmt":"2020-08-31T08:41:14","slug":"membri-fondatori","status":"publish","type":"page","link":"http:\/\/ucor-ucor.ro\/new\/membri-fondatori\/","title":{"rendered":"MEMBRI FONDATORI"},"content":{"rendered":"\n<figure class=\"wp-block-table is-style-regular\"><table><tbody><tr><td><img decoding=\"async\" src=\"http:\/\/ucor-ucor.ro\/wp-content\/uploads\/2016\/11\/austria-300x200.png\" alt=\"austria\" srcset=\"http:\/\/ucor-ucor.ro\/wp-content\/uploads\/2016\/11\/austria-300x200.png 300w, http:\/\/ucor-ucor.ro\/wp-content\/uploads\/2016\/11\/austria.png 550w\" width=\"50\" height=\"33\"><\/td><td>CO Austria<\/td><td>Andreas Huber<\/td><\/tr><tr><td><img decoding=\"async\" src=\"http:\/\/ucor-ucor.ro\/wp-content\/uploads\/2016\/11\/cehia-300x200.png\" alt=\"cehia\" srcset=\"http:\/\/ucor-ucor.ro\/wp-content\/uploads\/2016\/11\/cehia-300x200.png 300w, http:\/\/ucor-ucor.ro\/wp-content\/uploads\/2016\/11\/cehia.png 550w\" width=\"50\" height=\"32\"><\/td><td>CO Cehia<\/td><td>Stefan Mo\u021bec<\/td><\/tr><tr><td><img decoding=\"async\" src=\"http:\/\/ucor-ucor.ro\/wp-content\/uploads\/2016\/11\/italia-300x201.gif\" alt=\"italia\" width=\"50\" height=\"33\"><\/td><td>CO Italia<\/td><td>Lugojan Silviu-Nicolae<\/td><\/tr><tr><td><img loading=\"lazy\" decoding=\"async\" src=\"http:\/\/ucor-ucor.ro\/wp-content\/uploads\/2016\/11\/letonia-300x150.png\" alt=\"letonia\" width=\"50\" height=\"52\"><\/td><td>CO Letonia<\/td><td>Ioan Donca<\/td><\/tr><tr><td><img loading=\"lazy\" decoding=\"async\" src=\"http:\/\/ucor-ucor.ro\/wp-content\/uploads\/2016\/11\/lituania-300x180.png\" alt=\"lituania\" srcset=\"http:\/\/ucor-ucor.ro\/wp-content\/uploads\/2016\/11\/lituania-300x180.png 300w, http:\/\/ucor-ucor.ro\/wp-content\/uploads\/2016\/11\/lituania.png 550w\" width=\"50\" height=\"31\"><\/td><td>CO Lituania<\/td><td>Ion Antonio Tache<\/td><\/tr><tr><td><img loading=\"lazy\" decoding=\"async\" src=\"http:\/\/ucor-ucor.ro\/wp-content\/uploads\/2016\/11\/luxemburg-300x180.png\" alt=\"luxemburg\" width=\"50\" height=\"33\"><\/td><td>CO Luxemburg<\/td><td>Mihai Ferariu<\/td><\/tr><tr><td><img loading=\"lazy\" decoding=\"async\" src=\"http:\/\/ucor-ucor.ro\/wp-content\/uploads\/2016\/11\/macedonia-300x150.png\" alt=\"macedonia\" width=\"50\" height=\"23\"><\/td><td>CO Macedonia<\/td><td>Aurelian Nicolae Gogulescu<\/td><\/tr><tr><td><img loading=\"lazy\" decoding=\"async\" src=\"http:\/\/ucor-ucor.ro\/wp-content\/uploads\/2016\/11\/malta-1-300x200.png\" alt=\"malta\" srcset=\"http:\/\/ucor-ucor.ro\/wp-content\/uploads\/2016\/11\/malta-1-300x200.png 300w, http:\/\/ucor-ucor.ro\/wp-content\/uploads\/2016\/11\/malta-1.png 550w\" width=\"50\" height=\"33\"><\/td><td>CO Malta<\/td><td>&nbsp;Eugen Lascu<\/td><\/tr><tr><td><img loading=\"lazy\" decoding=\"async\" src=\"http:\/\/ucor-ucor.ro\/wp-content\/uploads\/2016\/11\/malta-1-300x200.png\" alt=\"malta\" srcset=\"http:\/\/ucor-ucor.ro\/wp-content\/uploads\/2016\/11\/malta-1-300x200.png 300w, http:\/\/ucor-ucor.ro\/wp-content\/uploads\/2016\/11\/malta-1.png 550w\" width=\"50\" height=\"33\"><\/td><td>CO Malta<\/td><td>Jonathan Scifo Diamantino<\/td><\/tr><tr><td><img loading=\"lazy\" decoding=\"async\" src=\"http:\/\/ucor-ucor.ro\/wp-content\/uploads\/2016\/11\/monaco-300x240.png\" alt=\"monaco\" srcset=\"http:\/\/ucor-ucor.ro\/wp-content\/uploads\/2016\/11\/monaco-300x240.png 300w, http:\/\/ucor-ucor.ro\/wp-content\/uploads\/2016\/11\/monaco.png 550w\" width=\"51\" height=\"41\"><\/td><td>CO Monaco<\/td><td>Sergio Aurelio Faleschini<\/td><\/tr><tr><td><img loading=\"lazy\" decoding=\"async\" src=\"http:\/\/ucor-ucor.ro\/wp-content\/uploads\/2016\/11\/norvegia-300x218.png\" alt=\"norvegia\" width=\"50\" height=\"28\"><\/td><td>CO Norvegia<\/td><td>Laurentiu Adrian Lazar<\/td><\/tr><tr><td><img loading=\"lazy\" decoding=\"async\" src=\"http:\/\/ucor-ucor.ro\/wp-content\/uploads\/2016\/11\/olanda-300x200.png\" alt=\"olanda\" width=\"50\" height=\"26\"><\/td><td>CO Olanda<\/td><td>Daniel Sorin Coman<\/td><\/tr><tr><td><img loading=\"lazy\" decoding=\"async\" src=\"http:\/\/ucor-ucor.ro\/wp-content\/uploads\/2016\/11\/slovacia-300x200.png\" alt=\"slovacia\" width=\"50\" height=\"38\"><\/td><td>CO Slovacia<\/td><td>Miroslav Iabloncsik<\/td><\/tr><tr><td><img loading=\"lazy\" decoding=\"async\" src=\"http:\/\/ucor-ucor.ro\/wp-content\/uploads\/2016\/11\/turcia-300x200.png\" alt=\"turcia\" width=\"51\" height=\"28\"><\/td><td>CO Turcia<\/td><td>Vasile Andrei Vita<\/td><\/tr><tr><td><img loading=\"lazy\" decoding=\"async\" src=\"http:\/\/ucor-ucor.ro\/wp-content\/uploads\/2016\/11\/turcia-300x200.png\" alt=\"turcia\" width=\"51\" height=\"28\"><\/td><td>CO Turcia<\/td><td>Adrian Butuca<\/td><\/tr><tr><td><img loading=\"lazy\" decoding=\"async\" src=\"http:\/\/ucor-ucor.ro\/wp-content\/uploads\/2016\/11\/ungaria-300x150.png\" alt=\"ungaria\" srcset=\"http:\/\/ucor-ucor.ro\/wp-content\/uploads\/2016\/11\/ungaria-300x150.png 300w, http:\/\/ucor-ucor.ro\/wp-content\/uploads\/2016\/11\/ungaria.png 550w\" width=\"50\" height=\"26\"><\/td><td>CO Ungaria<\/td><td>Molnar ENDRE<\/td><\/tr><tr><td><img loading=\"lazy\" decoding=\"async\" src=\"http:\/\/ucor-ucor.ro\/wp-content\/uploads\/2016\/11\/ungaria-300x150.png\" alt=\"ungaria\" srcset=\"http:\/\/ucor-ucor.ro\/wp-content\/uploads\/2016\/11\/ungaria-300x150.png 300w, http:\/\/ucor-ucor.ro\/wp-content\/uploads\/2016\/11\/ungaria.png 550w\" width=\"50\" height=\"26\"><\/td><td>CO Ungaria<\/td><td>P\u00c9TER L\u00c1SZL\u00d3 TAM\u00c1S<\/td><\/tr><tr><td><img loading=\"lazy\" decoding=\"async\" src=\"http:\/\/ucor-ucor.ro\/wp-content\/uploads\/2016\/11\/Guinea-Bisau-300x150.png\" alt=\"guinea-bisau\" srcset=\"http:\/\/ucor-ucor.ro\/wp-content\/uploads\/2016\/11\/Guinea-Bisau-300x150.png 300w, http:\/\/ucor-ucor.ro\/wp-content\/uploads\/2016\/11\/Guinea-Bisau.png 550w\" width=\"50\" height=\"24\"><\/td><td>CO Guineea Bissau<\/td><td>Roxana Elena Rusu<\/td><\/tr><tr><td><img loading=\"lazy\" decoding=\"async\" src=\"http:\/\/ucor-ucor.ro\/wp-content\/uploads\/2016\/11\/peru-300x200.png\" alt=\"peru\" srcset=\"http:\/\/ucor-ucor.ro\/wp-content\/uploads\/2016\/11\/peru-300x200.png 300w, http:\/\/ucor-ucor.ro\/wp-content\/uploads\/2016\/11\/peru.png 550w\" width=\"50\" height=\"33\"><\/td><td>CO Peru<\/td><td>Rufino Delgado MONTENEGRO<\/td><\/tr><tr><td><img loading=\"lazy\" decoding=\"async\" src=\"http:\/\/ucor-ucor.ro\/wp-content\/uploads\/2016\/11\/yemen-300x200.png\" alt=\"yemen\" srcset=\"http:\/\/ucor-ucor.ro\/wp-content\/uploads\/2016\/11\/yemen-300x200.png 300w, http:\/\/ucor-ucor.ro\/wp-content\/uploads\/2016\/11\/yemen.png 550w\" width=\"50\" height=\"32\"><\/td><td>CO Yemen<\/td><td>Aljaboobi Khaled<\/td><\/tr><tr><td><img decoding=\"async\" src=\"http:\/\/ucor-ucor.ro\/wp-content\/uploads\/2016\/11\/austria-300x200.png\" alt=\"austria\" srcset=\"http:\/\/ucor-ucor.ro\/wp-content\/uploads\/2016\/11\/austria-300x200.png 300w, http:\/\/ucor-ucor.ro\/wp-content\/uploads\/2016\/11\/austria.png 550w\" width=\"50\" height=\"33\"><\/td><td>Consilierul domnului Consul al Romaniei in Austria<\/td><td>Popescu Agripa<\/td><\/tr><\/tbody><\/table><\/figure>\n","protected":false},"excerpt":{"rendered":"<p>CO Austria Andreas Huber CO Cehia Stefan Mo\u021bec CO Italia Lugojan Silviu-Nicolae CO Letonia Ioan Donca CO Lituania Ion Antonio Tache CO Luxemburg Mihai Ferariu CO Macedonia Aurelian Nicolae Gogulescu CO Malta &nbsp;Eugen Lascu CO Malta Jonathan Scifo Diamantino CO Monaco Sergio Aurelio Faleschini CO Norvegia Laurentiu Adrian Lazar CO Olanda Daniel Sorin Coman CO [&hellip;]<\/p>\n","protected":false},"author":1,"featured_media":0,"parent":0,"menu_order":0,"comment_status":"closed","ping_status":"closed","template":"","meta":{"footnotes":""},"yoast_head":"<!-- This site is optimized with the Yoast SEO plugin v22.5 - https:\/\/yoast.com\/wordpress\/plugins\/seo\/ -->\n<title>MEMBRI FONDATORI - UCOR<\/title>\n<meta name=\"robots\" content=\"index, follow, max-snippet:-1, max-image-preview:large, max-video-preview:-1\" \/>\n<link rel=\"canonical\" href=\"http:\/\/ucor-ucor.ro\/new\/membri-fondatori\/\" \/>\n<meta property=\"og:locale\" content=\"en_US\" \/>\n<meta property=\"og:type\" content=\"article\" \/>\n<meta property=\"og:title\" content=\"MEMBRI FONDATORI - UCOR\" \/>\n<meta property=\"og:description\" content=\"CO Austria Andreas Huber CO Cehia Stefan Mo\u021bec CO Italia Lugojan Silviu-Nicolae CO Letonia Ioan Donca CO Lituania Ion Antonio Tache CO Luxemburg Mihai Ferariu CO Macedonia Aurelian Nicolae Gogulescu CO Malta &nbsp;Eugen Lascu CO Malta Jonathan Scifo Diamantino CO Monaco Sergio Aurelio Faleschini CO Norvegia Laurentiu Adrian Lazar CO Olanda Daniel Sorin Coman CO [&hellip;]\" \/>\n<meta property=\"og:url\" content=\"http:\/\/ucor-ucor.ro\/new\/membri-fondatori\/\" \/>\n<meta property=\"og:site_name\" content=\"UCOR\" \/>\n<meta property=\"og:image\" content=\"http:\/\/ucor-ucor.ro\/wp-content\/uploads\/2016\/11\/austria-300x200.png\" \/>\n<meta name=\"twitter:card\" content=\"summary_large_image\" \/>\n<script type=\"application\/ld+json\" class=\"yoast-schema-graph\">{\"@context\":\"https:\/\/schema.org\",\"@graph\":[{\"@type\":\"WebPage\",\"@id\":\"http:\/\/ucor-ucor.ro\/new\/membri-fondatori\/\",\"url\":\"http:\/\/ucor-ucor.ro\/new\/membri-fondatori\/\",\"name\":\"MEMBRI FONDATORI - UCOR\",\"isPartOf\":{\"@id\":\"http:\/\/ucor-ucor.ro\/new\/#website\"},\"primaryImageOfPage\":{\"@id\":\"http:\/\/ucor-ucor.ro\/new\/membri-fondatori\/#primaryimage\"},\"image\":{\"@id\":\"http:\/\/ucor-ucor.ro\/new\/membri-fondatori\/#primaryimage\"},\"thumbnailUrl\":\"http:\/\/ucor-ucor.ro\/wp-content\/uploads\/2016\/11\/austria-300x200.png\",\"datePublished\":\"2020-08-31T08:41:14+00:00\",\"dateModified\":\"2020-08-31T08:41:14+00:00\",\"breadcrumb\":{\"@id\":\"http:\/\/ucor-ucor.ro\/new\/membri-fondatori\/#breadcrumb\"},\"inLanguage\":\"en-US\",\"potentialAction\":[{\"@type\":\"ReadAction\",\"target\":[\"http:\/\/ucor-ucor.ro\/new\/membri-fondatori\/\"]}]},{\"@type\":\"ImageObject\",\"inLanguage\":\"en-US\",\"@id\":\"http:\/\/ucor-ucor.ro\/new\/membri-fondatori\/#primaryimage\",\"url\":\"http:\/\/ucor-ucor.ro\/wp-content\/uploads\/2016\/11\/austria-300x200.png\",\"contentUrl\":\"http:\/\/ucor-ucor.ro\/wp-content\/uploads\/2016\/11\/austria-300x200.png\"},{\"@type\":\"BreadcrumbList\",\"@id\":\"http:\/\/ucor-ucor.ro\/new\/membri-fondatori\/#breadcrumb\",\"itemListElement\":[{\"@type\":\"ListItem\",\"position\":1,\"name\":\"Home\",\"item\":\"http:\/\/ucor-ucor.ro\/new\/\"},{\"@type\":\"ListItem\",\"position\":2,\"name\":\"MEMBRI FONDATORI\"}]},{\"@type\":\"WebSite\",\"@id\":\"http:\/\/ucor-ucor.ro\/new\/#website\",\"url\":\"http:\/\/ucor-ucor.ro\/new\/\",\"name\":\"UCOR\",\"description\":\"\",\"publisher\":{\"@id\":\"http:\/\/ucor-ucor.ro\/new\/#organization\"},\"potentialAction\":[{\"@type\":\"SearchAction\",\"target\":{\"@type\":\"EntryPoint\",\"urlTemplate\":\"http:\/\/ucor-ucor.ro\/new\/?s={search_term_string}\"},\"query-input\":\"required name=search_term_string\"}],\"inLanguage\":\"en-US\"},{\"@type\":\"Organization\",\"@id\":\"http:\/\/ucor-ucor.ro\/new\/#organization\",\"name\":\"UCOR\",\"url\":\"http:\/\/ucor-ucor.ro\/new\/\",\"logo\":{\"@type\":\"ImageObject\",\"inLanguage\":\"en-US\",\"@id\":\"http:\/\/ucor-ucor.ro\/new\/#\/schema\/logo\/image\/\",\"url\":\"http:\/\/ucor-ucor.ro\/new\/wp-content\/uploads\/2020\/06\/cropped-UCOR.png\",\"contentUrl\":\"http:\/\/ucor-ucor.ro\/new\/wp-content\/uploads\/2020\/06\/cropped-UCOR.png\",\"width\":395,\"height\":128,\"caption\":\"UCOR\"},\"image\":{\"@id\":\"http:\/\/ucor-ucor.ro\/new\/#\/schema\/logo\/image\/\"}}]}<\/script>\n<!-- \/ Yoast SEO plugin. -->","yoast_head_json":{"title":"MEMBRI FONDATORI - UCOR","robots":{"index":"index","follow":"follow","max-snippet":"max-snippet:-1","max-image-preview":"max-image-preview:large","max-video-preview":"max-video-preview:-1"},"canonical":"http:\/\/ucor-ucor.ro\/new\/membri-fondatori\/","og_locale":"en_US","og_type":"article","og_title":"MEMBRI FONDATORI - UCOR","og_description":"CO Austria Andreas Huber CO Cehia Stefan Mo\u021bec CO Italia Lugojan Silviu-Nicolae CO Letonia Ioan Donca CO Lituania Ion Antonio Tache CO Luxemburg Mihai Ferariu CO Macedonia Aurelian Nicolae Gogulescu CO Malta &nbsp;Eugen Lascu CO Malta Jonathan Scifo Diamantino CO Monaco Sergio Aurelio Faleschini CO Norvegia Laurentiu Adrian Lazar CO Olanda Daniel Sorin Coman CO [&hellip;]","og_url":"http:\/\/ucor-ucor.ro\/new\/membri-fondatori\/","og_site_name":"UCOR","og_image":[{"url":"http:\/\/ucor-ucor.ro\/wp-content\/uploads\/2016\/11\/austria-300x200.png"}],"twitter_card":"summary_large_image","schema":{"@context":"https:\/\/schema.org","@graph":[{"@type":"WebPage","@id":"http:\/\/ucor-ucor.ro\/new\/membri-fondatori\/","url":"http:\/\/ucor-ucor.ro\/new\/membri-fondatori\/","name":"MEMBRI FONDATORI - UCOR","isPartOf":{"@id":"http:\/\/ucor-ucor.ro\/new\/#website"},"primaryImageOfPage":{"@id":"http:\/\/ucor-ucor.ro\/new\/membri-fondatori\/#primaryimage"},"image":{"@id":"http:\/\/ucor-ucor.ro\/new\/membri-fondatori\/#primaryimage"},"thumbnailUrl":"http:\/\/ucor-ucor.ro\/wp-content\/uploads\/2016\/11\/austria-300x200.png","datePublished":"2020-08-31T08:41:14+00:00","dateModified":"2020-08-31T08:41:14+00:00","breadcrumb":{"@id":"http:\/\/ucor-ucor.ro\/new\/membri-fondatori\/#breadcrumb"},"inLanguage":"en-US","potentialAction":[{"@type":"ReadAction","target":["http:\/\/ucor-ucor.ro\/new\/membri-fondatori\/"]}]},{"@type":"ImageObject","inLanguage":"en-US","@id":"http:\/\/ucor-ucor.ro\/new\/membri-fondatori\/#primaryimage","url":"http:\/\/ucor-ucor.ro\/wp-content\/uploads\/2016\/11\/austria-300x200.png","contentUrl":"http:\/\/ucor-ucor.ro\/wp-content\/uploads\/2016\/11\/austria-300x200.png"},{"@type":"BreadcrumbList","@id":"http:\/\/ucor-ucor.ro\/new\/membri-fondatori\/#breadcrumb","itemListElement":[{"@type":"ListItem","position":1,"name":"Home","item":"http:\/\/ucor-ucor.ro\/new\/"},{"@type":"ListItem","position":2,"name":"MEMBRI FONDATORI"}]},{"@type":"WebSite","@id":"http:\/\/ucor-ucor.ro\/new\/#website","url":"http:\/\/ucor-ucor.ro\/new\/","name":"UCOR","description":"","publisher":{"@id":"http:\/\/ucor-ucor.ro\/new\/#organization"},"potentialAction":[{"@type":"SearchAction","target":{"@type":"EntryPoint","urlTemplate":"http:\/\/ucor-ucor.ro\/new\/?s={search_term_string}"},"query-input":"required name=search_term_string"}],"inLanguage":"en-US"},{"@type":"Organization","@id":"http:\/\/ucor-ucor.ro\/new\/#organization","name":"UCOR","url":"http:\/\/ucor-ucor.ro\/new\/","logo":{"@type":"ImageObject","inLanguage":"en-US","@id":"http:\/\/ucor-ucor.ro\/new\/#\/schema\/logo\/image\/","url":"http:\/\/ucor-ucor.ro\/new\/wp-content\/uploads\/2020\/06\/cropped-UCOR.png","contentUrl":"http:\/\/ucor-ucor.ro\/new\/wp-content\/uploads\/2020\/06\/cropped-UCOR.png","width":395,"height":128,"caption":"UCOR"},"image":{"@id":"http:\/\/ucor-ucor.ro\/new\/#\/schema\/logo\/image\/"}}]}},"_links":{"self":[{"href":"http:\/\/ucor-ucor.ro\/new\/wp-json\/wp\/v2\/pages\/41"}],"collection":[{"href":"http:\/\/ucor-ucor.ro\/new\/wp-json\/wp\/v2\/pages"}],"about":[{"href":"http:\/\/ucor-ucor.ro\/new\/wp-json\/wp\/v2\/types\/page"}],"author":[{"embeddable":true,"href":"http:\/\/ucor-ucor.ro\/new\/wp-json\/wp\/v2\/users\/1"}],"replies":[{"embeddable":true,"href":"http:\/\/ucor-ucor.ro\/new\/wp-json\/wp\/v2\/comments?post=41"}],"version-history":[{"count":1,"href":"http:\/\/ucor-ucor.ro\/new\/wp-json\/wp\/v2\/pages\/41\/revisions"}],"predecessor-version":[{"id":43,"href":"http:\/\/ucor-ucor.ro\/new\/wp-json\/wp\/v2\/pages\/41\/revisions\/43"}],"wp:attachment":[{"href":"http:\/\/ucor-ucor.ro\/new\/wp-json\/wp\/v2\/media?parent=41"}],"curies":[{"name":"wp","href":"https:\/\/api.w.org\/{rel}","templated":true}]}}