{"id":145,"date":"2020-09-09T06:22:09","date_gmt":"2020-09-09T06:22:09","guid":{"rendered":"http:\/\/ucor-ucor.ro\/new\/?page_id=145"},"modified":"2024-02-01T08:09:46","modified_gmt":"2024-02-01T08:09:46","slug":"laurentiu-adrian-lazar","status":"publish","type":"page","link":"http:\/\/ucor-ucor.ro\/new\/laurentiu-adrian-lazar\/","title":{"rendered":"Laurentiu-Adrian Lazar"},"content":{"rendered":"\n<h4 class=\"has-text-align-center wp-block-heading\"><strong>Consul Onorific al Norvegiei<br><\/strong><\/h4>\n\n\n\n<figure class=\"wp-block-table is-style-regular\"><table class=\"has-fixed-layout\"><tbody><tr><td><img fetchpriority=\"high\" decoding=\"async\" src=\"https:\/\/ucor-ucor.ro\/wp-content\/uploads\/2017\/03\/lazar-233x300.jpg\" alt=\"\" srcset=\"https:\/\/ucor-ucor.ro\/wp-content\/uploads\/2017\/03\/lazar-233x300.jpg 233w, https:\/\/ucor-ucor.ro\/wp-content\/uploads\/2017\/03\/lazar.jpg 350w\" width=\"233\" height=\"300\"><\/td><td><\/td><td><img decoding=\"async\" src=\"httsp:\/\/ucor-ucor.ro\/wp-content\/uploads\/2016\/11\/norvegia-300x218.png\" alt=\"\" srcset=\"https:\/\/ucor-ucor.ro\/wp-content\/uploads\/2016\/11\/norvegia-300x218.png 300w, https:\/\/ucor-ucor.ro\/wp-content\/uploads\/2016\/11\/norvegia.png 550w\" width=\"300\" height=\"218\"><\/td><\/tr><\/tbody><\/table><\/figure>\n\n\n\n<figure class=\"wp-block-table is-style-regular\"><table><tbody><tr><td><strong>Despre:<\/strong><\/td><\/tr><\/tbody><\/table><\/figure>\n\n\n\n<p>Consul Onorific al Norvegiei, functie detinuta incepand cu anul 2003.<\/p>\n\n\n\n<p>Decoratia Ordinului de Merit in rang de Ofiter in 2013 cu ocazia implinirii a 10 ani de activitate consulara in Constanta.<\/p>\n\n\n\n<p>MS Regele Harald al Norvegiei, prin intermediul Ambasadorului s\u0103u \u00een Rom\u00e2nia, E. S. \u00d8ystein Hovdkinn, \u00eei va \u00eenm\u00e2na dlui. Lauren\u021biu A. Laz\u0103r Decora\u021bia Ordinului de Merit \u00een grad de Ofi\u021ber.<br><img decoding=\"async\" src=\"http:\/\/ucor-ucor.ro\/wp-content\/uploads\/2017\/03\/decorare-consul-300x201.jpg\" alt=\"\" srcset=\"http:\/\/ucor-ucor.ro\/wp-content\/uploads\/2017\/03\/decorare-consul-300x201.jpg 300w, http:\/\/ucor-ucor.ro\/wp-content\/uploads\/2017\/03\/decorare-consul-768x514.jpg 768w, http:\/\/ucor-ucor.ro\/wp-content\/uploads\/2017\/03\/decorare-consul-1024x685.jpg 1024w\" width=\"300\" height=\"201\"><\/p>\n\n\n\n<figure class=\"wp-block-table is-style-regular\"><table><tbody><tr><td><strong>Contact:<\/strong><\/td><\/tr><\/tbody><\/table><\/figure>\n\n\n\n<p><strong>Consulatul Norvegiei la Constanta<br>251-253 Mamaia Blvd, 3<sup>rd<\/sup> Floor, 900559, Constanta, Romania<br><\/strong><\/p>\n\n\n\n<p>Tel : +40 241 673737<br>Dir : +40 341&nbsp;407081<br>Fax +40 241 673535<br>Mob +40 744 357311<br>E-mail : <a href=\"mailto:laurentiu.a.lazar@barklav.ro\">laurentiu.a.lazar@barklav.ro<\/a><\/p>\n\n\n\n<figure class=\"wp-block-table is-style-regular\"><table><tbody><tr><td><strong>Site-uri conexe activitatii consulare :<\/strong><\/td><\/tr><\/tbody><\/table><\/figure>\n\n\n\n<p>Ambasada Norvegiei: <a href=\"http:\/\/www.norvegia.ro\" target=\"_blank\" rel=\"noreferrer noopener\"><strong>www.norvegia.ro<\/strong><\/a><\/p>\n\n\n\n<figure class=\"wp-block-table is-style-regular\"><table><tbody><tr><td><strong>Site-uri conexe activitatii profesionale :<\/strong><\/td><\/tr><\/tbody><\/table><\/figure>\n\n\n\n<p>Barklav: <a href=\"http:\/\/www.barklav.ro\" target=\"_blank\" rel=\"noreferrer noopener\"><strong>www.barklav.ro<\/strong><\/a><\/p>\n","protected":false},"excerpt":{"rendered":"<p>Consul Onorific al Norvegiei Despre: Consul Onorific al Norvegiei, functie detinuta incepand cu anul 2003. Decoratia Ordinului de Merit in rang de Ofiter in 2013 cu ocazia implinirii a 10 ani de activitate consulara in Constanta. MS Regele Harald al Norvegiei, prin intermediul Ambasadorului s\u0103u \u00een Rom\u00e2nia, E. S. \u00d8ystein Hovdkinn, \u00eei va \u00eenm\u00e2na dlui. [&hellip;]<\/p>\n","protected":false},"author":1,"featured_media":0,"parent":0,"menu_order":0,"comment_status":"closed","ping_status":"closed","template":"templates\/template-full-width.php","meta":{"footnotes":""},"yoast_head":"<!-- This site is optimized with the Yoast SEO plugin v22.5 - https:\/\/yoast.com\/wordpress\/plugins\/seo\/ -->\n<title>Laurentiu-Adrian Lazar - UCOR<\/title>\n<meta name=\"robots\" content=\"index, follow, max-snippet:-1, max-image-preview:large, max-video-preview:-1\" \/>\n<link rel=\"canonical\" href=\"http:\/\/ucor-ucor.ro\/new\/laurentiu-adrian-lazar\/\" \/>\n<meta property=\"og:locale\" content=\"en_US\" \/>\n<meta property=\"og:type\" content=\"article\" \/>\n<meta property=\"og:title\" content=\"Laurentiu-Adrian Lazar - UCOR\" \/>\n<meta property=\"og:description\" content=\"Consul Onorific al Norvegiei Despre: Consul Onorific al Norvegiei, functie detinuta incepand cu anul 2003. Decoratia Ordinului de Merit in rang de Ofiter in 2013 cu ocazia implinirii a 10 ani de activitate consulara in Constanta. MS Regele Harald al Norvegiei, prin intermediul Ambasadorului s\u0103u \u00een Rom\u00e2nia, E. S. \u00d8ystein Hovdkinn, \u00eei va \u00eenm\u00e2na dlui. [&hellip;]\" \/>\n<meta property=\"og:url\" content=\"http:\/\/ucor-ucor.ro\/new\/laurentiu-adrian-lazar\/\" \/>\n<meta property=\"og:site_name\" content=\"UCOR\" \/>\n<meta property=\"article:modified_time\" content=\"2024-02-01T08:09:46+00:00\" \/>\n<meta property=\"og:image\" content=\"https:\/\/ucor-ucor.ro\/wp-content\/uploads\/2017\/03\/lazar-233x300.jpg\" \/>\n<meta name=\"twitter:card\" content=\"summary_large_image\" \/>\n<meta name=\"twitter:label1\" content=\"Est. reading time\" \/>\n\t<meta name=\"twitter:data1\" content=\"2 minutes\" \/>\n<script type=\"application\/ld+json\" class=\"yoast-schema-graph\">{\"@context\":\"https:\/\/schema.org\",\"@graph\":[{\"@type\":\"WebPage\",\"@id\":\"http:\/\/ucor-ucor.ro\/new\/laurentiu-adrian-lazar\/\",\"url\":\"http:\/\/ucor-ucor.ro\/new\/laurentiu-adrian-lazar\/\",\"name\":\"Laurentiu-Adrian Lazar - UCOR\",\"isPartOf\":{\"@id\":\"https:\/\/ucor-ucor.ro\/new\/#website\"},\"primaryImageOfPage\":{\"@id\":\"http:\/\/ucor-ucor.ro\/new\/laurentiu-adrian-lazar\/#primaryimage\"},\"image\":{\"@id\":\"http:\/\/ucor-ucor.ro\/new\/laurentiu-adrian-lazar\/#primaryimage\"},\"thumbnailUrl\":\"https:\/\/ucor-ucor.ro\/wp-content\/uploads\/2017\/03\/lazar-233x300.jpg\",\"datePublished\":\"2020-09-09T06:22:09+00:00\",\"dateModified\":\"2024-02-01T08:09:46+00:00\",\"breadcrumb\":{\"@id\":\"http:\/\/ucor-ucor.ro\/new\/laurentiu-adrian-lazar\/#breadcrumb\"},\"inLanguage\":\"en-US\",\"potentialAction\":[{\"@type\":\"ReadAction\",\"target\":[\"http:\/\/ucor-ucor.ro\/new\/laurentiu-adrian-lazar\/\"]}]},{\"@type\":\"ImageObject\",\"inLanguage\":\"en-US\",\"@id\":\"http:\/\/ucor-ucor.ro\/new\/laurentiu-adrian-lazar\/#primaryimage\",\"url\":\"https:\/\/ucor-ucor.ro\/wp-content\/uploads\/2017\/03\/lazar-233x300.jpg\",\"contentUrl\":\"https:\/\/ucor-ucor.ro\/wp-content\/uploads\/2017\/03\/lazar-233x300.jpg\"},{\"@type\":\"BreadcrumbList\",\"@id\":\"http:\/\/ucor-ucor.ro\/new\/laurentiu-adrian-lazar\/#breadcrumb\",\"itemListElement\":[{\"@type\":\"ListItem\",\"position\":1,\"name\":\"Home\",\"item\":\"https:\/\/ucor-ucor.ro\/new\/\"},{\"@type\":\"ListItem\",\"position\":2,\"name\":\"Laurentiu-Adrian Lazar\"}]},{\"@type\":\"WebSite\",\"@id\":\"https:\/\/ucor-ucor.ro\/new\/#website\",\"url\":\"https:\/\/ucor-ucor.ro\/new\/\",\"name\":\"UCOR\",\"description\":\"\",\"publisher\":{\"@id\":\"https:\/\/ucor-ucor.ro\/new\/#organization\"},\"potentialAction\":[{\"@type\":\"SearchAction\",\"target\":{\"@type\":\"EntryPoint\",\"urlTemplate\":\"https:\/\/ucor-ucor.ro\/new\/?s={search_term_string}\"},\"query-input\":\"required name=search_term_string\"}],\"inLanguage\":\"en-US\"},{\"@type\":\"Organization\",\"@id\":\"https:\/\/ucor-ucor.ro\/new\/#organization\",\"name\":\"UCOR\",\"url\":\"https:\/\/ucor-ucor.ro\/new\/\",\"logo\":{\"@type\":\"ImageObject\",\"inLanguage\":\"en-US\",\"@id\":\"https:\/\/ucor-ucor.ro\/new\/#\/schema\/logo\/image\/\",\"url\":\"http:\/\/ucor-ucor.ro\/new\/wp-content\/uploads\/2020\/06\/cropped-UCOR.png\",\"contentUrl\":\"http:\/\/ucor-ucor.ro\/new\/wp-content\/uploads\/2020\/06\/cropped-UCOR.png\",\"width\":395,\"height\":128,\"caption\":\"UCOR\"},\"image\":{\"@id\":\"https:\/\/ucor-ucor.ro\/new\/#\/schema\/logo\/image\/\"}}]}<\/script>\n<!-- \/ Yoast SEO plugin. -->","yoast_head_json":{"title":"Laurentiu-Adrian Lazar - UCOR","robots":{"index":"index","follow":"follow","max-snippet":"max-snippet:-1","max-image-preview":"max-image-preview:large","max-video-preview":"max-video-preview:-1"},"canonical":"http:\/\/ucor-ucor.ro\/new\/laurentiu-adrian-lazar\/","og_locale":"en_US","og_type":"article","og_title":"Laurentiu-Adrian Lazar - UCOR","og_description":"Consul Onorific al Norvegiei Despre: Consul Onorific al Norvegiei, functie detinuta incepand cu anul 2003. Decoratia Ordinului de Merit in rang de Ofiter in 2013 cu ocazia implinirii a 10 ani de activitate consulara in Constanta. MS Regele Harald al Norvegiei, prin intermediul Ambasadorului s\u0103u \u00een Rom\u00e2nia, E. S. \u00d8ystein Hovdkinn, \u00eei va \u00eenm\u00e2na dlui. [&hellip;]","og_url":"http:\/\/ucor-ucor.ro\/new\/laurentiu-adrian-lazar\/","og_site_name":"UCOR","article_modified_time":"2024-02-01T08:09:46+00:00","og_image":[{"url":"https:\/\/ucor-ucor.ro\/wp-content\/uploads\/2017\/03\/lazar-233x300.jpg"}],"twitter_card":"summary_large_image","twitter_misc":{"Est. reading time":"2 minutes"},"schema":{"@context":"https:\/\/schema.org","@graph":[{"@type":"WebPage","@id":"http:\/\/ucor-ucor.ro\/new\/laurentiu-adrian-lazar\/","url":"http:\/\/ucor-ucor.ro\/new\/laurentiu-adrian-lazar\/","name":"Laurentiu-Adrian Lazar - UCOR","isPartOf":{"@id":"https:\/\/ucor-ucor.ro\/new\/#website"},"primaryImageOfPage":{"@id":"http:\/\/ucor-ucor.ro\/new\/laurentiu-adrian-lazar\/#primaryimage"},"image":{"@id":"http:\/\/ucor-ucor.ro\/new\/laurentiu-adrian-lazar\/#primaryimage"},"thumbnailUrl":"https:\/\/ucor-ucor.ro\/wp-content\/uploads\/2017\/03\/lazar-233x300.jpg","datePublished":"2020-09-09T06:22:09+00:00","dateModified":"2024-02-01T08:09:46+00:00","breadcrumb":{"@id":"http:\/\/ucor-ucor.ro\/new\/laurentiu-adrian-lazar\/#breadcrumb"},"inLanguage":"en-US","potentialAction":[{"@type":"ReadAction","target":["http:\/\/ucor-ucor.ro\/new\/laurentiu-adrian-lazar\/"]}]},{"@type":"ImageObject","inLanguage":"en-US","@id":"http:\/\/ucor-ucor.ro\/new\/laurentiu-adrian-lazar\/#primaryimage","url":"https:\/\/ucor-ucor.ro\/wp-content\/uploads\/2017\/03\/lazar-233x300.jpg","contentUrl":"https:\/\/ucor-ucor.ro\/wp-content\/uploads\/2017\/03\/lazar-233x300.jpg"},{"@type":"BreadcrumbList","@id":"http:\/\/ucor-ucor.ro\/new\/laurentiu-adrian-lazar\/#breadcrumb","itemListElement":[{"@type":"ListItem","position":1,"name":"Home","item":"https:\/\/ucor-ucor.ro\/new\/"},{"@type":"ListItem","position":2,"name":"Laurentiu-Adrian Lazar"}]},{"@type":"WebSite","@id":"https:\/\/ucor-ucor.ro\/new\/#website","url":"https:\/\/ucor-ucor.ro\/new\/","name":"UCOR","description":"","publisher":{"@id":"https:\/\/ucor-ucor.ro\/new\/#organization"},"potentialAction":[{"@type":"SearchAction","target":{"@type":"EntryPoint","urlTemplate":"https:\/\/ucor-ucor.ro\/new\/?s={search_term_string}"},"query-input":"required name=search_term_string"}],"inLanguage":"en-US"},{"@type":"Organization","@id":"https:\/\/ucor-ucor.ro\/new\/#organization","name":"UCOR","url":"https:\/\/ucor-ucor.ro\/new\/","logo":{"@type":"ImageObject","inLanguage":"en-US","@id":"https:\/\/ucor-ucor.ro\/new\/#\/schema\/logo\/image\/","url":"http:\/\/ucor-ucor.ro\/new\/wp-content\/uploads\/2020\/06\/cropped-UCOR.png","contentUrl":"http:\/\/ucor-ucor.ro\/new\/wp-content\/uploads\/2020\/06\/cropped-UCOR.png","width":395,"height":128,"caption":"UCOR"},"image":{"@id":"https:\/\/ucor-ucor.ro\/new\/#\/schema\/logo\/image\/"}}]}},"_links":{"self":[{"href":"http:\/\/ucor-ucor.ro\/new\/wp-json\/wp\/v2\/pages\/145"}],"collection":[{"href":"http:\/\/ucor-ucor.ro\/new\/wp-json\/wp\/v2\/pages"}],"about":[{"href":"http:\/\/ucor-ucor.ro\/new\/wp-json\/wp\/v2\/types\/page"}],"author":[{"embeddable":true,"href":"http:\/\/ucor-ucor.ro\/new\/wp-json\/wp\/v2\/users\/1"}],"replies":[{"embeddable":true,"href":"http:\/\/ucor-ucor.ro\/new\/wp-json\/wp\/v2\/comments?post=145"}],"version-history":[{"count":2,"href":"http:\/\/ucor-ucor.ro\/new\/wp-json\/wp\/v2\/pages\/145\/revisions"}],"predecessor-version":[{"id":1238,"href":"http:\/\/ucor-ucor.ro\/new\/wp-json\/wp\/v2\/pages\/145\/revisions\/1238"}],"wp:attachment":[{"href":"http:\/\/ucor-ucor.ro\/new\/wp-json\/wp\/v2\/media?parent=145"}],"curies":[{"name":"wp","href":"https:\/\/api.w.org\/{rel}","templated":true}]}}