{"id":1280,"date":"2024-04-23T05:43:33","date_gmt":"2024-04-23T05:43:33","guid":{"rendered":"http:\/\/ucor-ucor.ro\/new\/?page_id=1280"},"modified":"2024-04-23T05:57:21","modified_gmt":"2024-04-23T05:57:21","slug":"adunarea-generalaa-membrilor-uniunii-consulilor-onorifici-din-romania-la-bucuresti","status":"publish","type":"page","link":"http:\/\/ucor-ucor.ro\/new\/adunarea-generalaa-membrilor-uniunii-consulilor-onorifici-din-romania-la-bucuresti\/","title":{"rendered":"Adunarea General\u0103a membrilor Uniunii Consulilor Onorifici din Rom\u00e2nia la Bucure\u0219ti"},"content":{"rendered":"\n<p>Uniunea Consulilor Onorifici din Rom\u00e2nia (UCOR) a organizat pe 9 aprilie 2024 Adunarea General\u0103 a membrilor UCOR, la sediul Consulatului Islandei \u00een Rom\u00e2nia. Adunarea General\u0103 este unul dintre cele mai importante evenimente anuale din agenda asocia\u021biei.<br><br>\u00cen conformitate cu ordinea de zi, au fost prezentate:<br>&#8211; Raportul de activitate pentru anul 2023 &#8211; prezentat de c\u0103tre Pre\u015fedintele UCOR &#8211; domnul Consul Onorific Andreas Huber,<br>&#8211; Raportul financiar \u0219i<br>&#8211; Raportul cenzorului.<br><br>Dintre activit\u0103\u021bile desf\u0103\u0219urate \u00een 2023, a fost eviden\u0163iat\u0103 evolu\u021bia pozitiv\u0103 a UCOR pe plan diplomatic, at\u00e2t intern c\u00e2t \u0219i interna\u021bional, fiind amintit\u0103 \u0219i semnarea Actului adi\u021bional la Protocolul de colaborare \u00eentre Ministerul Afacerilor Externe al Rom\u00e2niei \u0219i UCOR, \u00een contextul multiplelor schimb\u0103ri survenite \u00een mediul diplomatic, geo-politic, economic, cultural si social (21 noiembrie 2023).<\/p>\n\n\n\n<p>\u00cen cadrul dezbaterilor ce au urmat, Pre\u015fedintele UCOR a prezentat strategia adoptat\u0103 de Uniune pentru \u00eendeplinirea obiectivelor sale statutare, cu accent pe:<br>&#8211; consolidarea pozi\u0163iei membrilor Uniunii \u00een lumea diplomatic\u0103,<br>&#8211; continuarea colabor\u0103rii active cu Ministerul Afacerilor Externe \u015fi alte institu\u0163ii ale statului rom\u00e2n,<br>&#8211; continuarea dezvolt\u0103rii rela\u0163iilor, pe multiple planuri, dintre \u0163\u0103rile pe care membrii UCOR le reprezint\u0103 \u015fi Rom\u00e2nia, ac\u021bion\u00e2nd ca ni\u0219te pun\u021bi de leg\u0103tur\u0103, \u00een domeniile economic, cultural, social \u0219i educa\u021bional.<br>\u00cen acest context, a fost adoptat\u0103 agenda de activit\u0103\u0163i pentru anul 2024.<br>\u00cen cadrul aceleia\u0219i sedin\u021be, s-au desf\u0103\u0219urat \u0219i alegerile pentru membrii noului Consiliu Director al Uniunii. Astfel, pentru urm\u0103torii trei ani, Consiliul Director al UCOR este alc\u0103tuit din:<\/p>\n\n\n\n<ol>\n<li>Pre\u0219edinte \u2013 Dl. Andreas Huber, Consul Onorific al Republicii Austria la Sibiu<\/li>\n\n\n\n<li>Prim -vicepre\u0219edinte\u2013 Dl. Amb. Ioan Donca, Consul Onorific al Republicii Letonia la Bucure\u0219ti<\/li>\n\n\n\n<li>Vicepre\u0219edinte \u2013 Dna. Georgiana Pogonaru, Consul Onorific al Islandei \u00een Rom\u00e2nia<\/li>\n\n\n\n<li>Secretar general\u2013 Dna. Elena Bustea, Consul Onorific al Republicii Ecuador la Bucure\u0219ti<\/li>\n\n\n\n<li>Trezorier \u2013 Dl. Eugen Lascu, Consul Onorific al Republicii Malta la Bucure\u0219ti<\/li>\n\n\n\n<li>Membru \u2013 Dl. Endre Molnar, Consul Onorific al Ungariei la Drobeta Turnu Severin<\/li>\n\n\n\n<li>Membru (nou ales) \u2013 Dl. Mihai Ferariu, Consul Onorific al Marelui Ducat de Luxemburg la Bucure\u0219ti<\/li>\n\n\n\n<li>Membru (nou ales)\u2013 Dl. Dumitru Mihalescul, Consul Onorific al Republicii Coreea de Sud la R\u0103d\u0103u\u021bi<\/li>\n\n\n\n<li>Membru (nou ales) \u2013 Dl. Marius Mihail Puiu, Consul Onorific al Republicii Austria la Constan\u021ba<br>Au fost remarcate eforturile membrilor UCOR pentru cre\u0219terea recunoa\u0219terii \u0219i prestigiului Uniunii, care a fost posibil\u0103 gra\u021bie implic\u0103rii \u00een ac\u021biunile desf\u0103\u0219urate, a prezen\u021bei active pe planurile diplomatic, economic, cultural \u0219i social.<br>\u00cen \u00eencheire, au fost adresate mul\u021bumiri tuturor membrilor pentru sus\u021binere \u0219i bun\u0103 colaborare!<\/li>\n<\/ol>\n\n\n\n<figure class=\"wp-block-image size-large\"><img fetchpriority=\"high\" decoding=\"async\" width=\"1024\" height=\"768\" src=\"http:\/\/ucor-ucor.ro\/new\/wp-content\/uploads\/2024\/04\/Foto1-1-1024x768.jpeg\" alt=\"\" class=\"wp-image-1285\" srcset=\"http:\/\/ucor-ucor.ro\/new\/wp-content\/uploads\/2024\/04\/Foto1-1-1024x768.jpeg 1024w, http:\/\/ucor-ucor.ro\/new\/wp-content\/uploads\/2024\/04\/Foto1-1-300x225.jpeg 300w, http:\/\/ucor-ucor.ro\/new\/wp-content\/uploads\/2024\/04\/Foto1-1-768x576.jpeg 768w, http:\/\/ucor-ucor.ro\/new\/wp-content\/uploads\/2024\/04\/Foto1-1-1536x1152.jpeg 1536w, http:\/\/ucor-ucor.ro\/new\/wp-content\/uploads\/2024\/04\/Foto1-1-1200x900.jpeg 1200w, http:\/\/ucor-ucor.ro\/new\/wp-content\/uploads\/2024\/04\/Foto1-1-1980x1485.jpeg 1980w, http:\/\/ucor-ucor.ro\/new\/wp-content\/uploads\/2024\/04\/Foto1-1.jpeg 2048w\" sizes=\"(max-width: 1024px) 100vw, 1024px\" \/><figcaption class=\"wp-element-caption\">Foto nr. 1 (Photo credit @UCOR): Membrii UCOR prezen\u021bi la Adunarea General\u0103<br>Pe r\u00e2ndul de sus, de la st\u00e2nga la dreapta: Dna. Georgiana Pogonaru &#8211; Vicepre\u0219edinte UCOR &#8211; Consul Onorific al Islandei \u00een Rom\u00e2nia; Dna. Corina Martin &#8211; Consul Onorific al Republicii Kazahstan la Constan\u021ba; Dl. Agripa Popescu &#8211; Consilierul Consulului Romaniei la Klagenfurt; Dl. Mihai Ferariu &#8211; membru \u00een Consiliul Director UCOR &#8211; Consul Onorific al Marelui Ducat de Luxemburg la Bucure\u0219ti.<br>Pe r\u00e2ndul de jos, de la st\u00e2nga la dreapta: Dl. \u0218tefan Mo\u021bec &#8211; Consul Onorific al Cehiei la Timi\u0219oara, Dl. Emil S\u00eerbu \u2013 Consul Onorific al Indoneziei la Constan\u021ba, Dl. Amb. Ioan Donca &#8211; Prim-vicepre\u0219edinte UCOR &#8211; Consul Onorific al Letoniei la Bucure\u0219ti, Dl. Andreas Huber &#8211; Presedinte UCOR &#8211; Consul Onorific al Austriei la Sibiu, Dna. Av. Dr. Elena Bustea &#8211; Secretar General al UCOR &#8211; Consul Onorific al Republicii Ecuador la Bucure\u0219ti, Dl. Marius-Mihail Puiu &#8211; membru \u00een Consiliul Director UCOR &#8211; Consul Onorific al Austriei la Constan\u021ba, Dl. Dumitru Mihalescul &#8211; membru \u00een Consiliul Director UCOR &#8211; Consul Onorific al Republicii Coreea de Sud la R\u0103d\u0103uti \u0219i Dl. Endre Molnar &#8211; membru \u00een Consiliul Director UCOR , Consul Onorific al Ungariei la Drobeta Turnu Severin.<\/figcaption><\/figure>\n\n\n<div class=\"wp-block-image\">\n<figure class=\"aligncenter size-large\"><img decoding=\"async\" width=\"1024\" height=\"768\" src=\"http:\/\/ucor-ucor.ro\/new\/wp-content\/uploads\/2024\/04\/Foto-2-1024x768.jpg\" alt=\"\" class=\"wp-image-1282\" srcset=\"http:\/\/ucor-ucor.ro\/new\/wp-content\/uploads\/2024\/04\/Foto-2-1024x768.jpg 1024w, http:\/\/ucor-ucor.ro\/new\/wp-content\/uploads\/2024\/04\/Foto-2-300x225.jpg 300w, http:\/\/ucor-ucor.ro\/new\/wp-content\/uploads\/2024\/04\/Foto-2-768x576.jpg 768w, http:\/\/ucor-ucor.ro\/new\/wp-content\/uploads\/2024\/04\/Foto-2-1536x1152.jpg 1536w, http:\/\/ucor-ucor.ro\/new\/wp-content\/uploads\/2024\/04\/Foto-2-2048x1536.jpg 2048w, http:\/\/ucor-ucor.ro\/new\/wp-content\/uploads\/2024\/04\/Foto-2-1200x900.jpg 1200w, http:\/\/ucor-ucor.ro\/new\/wp-content\/uploads\/2024\/04\/Foto-2-1980x1485.jpg 1980w\" sizes=\"(max-width: 1024px) 100vw, 1024px\" \/><figcaption class=\"wp-element-caption\">Foto nr. 2 (Photo credit @UCOR): Membrii UCOR prezen\u021bi la Adunarea General\u0103<\/figcaption><\/figure><\/div>\n\n\n<figure class=\"wp-block-embed is-type-wp-embed is-provider-curierul-national wp-block-embed-curierul-national\"><div class=\"wp-block-embed__wrapper\">\n<blockquote class=\"wp-embedded-content\" data-secret=\"v7YSKRrxXo\"><a href=\"https:\/\/curierulnational.ro\/adunarea-generala-a-uniunii-consulilor-onorifici-din-romania-unul-dintre-cele-mai-importante-evenimente-din-agenda-asociatiei\/\">Adunarea General\u0103 a Uniunii Consulilor Onorifici din Rom\u00e2nia, unul dintre cele mai importante evenimente din agenda asocia\u021biei<\/a><\/blockquote><iframe class=\"wp-embedded-content\" sandbox=\"allow-scripts\" security=\"restricted\" style=\"position: absolute; clip: rect(1px, 1px, 1px, 1px);\" title=\"&#8222;Adunarea General\u0103 a Uniunii Consulilor Onorifici din Rom\u00e2nia, unul dintre cele mai importante evenimente din agenda asocia\u021biei&#8221; &#8212; Curierul National\" src=\"https:\/\/curierulnational.ro\/adunarea-generala-a-uniunii-consulilor-onorifici-din-romania-unul-dintre-cele-mai-importante-evenimente-din-agenda-asociatiei\/embed\/#?secret=8LdRuDJIgL#?secret=v7YSKRrxXo\" data-secret=\"v7YSKRrxXo\" width=\"580\" height=\"327\" frameborder=\"0\" marginwidth=\"0\" marginheight=\"0\" scrolling=\"no\"><\/iframe>\n<\/div><\/figure>\n\n\n\n<p><a href=\"https:\/\/www.ziarelive.ro\/stiri\/adunarea-generala-a-uniunii-consulilor-onorifici-din-romania-unul-dintre-cele-mai-importante-evenimente-din-agenda-asociatiei.html\">https:\/\/www.ziarelive.ro\/stiri\/adunarea-generala-a-uniunii-consulilor-onorifici-din-romania-unul-dintre-cele-mai-importante-evenimente-din-agenda-asociatiei.html<\/a><\/p>\n\n\n\n<p><a href=\"https:\/\/www.svnews.ro\/dumitru-mihalescul-consulul-onorific-al-coreei-de-sud-la-radauti-ales-in-consiliul-director-al-uniunii-consulilor-onorifici-din-romania\/380096\">https:\/\/www.svnews.ro\/dumitru-mihalescul-consulul-onorific-al-coreei-de-sud-la-radauti-ales-in-consiliul-director-al-uniunii-consulilor-onorifici-din-romania\/380096<\/a><\/p>\n\n\n\n<div data-wp-interactive=\"core\/file\" class=\"wp-block-file\"><object data-wp-bind--hidden=\"!state.hasPdfPreview\"  class=\"wp-block-file__embed\" data=\"http:\/\/ucor-ucor.ro\/new\/wp-content\/uploads\/2024\/04\/2861-6.pdf\" type=\"application\/pdf\" style=\"width:100%;height:600px\" aria-label=\"Embed of Hermannst\u00e4dter Zeitung.\"><\/object><a id=\"wp-block-file--media-87c5705f-6c36-4475-9e10-44a67edad8e5\" href=\"http:\/\/ucor-ucor.ro\/new\/wp-content\/uploads\/2024\/04\/2861-6.pdf\">Hermannst\u00e4dter Zeitung<\/a><a href=\"http:\/\/ucor-ucor.ro\/new\/wp-content\/uploads\/2024\/04\/2861-6.pdf\" class=\"wp-block-file__button wp-element-button\" download aria-describedby=\"wp-block-file--media-87c5705f-6c36-4475-9e10-44a67edad8e5\">Download<\/a><\/div>\n","protected":false},"excerpt":{"rendered":"<p>Uniunea Consulilor Onorifici din Rom\u00e2nia (UCOR) a organizat pe 9 aprilie 2024 Adunarea General\u0103 a membrilor UCOR, la sediul Consulatului Islandei \u00een Rom\u00e2nia. Adunarea General\u0103 este unul dintre cele mai importante evenimente anuale din agenda asocia\u021biei. \u00cen conformitate cu ordinea de zi, au fost prezentate:&#8211; Raportul de activitate pentru anul 2023 &#8211; prezentat de c\u0103tre [&hellip;]<\/p>\n","protected":false},"author":1,"featured_media":0,"parent":0,"menu_order":0,"comment_status":"closed","ping_status":"closed","template":"templates\/template-full-width.php","meta":{"footnotes":""},"yoast_head":"<!-- This site is optimized with the Yoast SEO plugin v22.5 - https:\/\/yoast.com\/wordpress\/plugins\/seo\/ -->\n<title>Adunarea General\u0103a membrilor Uniunii Consulilor Onorifici din Rom\u00e2nia la Bucure\u0219ti - UCOR<\/title>\n<meta name=\"robots\" content=\"index, follow, max-snippet:-1, max-image-preview:large, max-video-preview:-1\" \/>\n<link rel=\"canonical\" href=\"http:\/\/ucor-ucor.ro\/new\/adunarea-generalaa-membrilor-uniunii-consulilor-onorifici-din-romania-la-bucuresti\/\" \/>\n<meta property=\"og:locale\" content=\"en_US\" \/>\n<meta property=\"og:type\" content=\"article\" \/>\n<meta property=\"og:title\" content=\"Adunarea General\u0103a membrilor Uniunii Consulilor Onorifici din Rom\u00e2nia la Bucure\u0219ti - UCOR\" \/>\n<meta property=\"og:description\" content=\"Uniunea Consulilor Onorifici din Rom\u00e2nia (UCOR) a organizat pe 9 aprilie 2024 Adunarea General\u0103 a membrilor UCOR, la sediul Consulatului Islandei \u00een Rom\u00e2nia. Adunarea General\u0103 este unul dintre cele mai importante evenimente anuale din agenda asocia\u021biei. \u00cen conformitate cu ordinea de zi, au fost prezentate:&#8211; Raportul de activitate pentru anul 2023 &#8211; prezentat de c\u0103tre [&hellip;]\" \/>\n<meta property=\"og:url\" content=\"http:\/\/ucor-ucor.ro\/new\/adunarea-generalaa-membrilor-uniunii-consulilor-onorifici-din-romania-la-bucuresti\/\" \/>\n<meta property=\"og:site_name\" content=\"UCOR\" \/>\n<meta property=\"article:modified_time\" content=\"2024-04-23T05:57:21+00:00\" \/>\n<meta property=\"og:image\" content=\"http:\/\/ucor-ucor.ro\/new\/wp-content\/uploads\/2024\/04\/Foto1-1-1024x768.jpeg\" \/>\n<meta name=\"twitter:card\" content=\"summary_large_image\" \/>\n<meta name=\"twitter:label1\" content=\"Est. reading time\" \/>\n\t<meta name=\"twitter:data1\" content=\"3 minutes\" \/>\n<script type=\"application\/ld+json\" class=\"yoast-schema-graph\">{\"@context\":\"https:\/\/schema.org\",\"@graph\":[{\"@type\":\"WebPage\",\"@id\":\"http:\/\/ucor-ucor.ro\/new\/adunarea-generalaa-membrilor-uniunii-consulilor-onorifici-din-romania-la-bucuresti\/\",\"url\":\"http:\/\/ucor-ucor.ro\/new\/adunarea-generalaa-membrilor-uniunii-consulilor-onorifici-din-romania-la-bucuresti\/\",\"name\":\"Adunarea General\u0103a membrilor Uniunii Consulilor Onorifici din Rom\u00e2nia la Bucure\u0219ti - UCOR\",\"isPartOf\":{\"@id\":\"https:\/\/ucor-ucor.ro\/new\/#website\"},\"primaryImageOfPage\":{\"@id\":\"http:\/\/ucor-ucor.ro\/new\/adunarea-generalaa-membrilor-uniunii-consulilor-onorifici-din-romania-la-bucuresti\/#primaryimage\"},\"image\":{\"@id\":\"http:\/\/ucor-ucor.ro\/new\/adunarea-generalaa-membrilor-uniunii-consulilor-onorifici-din-romania-la-bucuresti\/#primaryimage\"},\"thumbnailUrl\":\"http:\/\/ucor-ucor.ro\/new\/wp-content\/uploads\/2024\/04\/Foto1-1-1024x768.jpeg\",\"datePublished\":\"2024-04-23T05:43:33+00:00\",\"dateModified\":\"2024-04-23T05:57:21+00:00\",\"breadcrumb\":{\"@id\":\"http:\/\/ucor-ucor.ro\/new\/adunarea-generalaa-membrilor-uniunii-consulilor-onorifici-din-romania-la-bucuresti\/#breadcrumb\"},\"inLanguage\":\"en-US\",\"potentialAction\":[{\"@type\":\"ReadAction\",\"target\":[\"http:\/\/ucor-ucor.ro\/new\/adunarea-generalaa-membrilor-uniunii-consulilor-onorifici-din-romania-la-bucuresti\/\"]}]},{\"@type\":\"ImageObject\",\"inLanguage\":\"en-US\",\"@id\":\"http:\/\/ucor-ucor.ro\/new\/adunarea-generalaa-membrilor-uniunii-consulilor-onorifici-din-romania-la-bucuresti\/#primaryimage\",\"url\":\"http:\/\/ucor-ucor.ro\/new\/wp-content\/uploads\/2024\/04\/Foto1-1.jpeg\",\"contentUrl\":\"http:\/\/ucor-ucor.ro\/new\/wp-content\/uploads\/2024\/04\/Foto1-1.jpeg\",\"width\":2048,\"height\":1536},{\"@type\":\"BreadcrumbList\",\"@id\":\"http:\/\/ucor-ucor.ro\/new\/adunarea-generalaa-membrilor-uniunii-consulilor-onorifici-din-romania-la-bucuresti\/#breadcrumb\",\"itemListElement\":[{\"@type\":\"ListItem\",\"position\":1,\"name\":\"Home\",\"item\":\"https:\/\/ucor-ucor.ro\/new\/\"},{\"@type\":\"ListItem\",\"position\":2,\"name\":\"Adunarea General\u0103a membrilor Uniunii Consulilor Onorifici din Rom\u00e2nia la Bucure\u0219ti\"}]},{\"@type\":\"WebSite\",\"@id\":\"https:\/\/ucor-ucor.ro\/new\/#website\",\"url\":\"https:\/\/ucor-ucor.ro\/new\/\",\"name\":\"UCOR\",\"description\":\"\",\"publisher\":{\"@id\":\"https:\/\/ucor-ucor.ro\/new\/#organization\"},\"potentialAction\":[{\"@type\":\"SearchAction\",\"target\":{\"@type\":\"EntryPoint\",\"urlTemplate\":\"https:\/\/ucor-ucor.ro\/new\/?s={search_term_string}\"},\"query-input\":\"required name=search_term_string\"}],\"inLanguage\":\"en-US\"},{\"@type\":\"Organization\",\"@id\":\"https:\/\/ucor-ucor.ro\/new\/#organization\",\"name\":\"UCOR\",\"url\":\"https:\/\/ucor-ucor.ro\/new\/\",\"logo\":{\"@type\":\"ImageObject\",\"inLanguage\":\"en-US\",\"@id\":\"https:\/\/ucor-ucor.ro\/new\/#\/schema\/logo\/image\/\",\"url\":\"http:\/\/ucor-ucor.ro\/new\/wp-content\/uploads\/2020\/06\/cropped-UCOR.png\",\"contentUrl\":\"http:\/\/ucor-ucor.ro\/new\/wp-content\/uploads\/2020\/06\/cropped-UCOR.png\",\"width\":395,\"height\":128,\"caption\":\"UCOR\"},\"image\":{\"@id\":\"https:\/\/ucor-ucor.ro\/new\/#\/schema\/logo\/image\/\"}}]}<\/script>\n<!-- \/ Yoast SEO plugin. -->","yoast_head_json":{"title":"Adunarea General\u0103a membrilor Uniunii Consulilor Onorifici din Rom\u00e2nia la Bucure\u0219ti - UCOR","robots":{"index":"index","follow":"follow","max-snippet":"max-snippet:-1","max-image-preview":"max-image-preview:large","max-video-preview":"max-video-preview:-1"},"canonical":"http:\/\/ucor-ucor.ro\/new\/adunarea-generalaa-membrilor-uniunii-consulilor-onorifici-din-romania-la-bucuresti\/","og_locale":"en_US","og_type":"article","og_title":"Adunarea General\u0103a membrilor Uniunii Consulilor Onorifici din Rom\u00e2nia la Bucure\u0219ti - UCOR","og_description":"Uniunea Consulilor Onorifici din Rom\u00e2nia (UCOR) a organizat pe 9 aprilie 2024 Adunarea General\u0103 a membrilor UCOR, la sediul Consulatului Islandei \u00een Rom\u00e2nia. Adunarea General\u0103 este unul dintre cele mai importante evenimente anuale din agenda asocia\u021biei. \u00cen conformitate cu ordinea de zi, au fost prezentate:&#8211; Raportul de activitate pentru anul 2023 &#8211; prezentat de c\u0103tre [&hellip;]","og_url":"http:\/\/ucor-ucor.ro\/new\/adunarea-generalaa-membrilor-uniunii-consulilor-onorifici-din-romania-la-bucuresti\/","og_site_name":"UCOR","article_modified_time":"2024-04-23T05:57:21+00:00","og_image":[{"url":"http:\/\/ucor-ucor.ro\/new\/wp-content\/uploads\/2024\/04\/Foto1-1-1024x768.jpeg"}],"twitter_card":"summary_large_image","twitter_misc":{"Est. reading time":"3 minutes"},"schema":{"@context":"https:\/\/schema.org","@graph":[{"@type":"WebPage","@id":"http:\/\/ucor-ucor.ro\/new\/adunarea-generalaa-membrilor-uniunii-consulilor-onorifici-din-romania-la-bucuresti\/","url":"http:\/\/ucor-ucor.ro\/new\/adunarea-generalaa-membrilor-uniunii-consulilor-onorifici-din-romania-la-bucuresti\/","name":"Adunarea General\u0103a membrilor Uniunii Consulilor Onorifici din Rom\u00e2nia la Bucure\u0219ti - UCOR","isPartOf":{"@id":"https:\/\/ucor-ucor.ro\/new\/#website"},"primaryImageOfPage":{"@id":"http:\/\/ucor-ucor.ro\/new\/adunarea-generalaa-membrilor-uniunii-consulilor-onorifici-din-romania-la-bucuresti\/#primaryimage"},"image":{"@id":"http:\/\/ucor-ucor.ro\/new\/adunarea-generalaa-membrilor-uniunii-consulilor-onorifici-din-romania-la-bucuresti\/#primaryimage"},"thumbnailUrl":"http:\/\/ucor-ucor.ro\/new\/wp-content\/uploads\/2024\/04\/Foto1-1-1024x768.jpeg","datePublished":"2024-04-23T05:43:33+00:00","dateModified":"2024-04-23T05:57:21+00:00","breadcrumb":{"@id":"http:\/\/ucor-ucor.ro\/new\/adunarea-generalaa-membrilor-uniunii-consulilor-onorifici-din-romania-la-bucuresti\/#breadcrumb"},"inLanguage":"en-US","potentialAction":[{"@type":"ReadAction","target":["http:\/\/ucor-ucor.ro\/new\/adunarea-generalaa-membrilor-uniunii-consulilor-onorifici-din-romania-la-bucuresti\/"]}]},{"@type":"ImageObject","inLanguage":"en-US","@id":"http:\/\/ucor-ucor.ro\/new\/adunarea-generalaa-membrilor-uniunii-consulilor-onorifici-din-romania-la-bucuresti\/#primaryimage","url":"http:\/\/ucor-ucor.ro\/new\/wp-content\/uploads\/2024\/04\/Foto1-1.jpeg","contentUrl":"http:\/\/ucor-ucor.ro\/new\/wp-content\/uploads\/2024\/04\/Foto1-1.jpeg","width":2048,"height":1536},{"@type":"BreadcrumbList","@id":"http:\/\/ucor-ucor.ro\/new\/adunarea-generalaa-membrilor-uniunii-consulilor-onorifici-din-romania-la-bucuresti\/#breadcrumb","itemListElement":[{"@type":"ListItem","position":1,"name":"Home","item":"https:\/\/ucor-ucor.ro\/new\/"},{"@type":"ListItem","position":2,"name":"Adunarea General\u0103a membrilor Uniunii Consulilor Onorifici din Rom\u00e2nia la Bucure\u0219ti"}]},{"@type":"WebSite","@id":"https:\/\/ucor-ucor.ro\/new\/#website","url":"https:\/\/ucor-ucor.ro\/new\/","name":"UCOR","description":"","publisher":{"@id":"https:\/\/ucor-ucor.ro\/new\/#organization"},"potentialAction":[{"@type":"SearchAction","target":{"@type":"EntryPoint","urlTemplate":"https:\/\/ucor-ucor.ro\/new\/?s={search_term_string}"},"query-input":"required name=search_term_string"}],"inLanguage":"en-US"},{"@type":"Organization","@id":"https:\/\/ucor-ucor.ro\/new\/#organization","name":"UCOR","url":"https:\/\/ucor-ucor.ro\/new\/","logo":{"@type":"ImageObject","inLanguage":"en-US","@id":"https:\/\/ucor-ucor.ro\/new\/#\/schema\/logo\/image\/","url":"http:\/\/ucor-ucor.ro\/new\/wp-content\/uploads\/2020\/06\/cropped-UCOR.png","contentUrl":"http:\/\/ucor-ucor.ro\/new\/wp-content\/uploads\/2020\/06\/cropped-UCOR.png","width":395,"height":128,"caption":"UCOR"},"image":{"@id":"https:\/\/ucor-ucor.ro\/new\/#\/schema\/logo\/image\/"}}]}},"_links":{"self":[{"href":"http:\/\/ucor-ucor.ro\/new\/wp-json\/wp\/v2\/pages\/1280"}],"collection":[{"href":"http:\/\/ucor-ucor.ro\/new\/wp-json\/wp\/v2\/pages"}],"about":[{"href":"http:\/\/ucor-ucor.ro\/new\/wp-json\/wp\/v2\/types\/page"}],"author":[{"embeddable":true,"href":"http:\/\/ucor-ucor.ro\/new\/wp-json\/wp\/v2\/users\/1"}],"replies":[{"embeddable":true,"href":"http:\/\/ucor-ucor.ro\/new\/wp-json\/wp\/v2\/comments?post=1280"}],"version-history":[{"count":5,"href":"http:\/\/ucor-ucor.ro\/new\/wp-json\/wp\/v2\/pages\/1280\/revisions"}],"predecessor-version":[{"id":1298,"href":"http:\/\/ucor-ucor.ro\/new\/wp-json\/wp\/v2\/pages\/1280\/revisions\/1298"}],"wp:attachment":[{"href":"http:\/\/ucor-ucor.ro\/new\/wp-json\/wp\/v2\/media?parent=1280"}],"curies":[{"name":"wp","href":"https:\/\/api.w.org\/{rel}","templated":true}]}}