{"id":1261,"date":"2024-02-29T09:03:13","date_gmt":"2024-02-29T09:03:13","guid":{"rendered":"http:\/\/ucor-ucor.ro\/new\/?page_id=1261"},"modified":"2024-02-29T09:03:33","modified_gmt":"2024-02-29T09:03:33","slug":"intrevederea-reprezentantilor-ministerului-afacerilor-externe-al-romaniei-cu-membrii-consiliului-director-al-uniunii-consulilor-onorifici-din-romania-desfasurata-la-ministerul-afacerilor-externe-al","status":"publish","type":"page","link":"http:\/\/ucor-ucor.ro\/new\/intrevederea-reprezentantilor-ministerului-afacerilor-externe-al-romaniei-cu-membrii-consiliului-director-al-uniunii-consulilor-onorifici-din-romania-desfasurata-la-ministerul-afacerilor-externe-al\/","title":{"rendered":"\u00centrevederea reprezentan\u021bilor Ministerului Afacerilor Externe al Rom\u00e2niei, cu membrii Consiliului Director al Uniunii Consulilor Onorifici din Rom\u00e2nia, desf\u0103\u0219urat\u0103 la Ministerul Afacerilor Externe al Rom\u00e2niei"},"content":{"rendered":"\n<p>La data de 7 februarie 2024 ora 11.00, a avut loc la Ministerul Afacerilor Externe al Romaniei \u00eent\u00e2nirea membrilor Uniunii Consulilor Onorifici din Rom\u00e2nia cu reprezentan\u021bii Ministerului Afacerilor Externe al Rom\u00e2niei.<br>Participan\u021bi:<br>Din partea Ministerului Afacerilor Externe al Rom\u00e2niei:<br>\uf0b7 Dl Bogdan St\u0103nescu &#8211; Director Genaral al Departamentului Consular<br>\uf0b7 Dl Mihai S\u00eerbu \u2013 Director Adjunct al Departamentului Protocol<br>\uf0b7 Dna Oana Darie- Director al Consular Training and Communication Directorate din cadrul Departamentului Consular<br>\uf0b7 Dna Raluca Umbrarescu \u2013 Director Adjunct al Directiei Relatii Consulare<br>Din partea Uniunii Consulilor Onorifici din Rom\u00e2nia:<br>\uf0b7 Dl Andreas HUBER, Pre\u015fedinte \u2013 Consul Onorific al Republicii Austria la Sibiu<br>\uf0b7 Dl Ambasador Ioan DONCA, Prim-vicepre\u015fedinte &#8211; Consul Onorific al Letoniei la Bucuresti<br>\uf0b7 Dna Georgiana Pogonaru, Vicepre\u0219edinte &#8211; Consul Onorific al Islandei la Bucuresti<br>\uf0b7 Dna av. dr. Elena Bustea, Secretar General &#8211; Consul Onorific al Republicii Ecuador la Bucuresti<br>\uf0b7 Dl Eugen Lascu \u2013 Trezorier- Consul Onorific al Maltei la Bucuresti<br>\uf0b7 Dl Endre Molnar, Membru \u00een Consiliul Director \u2013 Consul Onorific al Ungariei la Drobeta Turnu Severin.<br>\uf0b7 Dl Ion-Valeriu Ciolacu- Membru \u00een Consiliul Director \u2013 Consul Onorific al Fran\u021bei la Bra\u0219ov<\/p>\n\n\n\n<p>\u00cen cadrul \u00eent\u00e2lnirii, reprezentantii MAE au exprimat apreciere pentru rolul consulilor onorifici acredita\u021bi \u00een Rom\u00e2nia \u00een dezvoltarea rela\u021biilor bilaterale dintre Rom\u00e2nia \u0219i \u021b\u0103rile pe care ace\u0219tia le reprezint\u0103, cu prec\u0103dere \u00een domeniul diploma\u021biei economice \u0219i al contactelor inter-umane si au reiterat deschiderea MAE pentru consolidarea dialogului \u0219i colabor\u0103rii dintre MAE \u0219i UCOR, cu obiectivul de a sprijini \u0219i facilita activitatea desf\u0103\u0219urat\u0103 de consulii onorifici \u00een Rom\u00e2nia.<\/p>\n\n\n\n<p>La r\u00e2ndul s\u0103u, Pre\u0219edintele Andreas Huber, \u00eempreun\u0103 cu reprezentan\u021bii conducerii UCOR prezen\u021bi la \u00eentrevedere, a mul\u021bumit pentru sprijinul constant de care UCOR beneficiaz\u0103 din partea conducerii MAE. A asigurat, totodat\u0103, c\u0103 UCOR depune toate eforturile pentru aprofundarea \u0219i extinderea rela\u021biilor dintre Rom\u00e2nia \u0219i \u021b\u0103rile reprezentate.<\/p>\n\n\n\n<p>\u00cen cadrul discu\u021biilor, au fost abordate subiecte de interes pentru consulii onorifici.<\/p>\n","protected":false},"excerpt":{"rendered":"<p>La data de 7 februarie 2024 ora 11.00, a avut loc la Ministerul Afacerilor Externe al Romaniei \u00eent\u00e2nirea membrilor Uniunii Consulilor Onorifici din Rom\u00e2nia cu reprezentan\u021bii Ministerului Afacerilor Externe al Rom\u00e2niei.Participan\u021bi:Din partea Ministerului Afacerilor Externe al Rom\u00e2niei:\uf0b7 Dl Bogdan St\u0103nescu &#8211; Director Genaral al Departamentului Consular\uf0b7 Dl Mihai S\u00eerbu \u2013 Director Adjunct al Departamentului Protocol\uf0b7 [&hellip;]<\/p>\n","protected":false},"author":1,"featured_media":0,"parent":0,"menu_order":0,"comment_status":"closed","ping_status":"closed","template":"templates\/template-full-width.php","meta":{"footnotes":""},"yoast_head":"<!-- This site is optimized with the Yoast SEO plugin v22.5 - https:\/\/yoast.com\/wordpress\/plugins\/seo\/ -->\n<title>\u00centrevederea reprezentan\u021bilor Ministerului Afacerilor Externe al Rom\u00e2niei, cu membrii Consiliului Director al Uniunii Consulilor Onorifici din Rom\u00e2nia, desf\u0103\u0219urat\u0103 la Ministerul Afacerilor Externe al Rom\u00e2niei - UCOR<\/title>\n<meta name=\"robots\" content=\"index, follow, max-snippet:-1, max-image-preview:large, max-video-preview:-1\" \/>\n<link rel=\"canonical\" href=\"https:\/\/ucor-ucor.ro\/new\/intrevederea-reprezentantilor-ministerului-afacerilor-externe-al-romaniei-cu-membrii-consiliului-director-al-uniunii-consulilor-onorifici-din-romania-desfasurata-la-ministerul-afacerilor-externe-al\/\" \/>\n<meta property=\"og:locale\" content=\"en_US\" \/>\n<meta property=\"og:type\" content=\"article\" \/>\n<meta property=\"og:title\" content=\"\u00centrevederea reprezentan\u021bilor Ministerului Afacerilor Externe al Rom\u00e2niei, cu membrii Consiliului Director al Uniunii Consulilor Onorifici din Rom\u00e2nia, desf\u0103\u0219urat\u0103 la Ministerul Afacerilor Externe al Rom\u00e2niei - UCOR\" \/>\n<meta property=\"og:description\" content=\"La data de 7 februarie 2024 ora 11.00, a avut loc la Ministerul Afacerilor Externe al Romaniei \u00eent\u00e2nirea membrilor Uniunii Consulilor Onorifici din Rom\u00e2nia cu reprezentan\u021bii Ministerului Afacerilor Externe al Rom\u00e2niei.Participan\u021bi:Din partea Ministerului Afacerilor Externe al Rom\u00e2niei:\uf0b7 Dl Bogdan St\u0103nescu &#8211; Director Genaral al Departamentului Consular\uf0b7 Dl Mihai S\u00eerbu \u2013 Director Adjunct al Departamentului Protocol\uf0b7 [&hellip;]\" \/>\n<meta property=\"og:url\" content=\"https:\/\/ucor-ucor.ro\/new\/intrevederea-reprezentantilor-ministerului-afacerilor-externe-al-romaniei-cu-membrii-consiliului-director-al-uniunii-consulilor-onorifici-din-romania-desfasurata-la-ministerul-afacerilor-externe-al\/\" \/>\n<meta property=\"og:site_name\" content=\"UCOR\" \/>\n<meta property=\"article:modified_time\" content=\"2024-02-29T09:03:33+00:00\" \/>\n<meta name=\"twitter:card\" content=\"summary_large_image\" \/>\n<meta name=\"twitter:label1\" content=\"Est. reading time\" \/>\n\t<meta name=\"twitter:data1\" content=\"2 minutes\" \/>\n<script type=\"application\/ld+json\" class=\"yoast-schema-graph\">{\"@context\":\"https:\/\/schema.org\",\"@graph\":[{\"@type\":\"WebPage\",\"@id\":\"https:\/\/ucor-ucor.ro\/new\/intrevederea-reprezentantilor-ministerului-afacerilor-externe-al-romaniei-cu-membrii-consiliului-director-al-uniunii-consulilor-onorifici-din-romania-desfasurata-la-ministerul-afacerilor-externe-al\/\",\"url\":\"https:\/\/ucor-ucor.ro\/new\/intrevederea-reprezentantilor-ministerului-afacerilor-externe-al-romaniei-cu-membrii-consiliului-director-al-uniunii-consulilor-onorifici-din-romania-desfasurata-la-ministerul-afacerilor-externe-al\/\",\"name\":\"\u00centrevederea reprezentan\u021bilor Ministerului Afacerilor Externe al Rom\u00e2niei, cu membrii Consiliului Director al Uniunii Consulilor Onorifici din Rom\u00e2nia, desf\u0103\u0219urat\u0103 la Ministerul Afacerilor Externe al Rom\u00e2niei - UCOR\",\"isPartOf\":{\"@id\":\"https:\/\/ucor-ucor.ro\/new\/#website\"},\"datePublished\":\"2024-02-29T09:03:13+00:00\",\"dateModified\":\"2024-02-29T09:03:33+00:00\",\"breadcrumb\":{\"@id\":\"https:\/\/ucor-ucor.ro\/new\/intrevederea-reprezentantilor-ministerului-afacerilor-externe-al-romaniei-cu-membrii-consiliului-director-al-uniunii-consulilor-onorifici-din-romania-desfasurata-la-ministerul-afacerilor-externe-al\/#breadcrumb\"},\"inLanguage\":\"en-US\",\"potentialAction\":[{\"@type\":\"ReadAction\",\"target\":[\"https:\/\/ucor-ucor.ro\/new\/intrevederea-reprezentantilor-ministerului-afacerilor-externe-al-romaniei-cu-membrii-consiliului-director-al-uniunii-consulilor-onorifici-din-romania-desfasurata-la-ministerul-afacerilor-externe-al\/\"]}]},{\"@type\":\"BreadcrumbList\",\"@id\":\"https:\/\/ucor-ucor.ro\/new\/intrevederea-reprezentantilor-ministerului-afacerilor-externe-al-romaniei-cu-membrii-consiliului-director-al-uniunii-consulilor-onorifici-din-romania-desfasurata-la-ministerul-afacerilor-externe-al\/#breadcrumb\",\"itemListElement\":[{\"@type\":\"ListItem\",\"position\":1,\"name\":\"Home\",\"item\":\"https:\/\/ucor-ucor.ro\/new\/\"},{\"@type\":\"ListItem\",\"position\":2,\"name\":\"\u00centrevederea reprezentan\u021bilor Ministerului Afacerilor Externe al Rom\u00e2niei, cu membrii Consiliului Director al Uniunii Consulilor Onorifici din Rom\u00e2nia, desf\u0103\u0219urat\u0103 la Ministerul Afacerilor Externe al Rom\u00e2niei\"}]},{\"@type\":\"WebSite\",\"@id\":\"https:\/\/ucor-ucor.ro\/new\/#website\",\"url\":\"https:\/\/ucor-ucor.ro\/new\/\",\"name\":\"UCOR\",\"description\":\"\",\"publisher\":{\"@id\":\"https:\/\/ucor-ucor.ro\/new\/#organization\"},\"potentialAction\":[{\"@type\":\"SearchAction\",\"target\":{\"@type\":\"EntryPoint\",\"urlTemplate\":\"https:\/\/ucor-ucor.ro\/new\/?s={search_term_string}\"},\"query-input\":\"required name=search_term_string\"}],\"inLanguage\":\"en-US\"},{\"@type\":\"Organization\",\"@id\":\"https:\/\/ucor-ucor.ro\/new\/#organization\",\"name\":\"UCOR\",\"url\":\"https:\/\/ucor-ucor.ro\/new\/\",\"logo\":{\"@type\":\"ImageObject\",\"inLanguage\":\"en-US\",\"@id\":\"https:\/\/ucor-ucor.ro\/new\/#\/schema\/logo\/image\/\",\"url\":\"http:\/\/ucor-ucor.ro\/new\/wp-content\/uploads\/2020\/06\/cropped-UCOR.png\",\"contentUrl\":\"http:\/\/ucor-ucor.ro\/new\/wp-content\/uploads\/2020\/06\/cropped-UCOR.png\",\"width\":395,\"height\":128,\"caption\":\"UCOR\"},\"image\":{\"@id\":\"https:\/\/ucor-ucor.ro\/new\/#\/schema\/logo\/image\/\"}}]}<\/script>\n<!-- \/ Yoast SEO plugin. -->","yoast_head_json":{"title":"\u00centrevederea reprezentan\u021bilor Ministerului Afacerilor Externe al Rom\u00e2niei, cu membrii Consiliului Director al Uniunii Consulilor Onorifici din Rom\u00e2nia, desf\u0103\u0219urat\u0103 la Ministerul Afacerilor Externe al Rom\u00e2niei - UCOR","robots":{"index":"index","follow":"follow","max-snippet":"max-snippet:-1","max-image-preview":"max-image-preview:large","max-video-preview":"max-video-preview:-1"},"canonical":"https:\/\/ucor-ucor.ro\/new\/intrevederea-reprezentantilor-ministerului-afacerilor-externe-al-romaniei-cu-membrii-consiliului-director-al-uniunii-consulilor-onorifici-din-romania-desfasurata-la-ministerul-afacerilor-externe-al\/","og_locale":"en_US","og_type":"article","og_title":"\u00centrevederea reprezentan\u021bilor Ministerului Afacerilor Externe al Rom\u00e2niei, cu membrii Consiliului Director al Uniunii Consulilor Onorifici din Rom\u00e2nia, desf\u0103\u0219urat\u0103 la Ministerul Afacerilor Externe al Rom\u00e2niei - UCOR","og_description":"La data de 7 februarie 2024 ora 11.00, a avut loc la Ministerul Afacerilor Externe al Romaniei \u00eent\u00e2nirea membrilor Uniunii Consulilor Onorifici din Rom\u00e2nia cu reprezentan\u021bii Ministerului Afacerilor Externe al Rom\u00e2niei.Participan\u021bi:Din partea Ministerului Afacerilor Externe al Rom\u00e2niei:\uf0b7 Dl Bogdan St\u0103nescu &#8211; Director Genaral al Departamentului Consular\uf0b7 Dl Mihai S\u00eerbu \u2013 Director Adjunct al Departamentului Protocol\uf0b7 [&hellip;]","og_url":"https:\/\/ucor-ucor.ro\/new\/intrevederea-reprezentantilor-ministerului-afacerilor-externe-al-romaniei-cu-membrii-consiliului-director-al-uniunii-consulilor-onorifici-din-romania-desfasurata-la-ministerul-afacerilor-externe-al\/","og_site_name":"UCOR","article_modified_time":"2024-02-29T09:03:33+00:00","twitter_card":"summary_large_image","twitter_misc":{"Est. reading time":"2 minutes"},"schema":{"@context":"https:\/\/schema.org","@graph":[{"@type":"WebPage","@id":"https:\/\/ucor-ucor.ro\/new\/intrevederea-reprezentantilor-ministerului-afacerilor-externe-al-romaniei-cu-membrii-consiliului-director-al-uniunii-consulilor-onorifici-din-romania-desfasurata-la-ministerul-afacerilor-externe-al\/","url":"https:\/\/ucor-ucor.ro\/new\/intrevederea-reprezentantilor-ministerului-afacerilor-externe-al-romaniei-cu-membrii-consiliului-director-al-uniunii-consulilor-onorifici-din-romania-desfasurata-la-ministerul-afacerilor-externe-al\/","name":"\u00centrevederea reprezentan\u021bilor Ministerului Afacerilor Externe al Rom\u00e2niei, cu membrii Consiliului Director al Uniunii Consulilor Onorifici din Rom\u00e2nia, desf\u0103\u0219urat\u0103 la Ministerul Afacerilor Externe al Rom\u00e2niei - UCOR","isPartOf":{"@id":"https:\/\/ucor-ucor.ro\/new\/#website"},"datePublished":"2024-02-29T09:03:13+00:00","dateModified":"2024-02-29T09:03:33+00:00","breadcrumb":{"@id":"https:\/\/ucor-ucor.ro\/new\/intrevederea-reprezentantilor-ministerului-afacerilor-externe-al-romaniei-cu-membrii-consiliului-director-al-uniunii-consulilor-onorifici-din-romania-desfasurata-la-ministerul-afacerilor-externe-al\/#breadcrumb"},"inLanguage":"en-US","potentialAction":[{"@type":"ReadAction","target":["https:\/\/ucor-ucor.ro\/new\/intrevederea-reprezentantilor-ministerului-afacerilor-externe-al-romaniei-cu-membrii-consiliului-director-al-uniunii-consulilor-onorifici-din-romania-desfasurata-la-ministerul-afacerilor-externe-al\/"]}]},{"@type":"BreadcrumbList","@id":"https:\/\/ucor-ucor.ro\/new\/intrevederea-reprezentantilor-ministerului-afacerilor-externe-al-romaniei-cu-membrii-consiliului-director-al-uniunii-consulilor-onorifici-din-romania-desfasurata-la-ministerul-afacerilor-externe-al\/#breadcrumb","itemListElement":[{"@type":"ListItem","position":1,"name":"Home","item":"https:\/\/ucor-ucor.ro\/new\/"},{"@type":"ListItem","position":2,"name":"\u00centrevederea reprezentan\u021bilor Ministerului Afacerilor Externe al Rom\u00e2niei, cu membrii Consiliului Director al Uniunii Consulilor Onorifici din Rom\u00e2nia, desf\u0103\u0219urat\u0103 la Ministerul Afacerilor Externe al Rom\u00e2niei"}]},{"@type":"WebSite","@id":"https:\/\/ucor-ucor.ro\/new\/#website","url":"https:\/\/ucor-ucor.ro\/new\/","name":"UCOR","description":"","publisher":{"@id":"https:\/\/ucor-ucor.ro\/new\/#organization"},"potentialAction":[{"@type":"SearchAction","target":{"@type":"EntryPoint","urlTemplate":"https:\/\/ucor-ucor.ro\/new\/?s={search_term_string}"},"query-input":"required name=search_term_string"}],"inLanguage":"en-US"},{"@type":"Organization","@id":"https:\/\/ucor-ucor.ro\/new\/#organization","name":"UCOR","url":"https:\/\/ucor-ucor.ro\/new\/","logo":{"@type":"ImageObject","inLanguage":"en-US","@id":"https:\/\/ucor-ucor.ro\/new\/#\/schema\/logo\/image\/","url":"http:\/\/ucor-ucor.ro\/new\/wp-content\/uploads\/2020\/06\/cropped-UCOR.png","contentUrl":"http:\/\/ucor-ucor.ro\/new\/wp-content\/uploads\/2020\/06\/cropped-UCOR.png","width":395,"height":128,"caption":"UCOR"},"image":{"@id":"https:\/\/ucor-ucor.ro\/new\/#\/schema\/logo\/image\/"}}]}},"_links":{"self":[{"href":"http:\/\/ucor-ucor.ro\/new\/wp-json\/wp\/v2\/pages\/1261"}],"collection":[{"href":"http:\/\/ucor-ucor.ro\/new\/wp-json\/wp\/v2\/pages"}],"about":[{"href":"http:\/\/ucor-ucor.ro\/new\/wp-json\/wp\/v2\/types\/page"}],"author":[{"embeddable":true,"href":"http:\/\/ucor-ucor.ro\/new\/wp-json\/wp\/v2\/users\/1"}],"replies":[{"embeddable":true,"href":"http:\/\/ucor-ucor.ro\/new\/wp-json\/wp\/v2\/comments?post=1261"}],"version-history":[{"count":1,"href":"http:\/\/ucor-ucor.ro\/new\/wp-json\/wp\/v2\/pages\/1261\/revisions"}],"predecessor-version":[{"id":1262,"href":"http:\/\/ucor-ucor.ro\/new\/wp-json\/wp\/v2\/pages\/1261\/revisions\/1262"}],"wp:attachment":[{"href":"http:\/\/ucor-ucor.ro\/new\/wp-json\/wp\/v2\/media?parent=1261"}],"curies":[{"name":"wp","href":"https:\/\/api.w.org\/{rel}","templated":true}]}}