{"id":1250,"date":"2024-02-27T06:17:30","date_gmt":"2024-02-27T06:17:30","guid":{"rendered":"http:\/\/ucor-ucor.ro\/new\/?page_id=1250"},"modified":"2024-02-27T06:20:20","modified_gmt":"2024-02-27T06:20:20","slug":"balul-de-primavara-ucor-editia-a-5-a","status":"publish","type":"page","link":"http:\/\/ucor-ucor.ro\/new\/balul-de-primavara-ucor-editia-a-5-a\/","title":{"rendered":"\u201cBalul de prim\u0103var\u0103 UCOR\u201d editia a 5-a"},"content":{"rendered":"\n<p>\u00cen data de 24 februarie 2024, Uniunea Consulilor Onorifici din Rom\u00e2nia (UCOR) a organizat la InterContinental Ath\u00e9n\u00e9e Palace Bucharest Hotel, unul dintre cele mai importante evenimente anuale din agenda asociatiei, \u0219i anume: \u201cBalul de primavar\u0103 UCOR\u201d.<br>Evenimentul, ajuns la cea de-a cincea edi\u021bie, a reunit membri ai comunit\u0103\u021bii diplomatice \u0219i de business, fiind un bun prilej de socializare, de \u00eentarire a rela\u021biilor dintre institu\u021biile pe care le reprezint\u0103 \u0219i mediul economic, \u0219i nu numai, desf\u0103\u0219urat \u00eentr-un cadru mai putin oficial, dar deopotriv\u0103 de semnificativ.<br>La acest eveniment au luat parte peste 100 persoane, printre invita\u021bi s-au num\u0103rat Excelen\u021bele lor doamne \u0219i domni ambasadori, doamne \u0219i domni consuli generali \u0219i consuli onorifici, reprezentan\u021bi ai Ministerului Afacerilor Externe al Rom\u00e2niei, precum \u0219i reprezentan\u021bi ai mediului de afaceri \u0219i cultural din Rom\u00e2nia.<br>Printre invita\u021bii prezen\u021bi la eveniment s-a aflat \u0219i domnul Andrei \u021a\u0103rnea \u2013 Director General al Direc\u021biei Comunicare \u0219i Diploma\u021bie Public\u0103 din cadrul Ministerului Afacerilor Externe al Rom\u00e2niei. \u00cen cuv\u00e2ntul s\u0103u adresat audien\u021bei, Domnia Sa a reiterat str\u00e2nsele leg\u0103turi de colaborare dintre Ministerul Afacerilor Externe al Rom\u00e2niei \u0219i Uniunea Consulilor Onorifici din Rom\u00e2nia, subliniid totodat\u0103 rolul important pe care consulii onorifici l-au avut \u0219i \u00eel au, \u00een calitate de pun\u021bi de leg\u0103tur\u0103 \u00eentre \u021b\u0103rile trimi\u021b\u0103toare ale acestora \u0219i Rom\u00e2nia.<br>De asemenea, \u00een deschiderea evenimentului a luat cuv\u00e2ntul \u0219i Excelen\u021ba Sa, doamna Rana MOKADDEM &#8211; Ambasador Extraordinar \u0219i Plenipoten\u021biar al Libanului \u00een Rom\u00e2nia, Decan al Corpului Diplomatic \u00een Rom\u00e2nia, care a salutat ini\u021biativa membrilor UCOR \u0219i i-a felicitat pentru activitatea depus\u0103.<br>\u00cen mesajul de \u00eent\u00e2mpinare, domnul Andreas Huber \u2013Consulul Onorific al Republicii Austria \u0219i Pre\u0219edintele Uniunii Consulilor Onorifici din Rom\u00e2nia, a reiterat faptul c\u0103 promovarea cooper\u0103rii, dezvolt\u0103rii \u0219i colabor\u0103rii \u00eentre na\u021biunile reprezentante de consulii onorifici- membrii ai U.C.O.R. \u0219i Rom\u00e2nia este posibil\u0103 doar \u00eentr-un mediu caracterizat de stabilitate politic\u0103, economic\u0103 \u0219i social. De aceea, din partea membrilor U.C.O.R. a transmis un mesaj ferm de pace. Totodat\u0103, prin eforturile lor comune, consulii onorifici- membrii ai U.C.O.R. se angajeaz\u0103 s\u0103 sprijine \u00een continuare cre\u0219terea pe diverse planuri \u0219i s\u0103 contribuie decisiv la crearea unui viitor sustenabil pentru toate genera\u021biile care vor urma.<br>Balul de primavar\u0103 a avut, \u0219i \u00een acest an, o component\u0103 social\u0103, prin dona\u021biile f\u0103cute de c\u0103tre sponsorii evenimentului \u0219i de c\u0103tre invita\u021bii prezen\u021bi, suma de bani str\u00e2ns\u0103 urm\u00e2nd a fi folosit\u0103 pentru a sus\u021bine proiectul derulat de Funda\u021bia umanitar\u0103 \u201cMission Emmanuel\u201c din Suceava, proiect ce are ca scop sprijinirea copiilor \u0219i persoanelor cu dizabilit\u0103\u021bi din cadrul funda\u021biei, proveniti din familii defavorizate, pentru creearea unor facilit\u0103\u021bi de acordare a ajutorului specializat \u00een cadrul centrului, care s\u0103 contribuie la \u00eembun\u0103t\u0103\u021birea st\u0103rii de s\u0103n\u0103tate \u0219i care s\u0103 le \u00eembun\u0103t\u0103\u021beasc\u0103 via\u021ba.<br>Evenimentul s-a \u00eencheiat cu exprimarea din partea tuturor participan\u021bilor a convingerii c\u0103 aceasta a fost o reu\u0219it\u0103, \u0219i deopotriv\u0103, a speran\u021bei unanim exprimate c\u0103 acest bal, devenit deja o tradi\u021bie, va continua \u0219i \u00een anii ce vor urma.<\/p>\n\n\n\n<figure class=\"wp-block-image size-large\"><img fetchpriority=\"high\" decoding=\"async\" width=\"1024\" height=\"683\" src=\"http:\/\/ucor-ucor.ro\/new\/wp-content\/uploads\/2024\/02\/Foto-1-1.jpg\" alt=\"\" class=\"wp-image-1251\" srcset=\"http:\/\/ucor-ucor.ro\/new\/wp-content\/uploads\/2024\/02\/Foto-1-1.jpg 1024w, http:\/\/ucor-ucor.ro\/new\/wp-content\/uploads\/2024\/02\/Foto-1-1-300x200.jpg 300w, http:\/\/ucor-ucor.ro\/new\/wp-content\/uploads\/2024\/02\/Foto-1-1-768x512.jpg 768w\" sizes=\"(max-width: 1024px) 100vw, 1024px\" \/><figcaption>Foto1: Membrii UCOR prezenti la Balul de prim\u0103var\u0103 UCOR, de la st\u00e2nga la dreapta: Dl Mihai Ferariu \u2013 Consul Onorific al Marelui Ducat de Luxemburg la Bucuresti, Dl. Emil S\u00eerbu- Consul Onorific al Indoneziei la Constanta, Dl Marius-Mihail Puiu- Consul Onorific al Austriei la Constanta, Dna Av. Dr. Elena Bustea -Secretar General al UCOR, Consul Onorific al Ecuadorului la Bucuresti, Dl Amb. Ioan Donca- Prim-vicepresedinte UCOR- Consul Onorific al Letoniei la Bucuresti, Dl Andreas Huber- Presedinte UCOR, Consul Onorific al Austriei la Sibiu, Dl. Dumitru Mihalescul \u2013Consul Onorific al Republicii Coreea de Sud la R\u0103d\u0103u\u021bi, Dl Eugen Lascu \u2013Trezorier UCOR , Consul Onorific al Maltei la Bucuresti, Dna Georgiana Pogonaru- Vicepresedinte UCOR, Consul Onorific al Islandei la Bucuresti \u0219i Dl Agripa Popescu \u2013 Consilierul Consulului Romaniei la Klagenfurt.<\/figcaption><\/figure>\n\n\n\n<figure class=\"wp-block-image size-large\"><img decoding=\"async\" width=\"1024\" height=\"683\" src=\"http:\/\/ucor-ucor.ro\/new\/wp-content\/uploads\/2024\/02\/Foto-2-.jpg\" alt=\"\" class=\"wp-image-1252\" srcset=\"http:\/\/ucor-ucor.ro\/new\/wp-content\/uploads\/2024\/02\/Foto-2-.jpg 1024w, http:\/\/ucor-ucor.ro\/new\/wp-content\/uploads\/2024\/02\/Foto-2--300x200.jpg 300w, http:\/\/ucor-ucor.ro\/new\/wp-content\/uploads\/2024\/02\/Foto-2--768x512.jpg 768w\" sizes=\"(max-width: 1024px) 100vw, 1024px\" \/><figcaption>Foto 2: Dl. Andreas Huber- Pre\u0219edintele Uniunii Consulilor Onorifici din Rom\u00e2nia \u0219i Consul Onorific al Republicii Austria la Sibiu.<\/figcaption><\/figure>\n\n\n\n<figure class=\"wp-block-image size-large\"><img decoding=\"async\" width=\"1024\" height=\"683\" src=\"http:\/\/ucor-ucor.ro\/new\/wp-content\/uploads\/2024\/02\/Foto-3.jpg\" alt=\"\" class=\"wp-image-1253\" srcset=\"http:\/\/ucor-ucor.ro\/new\/wp-content\/uploads\/2024\/02\/Foto-3.jpg 1024w, http:\/\/ucor-ucor.ro\/new\/wp-content\/uploads\/2024\/02\/Foto-3-300x200.jpg 300w, http:\/\/ucor-ucor.ro\/new\/wp-content\/uploads\/2024\/02\/Foto-3-768x512.jpg 768w\" sizes=\"(max-width: 1024px) 100vw, 1024px\" \/><figcaption>Foto 3: Excelen\u021ba Sa, doamna Rana MOKADDEM &#8211; Ambasador Extraordinar \u0219i Plenipoten\u021biar al Libanului \u00een Rom\u00e2nia, Decan al Corpului Diplomatic \u00een Rom\u00e2nia.<\/figcaption><\/figure>\n\n\n\n<figure class=\"wp-block-image size-large\"><img loading=\"lazy\" decoding=\"async\" width=\"1024\" height=\"683\" src=\"http:\/\/ucor-ucor.ro\/new\/wp-content\/uploads\/2024\/02\/Foto-4.jpg\" alt=\"\" class=\"wp-image-1254\" srcset=\"http:\/\/ucor-ucor.ro\/new\/wp-content\/uploads\/2024\/02\/Foto-4.jpg 1024w, http:\/\/ucor-ucor.ro\/new\/wp-content\/uploads\/2024\/02\/Foto-4-300x200.jpg 300w, http:\/\/ucor-ucor.ro\/new\/wp-content\/uploads\/2024\/02\/Foto-4-768x512.jpg 768w\" sizes=\"(max-width: 1024px) 100vw, 1024px\" \/><figcaption>Foto 4: Domnul Andrei \u021a\u0103rnea \u2013 Director General al Direc\u021biei Comunicare \u0219i Diploma\u021bie Public\u0103 din cadrul Ministerului Afacerilor Externe al Rom\u00e2niei<\/figcaption><\/figure>\n","protected":false},"excerpt":{"rendered":"<p>\u00cen data de 24 februarie 2024, Uniunea Consulilor Onorifici din Rom\u00e2nia (UCOR) a organizat la InterContinental Ath\u00e9n\u00e9e Palace Bucharest Hotel, unul dintre cele mai importante evenimente anuale din agenda asociatiei, \u0219i anume: \u201cBalul de primavar\u0103 UCOR\u201d.Evenimentul, ajuns la cea de-a cincea edi\u021bie, a reunit membri ai comunit\u0103\u021bii diplomatice \u0219i de business, fiind un bun prilej [&hellip;]<\/p>\n","protected":false},"author":1,"featured_media":0,"parent":0,"menu_order":0,"comment_status":"closed","ping_status":"closed","template":"templates\/template-full-width.php","meta":{"footnotes":""},"yoast_head":"<!-- This site is optimized with the Yoast SEO plugin v22.5 - https:\/\/yoast.com\/wordpress\/plugins\/seo\/ -->\n<title>\u201cBalul de prim\u0103var\u0103 UCOR\u201d editia a 5-a - UCOR<\/title>\n<meta name=\"robots\" content=\"index, follow, max-snippet:-1, max-image-preview:large, max-video-preview:-1\" \/>\n<link rel=\"canonical\" href=\"http:\/\/ucor-ucor.ro\/new\/balul-de-primavara-ucor-editia-a-5-a\/\" \/>\n<meta property=\"og:locale\" content=\"en_US\" \/>\n<meta property=\"og:type\" content=\"article\" \/>\n<meta property=\"og:title\" content=\"\u201cBalul de prim\u0103var\u0103 UCOR\u201d editia a 5-a - UCOR\" \/>\n<meta property=\"og:description\" content=\"\u00cen data de 24 februarie 2024, Uniunea Consulilor Onorifici din Rom\u00e2nia (UCOR) a organizat la InterContinental Ath\u00e9n\u00e9e Palace Bucharest Hotel, unul dintre cele mai importante evenimente anuale din agenda asociatiei, \u0219i anume: \u201cBalul de primavar\u0103 UCOR\u201d.Evenimentul, ajuns la cea de-a cincea edi\u021bie, a reunit membri ai comunit\u0103\u021bii diplomatice \u0219i de business, fiind un bun prilej [&hellip;]\" \/>\n<meta property=\"og:url\" content=\"http:\/\/ucor-ucor.ro\/new\/balul-de-primavara-ucor-editia-a-5-a\/\" \/>\n<meta property=\"og:site_name\" content=\"UCOR\" \/>\n<meta property=\"article:modified_time\" content=\"2024-02-27T06:20:20+00:00\" \/>\n<meta property=\"og:image\" content=\"http:\/\/ucor-ucor.ro\/new\/wp-content\/uploads\/2024\/02\/Foto-1-1.jpg\" \/>\n<meta name=\"twitter:card\" content=\"summary_large_image\" \/>\n<meta name=\"twitter:label1\" content=\"Est. reading time\" \/>\n\t<meta name=\"twitter:data1\" content=\"4 minutes\" \/>\n<script type=\"application\/ld+json\" class=\"yoast-schema-graph\">{\"@context\":\"https:\/\/schema.org\",\"@graph\":[{\"@type\":\"WebPage\",\"@id\":\"http:\/\/ucor-ucor.ro\/new\/balul-de-primavara-ucor-editia-a-5-a\/\",\"url\":\"http:\/\/ucor-ucor.ro\/new\/balul-de-primavara-ucor-editia-a-5-a\/\",\"name\":\"\u201cBalul de prim\u0103var\u0103 UCOR\u201d editia a 5-a - UCOR\",\"isPartOf\":{\"@id\":\"https:\/\/ucor-ucor.ro\/new\/#website\"},\"primaryImageOfPage\":{\"@id\":\"http:\/\/ucor-ucor.ro\/new\/balul-de-primavara-ucor-editia-a-5-a\/#primaryimage\"},\"image\":{\"@id\":\"http:\/\/ucor-ucor.ro\/new\/balul-de-primavara-ucor-editia-a-5-a\/#primaryimage\"},\"thumbnailUrl\":\"http:\/\/ucor-ucor.ro\/new\/wp-content\/uploads\/2024\/02\/Foto-1-1.jpg\",\"datePublished\":\"2024-02-27T06:17:30+00:00\",\"dateModified\":\"2024-02-27T06:20:20+00:00\",\"breadcrumb\":{\"@id\":\"http:\/\/ucor-ucor.ro\/new\/balul-de-primavara-ucor-editia-a-5-a\/#breadcrumb\"},\"inLanguage\":\"en-US\",\"potentialAction\":[{\"@type\":\"ReadAction\",\"target\":[\"http:\/\/ucor-ucor.ro\/new\/balul-de-primavara-ucor-editia-a-5-a\/\"]}]},{\"@type\":\"ImageObject\",\"inLanguage\":\"en-US\",\"@id\":\"http:\/\/ucor-ucor.ro\/new\/balul-de-primavara-ucor-editia-a-5-a\/#primaryimage\",\"url\":\"http:\/\/ucor-ucor.ro\/new\/wp-content\/uploads\/2024\/02\/Foto-1-1.jpg\",\"contentUrl\":\"http:\/\/ucor-ucor.ro\/new\/wp-content\/uploads\/2024\/02\/Foto-1-1.jpg\",\"width\":1024,\"height\":683},{\"@type\":\"BreadcrumbList\",\"@id\":\"http:\/\/ucor-ucor.ro\/new\/balul-de-primavara-ucor-editia-a-5-a\/#breadcrumb\",\"itemListElement\":[{\"@type\":\"ListItem\",\"position\":1,\"name\":\"Home\",\"item\":\"https:\/\/ucor-ucor.ro\/new\/\"},{\"@type\":\"ListItem\",\"position\":2,\"name\":\"\u201cBalul de prim\u0103var\u0103 UCOR\u201d editia a 5-a\"}]},{\"@type\":\"WebSite\",\"@id\":\"https:\/\/ucor-ucor.ro\/new\/#website\",\"url\":\"https:\/\/ucor-ucor.ro\/new\/\",\"name\":\"UCOR\",\"description\":\"\",\"publisher\":{\"@id\":\"https:\/\/ucor-ucor.ro\/new\/#organization\"},\"potentialAction\":[{\"@type\":\"SearchAction\",\"target\":{\"@type\":\"EntryPoint\",\"urlTemplate\":\"https:\/\/ucor-ucor.ro\/new\/?s={search_term_string}\"},\"query-input\":\"required name=search_term_string\"}],\"inLanguage\":\"en-US\"},{\"@type\":\"Organization\",\"@id\":\"https:\/\/ucor-ucor.ro\/new\/#organization\",\"name\":\"UCOR\",\"url\":\"https:\/\/ucor-ucor.ro\/new\/\",\"logo\":{\"@type\":\"ImageObject\",\"inLanguage\":\"en-US\",\"@id\":\"https:\/\/ucor-ucor.ro\/new\/#\/schema\/logo\/image\/\",\"url\":\"http:\/\/ucor-ucor.ro\/new\/wp-content\/uploads\/2020\/06\/cropped-UCOR.png\",\"contentUrl\":\"http:\/\/ucor-ucor.ro\/new\/wp-content\/uploads\/2020\/06\/cropped-UCOR.png\",\"width\":395,\"height\":128,\"caption\":\"UCOR\"},\"image\":{\"@id\":\"https:\/\/ucor-ucor.ro\/new\/#\/schema\/logo\/image\/\"}}]}<\/script>\n<!-- \/ Yoast SEO plugin. -->","yoast_head_json":{"title":"\u201cBalul de prim\u0103var\u0103 UCOR\u201d editia a 5-a - UCOR","robots":{"index":"index","follow":"follow","max-snippet":"max-snippet:-1","max-image-preview":"max-image-preview:large","max-video-preview":"max-video-preview:-1"},"canonical":"http:\/\/ucor-ucor.ro\/new\/balul-de-primavara-ucor-editia-a-5-a\/","og_locale":"en_US","og_type":"article","og_title":"\u201cBalul de prim\u0103var\u0103 UCOR\u201d editia a 5-a - UCOR","og_description":"\u00cen data de 24 februarie 2024, Uniunea Consulilor Onorifici din Rom\u00e2nia (UCOR) a organizat la InterContinental Ath\u00e9n\u00e9e Palace Bucharest Hotel, unul dintre cele mai importante evenimente anuale din agenda asociatiei, \u0219i anume: \u201cBalul de primavar\u0103 UCOR\u201d.Evenimentul, ajuns la cea de-a cincea edi\u021bie, a reunit membri ai comunit\u0103\u021bii diplomatice \u0219i de business, fiind un bun prilej [&hellip;]","og_url":"http:\/\/ucor-ucor.ro\/new\/balul-de-primavara-ucor-editia-a-5-a\/","og_site_name":"UCOR","article_modified_time":"2024-02-27T06:20:20+00:00","og_image":[{"url":"http:\/\/ucor-ucor.ro\/new\/wp-content\/uploads\/2024\/02\/Foto-1-1.jpg"}],"twitter_card":"summary_large_image","twitter_misc":{"Est. reading time":"4 minutes"},"schema":{"@context":"https:\/\/schema.org","@graph":[{"@type":"WebPage","@id":"http:\/\/ucor-ucor.ro\/new\/balul-de-primavara-ucor-editia-a-5-a\/","url":"http:\/\/ucor-ucor.ro\/new\/balul-de-primavara-ucor-editia-a-5-a\/","name":"\u201cBalul de prim\u0103var\u0103 UCOR\u201d editia a 5-a - UCOR","isPartOf":{"@id":"https:\/\/ucor-ucor.ro\/new\/#website"},"primaryImageOfPage":{"@id":"http:\/\/ucor-ucor.ro\/new\/balul-de-primavara-ucor-editia-a-5-a\/#primaryimage"},"image":{"@id":"http:\/\/ucor-ucor.ro\/new\/balul-de-primavara-ucor-editia-a-5-a\/#primaryimage"},"thumbnailUrl":"http:\/\/ucor-ucor.ro\/new\/wp-content\/uploads\/2024\/02\/Foto-1-1.jpg","datePublished":"2024-02-27T06:17:30+00:00","dateModified":"2024-02-27T06:20:20+00:00","breadcrumb":{"@id":"http:\/\/ucor-ucor.ro\/new\/balul-de-primavara-ucor-editia-a-5-a\/#breadcrumb"},"inLanguage":"en-US","potentialAction":[{"@type":"ReadAction","target":["http:\/\/ucor-ucor.ro\/new\/balul-de-primavara-ucor-editia-a-5-a\/"]}]},{"@type":"ImageObject","inLanguage":"en-US","@id":"http:\/\/ucor-ucor.ro\/new\/balul-de-primavara-ucor-editia-a-5-a\/#primaryimage","url":"http:\/\/ucor-ucor.ro\/new\/wp-content\/uploads\/2024\/02\/Foto-1-1.jpg","contentUrl":"http:\/\/ucor-ucor.ro\/new\/wp-content\/uploads\/2024\/02\/Foto-1-1.jpg","width":1024,"height":683},{"@type":"BreadcrumbList","@id":"http:\/\/ucor-ucor.ro\/new\/balul-de-primavara-ucor-editia-a-5-a\/#breadcrumb","itemListElement":[{"@type":"ListItem","position":1,"name":"Home","item":"https:\/\/ucor-ucor.ro\/new\/"},{"@type":"ListItem","position":2,"name":"\u201cBalul de prim\u0103var\u0103 UCOR\u201d editia a 5-a"}]},{"@type":"WebSite","@id":"https:\/\/ucor-ucor.ro\/new\/#website","url":"https:\/\/ucor-ucor.ro\/new\/","name":"UCOR","description":"","publisher":{"@id":"https:\/\/ucor-ucor.ro\/new\/#organization"},"potentialAction":[{"@type":"SearchAction","target":{"@type":"EntryPoint","urlTemplate":"https:\/\/ucor-ucor.ro\/new\/?s={search_term_string}"},"query-input":"required name=search_term_string"}],"inLanguage":"en-US"},{"@type":"Organization","@id":"https:\/\/ucor-ucor.ro\/new\/#organization","name":"UCOR","url":"https:\/\/ucor-ucor.ro\/new\/","logo":{"@type":"ImageObject","inLanguage":"en-US","@id":"https:\/\/ucor-ucor.ro\/new\/#\/schema\/logo\/image\/","url":"http:\/\/ucor-ucor.ro\/new\/wp-content\/uploads\/2020\/06\/cropped-UCOR.png","contentUrl":"http:\/\/ucor-ucor.ro\/new\/wp-content\/uploads\/2020\/06\/cropped-UCOR.png","width":395,"height":128,"caption":"UCOR"},"image":{"@id":"https:\/\/ucor-ucor.ro\/new\/#\/schema\/logo\/image\/"}}]}},"_links":{"self":[{"href":"http:\/\/ucor-ucor.ro\/new\/wp-json\/wp\/v2\/pages\/1250"}],"collection":[{"href":"http:\/\/ucor-ucor.ro\/new\/wp-json\/wp\/v2\/pages"}],"about":[{"href":"http:\/\/ucor-ucor.ro\/new\/wp-json\/wp\/v2\/types\/page"}],"author":[{"embeddable":true,"href":"http:\/\/ucor-ucor.ro\/new\/wp-json\/wp\/v2\/users\/1"}],"replies":[{"embeddable":true,"href":"http:\/\/ucor-ucor.ro\/new\/wp-json\/wp\/v2\/comments?post=1250"}],"version-history":[{"count":1,"href":"http:\/\/ucor-ucor.ro\/new\/wp-json\/wp\/v2\/pages\/1250\/revisions"}],"predecessor-version":[{"id":1255,"href":"http:\/\/ucor-ucor.ro\/new\/wp-json\/wp\/v2\/pages\/1250\/revisions\/1255"}],"wp:attachment":[{"href":"http:\/\/ucor-ucor.ro\/new\/wp-json\/wp\/v2\/media?parent=1250"}],"curies":[{"name":"wp","href":"https:\/\/api.w.org\/{rel}","templated":true}]}}