{"id":1175,"date":"2023-11-22T11:35:24","date_gmt":"2023-11-22T11:35:24","guid":{"rendered":"http:\/\/ucor-ucor.ro\/new\/?page_id=1175"},"modified":"2023-11-22T11:37:00","modified_gmt":"2023-11-22T11:37:00","slug":"semnarea-actului-aditional-la-protocolul-de-colaborare-intre-ministerul-afacerilor-externe-si-uniunea-consulilor-onorifici-din-romania","status":"publish","type":"page","link":"http:\/\/ucor-ucor.ro\/new\/semnarea-actului-aditional-la-protocolul-de-colaborare-intre-ministerul-afacerilor-externe-si-uniunea-consulilor-onorifici-din-romania\/","title":{"rendered":"Semnarea Actului adi\u021bional la Protocolul de colaborare \u00eentre Ministerul Afacerilor Externe \u0219i Uniunea Consulilor Onorifici din Rom\u00e2nia"},"content":{"rendered":"\n<p>Secretarul General al Ministerului Afacerilor Externe doamna Ambasador Mihaela C\u0103m\u0103r\u0103\u0219an \u0219i pre\u0219edintele Uniunii Consulilor Onorifici din Rom\u00e2nia, Consul Onorific Andreas Huber, au semnat la 21 noiembrie 2023, un Act adi\u021bional la Protocolul de colaborare, care are ca obiectiv principal intensificarea dialogului, a colabor\u0103rii \u0219i a sprijinului reciproc \u00een domeniul diploma\u021biei publice, culturale \u0219i economice. <br><br>La eveniment au participat, din partea Ministerului Afacerilor Externe al Rom\u00e2niei: E.S. doamna Amb. Mihaela C\u0103m\u0103r\u0103\u0219an- Secretarul General MAE, domnul Bogdan St\u0103nescu -Director General al Departamentului Consular din MAE, iar din partea Uniunii Consulilor Onorifici din Rom\u00e2nia, Pre\u0219edintele Uniunii Consulilor Onorifici din Rom\u00e2nia (UCOR), Andreas Huber, \u00eempreun\u0103 cu reprezentan\u021bii Consiliului Director al UCOR. <br><br>Secretarul General Mihaela C\u0103m\u0103r\u0103\u0219an a men\u021bionat importan\u021ba consolid\u0103rii dimensiunii economice a politicii externe rom\u00e2ne \u0219i necesitatea continu\u0103rii dezvolt\u0103rii dialogului institu\u021bional cu membrii corpului consulilor onorifici str\u0103ini acredita\u021bi \u00een Rom\u00e2nia, viz\u00e2nd stimularea dezvolt\u0103rii rela\u0163iilor economice, culturale, educa\u021bionale \u0219i sociale, prin facilitarea contactelor \u00een aceste domenii. <br><br>\u00cen context, Secretarul general MAE a precizat c\u0103 institu\u021bia consulului onorific are o importan\u021b\u0103 deosebit\u0103 prin rolul s\u0103u de vector de dezvoltare \u0219i promovare a rela\u021biilor bilaterale \u0219i a reiterat sus\u021binerea din partea Ministerului Afacerilor Externe pentru continuarea colabor\u0103rii, \u00een aceste domenii. Secretarul general MAE a evocat, \u00een acest context, foarte buna coordonare \u00eentre MAE \u0219i consulii onorifici acredita\u021bi \u00een Rom\u00e2nia \u00een eforturile de evacuare a cet\u0103\u021benilor str\u0103ini din Ucraina, ca urmare a declan\u0219\u0103rii r\u0103zboiului cu Federa\u021bia Rus\u0103, precum \u0219i \u00een alte situa\u021bii \u00een care au fost implica\u021bi cet\u0103\u021benii statelor reprezentate de consulii onorifici- membri ai UCOR. <br><br>De asemenea, Secretarul general Mihaela C\u0103m\u0103r\u0103\u0219an a reiterat deschiderea MAE pentru consolidarea dialogului \u0219i colabor\u0103rii dintre MAE \u0219i UCOR, cu obiectivul de a sprijini \u0219i facilita activitatea desf\u0103\u0219urat\u0103 de consulii onorifici \u00een Rom\u00e2nia. <br><br>La r\u00e2ndul s\u0103u, Pre\u0219edintele Andreas Huber, \u00eempreun\u0103 cu ceilal\u021bi reprezentan\u021bi ai conducerii UCOR, a mul\u021bumit pentru sprijinul constant de care UCOR beneficiaz\u0103 din partea conducerii MAE. A asigurat, totodat\u0103, c\u0103 UCOR depune toate eforturile pentru aprofundarea \u0219i extinderea rela\u021biilor dintre Rom\u00e2nia \u0219i \u021b\u0103rile reprezentate.<br><br>Sus\u021binerea de care UCOR s-a bucurat, at\u00e2t \u00een cadrul proiectelor interne ale Uniunii, c\u00e2t \u0219i \u00een evenimentele diplomatice organizate, au creat cadrul prielnic pentru semnarea \u0219i \u00eencheierea Actului Adi\u021bional la Protocolul \u00eencheiat la data de 26 februarie 2019 \u00eentre Ministerul Afacerilor Externe \u015fi Uniunea Consulilor Onorifici din Rom\u00e2nia, pentru edificarea raporturilor de colaborare, reciproc avantajoase, \u00een domeniul diploma\u0163iei publice, culturale \u015fi de afaceri. <br><br>Pre\u0219edintele Andreas Huber a amintit importan\u021ba semnarii la data de 26 februarie 2019 a Protocolului de colaborare \u00eentre Ministerul Afacerilor Externe \u0219i Uniunea Consulilor Onorifici din Rom\u00e2nia, acesta fiind considerat un document istoric \u00een existen\u021ba UCOR.<\/p>\n\n\n\n<div class=\"wp-block-image\"><figure class=\"aligncenter size-large\"><img fetchpriority=\"high\" decoding=\"async\" width=\"1024\" height=\"996\" src=\"http:\/\/ucor-ucor.ro\/new\/wp-content\/uploads\/2023\/11\/Foto1-1024x996.jpg\" alt=\"\" class=\"wp-image-1177\" srcset=\"http:\/\/ucor-ucor.ro\/new\/wp-content\/uploads\/2023\/11\/Foto1-1024x996.jpg 1024w, http:\/\/ucor-ucor.ro\/new\/wp-content\/uploads\/2023\/11\/Foto1-300x292.jpg 300w, http:\/\/ucor-ucor.ro\/new\/wp-content\/uploads\/2023\/11\/Foto1-768x747.jpg 768w, http:\/\/ucor-ucor.ro\/new\/wp-content\/uploads\/2023\/11\/Foto1-1536x1494.jpg 1536w, http:\/\/ucor-ucor.ro\/new\/wp-content\/uploads\/2023\/11\/Foto1-2048x1992.jpg 2048w, http:\/\/ucor-ucor.ro\/new\/wp-content\/uploads\/2023\/11\/Foto1-1200x1167.jpg 1200w, http:\/\/ucor-ucor.ro\/new\/wp-content\/uploads\/2023\/11\/Foto1-1980x1926.jpg 1980w\" sizes=\"(max-width: 1024px) 100vw, 1024px\" \/><\/figure><\/div>\n\n\n\n<div class=\"wp-block-image\"><figure class=\"aligncenter size-large\"><img decoding=\"async\" width=\"1024\" height=\"966\" src=\"http:\/\/ucor-ucor.ro\/new\/wp-content\/uploads\/2023\/11\/Foto2-1024x966.jpg\" alt=\"\" class=\"wp-image-1178\" srcset=\"http:\/\/ucor-ucor.ro\/new\/wp-content\/uploads\/2023\/11\/Foto2-1024x966.jpg 1024w, http:\/\/ucor-ucor.ro\/new\/wp-content\/uploads\/2023\/11\/Foto2-300x283.jpg 300w, http:\/\/ucor-ucor.ro\/new\/wp-content\/uploads\/2023\/11\/Foto2-768x724.jpg 768w, http:\/\/ucor-ucor.ro\/new\/wp-content\/uploads\/2023\/11\/Foto2-1536x1448.jpg 1536w, http:\/\/ucor-ucor.ro\/new\/wp-content\/uploads\/2023\/11\/Foto2-2048x1931.jpg 2048w, http:\/\/ucor-ucor.ro\/new\/wp-content\/uploads\/2023\/11\/Foto2-1200x1131.jpg 1200w, http:\/\/ucor-ucor.ro\/new\/wp-content\/uploads\/2023\/11\/Foto2-1980x1867.jpg 1980w\" sizes=\"(max-width: 1024px) 100vw, 1024px\" \/><\/figure><\/div>\n\n\n\n<div class=\"wp-block-image\"><figure class=\"aligncenter size-large\"><img decoding=\"async\" width=\"1024\" height=\"601\" src=\"http:\/\/ucor-ucor.ro\/new\/wp-content\/uploads\/2023\/11\/Foto3-1024x601.jpg\" alt=\"\" class=\"wp-image-1179\" srcset=\"http:\/\/ucor-ucor.ro\/new\/wp-content\/uploads\/2023\/11\/Foto3-1024x601.jpg 1024w, http:\/\/ucor-ucor.ro\/new\/wp-content\/uploads\/2023\/11\/Foto3-300x176.jpg 300w, http:\/\/ucor-ucor.ro\/new\/wp-content\/uploads\/2023\/11\/Foto3-768x451.jpg 768w, http:\/\/ucor-ucor.ro\/new\/wp-content\/uploads\/2023\/11\/Foto3-1536x902.jpg 1536w, http:\/\/ucor-ucor.ro\/new\/wp-content\/uploads\/2023\/11\/Foto3-2048x1203.jpg 2048w, http:\/\/ucor-ucor.ro\/new\/wp-content\/uploads\/2023\/11\/Foto3-1200x705.jpg 1200w, http:\/\/ucor-ucor.ro\/new\/wp-content\/uploads\/2023\/11\/Foto3-1980x1163.jpg 1980w\" sizes=\"(max-width: 1024px) 100vw, 1024px\" \/><figcaption>\u00cen foto, de la st\u00e2nga la dreapta: Dl. Bogdan St\u0103nescu -Director General al Departamentului Consular din MAE, Dna Georgiana Pogonaru \u2013Consul Onorific al Islandei \u00een Rom\u00e2nia, Dl Endre Molnar \u2013Consul Onorific al Ungariei la Drobeta Turnu Severin, Dl Andreas Huber- Consul Onorific al Austriei la Sibiu \u0219i Pre\u0219edinte UCOR, E.S. Dna Amb. Mihaela C\u0103m\u0103r\u0103\u0219an- Secretarul General MAE, Dl Eugen Lascu- Consul Onorific al Republicii Malta la Bucure\u0219ti, Dl Ion-Valeriu Ciolacu \u2013 Consul Onorific al Fran\u021bei la Bra\u0219ov, Dna Av.Dr. Elena Bustea \u2013 Consul Onorific al Republicii Ecuador la Bucure\u0219ti \u0219i Dl Ambasador Ioan Donca \u2013 Consul Onorific al Letoniei la Bucure\u0219ti.<\/figcaption><\/figure><\/div>\n","protected":false},"excerpt":{"rendered":"<p>Secretarul General al Ministerului Afacerilor Externe doamna Ambasador Mihaela C\u0103m\u0103r\u0103\u0219an \u0219i pre\u0219edintele Uniunii Consulilor Onorifici din Rom\u00e2nia, Consul Onorific Andreas Huber, au semnat la 21 noiembrie 2023, un Act adi\u021bional la Protocolul de colaborare, care are ca obiectiv principal intensificarea dialogului, a colabor\u0103rii \u0219i a sprijinului reciproc \u00een domeniul diploma\u021biei publice, culturale \u0219i economice. La [&hellip;]<\/p>\n","protected":false},"author":1,"featured_media":0,"parent":0,"menu_order":0,"comment_status":"closed","ping_status":"closed","template":"templates\/template-full-width.php","meta":{"footnotes":""},"yoast_head":"<!-- This site is optimized with the Yoast SEO plugin v22.5 - https:\/\/yoast.com\/wordpress\/plugins\/seo\/ -->\n<title>Semnarea Actului adi\u021bional la Protocolul de colaborare \u00eentre Ministerul Afacerilor Externe \u0219i Uniunea Consulilor Onorifici din Rom\u00e2nia - UCOR<\/title>\n<meta name=\"robots\" content=\"index, follow, max-snippet:-1, max-image-preview:large, max-video-preview:-1\" \/>\n<link rel=\"canonical\" href=\"http:\/\/ucor-ucor.ro\/new\/semnarea-actului-aditional-la-protocolul-de-colaborare-intre-ministerul-afacerilor-externe-si-uniunea-consulilor-onorifici-din-romania\/\" \/>\n<meta property=\"og:locale\" content=\"en_US\" \/>\n<meta property=\"og:type\" content=\"article\" \/>\n<meta property=\"og:title\" content=\"Semnarea Actului adi\u021bional la Protocolul de colaborare \u00eentre Ministerul Afacerilor Externe \u0219i Uniunea Consulilor Onorifici din Rom\u00e2nia - UCOR\" \/>\n<meta property=\"og:description\" content=\"Secretarul General al Ministerului Afacerilor Externe doamna Ambasador Mihaela C\u0103m\u0103r\u0103\u0219an \u0219i pre\u0219edintele Uniunii Consulilor Onorifici din Rom\u00e2nia, Consul Onorific Andreas Huber, au semnat la 21 noiembrie 2023, un Act adi\u021bional la Protocolul de colaborare, care are ca obiectiv principal intensificarea dialogului, a colabor\u0103rii \u0219i a sprijinului reciproc \u00een domeniul diploma\u021biei publice, culturale \u0219i economice. La [&hellip;]\" \/>\n<meta property=\"og:url\" content=\"http:\/\/ucor-ucor.ro\/new\/semnarea-actului-aditional-la-protocolul-de-colaborare-intre-ministerul-afacerilor-externe-si-uniunea-consulilor-onorifici-din-romania\/\" \/>\n<meta property=\"og:site_name\" content=\"UCOR\" \/>\n<meta property=\"article:modified_time\" content=\"2023-11-22T11:37:00+00:00\" \/>\n<meta property=\"og:image\" content=\"http:\/\/ucor-ucor.ro\/new\/wp-content\/uploads\/2023\/11\/Foto1-1024x996.jpg\" \/>\n<meta name=\"twitter:card\" content=\"summary_large_image\" \/>\n<meta name=\"twitter:label1\" content=\"Est. reading time\" \/>\n\t<meta name=\"twitter:data1\" content=\"3 minutes\" \/>\n<script type=\"application\/ld+json\" class=\"yoast-schema-graph\">{\"@context\":\"https:\/\/schema.org\",\"@graph\":[{\"@type\":\"WebPage\",\"@id\":\"http:\/\/ucor-ucor.ro\/new\/semnarea-actului-aditional-la-protocolul-de-colaborare-intre-ministerul-afacerilor-externe-si-uniunea-consulilor-onorifici-din-romania\/\",\"url\":\"http:\/\/ucor-ucor.ro\/new\/semnarea-actului-aditional-la-protocolul-de-colaborare-intre-ministerul-afacerilor-externe-si-uniunea-consulilor-onorifici-din-romania\/\",\"name\":\"Semnarea Actului adi\u021bional la Protocolul de colaborare \u00eentre Ministerul Afacerilor Externe \u0219i Uniunea Consulilor Onorifici din Rom\u00e2nia - UCOR\",\"isPartOf\":{\"@id\":\"https:\/\/ucor-ucor.ro\/new\/#website\"},\"primaryImageOfPage\":{\"@id\":\"http:\/\/ucor-ucor.ro\/new\/semnarea-actului-aditional-la-protocolul-de-colaborare-intre-ministerul-afacerilor-externe-si-uniunea-consulilor-onorifici-din-romania\/#primaryimage\"},\"image\":{\"@id\":\"http:\/\/ucor-ucor.ro\/new\/semnarea-actului-aditional-la-protocolul-de-colaborare-intre-ministerul-afacerilor-externe-si-uniunea-consulilor-onorifici-din-romania\/#primaryimage\"},\"thumbnailUrl\":\"http:\/\/ucor-ucor.ro\/new\/wp-content\/uploads\/2023\/11\/Foto1-1024x996.jpg\",\"datePublished\":\"2023-11-22T11:35:24+00:00\",\"dateModified\":\"2023-11-22T11:37:00+00:00\",\"breadcrumb\":{\"@id\":\"http:\/\/ucor-ucor.ro\/new\/semnarea-actului-aditional-la-protocolul-de-colaborare-intre-ministerul-afacerilor-externe-si-uniunea-consulilor-onorifici-din-romania\/#breadcrumb\"},\"inLanguage\":\"en-US\",\"potentialAction\":[{\"@type\":\"ReadAction\",\"target\":[\"http:\/\/ucor-ucor.ro\/new\/semnarea-actului-aditional-la-protocolul-de-colaborare-intre-ministerul-afacerilor-externe-si-uniunea-consulilor-onorifici-din-romania\/\"]}]},{\"@type\":\"ImageObject\",\"inLanguage\":\"en-US\",\"@id\":\"http:\/\/ucor-ucor.ro\/new\/semnarea-actului-aditional-la-protocolul-de-colaborare-intre-ministerul-afacerilor-externe-si-uniunea-consulilor-onorifici-din-romania\/#primaryimage\",\"url\":\"http:\/\/ucor-ucor.ro\/new\/wp-content\/uploads\/2023\/11\/Foto1-scaled.jpg\",\"contentUrl\":\"http:\/\/ucor-ucor.ro\/new\/wp-content\/uploads\/2023\/11\/Foto1-scaled.jpg\",\"width\":2560,\"height\":2490},{\"@type\":\"BreadcrumbList\",\"@id\":\"http:\/\/ucor-ucor.ro\/new\/semnarea-actului-aditional-la-protocolul-de-colaborare-intre-ministerul-afacerilor-externe-si-uniunea-consulilor-onorifici-din-romania\/#breadcrumb\",\"itemListElement\":[{\"@type\":\"ListItem\",\"position\":1,\"name\":\"Home\",\"item\":\"https:\/\/ucor-ucor.ro\/new\/\"},{\"@type\":\"ListItem\",\"position\":2,\"name\":\"Semnarea Actului adi\u021bional la Protocolul de colaborare \u00eentre Ministerul Afacerilor Externe \u0219i Uniunea Consulilor Onorifici din Rom\u00e2nia\"}]},{\"@type\":\"WebSite\",\"@id\":\"https:\/\/ucor-ucor.ro\/new\/#website\",\"url\":\"https:\/\/ucor-ucor.ro\/new\/\",\"name\":\"UCOR\",\"description\":\"\",\"publisher\":{\"@id\":\"https:\/\/ucor-ucor.ro\/new\/#organization\"},\"potentialAction\":[{\"@type\":\"SearchAction\",\"target\":{\"@type\":\"EntryPoint\",\"urlTemplate\":\"https:\/\/ucor-ucor.ro\/new\/?s={search_term_string}\"},\"query-input\":\"required name=search_term_string\"}],\"inLanguage\":\"en-US\"},{\"@type\":\"Organization\",\"@id\":\"https:\/\/ucor-ucor.ro\/new\/#organization\",\"name\":\"UCOR\",\"url\":\"https:\/\/ucor-ucor.ro\/new\/\",\"logo\":{\"@type\":\"ImageObject\",\"inLanguage\":\"en-US\",\"@id\":\"https:\/\/ucor-ucor.ro\/new\/#\/schema\/logo\/image\/\",\"url\":\"http:\/\/ucor-ucor.ro\/new\/wp-content\/uploads\/2020\/06\/cropped-UCOR.png\",\"contentUrl\":\"http:\/\/ucor-ucor.ro\/new\/wp-content\/uploads\/2020\/06\/cropped-UCOR.png\",\"width\":395,\"height\":128,\"caption\":\"UCOR\"},\"image\":{\"@id\":\"https:\/\/ucor-ucor.ro\/new\/#\/schema\/logo\/image\/\"}}]}<\/script>\n<!-- \/ Yoast SEO plugin. -->","yoast_head_json":{"title":"Semnarea Actului adi\u021bional la Protocolul de colaborare \u00eentre Ministerul Afacerilor Externe \u0219i Uniunea Consulilor Onorifici din Rom\u00e2nia - UCOR","robots":{"index":"index","follow":"follow","max-snippet":"max-snippet:-1","max-image-preview":"max-image-preview:large","max-video-preview":"max-video-preview:-1"},"canonical":"http:\/\/ucor-ucor.ro\/new\/semnarea-actului-aditional-la-protocolul-de-colaborare-intre-ministerul-afacerilor-externe-si-uniunea-consulilor-onorifici-din-romania\/","og_locale":"en_US","og_type":"article","og_title":"Semnarea Actului adi\u021bional la Protocolul de colaborare \u00eentre Ministerul Afacerilor Externe \u0219i Uniunea Consulilor Onorifici din Rom\u00e2nia - UCOR","og_description":"Secretarul General al Ministerului Afacerilor Externe doamna Ambasador Mihaela C\u0103m\u0103r\u0103\u0219an \u0219i pre\u0219edintele Uniunii Consulilor Onorifici din Rom\u00e2nia, Consul Onorific Andreas Huber, au semnat la 21 noiembrie 2023, un Act adi\u021bional la Protocolul de colaborare, care are ca obiectiv principal intensificarea dialogului, a colabor\u0103rii \u0219i a sprijinului reciproc \u00een domeniul diploma\u021biei publice, culturale \u0219i economice. La [&hellip;]","og_url":"http:\/\/ucor-ucor.ro\/new\/semnarea-actului-aditional-la-protocolul-de-colaborare-intre-ministerul-afacerilor-externe-si-uniunea-consulilor-onorifici-din-romania\/","og_site_name":"UCOR","article_modified_time":"2023-11-22T11:37:00+00:00","og_image":[{"url":"http:\/\/ucor-ucor.ro\/new\/wp-content\/uploads\/2023\/11\/Foto1-1024x996.jpg"}],"twitter_card":"summary_large_image","twitter_misc":{"Est. reading time":"3 minutes"},"schema":{"@context":"https:\/\/schema.org","@graph":[{"@type":"WebPage","@id":"http:\/\/ucor-ucor.ro\/new\/semnarea-actului-aditional-la-protocolul-de-colaborare-intre-ministerul-afacerilor-externe-si-uniunea-consulilor-onorifici-din-romania\/","url":"http:\/\/ucor-ucor.ro\/new\/semnarea-actului-aditional-la-protocolul-de-colaborare-intre-ministerul-afacerilor-externe-si-uniunea-consulilor-onorifici-din-romania\/","name":"Semnarea Actului adi\u021bional la Protocolul de colaborare \u00eentre Ministerul Afacerilor Externe \u0219i Uniunea Consulilor Onorifici din Rom\u00e2nia - UCOR","isPartOf":{"@id":"https:\/\/ucor-ucor.ro\/new\/#website"},"primaryImageOfPage":{"@id":"http:\/\/ucor-ucor.ro\/new\/semnarea-actului-aditional-la-protocolul-de-colaborare-intre-ministerul-afacerilor-externe-si-uniunea-consulilor-onorifici-din-romania\/#primaryimage"},"image":{"@id":"http:\/\/ucor-ucor.ro\/new\/semnarea-actului-aditional-la-protocolul-de-colaborare-intre-ministerul-afacerilor-externe-si-uniunea-consulilor-onorifici-din-romania\/#primaryimage"},"thumbnailUrl":"http:\/\/ucor-ucor.ro\/new\/wp-content\/uploads\/2023\/11\/Foto1-1024x996.jpg","datePublished":"2023-11-22T11:35:24+00:00","dateModified":"2023-11-22T11:37:00+00:00","breadcrumb":{"@id":"http:\/\/ucor-ucor.ro\/new\/semnarea-actului-aditional-la-protocolul-de-colaborare-intre-ministerul-afacerilor-externe-si-uniunea-consulilor-onorifici-din-romania\/#breadcrumb"},"inLanguage":"en-US","potentialAction":[{"@type":"ReadAction","target":["http:\/\/ucor-ucor.ro\/new\/semnarea-actului-aditional-la-protocolul-de-colaborare-intre-ministerul-afacerilor-externe-si-uniunea-consulilor-onorifici-din-romania\/"]}]},{"@type":"ImageObject","inLanguage":"en-US","@id":"http:\/\/ucor-ucor.ro\/new\/semnarea-actului-aditional-la-protocolul-de-colaborare-intre-ministerul-afacerilor-externe-si-uniunea-consulilor-onorifici-din-romania\/#primaryimage","url":"http:\/\/ucor-ucor.ro\/new\/wp-content\/uploads\/2023\/11\/Foto1-scaled.jpg","contentUrl":"http:\/\/ucor-ucor.ro\/new\/wp-content\/uploads\/2023\/11\/Foto1-scaled.jpg","width":2560,"height":2490},{"@type":"BreadcrumbList","@id":"http:\/\/ucor-ucor.ro\/new\/semnarea-actului-aditional-la-protocolul-de-colaborare-intre-ministerul-afacerilor-externe-si-uniunea-consulilor-onorifici-din-romania\/#breadcrumb","itemListElement":[{"@type":"ListItem","position":1,"name":"Home","item":"https:\/\/ucor-ucor.ro\/new\/"},{"@type":"ListItem","position":2,"name":"Semnarea Actului adi\u021bional la Protocolul de colaborare \u00eentre Ministerul Afacerilor Externe \u0219i Uniunea Consulilor Onorifici din Rom\u00e2nia"}]},{"@type":"WebSite","@id":"https:\/\/ucor-ucor.ro\/new\/#website","url":"https:\/\/ucor-ucor.ro\/new\/","name":"UCOR","description":"","publisher":{"@id":"https:\/\/ucor-ucor.ro\/new\/#organization"},"potentialAction":[{"@type":"SearchAction","target":{"@type":"EntryPoint","urlTemplate":"https:\/\/ucor-ucor.ro\/new\/?s={search_term_string}"},"query-input":"required name=search_term_string"}],"inLanguage":"en-US"},{"@type":"Organization","@id":"https:\/\/ucor-ucor.ro\/new\/#organization","name":"UCOR","url":"https:\/\/ucor-ucor.ro\/new\/","logo":{"@type":"ImageObject","inLanguage":"en-US","@id":"https:\/\/ucor-ucor.ro\/new\/#\/schema\/logo\/image\/","url":"http:\/\/ucor-ucor.ro\/new\/wp-content\/uploads\/2020\/06\/cropped-UCOR.png","contentUrl":"http:\/\/ucor-ucor.ro\/new\/wp-content\/uploads\/2020\/06\/cropped-UCOR.png","width":395,"height":128,"caption":"UCOR"},"image":{"@id":"https:\/\/ucor-ucor.ro\/new\/#\/schema\/logo\/image\/"}}]}},"_links":{"self":[{"href":"http:\/\/ucor-ucor.ro\/new\/wp-json\/wp\/v2\/pages\/1175"}],"collection":[{"href":"http:\/\/ucor-ucor.ro\/new\/wp-json\/wp\/v2\/pages"}],"about":[{"href":"http:\/\/ucor-ucor.ro\/new\/wp-json\/wp\/v2\/types\/page"}],"author":[{"embeddable":true,"href":"http:\/\/ucor-ucor.ro\/new\/wp-json\/wp\/v2\/users\/1"}],"replies":[{"embeddable":true,"href":"http:\/\/ucor-ucor.ro\/new\/wp-json\/wp\/v2\/comments?post=1175"}],"version-history":[{"count":2,"href":"http:\/\/ucor-ucor.ro\/new\/wp-json\/wp\/v2\/pages\/1175\/revisions"}],"predecessor-version":[{"id":1181,"href":"http:\/\/ucor-ucor.ro\/new\/wp-json\/wp\/v2\/pages\/1175\/revisions\/1181"}],"wp:attachment":[{"href":"http:\/\/ucor-ucor.ro\/new\/wp-json\/wp\/v2\/media?parent=1175"}],"curies":[{"name":"wp","href":"https:\/\/api.w.org\/{rel}","templated":true}]}}