{"id":1146,"date":"2023-10-23T06:51:48","date_gmt":"2023-10-23T06:51:48","guid":{"rendered":"http:\/\/ucor-ucor.ro\/new\/?page_id=1146"},"modified":"2023-10-23T07:13:17","modified_gmt":"2023-10-23T07:13:17","slug":"board-meeting-si-adunarea-generala-f-u-e-c-h-evenimente-conexe-2","status":"publish","type":"page","link":"http:\/\/ucor-ucor.ro\/new\/board-meeting-si-adunarea-generala-f-u-e-c-h-evenimente-conexe-2\/","title":{"rendered":"Board Meeting si Adunarea Generala F.U.E.C.H. &#038; evenimente conexe"},"content":{"rendered":"\n<p>\u00cen perioada 7 \u2013 11 octombrie 2023, s-a desf\u0103\u0219urat la Amsterdam, Olanda, Board meeting-ul \u0219i Adunarea General\u0103 a \u201cFederation de l\u2019Union Europeenne des Consuls Honoraires\u201d (F.U.E.C.H.), \u00eempreun\u0103 cu evenimentele conexe desf\u0103\u0219urate la Rotterdam, organizate de Corpul Consular din Olanda (CCN).<br><br>Din partea Uniunii Consulilor Onorifici din Rom\u00e2nia (U.C.O.R.) a participat Dl Pre\u0219edinte CO Andreas Huber.<br><br>\u00cen data de 9.10.2023 s-au desf\u0103\u0219urat la Royal Industrieele Groote Club Amsterdam: \uf0b7 Board Meeting-ul, cu deschiderea lucr\u0103rilor printr-un cuv\u00e2nt de \u201cBun venit\u201d adresat de c\u0103tre Presedintele F.U.E.C.H -Dl. Consul Onorific Jean J. Baron Haus.<br><br>Mai multe subiecte au fost incluse pe ordinea de zi. Printre altele:<\/p>\n\n\n\n<ul><li>Aprobarea procesului-verbal al \u0219edin\u021bei Consiliului din 22.06.2023<\/li><li>Prezentarea Raportului financiar al Trezorierului F.U.E.C.H.<\/li><li>Extinderea num\u0103rului de membri \u00een cadrul F.U.E.C.H.<\/li><li>Activit\u0103\u021bi \u0219i ac\u021biuni planificate pentru anul 2024<br>\uf0b7 Adunarea General\u0103 a membrilor a fost deschis\u0103 prin adresarea c\u0103tre to\u021bi participantii a unui cuv\u00e2nt de \u201cBun venit\u201d, rostit de c\u0103tre Pre\u0219edintele F.U.E.C.H, Dl. Consul Onorific Jean J. Baron Haus.<br>Ordinea de zi a cuprins, printre altele:<\/li><li>Aprobarea procesului-verbal al \u0219edin\u021bei Consiliului din 22.06.2023<\/li><li>Raportul activit\u0103\u021bilor 2023<\/li><li>Prezentarea Raportului financiar al Trezorierului F.U.E.C.H.<\/li><li>Activit\u0103\u021bi planificate pentru anul 2024<\/li><li>Adapt\u0103ri ale Statutului cu o nou\u0103 denumire: vot \u00een Adunarea General\u0103;<\/li><li>Contact cu membrii pasivi<\/li><li>Extinderea num\u0103rului de membri \u00een cadrul F.U.E.C.H.<br><br>S-a hot\u0103r\u00e2t, printre altele, schimbarea denumirii federa\u021biei \u00een E.F.C.A.C. \u2013 European Federation of Consular Associations and Consuls. Printre altele, s-a discutat despre organizarea urm\u0103toarei \u00eent\u00e2lniri a Board-ului F.U.E.C.H., ce urmeaz\u0103 a se desf\u0103\u0219ura \u00een perioada 24-28 aprilie 2024 \u00een Valencia, Spania, iar Adunarea General\u0103 F.U.E.C.H se va desf\u0103\u0219ura \u00een Ungaria, \u00een toamna anului 2024. Datele exacte ale acestor \u00eentrunirii urmeaz\u0103 a fi stabilite \u0219i comunicate \u00een timp util.<br><br>\u00cen cursul serii s-a desf\u0103\u0219urat o cin\u0103 festiv\u0103, la care au fost invita\u021bi \u0219i au participat membrii ai Corpului Consular din Olanda.<br><br>Ziua de 11.10.2023 a fost dedicat\u0103 evenimentelor conexe organizate de Corpul Consular din Olanda (CCN), respectiv o excursie la Portul din Rotterdam. Programul a cuprins o vizit\u0103 a Muzeului Future Land, o scurt\u0103 prezentare \u0219i proiectia filmului despre port, prezentarea proiectului \u201eShore Tension\u201d \u0219i turul ghidat cu vaporul al Terminalului din Portul Amsterdam.<br><br>Reuniunea a cuprins \u0219i vizite la diferite obiective turistice din Amsterdam, dintre care: Rijksmuseum, Galeria de Art\u0103 Peatart, precum \u0219i o excursie \u00een ora\u0219ul Haarlem \u0219i la Muzeul Frans Hals.<br><br>\u00cen cadrul acestei reuniuni au avut loc un schimb amplu de opinii \u00eentre consulii onorifici prezenti la eveniment, fiind abordate teme diplomatice, economice, de politica actual\u0103 \u0219i cultur\u0103. Evenimentul s-a \u00eencheiat cu exprimarea, din partea tuturor participan\u021bilor, a convingerii c\u0103 se vor continua rela\u021biile de comunicare, \u00een toate domeniile de interes.<\/li><\/ul>\n\n\n\n<figure class=\"wp-block-gallery columns-3 is-cropped wp-block-gallery-1 is-layout-flex wp-block-gallery-is-layout-flex\"><ul class=\"blocks-gallery-grid\"><li class=\"blocks-gallery-item\"><figure><img fetchpriority=\"high\" decoding=\"async\" width=\"1024\" height=\"768\" src=\"http:\/\/ucor-ucor.ro\/new\/wp-content\/uploads\/2023\/10\/WhatsApp-Image-2023-10-09-at-21.11.41.jpeg\" alt=\"\" data-id=\"1148\" data-full-url=\"http:\/\/ucor-ucor.ro\/new\/wp-content\/uploads\/2023\/10\/WhatsApp-Image-2023-10-09-at-21.11.41.jpeg\" data-link=\"http:\/\/ucor-ucor.ro\/new\/board-meeting-si-adunarea-generala-f-u-e-c-h-evenimente-conexe-2\/whatsapp-image-2023-10-09-at-21-11-41\/\" class=\"wp-image-1148\" srcset=\"http:\/\/ucor-ucor.ro\/new\/wp-content\/uploads\/2023\/10\/WhatsApp-Image-2023-10-09-at-21.11.41.jpeg 1024w, http:\/\/ucor-ucor.ro\/new\/wp-content\/uploads\/2023\/10\/WhatsApp-Image-2023-10-09-at-21.11.41-300x225.jpeg 300w, http:\/\/ucor-ucor.ro\/new\/wp-content\/uploads\/2023\/10\/WhatsApp-Image-2023-10-09-at-21.11.41-768x576.jpeg 768w\" sizes=\"(max-width: 1024px) 100vw, 1024px\" \/><\/figure><\/li><li class=\"blocks-gallery-item\"><figure><img decoding=\"async\" width=\"1024\" height=\"768\" src=\"http:\/\/ucor-ucor.ro\/new\/wp-content\/uploads\/2023\/10\/WhatsApp-Image-2023-10-10-at-13.53.08-1.jpeg\" alt=\"\" data-id=\"1149\" data-full-url=\"http:\/\/ucor-ucor.ro\/new\/wp-content\/uploads\/2023\/10\/WhatsApp-Image-2023-10-10-at-13.53.08-1.jpeg\" data-link=\"http:\/\/ucor-ucor.ro\/new\/board-meeting-si-adunarea-generala-f-u-e-c-h-evenimente-conexe-2\/whatsapp-image-2023-10-10-at-13-53-08-1\/\" class=\"wp-image-1149\" srcset=\"http:\/\/ucor-ucor.ro\/new\/wp-content\/uploads\/2023\/10\/WhatsApp-Image-2023-10-10-at-13.53.08-1.jpeg 1024w, http:\/\/ucor-ucor.ro\/new\/wp-content\/uploads\/2023\/10\/WhatsApp-Image-2023-10-10-at-13.53.08-1-300x225.jpeg 300w, http:\/\/ucor-ucor.ro\/new\/wp-content\/uploads\/2023\/10\/WhatsApp-Image-2023-10-10-at-13.53.08-1-768x576.jpeg 768w\" sizes=\"(max-width: 1024px) 100vw, 1024px\" \/><\/figure><\/li><li class=\"blocks-gallery-item\"><figure><img decoding=\"async\" width=\"768\" height=\"1024\" src=\"http:\/\/ucor-ucor.ro\/new\/wp-content\/uploads\/2023\/10\/WhatsApp-Image-2023-10-10-at-14.03.08.jpeg\" alt=\"\" data-id=\"1150\" data-full-url=\"http:\/\/ucor-ucor.ro\/new\/wp-content\/uploads\/2023\/10\/WhatsApp-Image-2023-10-10-at-14.03.08.jpeg\" data-link=\"http:\/\/ucor-ucor.ro\/new\/board-meeting-si-adunarea-generala-f-u-e-c-h-evenimente-conexe-2\/whatsapp-image-2023-10-10-at-14-03-08\/\" class=\"wp-image-1150\" srcset=\"http:\/\/ucor-ucor.ro\/new\/wp-content\/uploads\/2023\/10\/WhatsApp-Image-2023-10-10-at-14.03.08.jpeg 768w, http:\/\/ucor-ucor.ro\/new\/wp-content\/uploads\/2023\/10\/WhatsApp-Image-2023-10-10-at-14.03.08-225x300.jpeg 225w\" sizes=\"(max-width: 768px) 100vw, 768px\" \/><\/figure><\/li><li class=\"blocks-gallery-item\"><figure><img loading=\"lazy\" decoding=\"async\" width=\"1024\" height=\"768\" src=\"http:\/\/ucor-ucor.ro\/new\/wp-content\/uploads\/2023\/10\/WhatsApp-Image-2023-10-10-at-18.51.40.jpeg\" alt=\"\" data-id=\"1151\" data-full-url=\"http:\/\/ucor-ucor.ro\/new\/wp-content\/uploads\/2023\/10\/WhatsApp-Image-2023-10-10-at-18.51.40.jpeg\" data-link=\"http:\/\/ucor-ucor.ro\/new\/board-meeting-si-adunarea-generala-f-u-e-c-h-evenimente-conexe-2\/whatsapp-image-2023-10-10-at-18-51-40\/\" class=\"wp-image-1151\" srcset=\"http:\/\/ucor-ucor.ro\/new\/wp-content\/uploads\/2023\/10\/WhatsApp-Image-2023-10-10-at-18.51.40.jpeg 1024w, http:\/\/ucor-ucor.ro\/new\/wp-content\/uploads\/2023\/10\/WhatsApp-Image-2023-10-10-at-18.51.40-300x225.jpeg 300w, http:\/\/ucor-ucor.ro\/new\/wp-content\/uploads\/2023\/10\/WhatsApp-Image-2023-10-10-at-18.51.40-768x576.jpeg 768w\" sizes=\"(max-width: 1024px) 100vw, 1024px\" \/><\/figure><\/li><\/ul><\/figure>\n","protected":false},"excerpt":{"rendered":"<p>\u00cen perioada 7 \u2013 11 octombrie 2023, s-a desf\u0103\u0219urat la Amsterdam, Olanda, Board meeting-ul \u0219i Adunarea General\u0103 a \u201cFederation de l\u2019Union Europeenne des Consuls Honoraires\u201d (F.U.E.C.H.), \u00eempreun\u0103 cu evenimentele conexe desf\u0103\u0219urate la Rotterdam, organizate de Corpul Consular din Olanda (CCN). Din partea Uniunii Consulilor Onorifici din Rom\u00e2nia (U.C.O.R.) a participat Dl Pre\u0219edinte CO Andreas Huber. [&hellip;]<\/p>\n","protected":false},"author":1,"featured_media":0,"parent":0,"menu_order":0,"comment_status":"closed","ping_status":"closed","template":"templates\/template-full-width.php","meta":{"footnotes":""},"yoast_head":"<!-- This site is optimized with the Yoast SEO plugin v22.5 - https:\/\/yoast.com\/wordpress\/plugins\/seo\/ -->\n<title>Board Meeting si Adunarea Generala F.U.E.C.H. &amp; evenimente conexe - UCOR<\/title>\n<meta name=\"robots\" content=\"index, follow, max-snippet:-1, max-image-preview:large, max-video-preview:-1\" \/>\n<link rel=\"canonical\" href=\"http:\/\/ucor-ucor.ro\/new\/board-meeting-si-adunarea-generala-f-u-e-c-h-evenimente-conexe-2\/\" \/>\n<meta property=\"og:locale\" content=\"en_US\" \/>\n<meta property=\"og:type\" content=\"article\" \/>\n<meta property=\"og:title\" content=\"Board Meeting si Adunarea Generala F.U.E.C.H. &amp; evenimente conexe - UCOR\" \/>\n<meta property=\"og:description\" content=\"\u00cen perioada 7 \u2013 11 octombrie 2023, s-a desf\u0103\u0219urat la Amsterdam, Olanda, Board meeting-ul \u0219i Adunarea General\u0103 a \u201cFederation de l\u2019Union Europeenne des Consuls Honoraires\u201d (F.U.E.C.H.), \u00eempreun\u0103 cu evenimentele conexe desf\u0103\u0219urate la Rotterdam, organizate de Corpul Consular din Olanda (CCN). Din partea Uniunii Consulilor Onorifici din Rom\u00e2nia (U.C.O.R.) a participat Dl Pre\u0219edinte CO Andreas Huber. [&hellip;]\" \/>\n<meta property=\"og:url\" content=\"http:\/\/ucor-ucor.ro\/new\/board-meeting-si-adunarea-generala-f-u-e-c-h-evenimente-conexe-2\/\" \/>\n<meta property=\"og:site_name\" content=\"UCOR\" \/>\n<meta property=\"article:modified_time\" content=\"2023-10-23T07:13:17+00:00\" \/>\n<meta property=\"og:image\" content=\"http:\/\/ucor-ucor.ro\/new\/wp-content\/uploads\/2023\/10\/WhatsApp-Image-2023-10-09-at-21.11.41.jpeg\" \/>\n<meta name=\"twitter:card\" content=\"summary_large_image\" \/>\n<meta name=\"twitter:label1\" content=\"Est. reading time\" \/>\n\t<meta name=\"twitter:data1\" content=\"3 minutes\" \/>\n<script type=\"application\/ld+json\" class=\"yoast-schema-graph\">{\"@context\":\"https:\/\/schema.org\",\"@graph\":[{\"@type\":\"WebPage\",\"@id\":\"http:\/\/ucor-ucor.ro\/new\/board-meeting-si-adunarea-generala-f-u-e-c-h-evenimente-conexe-2\/\",\"url\":\"http:\/\/ucor-ucor.ro\/new\/board-meeting-si-adunarea-generala-f-u-e-c-h-evenimente-conexe-2\/\",\"name\":\"Board Meeting si Adunarea Generala F.U.E.C.H. & evenimente conexe - UCOR\",\"isPartOf\":{\"@id\":\"https:\/\/ucor-ucor.ro\/new\/#website\"},\"primaryImageOfPage\":{\"@id\":\"http:\/\/ucor-ucor.ro\/new\/board-meeting-si-adunarea-generala-f-u-e-c-h-evenimente-conexe-2\/#primaryimage\"},\"image\":{\"@id\":\"http:\/\/ucor-ucor.ro\/new\/board-meeting-si-adunarea-generala-f-u-e-c-h-evenimente-conexe-2\/#primaryimage\"},\"thumbnailUrl\":\"http:\/\/ucor-ucor.ro\/new\/wp-content\/uploads\/2023\/10\/WhatsApp-Image-2023-10-09-at-21.11.41.jpeg\",\"datePublished\":\"2023-10-23T06:51:48+00:00\",\"dateModified\":\"2023-10-23T07:13:17+00:00\",\"breadcrumb\":{\"@id\":\"http:\/\/ucor-ucor.ro\/new\/board-meeting-si-adunarea-generala-f-u-e-c-h-evenimente-conexe-2\/#breadcrumb\"},\"inLanguage\":\"en-US\",\"potentialAction\":[{\"@type\":\"ReadAction\",\"target\":[\"http:\/\/ucor-ucor.ro\/new\/board-meeting-si-adunarea-generala-f-u-e-c-h-evenimente-conexe-2\/\"]}]},{\"@type\":\"ImageObject\",\"inLanguage\":\"en-US\",\"@id\":\"http:\/\/ucor-ucor.ro\/new\/board-meeting-si-adunarea-generala-f-u-e-c-h-evenimente-conexe-2\/#primaryimage\",\"url\":\"http:\/\/ucor-ucor.ro\/new\/wp-content\/uploads\/2023\/10\/WhatsApp-Image-2023-10-09-at-21.11.41.jpeg\",\"contentUrl\":\"http:\/\/ucor-ucor.ro\/new\/wp-content\/uploads\/2023\/10\/WhatsApp-Image-2023-10-09-at-21.11.41.jpeg\",\"width\":1024,\"height\":768},{\"@type\":\"BreadcrumbList\",\"@id\":\"http:\/\/ucor-ucor.ro\/new\/board-meeting-si-adunarea-generala-f-u-e-c-h-evenimente-conexe-2\/#breadcrumb\",\"itemListElement\":[{\"@type\":\"ListItem\",\"position\":1,\"name\":\"Home\",\"item\":\"https:\/\/ucor-ucor.ro\/new\/\"},{\"@type\":\"ListItem\",\"position\":2,\"name\":\"Board Meeting si Adunarea Generala F.U.E.C.H. &#038; evenimente conexe\"}]},{\"@type\":\"WebSite\",\"@id\":\"https:\/\/ucor-ucor.ro\/new\/#website\",\"url\":\"https:\/\/ucor-ucor.ro\/new\/\",\"name\":\"UCOR\",\"description\":\"\",\"publisher\":{\"@id\":\"https:\/\/ucor-ucor.ro\/new\/#organization\"},\"potentialAction\":[{\"@type\":\"SearchAction\",\"target\":{\"@type\":\"EntryPoint\",\"urlTemplate\":\"https:\/\/ucor-ucor.ro\/new\/?s={search_term_string}\"},\"query-input\":\"required name=search_term_string\"}],\"inLanguage\":\"en-US\"},{\"@type\":\"Organization\",\"@id\":\"https:\/\/ucor-ucor.ro\/new\/#organization\",\"name\":\"UCOR\",\"url\":\"https:\/\/ucor-ucor.ro\/new\/\",\"logo\":{\"@type\":\"ImageObject\",\"inLanguage\":\"en-US\",\"@id\":\"https:\/\/ucor-ucor.ro\/new\/#\/schema\/logo\/image\/\",\"url\":\"http:\/\/ucor-ucor.ro\/new\/wp-content\/uploads\/2020\/06\/cropped-UCOR.png\",\"contentUrl\":\"http:\/\/ucor-ucor.ro\/new\/wp-content\/uploads\/2020\/06\/cropped-UCOR.png\",\"width\":395,\"height\":128,\"caption\":\"UCOR\"},\"image\":{\"@id\":\"https:\/\/ucor-ucor.ro\/new\/#\/schema\/logo\/image\/\"}}]}<\/script>\n<!-- \/ Yoast SEO plugin. -->","yoast_head_json":{"title":"Board Meeting si Adunarea Generala F.U.E.C.H. & evenimente conexe - UCOR","robots":{"index":"index","follow":"follow","max-snippet":"max-snippet:-1","max-image-preview":"max-image-preview:large","max-video-preview":"max-video-preview:-1"},"canonical":"http:\/\/ucor-ucor.ro\/new\/board-meeting-si-adunarea-generala-f-u-e-c-h-evenimente-conexe-2\/","og_locale":"en_US","og_type":"article","og_title":"Board Meeting si Adunarea Generala F.U.E.C.H. & evenimente conexe - UCOR","og_description":"\u00cen perioada 7 \u2013 11 octombrie 2023, s-a desf\u0103\u0219urat la Amsterdam, Olanda, Board meeting-ul \u0219i Adunarea General\u0103 a \u201cFederation de l\u2019Union Europeenne des Consuls Honoraires\u201d (F.U.E.C.H.), \u00eempreun\u0103 cu evenimentele conexe desf\u0103\u0219urate la Rotterdam, organizate de Corpul Consular din Olanda (CCN). Din partea Uniunii Consulilor Onorifici din Rom\u00e2nia (U.C.O.R.) a participat Dl Pre\u0219edinte CO Andreas Huber. [&hellip;]","og_url":"http:\/\/ucor-ucor.ro\/new\/board-meeting-si-adunarea-generala-f-u-e-c-h-evenimente-conexe-2\/","og_site_name":"UCOR","article_modified_time":"2023-10-23T07:13:17+00:00","og_image":[{"url":"http:\/\/ucor-ucor.ro\/new\/wp-content\/uploads\/2023\/10\/WhatsApp-Image-2023-10-09-at-21.11.41.jpeg"}],"twitter_card":"summary_large_image","twitter_misc":{"Est. reading time":"3 minutes"},"schema":{"@context":"https:\/\/schema.org","@graph":[{"@type":"WebPage","@id":"http:\/\/ucor-ucor.ro\/new\/board-meeting-si-adunarea-generala-f-u-e-c-h-evenimente-conexe-2\/","url":"http:\/\/ucor-ucor.ro\/new\/board-meeting-si-adunarea-generala-f-u-e-c-h-evenimente-conexe-2\/","name":"Board Meeting si Adunarea Generala F.U.E.C.H. & evenimente conexe - UCOR","isPartOf":{"@id":"https:\/\/ucor-ucor.ro\/new\/#website"},"primaryImageOfPage":{"@id":"http:\/\/ucor-ucor.ro\/new\/board-meeting-si-adunarea-generala-f-u-e-c-h-evenimente-conexe-2\/#primaryimage"},"image":{"@id":"http:\/\/ucor-ucor.ro\/new\/board-meeting-si-adunarea-generala-f-u-e-c-h-evenimente-conexe-2\/#primaryimage"},"thumbnailUrl":"http:\/\/ucor-ucor.ro\/new\/wp-content\/uploads\/2023\/10\/WhatsApp-Image-2023-10-09-at-21.11.41.jpeg","datePublished":"2023-10-23T06:51:48+00:00","dateModified":"2023-10-23T07:13:17+00:00","breadcrumb":{"@id":"http:\/\/ucor-ucor.ro\/new\/board-meeting-si-adunarea-generala-f-u-e-c-h-evenimente-conexe-2\/#breadcrumb"},"inLanguage":"en-US","potentialAction":[{"@type":"ReadAction","target":["http:\/\/ucor-ucor.ro\/new\/board-meeting-si-adunarea-generala-f-u-e-c-h-evenimente-conexe-2\/"]}]},{"@type":"ImageObject","inLanguage":"en-US","@id":"http:\/\/ucor-ucor.ro\/new\/board-meeting-si-adunarea-generala-f-u-e-c-h-evenimente-conexe-2\/#primaryimage","url":"http:\/\/ucor-ucor.ro\/new\/wp-content\/uploads\/2023\/10\/WhatsApp-Image-2023-10-09-at-21.11.41.jpeg","contentUrl":"http:\/\/ucor-ucor.ro\/new\/wp-content\/uploads\/2023\/10\/WhatsApp-Image-2023-10-09-at-21.11.41.jpeg","width":1024,"height":768},{"@type":"BreadcrumbList","@id":"http:\/\/ucor-ucor.ro\/new\/board-meeting-si-adunarea-generala-f-u-e-c-h-evenimente-conexe-2\/#breadcrumb","itemListElement":[{"@type":"ListItem","position":1,"name":"Home","item":"https:\/\/ucor-ucor.ro\/new\/"},{"@type":"ListItem","position":2,"name":"Board Meeting si Adunarea Generala F.U.E.C.H. &#038; evenimente conexe"}]},{"@type":"WebSite","@id":"https:\/\/ucor-ucor.ro\/new\/#website","url":"https:\/\/ucor-ucor.ro\/new\/","name":"UCOR","description":"","publisher":{"@id":"https:\/\/ucor-ucor.ro\/new\/#organization"},"potentialAction":[{"@type":"SearchAction","target":{"@type":"EntryPoint","urlTemplate":"https:\/\/ucor-ucor.ro\/new\/?s={search_term_string}"},"query-input":"required name=search_term_string"}],"inLanguage":"en-US"},{"@type":"Organization","@id":"https:\/\/ucor-ucor.ro\/new\/#organization","name":"UCOR","url":"https:\/\/ucor-ucor.ro\/new\/","logo":{"@type":"ImageObject","inLanguage":"en-US","@id":"https:\/\/ucor-ucor.ro\/new\/#\/schema\/logo\/image\/","url":"http:\/\/ucor-ucor.ro\/new\/wp-content\/uploads\/2020\/06\/cropped-UCOR.png","contentUrl":"http:\/\/ucor-ucor.ro\/new\/wp-content\/uploads\/2020\/06\/cropped-UCOR.png","width":395,"height":128,"caption":"UCOR"},"image":{"@id":"https:\/\/ucor-ucor.ro\/new\/#\/schema\/logo\/image\/"}}]}},"_links":{"self":[{"href":"http:\/\/ucor-ucor.ro\/new\/wp-json\/wp\/v2\/pages\/1146"}],"collection":[{"href":"http:\/\/ucor-ucor.ro\/new\/wp-json\/wp\/v2\/pages"}],"about":[{"href":"http:\/\/ucor-ucor.ro\/new\/wp-json\/wp\/v2\/types\/page"}],"author":[{"embeddable":true,"href":"http:\/\/ucor-ucor.ro\/new\/wp-json\/wp\/v2\/users\/1"}],"replies":[{"embeddable":true,"href":"http:\/\/ucor-ucor.ro\/new\/wp-json\/wp\/v2\/comments?post=1146"}],"version-history":[{"count":3,"href":"http:\/\/ucor-ucor.ro\/new\/wp-json\/wp\/v2\/pages\/1146\/revisions"}],"predecessor-version":[{"id":1156,"href":"http:\/\/ucor-ucor.ro\/new\/wp-json\/wp\/v2\/pages\/1146\/revisions\/1156"}],"wp:attachment":[{"href":"http:\/\/ucor-ucor.ro\/new\/wp-json\/wp\/v2\/media?parent=1146"}],"curies":[{"name":"wp","href":"https:\/\/api.w.org\/{rel}","templated":true}]}}