{"id":1103,"date":"2023-09-25T05:54:29","date_gmt":"2023-09-25T05:54:29","guid":{"rendered":"http:\/\/ucor-ucor.ro\/new\/?page_id=1103"},"modified":"2023-09-25T05:57:54","modified_gmt":"2023-09-25T05:57:54","slug":"ceremonia-de-acordare-a-unui-cec-de-donatie-din-partea-uniunii-consulilor-onorifici-din-romania-pentru-sprijinirea-proiectului-derulat-de-asociatia-academia-vietii-din-timisoara","status":"publish","type":"page","link":"http:\/\/ucor-ucor.ro\/new\/ceremonia-de-acordare-a-unui-cec-de-donatie-din-partea-uniunii-consulilor-onorifici-din-romania-pentru-sprijinirea-proiectului-derulat-de-asociatia-academia-vietii-din-timisoara\/","title":{"rendered":"Ceremonia de acordare a unui CEC de dona\u021bie din partea Uniunii Consulilor Onorifici din Rom\u00e2nia pentru sprijinirea proiectului derulat de Asocia\u021bia \u201eAcademia Vie\u021bii\u201d din Timi\u0219oara"},"content":{"rendered":"\n<p>\u00cen data de 21 septembrie 2023, a avut loc la Timisoara, ceremonia de acordare a unui CEC de dona\u021bie \u00een valoare de 25.000 lei, din partea Uniunii Consulilor Onorifici din Rom\u00e2nia, pentru sus\u021binerea proiectului derulat de Asocia\u021bia \u201eAcademia Vie\u021bii\u201d din Timi\u0219oara, proiect ce are are ca scop sprijinirea unor tineri proveniti din familii defavorizate, pentru creearea unor medii locative potrivite pentru familii, \u00een special familiile cu copii minori, care s\u0103 contribuie la dezvoltarea lor s\u0103 le \u00eembun\u0103t\u0103\u021beasc\u0103 via\u021ba.<br>Uniunea Consulilor Onorifici din Rom\u00e2nia a fost reprezentat\u0103 la ceremonie de urmatorii membrii: Dl. Av. \u0218tefan Mo\u021bec -Consul Onorific al Republicii Cehia la Timi\u0219oara, Dl. Georg Bardeau \u2013 Consul Onorific al Rep. Austria la Timisoara, Dl. Peter Laszlo Tamas- Consul Onorific al Ungariei la Timisoara, \u0219i Dl Rufino Delgado Montenegro \u2013 Consul Onorific al Republicii Peru la Timi\u0219oara, care au \u00eenm\u00e2nat CEC-ul de dona\u021bie domnului Cornel T\u00eerziu &#8211; Pre\u0219edintele Asocia\u021biei \u201eAcademia Vie\u021bii\u201d din Timi\u0219oara, adres\u00e2ndu-i totodat\u0103 felicit\u0103ri pentru toate eforturile depuse, precum \u0219i pentru \u00eentreaga activitate desf\u0103\u0219urat\u0103 \u00een cadrul asocia\u021biei, \u00een beneficiul persoanelor provenite din medii defavorizate, \u00een special familii cu copii minori, din Timi\u0219oara, ar\u0103t\u00e2ndu-\u0219i admira\u021bia pentru sprijinul oferit, \u00een special \u00een aceste vremuri dificile.<br>Aceast\u0103 sum\u0103 a fost str\u00e2ns\u0103 cu prilejul celei de-a patra edi\u021bii a \u201eBalului de primavar\u0103 UCOR\u201d organizat de Uniunea Consulilor Onorifici din Rom\u00e2nia \u00een data de 18 martie 2023 la Sheraton Bucharest Hotel, eveniment ce a reunit peste 100 persoane, printre invita\u021bi s-au num\u0103rat Excelen\u021bele lor doamne \u0219i domni ambasadori, personalit\u0103\u021bi din Ministerul Afacerilor Externe, precum \u0219i reprezentan\u021bi ai mediului de afaceri din Rom\u00e2nia.<br>Suma sponsorizat\u0103 de Uniunea Consulilor Onorifici din Rom\u00e2nia, va fi utilizat\u0103 de c\u0103tre Asocia\u021bia \u201eAcademia Vie\u021bii\u201d din Timi\u0219oara pentru adaptarea, extinderea \u0219i amenajarea de locuin\u021be pentru persoane \u0219i familii defavorizate, aflate \u00een situa\u021bii precare sau de risc social.<\/p>\n\n\n\n<div class=\"wp-block-image\"><figure class=\"aligncenter size-full\"><img fetchpriority=\"high\" decoding=\"async\" width=\"697\" height=\"532\" src=\"http:\/\/ucor-ucor.ro\/new\/wp-content\/uploads\/2023\/09\/foto-UCOR.jpg\" alt=\"\" class=\"wp-image-1104\" srcset=\"http:\/\/ucor-ucor.ro\/new\/wp-content\/uploads\/2023\/09\/foto-UCOR.jpg 697w, http:\/\/ucor-ucor.ro\/new\/wp-content\/uploads\/2023\/09\/foto-UCOR-300x229.jpg 300w\" sizes=\"(max-width: 697px) 100vw, 697px\" \/><figcaption>Photo credit @UCOR<br>\u00cen foto, de la st\u00e2nga la dreapta: Dl. Georg Bardeau \u2013 Consul Onorific al Rep. Austria la Timisoara, Dl. Peter Laszlo Tamas- Consul Onorific al Ungariei la Timisoara, Dl Cornel T\u00eerziu &#8211; Pre\u0219edintele Asocia\u021biei \u201eAcademia Vie\u021bii\u201d din Timi\u0219oara, Dl Rufino Delgado Montenegro \u2013 Consul Onorific al Republicii Peru la Timi\u0219oara si Dl. Av. \u0218tefan Mo\u021bec -Consul Onorific al Republicii Cehia la Timi\u0219oara.<\/figcaption><\/figure><\/div>\n","protected":false},"excerpt":{"rendered":"<p>\u00cen data de 21 septembrie 2023, a avut loc la Timisoara, ceremonia de acordare a unui CEC de dona\u021bie \u00een valoare de 25.000 lei, din partea Uniunii Consulilor Onorifici din Rom\u00e2nia, pentru sus\u021binerea proiectului derulat de Asocia\u021bia \u201eAcademia Vie\u021bii\u201d din Timi\u0219oara, proiect ce are are ca scop sprijinirea unor tineri proveniti din familii defavorizate, pentru [&hellip;]<\/p>\n","protected":false},"author":1,"featured_media":0,"parent":0,"menu_order":0,"comment_status":"closed","ping_status":"closed","template":"templates\/template-full-width.php","meta":{"footnotes":""},"yoast_head":"<!-- This site is optimized with the Yoast SEO plugin v22.5 - https:\/\/yoast.com\/wordpress\/plugins\/seo\/ -->\n<title>Ceremonia de acordare a unui CEC de dona\u021bie din partea Uniunii Consulilor Onorifici din Rom\u00e2nia pentru sprijinirea proiectului derulat de Asocia\u021bia \u201eAcademia Vie\u021bii\u201d din Timi\u0219oara - UCOR<\/title>\n<meta name=\"robots\" content=\"index, follow, max-snippet:-1, max-image-preview:large, max-video-preview:-1\" \/>\n<link rel=\"canonical\" href=\"http:\/\/ucor-ucor.ro\/new\/ceremonia-de-acordare-a-unui-cec-de-donatie-din-partea-uniunii-consulilor-onorifici-din-romania-pentru-sprijinirea-proiectului-derulat-de-asociatia-academia-vietii-din-timisoara\/\" \/>\n<meta property=\"og:locale\" content=\"en_US\" \/>\n<meta property=\"og:type\" content=\"article\" \/>\n<meta property=\"og:title\" content=\"Ceremonia de acordare a unui CEC de dona\u021bie din partea Uniunii Consulilor Onorifici din Rom\u00e2nia pentru sprijinirea proiectului derulat de Asocia\u021bia \u201eAcademia Vie\u021bii\u201d din Timi\u0219oara - UCOR\" \/>\n<meta property=\"og:description\" content=\"\u00cen data de 21 septembrie 2023, a avut loc la Timisoara, ceremonia de acordare a unui CEC de dona\u021bie \u00een valoare de 25.000 lei, din partea Uniunii Consulilor Onorifici din Rom\u00e2nia, pentru sus\u021binerea proiectului derulat de Asocia\u021bia \u201eAcademia Vie\u021bii\u201d din Timi\u0219oara, proiect ce are are ca scop sprijinirea unor tineri proveniti din familii defavorizate, pentru [&hellip;]\" \/>\n<meta property=\"og:url\" content=\"http:\/\/ucor-ucor.ro\/new\/ceremonia-de-acordare-a-unui-cec-de-donatie-din-partea-uniunii-consulilor-onorifici-din-romania-pentru-sprijinirea-proiectului-derulat-de-asociatia-academia-vietii-din-timisoara\/\" \/>\n<meta property=\"og:site_name\" content=\"UCOR\" \/>\n<meta property=\"article:modified_time\" content=\"2023-09-25T05:57:54+00:00\" \/>\n<meta property=\"og:image\" content=\"http:\/\/ucor-ucor.ro\/new\/wp-content\/uploads\/2023\/09\/foto-UCOR.jpg\" \/>\n<meta name=\"twitter:card\" content=\"summary_large_image\" \/>\n<meta name=\"twitter:label1\" content=\"Est. reading time\" \/>\n\t<meta name=\"twitter:data1\" content=\"2 minutes\" \/>\n<script type=\"application\/ld+json\" class=\"yoast-schema-graph\">{\"@context\":\"https:\/\/schema.org\",\"@graph\":[{\"@type\":\"WebPage\",\"@id\":\"http:\/\/ucor-ucor.ro\/new\/ceremonia-de-acordare-a-unui-cec-de-donatie-din-partea-uniunii-consulilor-onorifici-din-romania-pentru-sprijinirea-proiectului-derulat-de-asociatia-academia-vietii-din-timisoara\/\",\"url\":\"http:\/\/ucor-ucor.ro\/new\/ceremonia-de-acordare-a-unui-cec-de-donatie-din-partea-uniunii-consulilor-onorifici-din-romania-pentru-sprijinirea-proiectului-derulat-de-asociatia-academia-vietii-din-timisoara\/\",\"name\":\"Ceremonia de acordare a unui CEC de dona\u021bie din partea Uniunii Consulilor Onorifici din Rom\u00e2nia pentru sprijinirea proiectului derulat de Asocia\u021bia \u201eAcademia Vie\u021bii\u201d din Timi\u0219oara - UCOR\",\"isPartOf\":{\"@id\":\"https:\/\/ucor-ucor.ro\/new\/#website\"},\"primaryImageOfPage\":{\"@id\":\"http:\/\/ucor-ucor.ro\/new\/ceremonia-de-acordare-a-unui-cec-de-donatie-din-partea-uniunii-consulilor-onorifici-din-romania-pentru-sprijinirea-proiectului-derulat-de-asociatia-academia-vietii-din-timisoara\/#primaryimage\"},\"image\":{\"@id\":\"http:\/\/ucor-ucor.ro\/new\/ceremonia-de-acordare-a-unui-cec-de-donatie-din-partea-uniunii-consulilor-onorifici-din-romania-pentru-sprijinirea-proiectului-derulat-de-asociatia-academia-vietii-din-timisoara\/#primaryimage\"},\"thumbnailUrl\":\"http:\/\/ucor-ucor.ro\/new\/wp-content\/uploads\/2023\/09\/foto-UCOR.jpg\",\"datePublished\":\"2023-09-25T05:54:29+00:00\",\"dateModified\":\"2023-09-25T05:57:54+00:00\",\"breadcrumb\":{\"@id\":\"http:\/\/ucor-ucor.ro\/new\/ceremonia-de-acordare-a-unui-cec-de-donatie-din-partea-uniunii-consulilor-onorifici-din-romania-pentru-sprijinirea-proiectului-derulat-de-asociatia-academia-vietii-din-timisoara\/#breadcrumb\"},\"inLanguage\":\"en-US\",\"potentialAction\":[{\"@type\":\"ReadAction\",\"target\":[\"http:\/\/ucor-ucor.ro\/new\/ceremonia-de-acordare-a-unui-cec-de-donatie-din-partea-uniunii-consulilor-onorifici-din-romania-pentru-sprijinirea-proiectului-derulat-de-asociatia-academia-vietii-din-timisoara\/\"]}]},{\"@type\":\"ImageObject\",\"inLanguage\":\"en-US\",\"@id\":\"http:\/\/ucor-ucor.ro\/new\/ceremonia-de-acordare-a-unui-cec-de-donatie-din-partea-uniunii-consulilor-onorifici-din-romania-pentru-sprijinirea-proiectului-derulat-de-asociatia-academia-vietii-din-timisoara\/#primaryimage\",\"url\":\"http:\/\/ucor-ucor.ro\/new\/wp-content\/uploads\/2023\/09\/foto-UCOR.jpg\",\"contentUrl\":\"http:\/\/ucor-ucor.ro\/new\/wp-content\/uploads\/2023\/09\/foto-UCOR.jpg\",\"width\":697,\"height\":532},{\"@type\":\"BreadcrumbList\",\"@id\":\"http:\/\/ucor-ucor.ro\/new\/ceremonia-de-acordare-a-unui-cec-de-donatie-din-partea-uniunii-consulilor-onorifici-din-romania-pentru-sprijinirea-proiectului-derulat-de-asociatia-academia-vietii-din-timisoara\/#breadcrumb\",\"itemListElement\":[{\"@type\":\"ListItem\",\"position\":1,\"name\":\"Home\",\"item\":\"https:\/\/ucor-ucor.ro\/new\/\"},{\"@type\":\"ListItem\",\"position\":2,\"name\":\"Ceremonia de acordare a unui CEC de dona\u021bie din partea Uniunii Consulilor Onorifici din Rom\u00e2nia pentru sprijinirea proiectului derulat de Asocia\u021bia \u201eAcademia Vie\u021bii\u201d din Timi\u0219oara\"}]},{\"@type\":\"WebSite\",\"@id\":\"https:\/\/ucor-ucor.ro\/new\/#website\",\"url\":\"https:\/\/ucor-ucor.ro\/new\/\",\"name\":\"UCOR\",\"description\":\"\",\"publisher\":{\"@id\":\"https:\/\/ucor-ucor.ro\/new\/#organization\"},\"potentialAction\":[{\"@type\":\"SearchAction\",\"target\":{\"@type\":\"EntryPoint\",\"urlTemplate\":\"https:\/\/ucor-ucor.ro\/new\/?s={search_term_string}\"},\"query-input\":\"required name=search_term_string\"}],\"inLanguage\":\"en-US\"},{\"@type\":\"Organization\",\"@id\":\"https:\/\/ucor-ucor.ro\/new\/#organization\",\"name\":\"UCOR\",\"url\":\"https:\/\/ucor-ucor.ro\/new\/\",\"logo\":{\"@type\":\"ImageObject\",\"inLanguage\":\"en-US\",\"@id\":\"https:\/\/ucor-ucor.ro\/new\/#\/schema\/logo\/image\/\",\"url\":\"http:\/\/ucor-ucor.ro\/new\/wp-content\/uploads\/2020\/06\/cropped-UCOR.png\",\"contentUrl\":\"http:\/\/ucor-ucor.ro\/new\/wp-content\/uploads\/2020\/06\/cropped-UCOR.png\",\"width\":395,\"height\":128,\"caption\":\"UCOR\"},\"image\":{\"@id\":\"https:\/\/ucor-ucor.ro\/new\/#\/schema\/logo\/image\/\"}}]}<\/script>\n<!-- \/ Yoast SEO plugin. -->","yoast_head_json":{"title":"Ceremonia de acordare a unui CEC de dona\u021bie din partea Uniunii Consulilor Onorifici din Rom\u00e2nia pentru sprijinirea proiectului derulat de Asocia\u021bia \u201eAcademia Vie\u021bii\u201d din Timi\u0219oara - UCOR","robots":{"index":"index","follow":"follow","max-snippet":"max-snippet:-1","max-image-preview":"max-image-preview:large","max-video-preview":"max-video-preview:-1"},"canonical":"http:\/\/ucor-ucor.ro\/new\/ceremonia-de-acordare-a-unui-cec-de-donatie-din-partea-uniunii-consulilor-onorifici-din-romania-pentru-sprijinirea-proiectului-derulat-de-asociatia-academia-vietii-din-timisoara\/","og_locale":"en_US","og_type":"article","og_title":"Ceremonia de acordare a unui CEC de dona\u021bie din partea Uniunii Consulilor Onorifici din Rom\u00e2nia pentru sprijinirea proiectului derulat de Asocia\u021bia \u201eAcademia Vie\u021bii\u201d din Timi\u0219oara - UCOR","og_description":"\u00cen data de 21 septembrie 2023, a avut loc la Timisoara, ceremonia de acordare a unui CEC de dona\u021bie \u00een valoare de 25.000 lei, din partea Uniunii Consulilor Onorifici din Rom\u00e2nia, pentru sus\u021binerea proiectului derulat de Asocia\u021bia \u201eAcademia Vie\u021bii\u201d din Timi\u0219oara, proiect ce are are ca scop sprijinirea unor tineri proveniti din familii defavorizate, pentru [&hellip;]","og_url":"http:\/\/ucor-ucor.ro\/new\/ceremonia-de-acordare-a-unui-cec-de-donatie-din-partea-uniunii-consulilor-onorifici-din-romania-pentru-sprijinirea-proiectului-derulat-de-asociatia-academia-vietii-din-timisoara\/","og_site_name":"UCOR","article_modified_time":"2023-09-25T05:57:54+00:00","og_image":[{"url":"http:\/\/ucor-ucor.ro\/new\/wp-content\/uploads\/2023\/09\/foto-UCOR.jpg"}],"twitter_card":"summary_large_image","twitter_misc":{"Est. reading time":"2 minutes"},"schema":{"@context":"https:\/\/schema.org","@graph":[{"@type":"WebPage","@id":"http:\/\/ucor-ucor.ro\/new\/ceremonia-de-acordare-a-unui-cec-de-donatie-din-partea-uniunii-consulilor-onorifici-din-romania-pentru-sprijinirea-proiectului-derulat-de-asociatia-academia-vietii-din-timisoara\/","url":"http:\/\/ucor-ucor.ro\/new\/ceremonia-de-acordare-a-unui-cec-de-donatie-din-partea-uniunii-consulilor-onorifici-din-romania-pentru-sprijinirea-proiectului-derulat-de-asociatia-academia-vietii-din-timisoara\/","name":"Ceremonia de acordare a unui CEC de dona\u021bie din partea Uniunii Consulilor Onorifici din Rom\u00e2nia pentru sprijinirea proiectului derulat de Asocia\u021bia \u201eAcademia Vie\u021bii\u201d din Timi\u0219oara - UCOR","isPartOf":{"@id":"https:\/\/ucor-ucor.ro\/new\/#website"},"primaryImageOfPage":{"@id":"http:\/\/ucor-ucor.ro\/new\/ceremonia-de-acordare-a-unui-cec-de-donatie-din-partea-uniunii-consulilor-onorifici-din-romania-pentru-sprijinirea-proiectului-derulat-de-asociatia-academia-vietii-din-timisoara\/#primaryimage"},"image":{"@id":"http:\/\/ucor-ucor.ro\/new\/ceremonia-de-acordare-a-unui-cec-de-donatie-din-partea-uniunii-consulilor-onorifici-din-romania-pentru-sprijinirea-proiectului-derulat-de-asociatia-academia-vietii-din-timisoara\/#primaryimage"},"thumbnailUrl":"http:\/\/ucor-ucor.ro\/new\/wp-content\/uploads\/2023\/09\/foto-UCOR.jpg","datePublished":"2023-09-25T05:54:29+00:00","dateModified":"2023-09-25T05:57:54+00:00","breadcrumb":{"@id":"http:\/\/ucor-ucor.ro\/new\/ceremonia-de-acordare-a-unui-cec-de-donatie-din-partea-uniunii-consulilor-onorifici-din-romania-pentru-sprijinirea-proiectului-derulat-de-asociatia-academia-vietii-din-timisoara\/#breadcrumb"},"inLanguage":"en-US","potentialAction":[{"@type":"ReadAction","target":["http:\/\/ucor-ucor.ro\/new\/ceremonia-de-acordare-a-unui-cec-de-donatie-din-partea-uniunii-consulilor-onorifici-din-romania-pentru-sprijinirea-proiectului-derulat-de-asociatia-academia-vietii-din-timisoara\/"]}]},{"@type":"ImageObject","inLanguage":"en-US","@id":"http:\/\/ucor-ucor.ro\/new\/ceremonia-de-acordare-a-unui-cec-de-donatie-din-partea-uniunii-consulilor-onorifici-din-romania-pentru-sprijinirea-proiectului-derulat-de-asociatia-academia-vietii-din-timisoara\/#primaryimage","url":"http:\/\/ucor-ucor.ro\/new\/wp-content\/uploads\/2023\/09\/foto-UCOR.jpg","contentUrl":"http:\/\/ucor-ucor.ro\/new\/wp-content\/uploads\/2023\/09\/foto-UCOR.jpg","width":697,"height":532},{"@type":"BreadcrumbList","@id":"http:\/\/ucor-ucor.ro\/new\/ceremonia-de-acordare-a-unui-cec-de-donatie-din-partea-uniunii-consulilor-onorifici-din-romania-pentru-sprijinirea-proiectului-derulat-de-asociatia-academia-vietii-din-timisoara\/#breadcrumb","itemListElement":[{"@type":"ListItem","position":1,"name":"Home","item":"https:\/\/ucor-ucor.ro\/new\/"},{"@type":"ListItem","position":2,"name":"Ceremonia de acordare a unui CEC de dona\u021bie din partea Uniunii Consulilor Onorifici din Rom\u00e2nia pentru sprijinirea proiectului derulat de Asocia\u021bia \u201eAcademia Vie\u021bii\u201d din Timi\u0219oara"}]},{"@type":"WebSite","@id":"https:\/\/ucor-ucor.ro\/new\/#website","url":"https:\/\/ucor-ucor.ro\/new\/","name":"UCOR","description":"","publisher":{"@id":"https:\/\/ucor-ucor.ro\/new\/#organization"},"potentialAction":[{"@type":"SearchAction","target":{"@type":"EntryPoint","urlTemplate":"https:\/\/ucor-ucor.ro\/new\/?s={search_term_string}"},"query-input":"required name=search_term_string"}],"inLanguage":"en-US"},{"@type":"Organization","@id":"https:\/\/ucor-ucor.ro\/new\/#organization","name":"UCOR","url":"https:\/\/ucor-ucor.ro\/new\/","logo":{"@type":"ImageObject","inLanguage":"en-US","@id":"https:\/\/ucor-ucor.ro\/new\/#\/schema\/logo\/image\/","url":"http:\/\/ucor-ucor.ro\/new\/wp-content\/uploads\/2020\/06\/cropped-UCOR.png","contentUrl":"http:\/\/ucor-ucor.ro\/new\/wp-content\/uploads\/2020\/06\/cropped-UCOR.png","width":395,"height":128,"caption":"UCOR"},"image":{"@id":"https:\/\/ucor-ucor.ro\/new\/#\/schema\/logo\/image\/"}}]}},"_links":{"self":[{"href":"http:\/\/ucor-ucor.ro\/new\/wp-json\/wp\/v2\/pages\/1103"}],"collection":[{"href":"http:\/\/ucor-ucor.ro\/new\/wp-json\/wp\/v2\/pages"}],"about":[{"href":"http:\/\/ucor-ucor.ro\/new\/wp-json\/wp\/v2\/types\/page"}],"author":[{"embeddable":true,"href":"http:\/\/ucor-ucor.ro\/new\/wp-json\/wp\/v2\/users\/1"}],"replies":[{"embeddable":true,"href":"http:\/\/ucor-ucor.ro\/new\/wp-json\/wp\/v2\/comments?post=1103"}],"version-history":[{"count":2,"href":"http:\/\/ucor-ucor.ro\/new\/wp-json\/wp\/v2\/pages\/1103\/revisions"}],"predecessor-version":[{"id":1109,"href":"http:\/\/ucor-ucor.ro\/new\/wp-json\/wp\/v2\/pages\/1103\/revisions\/1109"}],"wp:attachment":[{"href":"http:\/\/ucor-ucor.ro\/new\/wp-json\/wp\/v2\/media?parent=1103"}],"curies":[{"name":"wp","href":"https:\/\/api.w.org\/{rel}","templated":true}]}}