{"id":1087,"date":"2023-09-08T06:53:01","date_gmt":"2023-09-08T06:53:01","guid":{"rendered":"http:\/\/ucor-ucor.ro\/new\/?page_id=1087"},"modified":"2023-09-08T06:55:55","modified_gmt":"2023-09-08T06:55:55","slug":"presedintele-uniunii-consulilor-onorifici-din-romania-si-consul-onorific-al-republicii-austria-la-sibiu-a-efectuat-o-vizita-informala-la-sediul-consulatului-republicii-coreea-la-radauti","status":"publish","type":"page","link":"http:\/\/ucor-ucor.ro\/new\/presedintele-uniunii-consulilor-onorifici-din-romania-si-consul-onorific-al-republicii-austria-la-sibiu-a-efectuat-o-vizita-informala-la-sediul-consulatului-republicii-coreea-la-radauti\/","title":{"rendered":"Pre\u0219edintele Uniunii Consulilor Onorifici din Rom\u00e2nia si Consul Onorific al Republicii Austria la Sibiu, a efectuat o vizit\u0103 informal\u0103 la sediul Consulatului Republicii Coreea la R\u0103d\u0103u\u021bi"},"content":{"rendered":"\n<p>\u00cen data de luni, 04.09.2023, domnul Andreas Huber \u2013 Pre\u0219edintele Uniunii Consulilor Onorifici din Rom\u00e2nia si Consul Onorific al Republicii Austria la Sibiu, a efectuat o vizit\u0103 informal\u0103 la sediul Consulatului Republicii Coreea la R\u0103d\u0103u\u021bi, unde a avut o \u00eentrevedere cu domnul Consul Onorific Dumitru Mihalescul. \u00cen cadrul ceastei \u00eentrevederi au discutat, printre altele, despre urm\u0103toarea \u00eentrunire a membrilor Uniunii Consulilor Onorifici din Rom\u00e2nia.<\/p>\n\n\n\n<p>Evenimentul UCOR denumit \u201cWeekend \u00eempreun\u0103\u201d, al c\u0103rui co-organizator este domnul Consul Onorific Dumitru Mihalescul, se va desf\u0103\u0219ura \u00een perioada 28.09.2023-01.10.2023, la Sucevi\u021ba, judetul Suceava.<\/p>\n\n\n\n<p>\u00cen acest context, s-au discutat detaliile cu privire la organizarea reuniunii \u0219i s-a convenit o propunere de program.<\/p>\n\n\n\n<p>\u00centrevederea s-a \u00eencheiat cu exprimarea din partea celor doi participan\u021bi a convingerii c\u0103 urm\u0103torul eveniment UCOR va fi o reu\u0219it\u0103 \u0219i deopotriv\u0103 a faptului c\u0103 se vor continua \u0219i pe viitor eforturile pentru intensificarea \u00eent\u00e2lnirilor organizate pentru cre\u0219terea vizibilit\u0103\u021bii Uniunii Consulilor Onorifici din Rom\u00e2nia la nivel na\u021bional \u0219i pentru consolidarea rela\u021biilor \u00eentre membrii s\u0103i.<\/p>\n\n\n\n<figure class=\"wp-block-image size-large\"><img fetchpriority=\"high\" decoding=\"async\" width=\"943\" height=\"763\" src=\"http:\/\/ucor-ucor.ro\/new\/wp-content\/uploads\/2023\/09\/radauti.jpeg\" alt=\"\" class=\"wp-image-1088\" srcset=\"http:\/\/ucor-ucor.ro\/new\/wp-content\/uploads\/2023\/09\/radauti.jpeg 943w, http:\/\/ucor-ucor.ro\/new\/wp-content\/uploads\/2023\/09\/radauti-300x243.jpeg 300w, http:\/\/ucor-ucor.ro\/new\/wp-content\/uploads\/2023\/09\/radauti-768x621.jpeg 768w\" sizes=\"(max-width: 943px) 100vw, 943px\" \/><\/figure>\n","protected":false},"excerpt":{"rendered":"<p>\u00cen data de luni, 04.09.2023, domnul Andreas Huber \u2013 Pre\u0219edintele Uniunii Consulilor Onorifici din Rom\u00e2nia si Consul Onorific al Republicii Austria la Sibiu, a efectuat o vizit\u0103 informal\u0103 la sediul Consulatului Republicii Coreea la R\u0103d\u0103u\u021bi, unde a avut o \u00eentrevedere cu domnul Consul Onorific Dumitru Mihalescul. \u00cen cadrul ceastei \u00eentrevederi au discutat, printre altele, despre [&hellip;]<\/p>\n","protected":false},"author":1,"featured_media":0,"parent":0,"menu_order":0,"comment_status":"closed","ping_status":"closed","template":"templates\/template-full-width.php","meta":{"footnotes":""},"yoast_head":"<!-- This site is optimized with the Yoast SEO plugin v22.5 - https:\/\/yoast.com\/wordpress\/plugins\/seo\/ -->\n<title>Pre\u0219edintele Uniunii Consulilor Onorifici din Rom\u00e2nia si Consul Onorific al Republicii Austria la Sibiu, a efectuat o vizit\u0103 informal\u0103 la sediul Consulatului Republicii Coreea la R\u0103d\u0103u\u021bi - UCOR<\/title>\n<meta name=\"robots\" content=\"index, follow, max-snippet:-1, max-image-preview:large, max-video-preview:-1\" \/>\n<link rel=\"canonical\" href=\"http:\/\/ucor-ucor.ro\/new\/presedintele-uniunii-consulilor-onorifici-din-romania-si-consul-onorific-al-republicii-austria-la-sibiu-a-efectuat-o-vizita-informala-la-sediul-consulatului-republicii-coreea-la-radauti\/\" \/>\n<meta property=\"og:locale\" content=\"en_US\" \/>\n<meta property=\"og:type\" content=\"article\" \/>\n<meta property=\"og:title\" content=\"Pre\u0219edintele Uniunii Consulilor Onorifici din Rom\u00e2nia si Consul Onorific al Republicii Austria la Sibiu, a efectuat o vizit\u0103 informal\u0103 la sediul Consulatului Republicii Coreea la R\u0103d\u0103u\u021bi - UCOR\" \/>\n<meta property=\"og:description\" content=\"\u00cen data de luni, 04.09.2023, domnul Andreas Huber \u2013 Pre\u0219edintele Uniunii Consulilor Onorifici din Rom\u00e2nia si Consul Onorific al Republicii Austria la Sibiu, a efectuat o vizit\u0103 informal\u0103 la sediul Consulatului Republicii Coreea la R\u0103d\u0103u\u021bi, unde a avut o \u00eentrevedere cu domnul Consul Onorific Dumitru Mihalescul. \u00cen cadrul ceastei \u00eentrevederi au discutat, printre altele, despre [&hellip;]\" \/>\n<meta property=\"og:url\" content=\"http:\/\/ucor-ucor.ro\/new\/presedintele-uniunii-consulilor-onorifici-din-romania-si-consul-onorific-al-republicii-austria-la-sibiu-a-efectuat-o-vizita-informala-la-sediul-consulatului-republicii-coreea-la-radauti\/\" \/>\n<meta property=\"og:site_name\" content=\"UCOR\" \/>\n<meta property=\"article:modified_time\" content=\"2023-09-08T06:55:55+00:00\" \/>\n<meta property=\"og:image\" content=\"http:\/\/ucor-ucor.ro\/new\/wp-content\/uploads\/2023\/09\/radauti.jpeg\" \/>\n<meta name=\"twitter:card\" content=\"summary_large_image\" \/>\n<meta name=\"twitter:label1\" content=\"Est. reading time\" \/>\n\t<meta name=\"twitter:data1\" content=\"1 minute\" \/>\n<script type=\"application\/ld+json\" class=\"yoast-schema-graph\">{\"@context\":\"https:\/\/schema.org\",\"@graph\":[{\"@type\":\"WebPage\",\"@id\":\"http:\/\/ucor-ucor.ro\/new\/presedintele-uniunii-consulilor-onorifici-din-romania-si-consul-onorific-al-republicii-austria-la-sibiu-a-efectuat-o-vizita-informala-la-sediul-consulatului-republicii-coreea-la-radauti\/\",\"url\":\"http:\/\/ucor-ucor.ro\/new\/presedintele-uniunii-consulilor-onorifici-din-romania-si-consul-onorific-al-republicii-austria-la-sibiu-a-efectuat-o-vizita-informala-la-sediul-consulatului-republicii-coreea-la-radauti\/\",\"name\":\"Pre\u0219edintele Uniunii Consulilor Onorifici din Rom\u00e2nia si Consul Onorific al Republicii Austria la Sibiu, a efectuat o vizit\u0103 informal\u0103 la sediul Consulatului Republicii Coreea la R\u0103d\u0103u\u021bi - UCOR\",\"isPartOf\":{\"@id\":\"https:\/\/ucor-ucor.ro\/new\/#website\"},\"primaryImageOfPage\":{\"@id\":\"http:\/\/ucor-ucor.ro\/new\/presedintele-uniunii-consulilor-onorifici-din-romania-si-consul-onorific-al-republicii-austria-la-sibiu-a-efectuat-o-vizita-informala-la-sediul-consulatului-republicii-coreea-la-radauti\/#primaryimage\"},\"image\":{\"@id\":\"http:\/\/ucor-ucor.ro\/new\/presedintele-uniunii-consulilor-onorifici-din-romania-si-consul-onorific-al-republicii-austria-la-sibiu-a-efectuat-o-vizita-informala-la-sediul-consulatului-republicii-coreea-la-radauti\/#primaryimage\"},\"thumbnailUrl\":\"http:\/\/ucor-ucor.ro\/new\/wp-content\/uploads\/2023\/09\/radauti.jpeg\",\"datePublished\":\"2023-09-08T06:53:01+00:00\",\"dateModified\":\"2023-09-08T06:55:55+00:00\",\"breadcrumb\":{\"@id\":\"http:\/\/ucor-ucor.ro\/new\/presedintele-uniunii-consulilor-onorifici-din-romania-si-consul-onorific-al-republicii-austria-la-sibiu-a-efectuat-o-vizita-informala-la-sediul-consulatului-republicii-coreea-la-radauti\/#breadcrumb\"},\"inLanguage\":\"en-US\",\"potentialAction\":[{\"@type\":\"ReadAction\",\"target\":[\"http:\/\/ucor-ucor.ro\/new\/presedintele-uniunii-consulilor-onorifici-din-romania-si-consul-onorific-al-republicii-austria-la-sibiu-a-efectuat-o-vizita-informala-la-sediul-consulatului-republicii-coreea-la-radauti\/\"]}]},{\"@type\":\"ImageObject\",\"inLanguage\":\"en-US\",\"@id\":\"http:\/\/ucor-ucor.ro\/new\/presedintele-uniunii-consulilor-onorifici-din-romania-si-consul-onorific-al-republicii-austria-la-sibiu-a-efectuat-o-vizita-informala-la-sediul-consulatului-republicii-coreea-la-radauti\/#primaryimage\",\"url\":\"http:\/\/ucor-ucor.ro\/new\/wp-content\/uploads\/2023\/09\/radauti.jpeg\",\"contentUrl\":\"http:\/\/ucor-ucor.ro\/new\/wp-content\/uploads\/2023\/09\/radauti.jpeg\",\"width\":943,\"height\":763},{\"@type\":\"BreadcrumbList\",\"@id\":\"http:\/\/ucor-ucor.ro\/new\/presedintele-uniunii-consulilor-onorifici-din-romania-si-consul-onorific-al-republicii-austria-la-sibiu-a-efectuat-o-vizita-informala-la-sediul-consulatului-republicii-coreea-la-radauti\/#breadcrumb\",\"itemListElement\":[{\"@type\":\"ListItem\",\"position\":1,\"name\":\"Home\",\"item\":\"https:\/\/ucor-ucor.ro\/new\/\"},{\"@type\":\"ListItem\",\"position\":2,\"name\":\"Pre\u0219edintele Uniunii Consulilor Onorifici din Rom\u00e2nia si Consul Onorific al Republicii Austria la Sibiu, a efectuat o vizit\u0103 informal\u0103 la sediul Consulatului Republicii Coreea la R\u0103d\u0103u\u021bi\"}]},{\"@type\":\"WebSite\",\"@id\":\"https:\/\/ucor-ucor.ro\/new\/#website\",\"url\":\"https:\/\/ucor-ucor.ro\/new\/\",\"name\":\"UCOR\",\"description\":\"\",\"publisher\":{\"@id\":\"https:\/\/ucor-ucor.ro\/new\/#organization\"},\"potentialAction\":[{\"@type\":\"SearchAction\",\"target\":{\"@type\":\"EntryPoint\",\"urlTemplate\":\"https:\/\/ucor-ucor.ro\/new\/?s={search_term_string}\"},\"query-input\":\"required name=search_term_string\"}],\"inLanguage\":\"en-US\"},{\"@type\":\"Organization\",\"@id\":\"https:\/\/ucor-ucor.ro\/new\/#organization\",\"name\":\"UCOR\",\"url\":\"https:\/\/ucor-ucor.ro\/new\/\",\"logo\":{\"@type\":\"ImageObject\",\"inLanguage\":\"en-US\",\"@id\":\"https:\/\/ucor-ucor.ro\/new\/#\/schema\/logo\/image\/\",\"url\":\"http:\/\/ucor-ucor.ro\/new\/wp-content\/uploads\/2020\/06\/cropped-UCOR.png\",\"contentUrl\":\"http:\/\/ucor-ucor.ro\/new\/wp-content\/uploads\/2020\/06\/cropped-UCOR.png\",\"width\":395,\"height\":128,\"caption\":\"UCOR\"},\"image\":{\"@id\":\"https:\/\/ucor-ucor.ro\/new\/#\/schema\/logo\/image\/\"}}]}<\/script>\n<!-- \/ Yoast SEO plugin. -->","yoast_head_json":{"title":"Pre\u0219edintele Uniunii Consulilor Onorifici din Rom\u00e2nia si Consul Onorific al Republicii Austria la Sibiu, a efectuat o vizit\u0103 informal\u0103 la sediul Consulatului Republicii Coreea la R\u0103d\u0103u\u021bi - UCOR","robots":{"index":"index","follow":"follow","max-snippet":"max-snippet:-1","max-image-preview":"max-image-preview:large","max-video-preview":"max-video-preview:-1"},"canonical":"http:\/\/ucor-ucor.ro\/new\/presedintele-uniunii-consulilor-onorifici-din-romania-si-consul-onorific-al-republicii-austria-la-sibiu-a-efectuat-o-vizita-informala-la-sediul-consulatului-republicii-coreea-la-radauti\/","og_locale":"en_US","og_type":"article","og_title":"Pre\u0219edintele Uniunii Consulilor Onorifici din Rom\u00e2nia si Consul Onorific al Republicii Austria la Sibiu, a efectuat o vizit\u0103 informal\u0103 la sediul Consulatului Republicii Coreea la R\u0103d\u0103u\u021bi - UCOR","og_description":"\u00cen data de luni, 04.09.2023, domnul Andreas Huber \u2013 Pre\u0219edintele Uniunii Consulilor Onorifici din Rom\u00e2nia si Consul Onorific al Republicii Austria la Sibiu, a efectuat o vizit\u0103 informal\u0103 la sediul Consulatului Republicii Coreea la R\u0103d\u0103u\u021bi, unde a avut o \u00eentrevedere cu domnul Consul Onorific Dumitru Mihalescul. \u00cen cadrul ceastei \u00eentrevederi au discutat, printre altele, despre [&hellip;]","og_url":"http:\/\/ucor-ucor.ro\/new\/presedintele-uniunii-consulilor-onorifici-din-romania-si-consul-onorific-al-republicii-austria-la-sibiu-a-efectuat-o-vizita-informala-la-sediul-consulatului-republicii-coreea-la-radauti\/","og_site_name":"UCOR","article_modified_time":"2023-09-08T06:55:55+00:00","og_image":[{"url":"http:\/\/ucor-ucor.ro\/new\/wp-content\/uploads\/2023\/09\/radauti.jpeg"}],"twitter_card":"summary_large_image","twitter_misc":{"Est. reading time":"1 minute"},"schema":{"@context":"https:\/\/schema.org","@graph":[{"@type":"WebPage","@id":"http:\/\/ucor-ucor.ro\/new\/presedintele-uniunii-consulilor-onorifici-din-romania-si-consul-onorific-al-republicii-austria-la-sibiu-a-efectuat-o-vizita-informala-la-sediul-consulatului-republicii-coreea-la-radauti\/","url":"http:\/\/ucor-ucor.ro\/new\/presedintele-uniunii-consulilor-onorifici-din-romania-si-consul-onorific-al-republicii-austria-la-sibiu-a-efectuat-o-vizita-informala-la-sediul-consulatului-republicii-coreea-la-radauti\/","name":"Pre\u0219edintele Uniunii Consulilor Onorifici din Rom\u00e2nia si Consul Onorific al Republicii Austria la Sibiu, a efectuat o vizit\u0103 informal\u0103 la sediul Consulatului Republicii Coreea la R\u0103d\u0103u\u021bi - UCOR","isPartOf":{"@id":"https:\/\/ucor-ucor.ro\/new\/#website"},"primaryImageOfPage":{"@id":"http:\/\/ucor-ucor.ro\/new\/presedintele-uniunii-consulilor-onorifici-din-romania-si-consul-onorific-al-republicii-austria-la-sibiu-a-efectuat-o-vizita-informala-la-sediul-consulatului-republicii-coreea-la-radauti\/#primaryimage"},"image":{"@id":"http:\/\/ucor-ucor.ro\/new\/presedintele-uniunii-consulilor-onorifici-din-romania-si-consul-onorific-al-republicii-austria-la-sibiu-a-efectuat-o-vizita-informala-la-sediul-consulatului-republicii-coreea-la-radauti\/#primaryimage"},"thumbnailUrl":"http:\/\/ucor-ucor.ro\/new\/wp-content\/uploads\/2023\/09\/radauti.jpeg","datePublished":"2023-09-08T06:53:01+00:00","dateModified":"2023-09-08T06:55:55+00:00","breadcrumb":{"@id":"http:\/\/ucor-ucor.ro\/new\/presedintele-uniunii-consulilor-onorifici-din-romania-si-consul-onorific-al-republicii-austria-la-sibiu-a-efectuat-o-vizita-informala-la-sediul-consulatului-republicii-coreea-la-radauti\/#breadcrumb"},"inLanguage":"en-US","potentialAction":[{"@type":"ReadAction","target":["http:\/\/ucor-ucor.ro\/new\/presedintele-uniunii-consulilor-onorifici-din-romania-si-consul-onorific-al-republicii-austria-la-sibiu-a-efectuat-o-vizita-informala-la-sediul-consulatului-republicii-coreea-la-radauti\/"]}]},{"@type":"ImageObject","inLanguage":"en-US","@id":"http:\/\/ucor-ucor.ro\/new\/presedintele-uniunii-consulilor-onorifici-din-romania-si-consul-onorific-al-republicii-austria-la-sibiu-a-efectuat-o-vizita-informala-la-sediul-consulatului-republicii-coreea-la-radauti\/#primaryimage","url":"http:\/\/ucor-ucor.ro\/new\/wp-content\/uploads\/2023\/09\/radauti.jpeg","contentUrl":"http:\/\/ucor-ucor.ro\/new\/wp-content\/uploads\/2023\/09\/radauti.jpeg","width":943,"height":763},{"@type":"BreadcrumbList","@id":"http:\/\/ucor-ucor.ro\/new\/presedintele-uniunii-consulilor-onorifici-din-romania-si-consul-onorific-al-republicii-austria-la-sibiu-a-efectuat-o-vizita-informala-la-sediul-consulatului-republicii-coreea-la-radauti\/#breadcrumb","itemListElement":[{"@type":"ListItem","position":1,"name":"Home","item":"https:\/\/ucor-ucor.ro\/new\/"},{"@type":"ListItem","position":2,"name":"Pre\u0219edintele Uniunii Consulilor Onorifici din Rom\u00e2nia si Consul Onorific al Republicii Austria la Sibiu, a efectuat o vizit\u0103 informal\u0103 la sediul Consulatului Republicii Coreea la R\u0103d\u0103u\u021bi"}]},{"@type":"WebSite","@id":"https:\/\/ucor-ucor.ro\/new\/#website","url":"https:\/\/ucor-ucor.ro\/new\/","name":"UCOR","description":"","publisher":{"@id":"https:\/\/ucor-ucor.ro\/new\/#organization"},"potentialAction":[{"@type":"SearchAction","target":{"@type":"EntryPoint","urlTemplate":"https:\/\/ucor-ucor.ro\/new\/?s={search_term_string}"},"query-input":"required name=search_term_string"}],"inLanguage":"en-US"},{"@type":"Organization","@id":"https:\/\/ucor-ucor.ro\/new\/#organization","name":"UCOR","url":"https:\/\/ucor-ucor.ro\/new\/","logo":{"@type":"ImageObject","inLanguage":"en-US","@id":"https:\/\/ucor-ucor.ro\/new\/#\/schema\/logo\/image\/","url":"http:\/\/ucor-ucor.ro\/new\/wp-content\/uploads\/2020\/06\/cropped-UCOR.png","contentUrl":"http:\/\/ucor-ucor.ro\/new\/wp-content\/uploads\/2020\/06\/cropped-UCOR.png","width":395,"height":128,"caption":"UCOR"},"image":{"@id":"https:\/\/ucor-ucor.ro\/new\/#\/schema\/logo\/image\/"}}]}},"_links":{"self":[{"href":"http:\/\/ucor-ucor.ro\/new\/wp-json\/wp\/v2\/pages\/1087"}],"collection":[{"href":"http:\/\/ucor-ucor.ro\/new\/wp-json\/wp\/v2\/pages"}],"about":[{"href":"http:\/\/ucor-ucor.ro\/new\/wp-json\/wp\/v2\/types\/page"}],"author":[{"embeddable":true,"href":"http:\/\/ucor-ucor.ro\/new\/wp-json\/wp\/v2\/users\/1"}],"replies":[{"embeddable":true,"href":"http:\/\/ucor-ucor.ro\/new\/wp-json\/wp\/v2\/comments?post=1087"}],"version-history":[{"count":1,"href":"http:\/\/ucor-ucor.ro\/new\/wp-json\/wp\/v2\/pages\/1087\/revisions"}],"predecessor-version":[{"id":1089,"href":"http:\/\/ucor-ucor.ro\/new\/wp-json\/wp\/v2\/pages\/1087\/revisions\/1089"}],"wp:attachment":[{"href":"http:\/\/ucor-ucor.ro\/new\/wp-json\/wp\/v2\/media?parent=1087"}],"curies":[{"name":"wp","href":"https:\/\/api.w.org\/{rel}","templated":true}]}}