{"id":1053,"date":"2023-07-01T07:43:35","date_gmt":"2023-07-01T07:43:35","guid":{"rendered":"http:\/\/ucor-ucor.ro\/new\/?page_id=1053"},"modified":"2023-07-01T07:45:42","modified_gmt":"2023-07-01T07:45:42","slug":"board-meeting-ul-federation-europeenne-des-corps-consulaires-honoraires-f-u-e-c-h-2023","status":"publish","type":"page","link":"http:\/\/ucor-ucor.ro\/new\/board-meeting-ul-federation-europeenne-des-corps-consulaires-honoraires-f-u-e-c-h-2023\/","title":{"rendered":"Board meeting-ul F\u00e9d\u00e9ration Europ\u00e9enne Des Corps Consulaires Honoraires F.U.E.C.H. 2023"},"content":{"rendered":"\n<p>A avut loc Board meeting-ul F\u00e9d\u00e9ration Europ\u00e9enne Des Corps Consulaires Honoraires F.U.E.C.H. si evenimentele conexe, desf\u0103\u0219urate la Bordeaux, Fran\u021ba.<\/p>\n\n\n\n<p>Din partea UCOR la eveniment a participat domnul Consul Onorific Andreas Huber &#8211; Pre\u0219edintele UCOR \u0219i Vicepre\u0219edinte F.U.E.C.H.<\/p>\n\n\n\n<p>La Board Meeting-ul F.U.E.C.H. ce a avut loc la Automobile Club de France, Bordeaux, printre subiectele discutate au fost:<br>Aprobarea procesului-verbal al \u0219edin\u021bei Consiliului din 13.01.2023;<br>Raportul activit\u0103\u021bilor 2023: Board meeting \u0219i Adunare Generala la Viena;<br>Activitati planificate pentru 2023 &#8211; 2024:Board meeting si Adunare Generala in Olanda (decembrie) organizat in colaborare cu Corpul Consular din Olanda;<br>Board meeting in Valencia (aprilie 2024);<br>Raport financiar pentru anul 2022;<br>Adapt\u0103ri ale Statutului FUECH cu o nou\u0103 denumire;<br>Extinderea num\u0103rului de membrii ai FUECH si diverse propuneri ale membrilor.<\/p>\n\n\n\n<p>Reuniunea a continuat cu o cin\u0103 de gal\u0103 \u00een prezen\u021ba primarului din Bordeaux, domnul Pierre Hurmic si a c\u00e2torva consuli din Bordeaux.<\/p>\n\n\n\n<p>In cadrul evenimentelor conexe ale reuniunii, s-au desfasurat vizite la obiective turistice si culturale ale zonei Bordeaux &#8211; Cap Ferret (Bassin d\u2019Arcachon).<\/p>\n\n\n\n<figure class=\"wp-block-image size-large\"><img fetchpriority=\"high\" decoding=\"async\" width=\"793\" height=\"557\" src=\"http:\/\/ucor-ucor.ro\/new\/wp-content\/uploads\/2023\/07\/FUECH.jpeg\" alt=\"\" class=\"wp-image-1055\" srcset=\"http:\/\/ucor-ucor.ro\/new\/wp-content\/uploads\/2023\/07\/FUECH.jpeg 793w, http:\/\/ucor-ucor.ro\/new\/wp-content\/uploads\/2023\/07\/FUECH-300x211.jpeg 300w, http:\/\/ucor-ucor.ro\/new\/wp-content\/uploads\/2023\/07\/FUECH-768x539.jpeg 768w\" sizes=\"(max-width: 793px) 100vw, 793px\" \/><\/figure>\n","protected":false},"excerpt":{"rendered":"<p>A avut loc Board meeting-ul F\u00e9d\u00e9ration Europ\u00e9enne Des Corps Consulaires Honoraires F.U.E.C.H. si evenimentele conexe, desf\u0103\u0219urate la Bordeaux, Fran\u021ba. Din partea UCOR la eveniment a participat domnul Consul Onorific Andreas Huber &#8211; Pre\u0219edintele UCOR \u0219i Vicepre\u0219edinte F.U.E.C.H. La Board Meeting-ul F.U.E.C.H. ce a avut loc la Automobile Club de France, Bordeaux, printre subiectele discutate au [&hellip;]<\/p>\n","protected":false},"author":1,"featured_media":0,"parent":0,"menu_order":0,"comment_status":"closed","ping_status":"closed","template":"templates\/template-full-width.php","meta":{"footnotes":""},"yoast_head":"<!-- This site is optimized with the Yoast SEO plugin v22.5 - https:\/\/yoast.com\/wordpress\/plugins\/seo\/ -->\n<title>Board meeting-ul F\u00e9d\u00e9ration Europ\u00e9enne Des Corps Consulaires Honoraires F.U.E.C.H. 2023 - UCOR<\/title>\n<meta name=\"robots\" content=\"index, follow, max-snippet:-1, max-image-preview:large, max-video-preview:-1\" \/>\n<link rel=\"canonical\" href=\"http:\/\/ucor-ucor.ro\/new\/board-meeting-ul-federation-europeenne-des-corps-consulaires-honoraires-f-u-e-c-h-2023\/\" \/>\n<meta property=\"og:locale\" content=\"en_US\" \/>\n<meta property=\"og:type\" content=\"article\" \/>\n<meta property=\"og:title\" content=\"Board meeting-ul F\u00e9d\u00e9ration Europ\u00e9enne Des Corps Consulaires Honoraires F.U.E.C.H. 2023 - UCOR\" \/>\n<meta property=\"og:description\" content=\"A avut loc Board meeting-ul F\u00e9d\u00e9ration Europ\u00e9enne Des Corps Consulaires Honoraires F.U.E.C.H. si evenimentele conexe, desf\u0103\u0219urate la Bordeaux, Fran\u021ba. Din partea UCOR la eveniment a participat domnul Consul Onorific Andreas Huber &#8211; Pre\u0219edintele UCOR \u0219i Vicepre\u0219edinte F.U.E.C.H. La Board Meeting-ul F.U.E.C.H. ce a avut loc la Automobile Club de France, Bordeaux, printre subiectele discutate au [&hellip;]\" \/>\n<meta property=\"og:url\" content=\"http:\/\/ucor-ucor.ro\/new\/board-meeting-ul-federation-europeenne-des-corps-consulaires-honoraires-f-u-e-c-h-2023\/\" \/>\n<meta property=\"og:site_name\" content=\"UCOR\" \/>\n<meta property=\"article:modified_time\" content=\"2023-07-01T07:45:42+00:00\" \/>\n<meta property=\"og:image\" content=\"http:\/\/ucor-ucor.ro\/new\/wp-content\/uploads\/2023\/07\/FUECH.jpeg\" \/>\n<meta name=\"twitter:card\" content=\"summary_large_image\" \/>\n<meta name=\"twitter:label1\" content=\"Est. reading time\" \/>\n\t<meta name=\"twitter:data1\" content=\"1 minute\" \/>\n<script type=\"application\/ld+json\" class=\"yoast-schema-graph\">{\"@context\":\"https:\/\/schema.org\",\"@graph\":[{\"@type\":\"WebPage\",\"@id\":\"http:\/\/ucor-ucor.ro\/new\/board-meeting-ul-federation-europeenne-des-corps-consulaires-honoraires-f-u-e-c-h-2023\/\",\"url\":\"http:\/\/ucor-ucor.ro\/new\/board-meeting-ul-federation-europeenne-des-corps-consulaires-honoraires-f-u-e-c-h-2023\/\",\"name\":\"Board meeting-ul F\u00e9d\u00e9ration Europ\u00e9enne Des Corps Consulaires Honoraires F.U.E.C.H. 2023 - UCOR\",\"isPartOf\":{\"@id\":\"https:\/\/ucor-ucor.ro\/new\/#website\"},\"primaryImageOfPage\":{\"@id\":\"http:\/\/ucor-ucor.ro\/new\/board-meeting-ul-federation-europeenne-des-corps-consulaires-honoraires-f-u-e-c-h-2023\/#primaryimage\"},\"image\":{\"@id\":\"http:\/\/ucor-ucor.ro\/new\/board-meeting-ul-federation-europeenne-des-corps-consulaires-honoraires-f-u-e-c-h-2023\/#primaryimage\"},\"thumbnailUrl\":\"http:\/\/ucor-ucor.ro\/new\/wp-content\/uploads\/2023\/07\/FUECH.jpeg\",\"datePublished\":\"2023-07-01T07:43:35+00:00\",\"dateModified\":\"2023-07-01T07:45:42+00:00\",\"breadcrumb\":{\"@id\":\"http:\/\/ucor-ucor.ro\/new\/board-meeting-ul-federation-europeenne-des-corps-consulaires-honoraires-f-u-e-c-h-2023\/#breadcrumb\"},\"inLanguage\":\"en-US\",\"potentialAction\":[{\"@type\":\"ReadAction\",\"target\":[\"http:\/\/ucor-ucor.ro\/new\/board-meeting-ul-federation-europeenne-des-corps-consulaires-honoraires-f-u-e-c-h-2023\/\"]}]},{\"@type\":\"ImageObject\",\"inLanguage\":\"en-US\",\"@id\":\"http:\/\/ucor-ucor.ro\/new\/board-meeting-ul-federation-europeenne-des-corps-consulaires-honoraires-f-u-e-c-h-2023\/#primaryimage\",\"url\":\"http:\/\/ucor-ucor.ro\/new\/wp-content\/uploads\/2023\/07\/FUECH.jpeg\",\"contentUrl\":\"http:\/\/ucor-ucor.ro\/new\/wp-content\/uploads\/2023\/07\/FUECH.jpeg\",\"width\":793,\"height\":557},{\"@type\":\"BreadcrumbList\",\"@id\":\"http:\/\/ucor-ucor.ro\/new\/board-meeting-ul-federation-europeenne-des-corps-consulaires-honoraires-f-u-e-c-h-2023\/#breadcrumb\",\"itemListElement\":[{\"@type\":\"ListItem\",\"position\":1,\"name\":\"Home\",\"item\":\"https:\/\/ucor-ucor.ro\/new\/\"},{\"@type\":\"ListItem\",\"position\":2,\"name\":\"Board meeting-ul F\u00e9d\u00e9ration Europ\u00e9enne Des Corps Consulaires Honoraires F.U.E.C.H. 2023\"}]},{\"@type\":\"WebSite\",\"@id\":\"https:\/\/ucor-ucor.ro\/new\/#website\",\"url\":\"https:\/\/ucor-ucor.ro\/new\/\",\"name\":\"UCOR\",\"description\":\"\",\"publisher\":{\"@id\":\"https:\/\/ucor-ucor.ro\/new\/#organization\"},\"potentialAction\":[{\"@type\":\"SearchAction\",\"target\":{\"@type\":\"EntryPoint\",\"urlTemplate\":\"https:\/\/ucor-ucor.ro\/new\/?s={search_term_string}\"},\"query-input\":\"required name=search_term_string\"}],\"inLanguage\":\"en-US\"},{\"@type\":\"Organization\",\"@id\":\"https:\/\/ucor-ucor.ro\/new\/#organization\",\"name\":\"UCOR\",\"url\":\"https:\/\/ucor-ucor.ro\/new\/\",\"logo\":{\"@type\":\"ImageObject\",\"inLanguage\":\"en-US\",\"@id\":\"https:\/\/ucor-ucor.ro\/new\/#\/schema\/logo\/image\/\",\"url\":\"http:\/\/ucor-ucor.ro\/new\/wp-content\/uploads\/2020\/06\/cropped-UCOR.png\",\"contentUrl\":\"http:\/\/ucor-ucor.ro\/new\/wp-content\/uploads\/2020\/06\/cropped-UCOR.png\",\"width\":395,\"height\":128,\"caption\":\"UCOR\"},\"image\":{\"@id\":\"https:\/\/ucor-ucor.ro\/new\/#\/schema\/logo\/image\/\"}}]}<\/script>\n<!-- \/ Yoast SEO plugin. -->","yoast_head_json":{"title":"Board meeting-ul F\u00e9d\u00e9ration Europ\u00e9enne Des Corps Consulaires Honoraires F.U.E.C.H. 2023 - UCOR","robots":{"index":"index","follow":"follow","max-snippet":"max-snippet:-1","max-image-preview":"max-image-preview:large","max-video-preview":"max-video-preview:-1"},"canonical":"http:\/\/ucor-ucor.ro\/new\/board-meeting-ul-federation-europeenne-des-corps-consulaires-honoraires-f-u-e-c-h-2023\/","og_locale":"en_US","og_type":"article","og_title":"Board meeting-ul F\u00e9d\u00e9ration Europ\u00e9enne Des Corps Consulaires Honoraires F.U.E.C.H. 2023 - UCOR","og_description":"A avut loc Board meeting-ul F\u00e9d\u00e9ration Europ\u00e9enne Des Corps Consulaires Honoraires F.U.E.C.H. si evenimentele conexe, desf\u0103\u0219urate la Bordeaux, Fran\u021ba. Din partea UCOR la eveniment a participat domnul Consul Onorific Andreas Huber &#8211; Pre\u0219edintele UCOR \u0219i Vicepre\u0219edinte F.U.E.C.H. La Board Meeting-ul F.U.E.C.H. ce a avut loc la Automobile Club de France, Bordeaux, printre subiectele discutate au [&hellip;]","og_url":"http:\/\/ucor-ucor.ro\/new\/board-meeting-ul-federation-europeenne-des-corps-consulaires-honoraires-f-u-e-c-h-2023\/","og_site_name":"UCOR","article_modified_time":"2023-07-01T07:45:42+00:00","og_image":[{"url":"http:\/\/ucor-ucor.ro\/new\/wp-content\/uploads\/2023\/07\/FUECH.jpeg"}],"twitter_card":"summary_large_image","twitter_misc":{"Est. reading time":"1 minute"},"schema":{"@context":"https:\/\/schema.org","@graph":[{"@type":"WebPage","@id":"http:\/\/ucor-ucor.ro\/new\/board-meeting-ul-federation-europeenne-des-corps-consulaires-honoraires-f-u-e-c-h-2023\/","url":"http:\/\/ucor-ucor.ro\/new\/board-meeting-ul-federation-europeenne-des-corps-consulaires-honoraires-f-u-e-c-h-2023\/","name":"Board meeting-ul F\u00e9d\u00e9ration Europ\u00e9enne Des Corps Consulaires Honoraires F.U.E.C.H. 2023 - UCOR","isPartOf":{"@id":"https:\/\/ucor-ucor.ro\/new\/#website"},"primaryImageOfPage":{"@id":"http:\/\/ucor-ucor.ro\/new\/board-meeting-ul-federation-europeenne-des-corps-consulaires-honoraires-f-u-e-c-h-2023\/#primaryimage"},"image":{"@id":"http:\/\/ucor-ucor.ro\/new\/board-meeting-ul-federation-europeenne-des-corps-consulaires-honoraires-f-u-e-c-h-2023\/#primaryimage"},"thumbnailUrl":"http:\/\/ucor-ucor.ro\/new\/wp-content\/uploads\/2023\/07\/FUECH.jpeg","datePublished":"2023-07-01T07:43:35+00:00","dateModified":"2023-07-01T07:45:42+00:00","breadcrumb":{"@id":"http:\/\/ucor-ucor.ro\/new\/board-meeting-ul-federation-europeenne-des-corps-consulaires-honoraires-f-u-e-c-h-2023\/#breadcrumb"},"inLanguage":"en-US","potentialAction":[{"@type":"ReadAction","target":["http:\/\/ucor-ucor.ro\/new\/board-meeting-ul-federation-europeenne-des-corps-consulaires-honoraires-f-u-e-c-h-2023\/"]}]},{"@type":"ImageObject","inLanguage":"en-US","@id":"http:\/\/ucor-ucor.ro\/new\/board-meeting-ul-federation-europeenne-des-corps-consulaires-honoraires-f-u-e-c-h-2023\/#primaryimage","url":"http:\/\/ucor-ucor.ro\/new\/wp-content\/uploads\/2023\/07\/FUECH.jpeg","contentUrl":"http:\/\/ucor-ucor.ro\/new\/wp-content\/uploads\/2023\/07\/FUECH.jpeg","width":793,"height":557},{"@type":"BreadcrumbList","@id":"http:\/\/ucor-ucor.ro\/new\/board-meeting-ul-federation-europeenne-des-corps-consulaires-honoraires-f-u-e-c-h-2023\/#breadcrumb","itemListElement":[{"@type":"ListItem","position":1,"name":"Home","item":"https:\/\/ucor-ucor.ro\/new\/"},{"@type":"ListItem","position":2,"name":"Board meeting-ul F\u00e9d\u00e9ration Europ\u00e9enne Des Corps Consulaires Honoraires F.U.E.C.H. 2023"}]},{"@type":"WebSite","@id":"https:\/\/ucor-ucor.ro\/new\/#website","url":"https:\/\/ucor-ucor.ro\/new\/","name":"UCOR","description":"","publisher":{"@id":"https:\/\/ucor-ucor.ro\/new\/#organization"},"potentialAction":[{"@type":"SearchAction","target":{"@type":"EntryPoint","urlTemplate":"https:\/\/ucor-ucor.ro\/new\/?s={search_term_string}"},"query-input":"required name=search_term_string"}],"inLanguage":"en-US"},{"@type":"Organization","@id":"https:\/\/ucor-ucor.ro\/new\/#organization","name":"UCOR","url":"https:\/\/ucor-ucor.ro\/new\/","logo":{"@type":"ImageObject","inLanguage":"en-US","@id":"https:\/\/ucor-ucor.ro\/new\/#\/schema\/logo\/image\/","url":"http:\/\/ucor-ucor.ro\/new\/wp-content\/uploads\/2020\/06\/cropped-UCOR.png","contentUrl":"http:\/\/ucor-ucor.ro\/new\/wp-content\/uploads\/2020\/06\/cropped-UCOR.png","width":395,"height":128,"caption":"UCOR"},"image":{"@id":"https:\/\/ucor-ucor.ro\/new\/#\/schema\/logo\/image\/"}}]}},"_links":{"self":[{"href":"http:\/\/ucor-ucor.ro\/new\/wp-json\/wp\/v2\/pages\/1053"}],"collection":[{"href":"http:\/\/ucor-ucor.ro\/new\/wp-json\/wp\/v2\/pages"}],"about":[{"href":"http:\/\/ucor-ucor.ro\/new\/wp-json\/wp\/v2\/types\/page"}],"author":[{"embeddable":true,"href":"http:\/\/ucor-ucor.ro\/new\/wp-json\/wp\/v2\/users\/1"}],"replies":[{"embeddable":true,"href":"http:\/\/ucor-ucor.ro\/new\/wp-json\/wp\/v2\/comments?post=1053"}],"version-history":[{"count":1,"href":"http:\/\/ucor-ucor.ro\/new\/wp-json\/wp\/v2\/pages\/1053\/revisions"}],"predecessor-version":[{"id":1056,"href":"http:\/\/ucor-ucor.ro\/new\/wp-json\/wp\/v2\/pages\/1053\/revisions\/1056"}],"wp:attachment":[{"href":"http:\/\/ucor-ucor.ro\/new\/wp-json\/wp\/v2\/media?parent=1053"}],"curies":[{"name":"wp","href":"https:\/\/api.w.org\/{rel}","templated":true}]}}