{"id":1041,"date":"2023-07-01T07:36:24","date_gmt":"2023-07-01T07:36:24","guid":{"rendered":"http:\/\/ucor-ucor.ro\/new\/?page_id=1041"},"modified":"2023-07-01T07:41:33","modified_gmt":"2023-07-01T07:41:33","slug":"conferinta-smart-airport-cities-editia-3","status":"publish","type":"page","link":"http:\/\/ucor-ucor.ro\/new\/conferinta-smart-airport-cities-editia-3\/","title":{"rendered":"Conferinta SMART AIRPORT CITIES \u2013 editia 3"},"content":{"rendered":"\n<p>Pe data de 11 mai 2023, a avut loc la Ghimbav (Bra\u0219ov), conferin\u021ba european\u0103 Smart Airport Cities, edi\u021bia a 3-a. Evenimentul a fost organizat de Prim\u0103ria Ghimbav \u0219i Consiliul Local Ghimbav, \u00een parteneriat cu Asocia\u021bia Smart City Bra\u0219ov \u0219i cu sprijinul Agen\u021biei Consulare Franceze din Bra\u0219ov \u0219i Alian\u021bei Franceze din Bra\u0219ov. Conferin\u021ba a reprezentat o oportunitate unic\u0103 de a aduce \u00eempreun\u0103 personalit\u0103\u021bi cheie din domeniul aviatic, afaceri, turism \u0219i dezvoltare regional\u0103.<\/p>\n\n\n\n<p>\u00cen calitate de Consul Onorific al Republicii Austria si de Pre\u0219edinte al Uniunii Consulilor Onorifici din Rom\u00e2nia, domnul Consul Onorific Andreas Huber a prezentat cu aceast\u0103 ocazie mesajul s\u0103u, din care mentionam c\u00e2teva idei transmise:<\/p>\n\n\n\n<p>\u201c <em>Consulii Onorifici au, printre altele, \u0219i rolul de a promova ac\u021biunile \u0219i proiectele derulate, precum \u0219i oportunit\u0103\u021bile de dezvoltare regional\u0103 oferite de aceste proiecte, asum\u00e2ndu-ne rolul de punte de leg\u0103tur\u0103 diplomatic\u0103, de rela\u021bionare uman\u0103, cu \u021b\u0103rile str\u0103ine pe care noi consulii onorifici, respectiv membrii Uniunii Consulilor Onorifici, le reprezent\u0103m \u00een Rom\u00e2nia, fiind totodat\u0103 \u0219i un vector de dezvoltare \u0219i promovare a rela\u021biilor economice \u0219i nu numai.<\/em><\/p>\n\n\n\n<p><em>Consolidarea, modernizarea infrastructurii, cre\u0219terea economic\u0103, intensificarea schimburilor comerciale \u0219i a investi\u021biilor str\u0103ine directe, stimularea antreprenoriatului, sunt beneficii pe care nu trebuie s\u0103 le uit\u0103m nici un moment, \u0219i se datoreaz\u0103 \u00een bun\u0103 parte \u0219i accesului la fonduri structurale \u0219i de coeziune ale Uniunii Europene, din care Rom\u00e2nia face parte de 16 ani.<\/em><\/p>\n\n\n\n<p><em>Avem \u0219ansa de a consolida pozitia Rom\u00e2niei \u00een cadrul Uniunii Europene, precum si utilizarea c\u00e2t mai eficient\u0103 a tuturor instrumentelor \u0219i mecanismelor europene care s\u0103 accelereze dezvoltarea Rom\u00e2niei.<\/em><\/p>\n\n\n\n<p><em>Consolidarea \u021b\u0103rii noastre, din toate punctele de vedere, nu face dec\u00e2t s\u0103 asigure Europei un important pilon de stabilitate politic\u0103, economic\u0103 dar \u015fi social\u0103 \u00een regiune, cu urm\u0103rirea realiz\u0103rii \u0219i finaliz\u0103rii celor dou\u0103 obiective importante ale Rom\u00e2niei \u00een vederea integr\u0103rii sale depline \u00een cadrul Uniunii, respectiv aderarea la Zona Schengen \u0219i Euro, cu speran\u021ba c\u0103 aceste deziderate vor deveni realitate \u00eentr-un viitor c\u00e2t mai apropiat.<\/em><\/p>\n\n\n\n<p><em>Odat\u0103 cu deschiderea Aeroportului Ghimbav-Bra\u0219ov, s-au deschis \u0219i oportunit\u0103\u021bile de dezvoltare din punct de vedere economic, cultural \u0219i turistic, pentru atragerea investitorilor \u00een regiune.<\/em><\/p>\n\n\n\n<p><em>Prin intermediul parteneriatului cu Advantage Austria &#8211; organiza\u021bia de promovare a economiei austriece din cadrul Camerei Economice a Austriei, care este prezent\u0103 \u0219i \u00een Rom\u00e2nia, condus\u0103 de domnul Consilier Comercial Mag. Gerd Bommer, a fost transmis tuturor investitorilor importan\u021bi din Austria mesajul c\u0103 sunt bineveni\u021bi \u00een Ghimbav \u0219i jude\u021bul Bra\u0219ov.<\/em>\u201d<\/p>\n\n\n\n<p>La eveniment au participat un numar de peste 250 de participan\u021bi, printre acestia fiind prezen\u021bi \u0219i Dl Consilier Comercial Mag. Gerd Bommer -Sectia Comerciala a Ambasadei Austriei la Bucuresti-Advantage Austria, Agentia Consulara a Frantei la Brasov\/Alianta Franceza din Brasov \u2013reprezentata de domnul Consul Onorific Ion-Valeriu Ciolacu \u2013 membru al Consiliului Director al Uniunii Consulilor Onorifici din Rom\u00e2nia, precum si reprezentanti ai corpului diplomatic si consular din Romania,\u00a0 reprezentanti ai autoritatilor locale ale judetului Brasov si reprezentanti ai mediului de afaceri.<\/p>\n\n\n\n<figure class=\"wp-block-image size-large\"><img decoding=\"async\" src=\"blob:http:\/\/ucor-ucor.ro\/9f5d2c13-cf33-4302-9150-1d4757fc6565\" alt=\"\"\/><figcaption>In foto: Dl Andreas Huber- Consul Onorific al Austriei la Sibiu si Presedintele Uniunii Consulilor Onorifici din Rom\u00e2nia<\/figcaption><\/figure>\n\n\n\n<figure class=\"wp-block-image size-large\"><img fetchpriority=\"high\" decoding=\"async\" width=\"1024\" height=\"576\" src=\"http:\/\/ucor-ucor.ro\/new\/wp-content\/uploads\/2023\/07\/sca2.jpg\" alt=\"\" class=\"wp-image-1047\" srcset=\"http:\/\/ucor-ucor.ro\/new\/wp-content\/uploads\/2023\/07\/sca2.jpg 1024w, http:\/\/ucor-ucor.ro\/new\/wp-content\/uploads\/2023\/07\/sca2-300x169.jpg 300w, http:\/\/ucor-ucor.ro\/new\/wp-content\/uploads\/2023\/07\/sca2-768x432.jpg 768w\" sizes=\"(max-width: 1024px) 100vw, 1024px\" \/><figcaption>In foto de la stanga la dreapta: Dl Ion-Valeriu Ciolacu &#8211; Consul Onorific al Fran\u021bei la Brasov, Dl. Janusz Szali\u0144ski- Consul Onorific al Poloniei la Brasov, Dl Andreas Huber- Consul Onorific al Austriei la Sibiu si Presedintele Uniunii Consulilor Onorifici din Rom\u00e2nia, Dl.Prof. Emanuele Giglielmo Bagnasco \u2013 Consul Onorific al Italiei la Brasov, Dl Christian Macedonschi- Presedintele Asocia\u021biei Smart City Bra\u0219ov.<br>Photo credit @Asocia\u021bia Smart City Bra\u0219ov<\/figcaption><\/figure>\n\n\n\n<p>Aparitii media:<br><\/p>\n\n\n\n<p><a href=\"https:\/\/www.ccibv.ro\/conferinta-smart-airports-cities\/\">https:\/\/www.ccibv.ro\/conferinta-smart-airports-cities\/<\/a><\/p>\n\n\n\n<figure class=\"wp-block-embed is-type-wp-embed is-provider-info-1-tv wp-block-embed-info-1-tv\"><div class=\"wp-block-embed__wrapper\">\n<blockquote class=\"wp-embedded-content\" data-secret=\"PWWikR2eb2\"><a href=\"https:\/\/info1tv.ro\/conferinta-smart-airport-cities-3\/\">Galerie FOTO &#8211; Conferin\u021ba Smart Airport Cities dezv\u0103luie poten\u021bialul Aeroportului Bra\u0219ov \u00een dezvoltarea regional\u0103<\/a><\/blockquote><iframe class=\"wp-embedded-content\" sandbox=\"allow-scripts\" security=\"restricted\" style=\"position: absolute; clip: rect(1px, 1px, 1px, 1px);\" title=\"&#8222;Galerie FOTO &#8211; Conferin\u021ba Smart Airport Cities dezv\u0103luie poten\u021bialul Aeroportului Bra\u0219ov \u00een dezvoltarea regional\u0103&#8221; &#8212; INFO 1 TV\" src=\"https:\/\/info1tv.ro\/conferinta-smart-airport-cities-3\/embed\/#?secret=rpAd34IW8V#?secret=PWWikR2eb2\" data-secret=\"PWWikR2eb2\" width=\"580\" height=\"327\" frameborder=\"0\" marginwidth=\"0\" marginheight=\"0\" scrolling=\"no\"><\/iframe>\n<\/div><\/figure>\n\n\n\n<figure class=\"wp-block-embed is-type-video is-provider-youtube wp-block-embed-youtube wp-embed-aspect-16-9 wp-has-aspect-ratio\"><div class=\"wp-block-embed__wrapper\">\n<iframe title=\"SMART AIRPORT CITIES #3 -  Event Aftermovie\" width=\"580\" height=\"326\" src=\"https:\/\/www.youtube.com\/embed\/SEst93adBl8?feature=oembed\" frameborder=\"0\" allow=\"accelerometer; autoplay; clipboard-write; encrypted-media; gyroscope; picture-in-picture; web-share\" referrerpolicy=\"strict-origin-when-cross-origin\" allowfullscreen><\/iframe>\n<\/div><\/figure>\n\n\n\n<figure class=\"wp-block-embed is-type-wp-embed is-provider-transilvania-365 wp-block-embed-transilvania-365\"><div class=\"wp-block-embed__wrapper\">\nhttps:\/\/transilvania365.ro\/peste-250-de-invitati-la-conferinta-internationala-smart-airport-cities-din-ghimbav\/\n<\/div><\/figure>\n","protected":false},"excerpt":{"rendered":"<p>Pe data de 11 mai 2023, a avut loc la Ghimbav (Bra\u0219ov), conferin\u021ba european\u0103 Smart Airport Cities, edi\u021bia a 3-a. Evenimentul a fost organizat de Prim\u0103ria Ghimbav \u0219i Consiliul Local Ghimbav, \u00een parteneriat cu Asocia\u021bia Smart City Bra\u0219ov \u0219i cu sprijinul Agen\u021biei Consulare Franceze din Bra\u0219ov \u0219i Alian\u021bei Franceze din Bra\u0219ov. Conferin\u021ba a reprezentat o [&hellip;]<\/p>\n","protected":false},"author":1,"featured_media":0,"parent":0,"menu_order":0,"comment_status":"closed","ping_status":"closed","template":"templates\/template-full-width.php","meta":{"footnotes":""},"yoast_head":"<!-- This site is optimized with the Yoast SEO plugin v22.5 - https:\/\/yoast.com\/wordpress\/plugins\/seo\/ -->\n<title>Conferinta SMART AIRPORT CITIES \u2013 editia 3 - UCOR<\/title>\n<meta name=\"robots\" content=\"index, follow, max-snippet:-1, max-image-preview:large, max-video-preview:-1\" \/>\n<link rel=\"canonical\" href=\"https:\/\/ucor-ucor.ro\/new\/conferinta-smart-airport-cities-editia-3\/\" \/>\n<meta property=\"og:locale\" content=\"en_US\" \/>\n<meta property=\"og:type\" content=\"article\" \/>\n<meta property=\"og:title\" content=\"Conferinta SMART AIRPORT CITIES \u2013 editia 3 - UCOR\" \/>\n<meta property=\"og:description\" content=\"Pe data de 11 mai 2023, a avut loc la Ghimbav (Bra\u0219ov), conferin\u021ba european\u0103 Smart Airport Cities, edi\u021bia a 3-a. Evenimentul a fost organizat de Prim\u0103ria Ghimbav \u0219i Consiliul Local Ghimbav, \u00een parteneriat cu Asocia\u021bia Smart City Bra\u0219ov \u0219i cu sprijinul Agen\u021biei Consulare Franceze din Bra\u0219ov \u0219i Alian\u021bei Franceze din Bra\u0219ov. Conferin\u021ba a reprezentat o [&hellip;]\" \/>\n<meta property=\"og:url\" content=\"https:\/\/ucor-ucor.ro\/new\/conferinta-smart-airport-cities-editia-3\/\" \/>\n<meta property=\"og:site_name\" content=\"UCOR\" \/>\n<meta property=\"article:modified_time\" content=\"2023-07-01T07:41:33+00:00\" \/>\n<meta property=\"og:image\" content=\"http:\/\/ucor-ucor.ro\/new\/wp-content\/uploads\/2023\/07\/sca2.jpg\" \/>\n<meta name=\"twitter:card\" content=\"summary_large_image\" \/>\n<meta name=\"twitter:label1\" content=\"Est. reading time\" \/>\n\t<meta name=\"twitter:data1\" content=\"3 minutes\" \/>\n<script type=\"application\/ld+json\" class=\"yoast-schema-graph\">{\"@context\":\"https:\/\/schema.org\",\"@graph\":[{\"@type\":\"WebPage\",\"@id\":\"https:\/\/ucor-ucor.ro\/new\/conferinta-smart-airport-cities-editia-3\/\",\"url\":\"https:\/\/ucor-ucor.ro\/new\/conferinta-smart-airport-cities-editia-3\/\",\"name\":\"Conferinta SMART AIRPORT CITIES \u2013 editia 3 - UCOR\",\"isPartOf\":{\"@id\":\"https:\/\/ucor-ucor.ro\/new\/#website\"},\"primaryImageOfPage\":{\"@id\":\"https:\/\/ucor-ucor.ro\/new\/conferinta-smart-airport-cities-editia-3\/#primaryimage\"},\"image\":{\"@id\":\"https:\/\/ucor-ucor.ro\/new\/conferinta-smart-airport-cities-editia-3\/#primaryimage\"},\"thumbnailUrl\":\"http:\/\/ucor-ucor.ro\/new\/wp-content\/uploads\/2023\/07\/sca2.jpg\",\"datePublished\":\"2023-07-01T07:36:24+00:00\",\"dateModified\":\"2023-07-01T07:41:33+00:00\",\"breadcrumb\":{\"@id\":\"https:\/\/ucor-ucor.ro\/new\/conferinta-smart-airport-cities-editia-3\/#breadcrumb\"},\"inLanguage\":\"en-US\",\"potentialAction\":[{\"@type\":\"ReadAction\",\"target\":[\"https:\/\/ucor-ucor.ro\/new\/conferinta-smart-airport-cities-editia-3\/\"]}]},{\"@type\":\"ImageObject\",\"inLanguage\":\"en-US\",\"@id\":\"https:\/\/ucor-ucor.ro\/new\/conferinta-smart-airport-cities-editia-3\/#primaryimage\",\"url\":\"http:\/\/ucor-ucor.ro\/new\/wp-content\/uploads\/2023\/07\/sca2.jpg\",\"contentUrl\":\"http:\/\/ucor-ucor.ro\/new\/wp-content\/uploads\/2023\/07\/sca2.jpg\",\"width\":1024,\"height\":576},{\"@type\":\"BreadcrumbList\",\"@id\":\"https:\/\/ucor-ucor.ro\/new\/conferinta-smart-airport-cities-editia-3\/#breadcrumb\",\"itemListElement\":[{\"@type\":\"ListItem\",\"position\":1,\"name\":\"Home\",\"item\":\"https:\/\/ucor-ucor.ro\/new\/\"},{\"@type\":\"ListItem\",\"position\":2,\"name\":\"Conferinta SMART AIRPORT CITIES \u2013 editia 3\"}]},{\"@type\":\"WebSite\",\"@id\":\"https:\/\/ucor-ucor.ro\/new\/#website\",\"url\":\"https:\/\/ucor-ucor.ro\/new\/\",\"name\":\"UCOR\",\"description\":\"\",\"publisher\":{\"@id\":\"https:\/\/ucor-ucor.ro\/new\/#organization\"},\"potentialAction\":[{\"@type\":\"SearchAction\",\"target\":{\"@type\":\"EntryPoint\",\"urlTemplate\":\"https:\/\/ucor-ucor.ro\/new\/?s={search_term_string}\"},\"query-input\":\"required name=search_term_string\"}],\"inLanguage\":\"en-US\"},{\"@type\":\"Organization\",\"@id\":\"https:\/\/ucor-ucor.ro\/new\/#organization\",\"name\":\"UCOR\",\"url\":\"https:\/\/ucor-ucor.ro\/new\/\",\"logo\":{\"@type\":\"ImageObject\",\"inLanguage\":\"en-US\",\"@id\":\"https:\/\/ucor-ucor.ro\/new\/#\/schema\/logo\/image\/\",\"url\":\"http:\/\/ucor-ucor.ro\/new\/wp-content\/uploads\/2020\/06\/cropped-UCOR.png\",\"contentUrl\":\"http:\/\/ucor-ucor.ro\/new\/wp-content\/uploads\/2020\/06\/cropped-UCOR.png\",\"width\":395,\"height\":128,\"caption\":\"UCOR\"},\"image\":{\"@id\":\"https:\/\/ucor-ucor.ro\/new\/#\/schema\/logo\/image\/\"}}]}<\/script>\n<!-- \/ Yoast SEO plugin. -->","yoast_head_json":{"title":"Conferinta SMART AIRPORT CITIES \u2013 editia 3 - UCOR","robots":{"index":"index","follow":"follow","max-snippet":"max-snippet:-1","max-image-preview":"max-image-preview:large","max-video-preview":"max-video-preview:-1"},"canonical":"https:\/\/ucor-ucor.ro\/new\/conferinta-smart-airport-cities-editia-3\/","og_locale":"en_US","og_type":"article","og_title":"Conferinta SMART AIRPORT CITIES \u2013 editia 3 - UCOR","og_description":"Pe data de 11 mai 2023, a avut loc la Ghimbav (Bra\u0219ov), conferin\u021ba european\u0103 Smart Airport Cities, edi\u021bia a 3-a. Evenimentul a fost organizat de Prim\u0103ria Ghimbav \u0219i Consiliul Local Ghimbav, \u00een parteneriat cu Asocia\u021bia Smart City Bra\u0219ov \u0219i cu sprijinul Agen\u021biei Consulare Franceze din Bra\u0219ov \u0219i Alian\u021bei Franceze din Bra\u0219ov. Conferin\u021ba a reprezentat o [&hellip;]","og_url":"https:\/\/ucor-ucor.ro\/new\/conferinta-smart-airport-cities-editia-3\/","og_site_name":"UCOR","article_modified_time":"2023-07-01T07:41:33+00:00","og_image":[{"url":"http:\/\/ucor-ucor.ro\/new\/wp-content\/uploads\/2023\/07\/sca2.jpg"}],"twitter_card":"summary_large_image","twitter_misc":{"Est. reading time":"3 minutes"},"schema":{"@context":"https:\/\/schema.org","@graph":[{"@type":"WebPage","@id":"https:\/\/ucor-ucor.ro\/new\/conferinta-smart-airport-cities-editia-3\/","url":"https:\/\/ucor-ucor.ro\/new\/conferinta-smart-airport-cities-editia-3\/","name":"Conferinta SMART AIRPORT CITIES \u2013 editia 3 - UCOR","isPartOf":{"@id":"https:\/\/ucor-ucor.ro\/new\/#website"},"primaryImageOfPage":{"@id":"https:\/\/ucor-ucor.ro\/new\/conferinta-smart-airport-cities-editia-3\/#primaryimage"},"image":{"@id":"https:\/\/ucor-ucor.ro\/new\/conferinta-smart-airport-cities-editia-3\/#primaryimage"},"thumbnailUrl":"http:\/\/ucor-ucor.ro\/new\/wp-content\/uploads\/2023\/07\/sca2.jpg","datePublished":"2023-07-01T07:36:24+00:00","dateModified":"2023-07-01T07:41:33+00:00","breadcrumb":{"@id":"https:\/\/ucor-ucor.ro\/new\/conferinta-smart-airport-cities-editia-3\/#breadcrumb"},"inLanguage":"en-US","potentialAction":[{"@type":"ReadAction","target":["https:\/\/ucor-ucor.ro\/new\/conferinta-smart-airport-cities-editia-3\/"]}]},{"@type":"ImageObject","inLanguage":"en-US","@id":"https:\/\/ucor-ucor.ro\/new\/conferinta-smart-airport-cities-editia-3\/#primaryimage","url":"http:\/\/ucor-ucor.ro\/new\/wp-content\/uploads\/2023\/07\/sca2.jpg","contentUrl":"http:\/\/ucor-ucor.ro\/new\/wp-content\/uploads\/2023\/07\/sca2.jpg","width":1024,"height":576},{"@type":"BreadcrumbList","@id":"https:\/\/ucor-ucor.ro\/new\/conferinta-smart-airport-cities-editia-3\/#breadcrumb","itemListElement":[{"@type":"ListItem","position":1,"name":"Home","item":"https:\/\/ucor-ucor.ro\/new\/"},{"@type":"ListItem","position":2,"name":"Conferinta SMART AIRPORT CITIES \u2013 editia 3"}]},{"@type":"WebSite","@id":"https:\/\/ucor-ucor.ro\/new\/#website","url":"https:\/\/ucor-ucor.ro\/new\/","name":"UCOR","description":"","publisher":{"@id":"https:\/\/ucor-ucor.ro\/new\/#organization"},"potentialAction":[{"@type":"SearchAction","target":{"@type":"EntryPoint","urlTemplate":"https:\/\/ucor-ucor.ro\/new\/?s={search_term_string}"},"query-input":"required name=search_term_string"}],"inLanguage":"en-US"},{"@type":"Organization","@id":"https:\/\/ucor-ucor.ro\/new\/#organization","name":"UCOR","url":"https:\/\/ucor-ucor.ro\/new\/","logo":{"@type":"ImageObject","inLanguage":"en-US","@id":"https:\/\/ucor-ucor.ro\/new\/#\/schema\/logo\/image\/","url":"http:\/\/ucor-ucor.ro\/new\/wp-content\/uploads\/2020\/06\/cropped-UCOR.png","contentUrl":"http:\/\/ucor-ucor.ro\/new\/wp-content\/uploads\/2020\/06\/cropped-UCOR.png","width":395,"height":128,"caption":"UCOR"},"image":{"@id":"https:\/\/ucor-ucor.ro\/new\/#\/schema\/logo\/image\/"}}]}},"_links":{"self":[{"href":"http:\/\/ucor-ucor.ro\/new\/wp-json\/wp\/v2\/pages\/1041"}],"collection":[{"href":"http:\/\/ucor-ucor.ro\/new\/wp-json\/wp\/v2\/pages"}],"about":[{"href":"http:\/\/ucor-ucor.ro\/new\/wp-json\/wp\/v2\/types\/page"}],"author":[{"embeddable":true,"href":"http:\/\/ucor-ucor.ro\/new\/wp-json\/wp\/v2\/users\/1"}],"replies":[{"embeddable":true,"href":"http:\/\/ucor-ucor.ro\/new\/wp-json\/wp\/v2\/comments?post=1041"}],"version-history":[{"count":3,"href":"http:\/\/ucor-ucor.ro\/new\/wp-json\/wp\/v2\/pages\/1041\/revisions"}],"predecessor-version":[{"id":1049,"href":"http:\/\/ucor-ucor.ro\/new\/wp-json\/wp\/v2\/pages\/1041\/revisions\/1049"}],"wp:attachment":[{"href":"http:\/\/ucor-ucor.ro\/new\/wp-json\/wp\/v2\/media?parent=1041"}],"curies":[{"name":"wp","href":"https:\/\/api.w.org\/{rel}","templated":true}]}}